{"id":24772,"date":"2019-12-27T10:55:45","date_gmt":"2019-12-27T10:55:45","guid":{"rendered":"https:\/\/deutschcolor.com\/al\/?post_type=product&#038;p=24772"},"modified":"2025-03-13T09:29:53","modified_gmt":"2025-03-13T09:29:53","slug":"fluidcret-05","status":"publish","type":"product","link":"https:\/\/deutschcolor.com\/al\/product\/fluidcret-05\/","title":{"rendered":"FLUIDCRET 05"},"content":{"rendered":"<p><strong>KARAKTERISTIKAT<\/strong><br \/>\nFLUIDCRET 05 \u00ebsht\u00eb nj\u00eb adetiv i l\u00ebngsh\u00ebm q\u00eb vepron si nj\u00eb plastifikues n\u00eb<br \/>\nbeton dhe agjent hidroizolues, duke ofruar p\u00ebrpar\u00ebsit\u00eb e m\u00ebposhtme:<br \/>\n\u2022 Rrit ndjesh\u00ebm padep\u00ebrtueshm\u00ebrin\u00eb e ujit n\u00eb presion pozitiv dhe negativ ose absorbimi kapilar.<br \/>\n\u2022 P\u00ebrmir\u00ebson punueshm\u00ebrin\u00eb pa q\u00ebn\u00eb nevoja p\u00ebr shtim t\u00eb sasis\u00eb s\u00eb ujit.<br \/>\n\u2022 Eliminon ajrin brenda mas\u00ebs s\u00eb betonit.<br \/>\n\u2022 Nuk p\u00ebrmban klorure dhe agjent\u00eb t\u00eb tjer\u00eb korrodues.<br \/>\n\u2022 P\u00ebrputhet me t\u00eb gjitha llojet e \u00e7imentos Portland.<br \/>\n###<br \/>\n<strong>JET\u00cbGJAT\u00cbSIA DHE RUAJTJA<\/strong><br \/>\n18 muaj n\u00eb qoft\u00eb se ruhet n\u00eb paketimin original, n\u00eb temperatura midis +5OC dhe +35OC. T\u00eb mbrohet nga ekspozimi i drejtp\u00ebrdrejt\u00eb n\u00eb diell dhe nga ngrica.<\/p>\n<p><strong>KONSUMI<\/strong><br \/>\n0.2 &#8211; 1 kg\/m2<\/p>\n<p><strong>PAKETIMI<\/strong><br \/>\nBidona plastik 5Kg \/ 20Kg \/ 100Kg<\/p>\n","protected":false},"excerpt":{"rendered":"<p>Plastifikues, tipi A &#8211; adetiv p\u00ebr hidroizolim n\u00eb p\u00ebrgatitjen e betonit.<\/p>\n","protected":false},"featured_media":24775,"comment_status":"closed","ping_status":"closed","template":"","meta":{"_glsr_average":0,"_glsr_ranking":0,"_glsr_reviews":0},"class_list":["post-24772","product","type-product","status-publish","has-post-thumbnail","hentry","product_cat-aditive","product_cat-aditive-per-beton"],"yoast_head":"<!-- This site is optimized with the Yoast SEO plugin v15.0 - https:\/\/yoast.com\/wordpress\/plugins\/seo\/ -->\n<title>FLUIDCRET 05 - Adetiv i l\u00ebngsh\u00ebm - Deutsch Color - Oferte e limituar.<\/title>\n<meta name=\"description\" content=\"Adetiv i l\u00ebngsh\u00ebm q\u00eb vepron si nj\u00eb plastifikues n\u00ebbeton dhe agjent hidroizolues. Eliminon ajrin brenda mas\u00ebs s\u00eb betonit.\" \/>\n<meta name=\"robots\" content=\"index, follow, max-snippet:-1, max-image-preview:large, max-video-preview:-1\" \/>\n<link rel=\"canonical\" href=\"https:\/\/deutschcolor.com\/al\/product\/fluidcret-05\/\" \/>\n<meta property=\"og:locale\" content=\"en_US\" \/>\n<meta property=\"og:type\" content=\"article\" \/>\n<meta property=\"og:title\" content=\"FLUIDCRET 05 - Adetiv i l\u00ebngsh\u00ebm - Deutsch Color - Oferte e limituar.\" \/>\n<meta property=\"og:description\" content=\"Adetiv i l\u00ebngsh\u00ebm q\u00eb vepron si nj\u00eb plastifikues n\u00ebbeton dhe agjent hidroizolues. Eliminon ajrin brenda mas\u00ebs s\u00eb betonit.\" \/>\n<meta property=\"og:url\" content=\"https:\/\/deutschcolor.com\/al\/product\/fluidcret-05\/\" \/>\n<meta property=\"og:site_name\" content=\"Deutschcolor\" \/>\n<meta property=\"article:publisher\" content=\"https:\/\/www.facebook.com\/deutschcolorofficial\" \/>\n<meta property=\"article:modified_time\" content=\"2025-03-13T09:29:53+00:00\" \/>\n<meta property=\"og:image\" content=\"https:\/\/deutschcolor.com\/al\/wp-content\/uploads\/2019\/12\/fluidcret05-min.png\" \/>\n\t<meta property=\"og:image:width\" content=\"1000\" \/>\n\t<meta property=\"og:image:height\" content=\"1000\" \/>\n<meta name=\"twitter:card\" content=\"summary_large_image\" \/>\n<script type=\"application\/ld+json\" class=\"yoast-schema-graph\">{\"@context\":\"https:\/\/schema.org\",\"@graph\":[{\"@type\":\"WebSite\",\"@id\":\"https:\/\/deutschcolor.com\/al\/#website\",\"url\":\"https:\/\/deutschcolor.com\/al\/\",\"name\":\"Deutschcolor\",\"description\":\"Deutschcolor Albania\",\"potentialAction\":[{\"@type\":\"SearchAction\",\"target\":\"https:\/\/deutschcolor.com\/al\/?s={search_term_string}\",\"query-input\":\"required name=search_term_string\"}],\"inLanguage\":\"en-US\"},{\"@type\":\"ImageObject\",\"@id\":\"https:\/\/deutschcolor.com\/al\/product\/fluidcret-05\/#primaryimage\",\"inLanguage\":\"en-US\",\"url\":\"https:\/\/deutschcolor.com\/al\/wp-content\/uploads\/2019\/12\/fluidcret05-min.png\",\"width\":1000,\"height\":1000},{\"@type\":\"WebPage\",\"@id\":\"https:\/\/deutschcolor.com\/al\/product\/fluidcret-05\/#webpage\",\"url\":\"https:\/\/deutschcolor.com\/al\/product\/fluidcret-05\/\",\"name\":\"FLUIDCRET 05 - Adetiv i l\\u00ebngsh\\u00ebm - Deutsch Color - Oferte e limituar.\",\"isPartOf\":{\"@id\":\"https:\/\/deutschcolor.com\/al\/#website\"},\"primaryImageOfPage\":{\"@id\":\"https:\/\/deutschcolor.com\/al\/product\/fluidcret-05\/#primaryimage\"},\"datePublished\":\"2019-12-27T10:55:45+00:00\",\"dateModified\":\"2025-03-13T09:29:53+00:00\",\"description\":\"Adetiv i l\\u00ebngsh\\u00ebm q\\u00eb vepron si nj\\u00eb plastifikues n\\u00ebbeton dhe agjent hidroizolues. Eliminon ajrin brenda mas\\u00ebs s\\u00eb betonit.\",\"breadcrumb\":{\"@id\":\"https:\/\/deutschcolor.com\/al\/product\/fluidcret-05\/#breadcrumb\"},\"inLanguage\":\"en-US\",\"potentialAction\":[{\"@type\":\"ReadAction\",\"target\":[\"https:\/\/deutschcolor.com\/al\/product\/fluidcret-05\/\"]}]},{\"@type\":\"BreadcrumbList\",\"@id\":\"https:\/\/deutschcolor.com\/al\/product\/fluidcret-05\/#breadcrumb\",\"itemListElement\":[{\"@type\":\"ListItem\",\"position\":1,\"item\":{\"@type\":\"WebPage\",\"@id\":\"https:\/\/deutschcolor.com\/al\/\",\"url\":\"https:\/\/deutschcolor.com\/al\/\",\"name\":\"Home\"}},{\"@type\":\"ListItem\",\"position\":2,\"item\":{\"@type\":\"WebPage\",\"@id\":\"https:\/\/deutschcolor.com\/al\/shop\/\",\"url\":\"https:\/\/deutschcolor.com\/al\/shop\/\",\"name\":\"SHOP\"}},{\"@type\":\"ListItem\",\"position\":3,\"item\":{\"@type\":\"WebPage\",\"@id\":\"https:\/\/deutschcolor.com\/al\/product-category\/aditive\/\",\"url\":\"https:\/\/deutschcolor.com\/al\/product-category\/aditive\/\",\"name\":\"Aditiv\\u00eb\"}},{\"@type\":\"ListItem\",\"position\":4,\"item\":{\"@type\":\"WebPage\",\"@id\":\"https:\/\/deutschcolor.com\/al\/product-category\/aditive\/aditive-per-beton\/\",\"url\":\"https:\/\/deutschcolor.com\/al\/product-category\/aditive\/aditive-per-beton\/\",\"name\":\"6.2. Aditiv\\u00eb p\\u00ebr beton\"}},{\"@type\":\"ListItem\",\"position\":5,\"item\":{\"@type\":\"WebPage\",\"@id\":\"https:\/\/deutschcolor.com\/al\/product\/fluidcret-05\/\",\"url\":\"https:\/\/deutschcolor.com\/al\/product\/fluidcret-05\/\",\"name\":\"FLUIDCRET 05\"}}]}]}<\/script>\n<!-- \/ Yoast SEO plugin. -->","_links":{"self":[{"href":"https:\/\/deutschcolor.com\/al\/wp-json\/wp\/v2\/product\/24772","targetHints":{"allow":["GET"]}}],"collection":[{"href":"https:\/\/deutschcolor.com\/al\/wp-json\/wp\/v2\/product"}],"about":[{"href":"https:\/\/deutschcolor.com\/al\/wp-json\/wp\/v2\/types\/product"}],"replies":[{"embeddable":true,"href":"https:\/\/deutschcolor.com\/al\/wp-json\/wp\/v2\/comments?post=24772"}],"wp:featuredmedia":[{"embeddable":true,"href":"https:\/\/deutschcolor.com\/al\/wp-json\/wp\/v2\/media\/24775"}],"wp:attachment":[{"href":"https:\/\/deutschcolor.com\/al\/wp-json\/wp\/v2\/media?parent=24772"}],"curies":[{"name":"wp","href":"https:\/\/api.w.org\/{rel}","templated":true}]}}