{"id":24776,"date":"2019-12-27T10:57:04","date_gmt":"2019-12-27T10:57:04","guid":{"rendered":"https:\/\/deutschcolor.com\/al\/?post_type=product&#038;p=24776"},"modified":"2025-05-03T14:02:53","modified_gmt":"2025-05-03T14:02:53","slug":"fluidcret-ac","status":"publish","type":"product","link":"https:\/\/deutschcolor.com\/al\/product\/fluidcret-ac\/","title":{"rendered":"FLUIDCRET AC"},"content":{"rendered":"<p><strong>P\u00cbRSHKRIMI<\/strong><br \/>\nAditiv p\u00ebr beton i l\u00ebngsh\u00ebm q\u00eb p\u00ebrshpejton koh\u00ebn e tharjes dhe lejon forcimin n\u00eb temperatura t\u00eb ul\u00ebta. Nuk p\u00ebrmban klor t\u00eb lir\u00eb dhe agjent\u00eb t\u00eb tjer\u00eb korrodues. Nuk ka efekt n\u00eb rezistencat e betonit sipas standardit EN 934 &#8211; 2: T6.<\/p>\n<p><strong>REKOMANDIME P\u00cbR P\u00cbRDORIM<\/strong><br \/>\n1 P\u00ebrdoret p\u00ebr forcimin e betonit n\u00eb temperatura t\u00eb ul\u00ebta.<br \/>\n2 P\u00ebrdoret n\u00eb ato pjes\u00eb ku k\u00ebrkohet tharje e shpejt\u00eb (ankorimet, riparimet etj).<\/p>\n<p>###<br \/>\n<strong>KONSUMI<\/strong><br \/>\n300 &#8211; 500 gr\/ 100Kg<\/p>\n<p><strong>PAKETIMI<\/strong><br \/>\nBidona plastik 5Kg \/ 20Kg \/ 100Kg<\/p>\n","protected":false},"excerpt":{"rendered":"<p>P\u00ebrshpejtues i tharjes s\u00eb betonit dhe agjent antingrir\u00ebs.<\/p>\n","protected":false},"featured_media":24774,"comment_status":"closed","ping_status":"closed","template":"","meta":{"_glsr_average":0,"_glsr_ranking":0,"_glsr_reviews":0},"class_list":["post-24776","product","type-product","status-publish","has-post-thumbnail","hentry","product_cat-aditive","product_cat-aditive-per-beton"],"yoast_head":"<!-- This site is optimized with the Yoast SEO plugin v15.0 - https:\/\/yoast.com\/wordpress\/plugins\/seo\/ -->\n<title>Aditiv p\u00ebr beton - FLUIDCRET AC - Deutsch Color - Tharje e shpejte<\/title>\n<meta name=\"description\" content=\"Aditiv p\u00ebr beton. Aditivi rreagon n\u00eb p\u00ebrshpejtues i tharjes s\u00eb betonit dhe agjent antingrir\u00ebs. Zgjedhje ideale, koh\u00ebn e tharjes shun e shpejte.\" \/>\n<meta name=\"robots\" content=\"index, follow, max-snippet:-1, max-image-preview:large, max-video-preview:-1\" \/>\n<link rel=\"canonical\" href=\"https:\/\/deutschcolor.com\/al\/product\/fluidcret-ac\/\" \/>\n<meta property=\"og:locale\" content=\"en_US\" \/>\n<meta property=\"og:type\" content=\"article\" \/>\n<meta property=\"og:title\" content=\"Aditiv p\u00ebr beton - FLUIDCRET AC - Deutsch Color - Tharje e shpejte\" \/>\n<meta property=\"og:description\" content=\"Aditiv p\u00ebr beton. Aditivi rreagon n\u00eb p\u00ebrshpejtues i tharjes s\u00eb betonit dhe agjent antingrir\u00ebs. Zgjedhje ideale, koh\u00ebn e tharjes shun e shpejte.\" \/>\n<meta property=\"og:url\" content=\"https:\/\/deutschcolor.com\/al\/product\/fluidcret-ac\/\" \/>\n<meta property=\"og:site_name\" content=\"Deutschcolor\" \/>\n<meta property=\"article:publisher\" content=\"https:\/\/www.facebook.com\/deutschcolorofficial\" \/>\n<meta property=\"article:modified_time\" content=\"2025-05-03T14:02:53+00:00\" \/>\n<meta property=\"og:image\" content=\"https:\/\/deutschcolor.com\/al\/wp-content\/uploads\/2019\/12\/fluidcretAC-min.png\" \/>\n\t<meta property=\"og:image:width\" content=\"1000\" \/>\n\t<meta property=\"og:image:height\" content=\"1000\" \/>\n<meta name=\"twitter:card\" content=\"summary_large_image\" \/>\n<script type=\"application\/ld+json\" class=\"yoast-schema-graph\">{\"@context\":\"https:\/\/schema.org\",\"@graph\":[{\"@type\":\"WebSite\",\"@id\":\"https:\/\/deutschcolor.com\/al\/#website\",\"url\":\"https:\/\/deutschcolor.com\/al\/\",\"name\":\"Deutschcolor\",\"description\":\"Deutschcolor Albania\",\"potentialAction\":[{\"@type\":\"SearchAction\",\"target\":\"https:\/\/deutschcolor.com\/al\/?s={search_term_string}\",\"query-input\":\"required name=search_term_string\"}],\"inLanguage\":\"en-US\"},{\"@type\":\"ImageObject\",\"@id\":\"https:\/\/deutschcolor.com\/al\/product\/fluidcret-ac\/#primaryimage\",\"inLanguage\":\"en-US\",\"url\":\"https:\/\/deutschcolor.com\/al\/wp-content\/uploads\/2019\/12\/fluidcretAC-min.png\",\"width\":1000,\"height\":1000},{\"@type\":\"WebPage\",\"@id\":\"https:\/\/deutschcolor.com\/al\/product\/fluidcret-ac\/#webpage\",\"url\":\"https:\/\/deutschcolor.com\/al\/product\/fluidcret-ac\/\",\"name\":\"Aditiv p\\u00ebr beton - FLUIDCRET AC - Deutsch Color - Tharje e shpejte\",\"isPartOf\":{\"@id\":\"https:\/\/deutschcolor.com\/al\/#website\"},\"primaryImageOfPage\":{\"@id\":\"https:\/\/deutschcolor.com\/al\/product\/fluidcret-ac\/#primaryimage\"},\"datePublished\":\"2019-12-27T10:57:04+00:00\",\"dateModified\":\"2025-05-03T14:02:53+00:00\",\"description\":\"Aditiv p\\u00ebr beton. Aditivi rreagon n\\u00eb p\\u00ebrshpejtues i tharjes s\\u00eb betonit dhe agjent antingrir\\u00ebs. Zgjedhje ideale, koh\\u00ebn e tharjes shun e shpejte.\",\"breadcrumb\":{\"@id\":\"https:\/\/deutschcolor.com\/al\/product\/fluidcret-ac\/#breadcrumb\"},\"inLanguage\":\"en-US\",\"potentialAction\":[{\"@type\":\"ReadAction\",\"target\":[\"https:\/\/deutschcolor.com\/al\/product\/fluidcret-ac\/\"]}]},{\"@type\":\"BreadcrumbList\",\"@id\":\"https:\/\/deutschcolor.com\/al\/product\/fluidcret-ac\/#breadcrumb\",\"itemListElement\":[{\"@type\":\"ListItem\",\"position\":1,\"item\":{\"@type\":\"WebPage\",\"@id\":\"https:\/\/deutschcolor.com\/al\/\",\"url\":\"https:\/\/deutschcolor.com\/al\/\",\"name\":\"Home\"}},{\"@type\":\"ListItem\",\"position\":2,\"item\":{\"@type\":\"WebPage\",\"@id\":\"https:\/\/deutschcolor.com\/al\/shop\/\",\"url\":\"https:\/\/deutschcolor.com\/al\/shop\/\",\"name\":\"SHOP\"}},{\"@type\":\"ListItem\",\"position\":3,\"item\":{\"@type\":\"WebPage\",\"@id\":\"https:\/\/deutschcolor.com\/al\/product-category\/aditive\/\",\"url\":\"https:\/\/deutschcolor.com\/al\/product-category\/aditive\/\",\"name\":\"Aditiv\\u00eb\"}},{\"@type\":\"ListItem\",\"position\":4,\"item\":{\"@type\":\"WebPage\",\"@id\":\"https:\/\/deutschcolor.com\/al\/product-category\/aditive\/aditive-per-beton\/\",\"url\":\"https:\/\/deutschcolor.com\/al\/product-category\/aditive\/aditive-per-beton\/\",\"name\":\"6.2. Aditiv\\u00eb p\\u00ebr beton\"}},{\"@type\":\"ListItem\",\"position\":5,\"item\":{\"@type\":\"WebPage\",\"@id\":\"https:\/\/deutschcolor.com\/al\/product\/fluidcret-ac\/\",\"url\":\"https:\/\/deutschcolor.com\/al\/product\/fluidcret-ac\/\",\"name\":\"FLUIDCRET AC\"}}]}]}<\/script>\n<!-- \/ Yoast SEO plugin. -->","_links":{"self":[{"href":"https:\/\/deutschcolor.com\/al\/wp-json\/wp\/v2\/product\/24776","targetHints":{"allow":["GET"]}}],"collection":[{"href":"https:\/\/deutschcolor.com\/al\/wp-json\/wp\/v2\/product"}],"about":[{"href":"https:\/\/deutschcolor.com\/al\/wp-json\/wp\/v2\/types\/product"}],"replies":[{"embeddable":true,"href":"https:\/\/deutschcolor.com\/al\/wp-json\/wp\/v2\/comments?post=24776"}],"wp:featuredmedia":[{"embeddable":true,"href":"https:\/\/deutschcolor.com\/al\/wp-json\/wp\/v2\/media\/24774"}],"wp:attachment":[{"href":"https:\/\/deutschcolor.com\/al\/wp-json\/wp\/v2\/media?parent=24776"}],"curies":[{"name":"wp","href":"https:\/\/api.w.org\/{rel}","templated":true}]}}