{"id":24777,"date":"2019-12-27T10:58:45","date_gmt":"2019-12-27T10:58:45","guid":{"rendered":"https:\/\/deutschcolor.com\/al\/?post_type=product&#038;p=24777"},"modified":"2025-03-13T10:08:11","modified_gmt":"2025-03-13T10:08:11","slug":"fluidcret-g","status":"publish","type":"product","link":"https:\/\/deutschcolor.com\/al\/product\/fluidcret-g\/","title":{"rendered":"FLUIDCRET G"},"content":{"rendered":"<p>Plasticier, tipi A &#8211; adetiv p\u00ebr hidroizolim n\u00eb p\u00ebrgatitjen e Betonit. FLUIDCRET 05 \u00ebsht\u00eb nj\u00eb adetiv i l\u00ebngshm q\u00eb vepron si nj\u00eb plasticier n\u00eb beton dhe agjent hidroizolues, duke ofruar p\u00ebrpar\u00ebsit\u00eb e m\u00ebposhtme:<br \/>\n\u2022 Rrit ndjesh\u00ebm padep\u00ebrtueshm\u00ebrin\u00eb e ujit n\u00eb presion pozitiv dhe negativ ose absorbimi kapilar.<br \/>\n\u2022 P\u00ebrmir\u00ebson punueshm\u00ebrin\u00eb pa q\u00ebn\u00eb nevoja p\u00ebr shtim t\u00eb sasis\u00eb s\u00eb ujit.<br \/>\n\u2022 Eliminon ajrin brenda mas\u00ebs s\u00eb betonit.<br \/>\n\u2022 Nuk p\u00ebrmban klorure dhe agjent\u00eb t\u00eb tjer\u00eb korrodues.<br \/>\n\u2022 Ai \u00ebsht\u00eb kompatib\u00ebl me t\u00eb gjitha llojet e \u00e7imentos Portland.<\/p>\n<p>FUSHA E APLIKIMIT<br \/>\nFLUIDCRET 05\u00ebsht\u00eb nj\u00eb adetiv i nevojsh\u00ebm p\u00ebr p\u00ebrgatitjen e betoneve me rezistenc\u00eb t\u00eb lart\u00eb n\u00eb shtypje, p\u00ebr betone t\u00eb ekspozuara ndaj agjent\u00ebve atmosferik, si edhe p\u00ebr betone q\u00eb do t\u00eb zhyten n\u00eb uj\u00eb.<br \/>\n###<br \/>\n<strong>DOZIM<\/strong><br \/>\n0,2 &#8211; 0,5 Kg \/ 100 Kg \u00e7imento.<\/p>\n<p><strong>JET\u00cbGJAT\u00cbSIA DHE RUAJTJA<\/strong><br \/>\n18 muaj nga data e prodhimit n\u00eb qoft\u00eb se ruhet n\u00eb paketim origjinal, I hapur, n\u00eb temperatura midis +5OC dhe 35OC. T\u00eb mbrohet nga ekspozimi i drejtp\u00ebrdrejt\u00eb n\u00eb diell dhe nga Grica.<\/p>\n<p><strong>PAKETIMI<\/strong><br \/>\nBidona plastik 5Kg \/ 20Kg \/ 100Kg<\/p>\n","protected":false},"excerpt":{"rendered":"<p>Plasticier, tipi A &#8211; adetiv p\u00ebr hidroizolim n\u00eb p\u00ebrgatitjen e Betonit. FLUIDCRET 05\u00ebsht\u00eb nj\u00eb adetiv i l\u00ebngshm q\u00eb vepron si nj\u00eb plasticier n\u00eb beton dhe agjent hidroizolues<\/p>\n","protected":false},"featured_media":24773,"comment_status":"closed","ping_status":"closed","template":"","meta":{"_glsr_average":0,"_glsr_ranking":0,"_glsr_reviews":0},"class_list":["post-24777","product","type-product","status-publish","has-post-thumbnail","hentry","product_cat-aditive","product_cat-aditive-per-beton"],"yoast_head":"<!-- This site is optimized with the Yoast SEO plugin v15.0 - https:\/\/yoast.com\/wordpress\/plugins\/seo\/ -->\n<title>Fluidcret G - P\u00ebrgatitjen e betoneve - Deutsch Color - Cilesi e larte.<\/title>\n<meta name=\"description\" content=\"Adetiv i nevojsh\u00ebm p\u00ebr p\u00ebrgatitjen e betoneve me rezistenc\u00eb t\u00eb lart\u00eb n\u00eb shtypje. Fluidcret G ka dhene nje rezultat t\u00eb shkelqyer.\" \/>\n<meta name=\"robots\" content=\"index, follow, max-snippet:-1, max-image-preview:large, max-video-preview:-1\" \/>\n<link rel=\"canonical\" href=\"https:\/\/deutschcolor.com\/al\/product\/fluidcret-g\/\" \/>\n<meta property=\"og:locale\" content=\"en_US\" \/>\n<meta property=\"og:type\" content=\"article\" \/>\n<meta property=\"og:title\" content=\"Fluidcret G - P\u00ebrgatitjen e betoneve - Deutsch Color - Cilesi e larte.\" \/>\n<meta property=\"og:description\" content=\"Adetiv i nevojsh\u00ebm p\u00ebr p\u00ebrgatitjen e betoneve me rezistenc\u00eb t\u00eb lart\u00eb n\u00eb shtypje. Fluidcret G ka dhene nje rezultat t\u00eb shkelqyer.\" \/>\n<meta property=\"og:url\" content=\"https:\/\/deutschcolor.com\/al\/product\/fluidcret-g\/\" \/>\n<meta property=\"og:site_name\" content=\"Deutschcolor\" \/>\n<meta property=\"article:publisher\" content=\"https:\/\/www.facebook.com\/deutschcolorofficial\" \/>\n<meta property=\"article:modified_time\" content=\"2025-03-13T10:08:11+00:00\" \/>\n<meta property=\"og:image\" content=\"https:\/\/deutschcolor.com\/al\/wp-content\/uploads\/2019\/12\/fluidcretg-min.png\" \/>\n\t<meta property=\"og:image:width\" content=\"1000\" \/>\n\t<meta property=\"og:image:height\" content=\"1000\" \/>\n<meta name=\"twitter:card\" content=\"summary_large_image\" \/>\n<script type=\"application\/ld+json\" class=\"yoast-schema-graph\">{\"@context\":\"https:\/\/schema.org\",\"@graph\":[{\"@type\":\"WebSite\",\"@id\":\"https:\/\/deutschcolor.com\/al\/#website\",\"url\":\"https:\/\/deutschcolor.com\/al\/\",\"name\":\"Deutschcolor\",\"description\":\"Deutschcolor Albania\",\"potentialAction\":[{\"@type\":\"SearchAction\",\"target\":\"https:\/\/deutschcolor.com\/al\/?s={search_term_string}\",\"query-input\":\"required name=search_term_string\"}],\"inLanguage\":\"en-US\"},{\"@type\":\"ImageObject\",\"@id\":\"https:\/\/deutschcolor.com\/al\/product\/fluidcret-g\/#primaryimage\",\"inLanguage\":\"en-US\",\"url\":\"https:\/\/deutschcolor.com\/al\/wp-content\/uploads\/2019\/12\/fluidcretg-min.png\",\"width\":1000,\"height\":1000},{\"@type\":\"WebPage\",\"@id\":\"https:\/\/deutschcolor.com\/al\/product\/fluidcret-g\/#webpage\",\"url\":\"https:\/\/deutschcolor.com\/al\/product\/fluidcret-g\/\",\"name\":\"Fluidcret G - P\\u00ebrgatitjen e betoneve - Deutsch Color - Cilesi e larte.\",\"isPartOf\":{\"@id\":\"https:\/\/deutschcolor.com\/al\/#website\"},\"primaryImageOfPage\":{\"@id\":\"https:\/\/deutschcolor.com\/al\/product\/fluidcret-g\/#primaryimage\"},\"datePublished\":\"2019-12-27T10:58:45+00:00\",\"dateModified\":\"2025-03-13T10:08:11+00:00\",\"description\":\"Adetiv i nevojsh\\u00ebm p\\u00ebr p\\u00ebrgatitjen e betoneve me rezistenc\\u00eb t\\u00eb lart\\u00eb n\\u00eb shtypje. Fluidcret G ka dhene nje rezultat t\\u00eb shkelqyer.\",\"breadcrumb\":{\"@id\":\"https:\/\/deutschcolor.com\/al\/product\/fluidcret-g\/#breadcrumb\"},\"inLanguage\":\"en-US\",\"potentialAction\":[{\"@type\":\"ReadAction\",\"target\":[\"https:\/\/deutschcolor.com\/al\/product\/fluidcret-g\/\"]}]},{\"@type\":\"BreadcrumbList\",\"@id\":\"https:\/\/deutschcolor.com\/al\/product\/fluidcret-g\/#breadcrumb\",\"itemListElement\":[{\"@type\":\"ListItem\",\"position\":1,\"item\":{\"@type\":\"WebPage\",\"@id\":\"https:\/\/deutschcolor.com\/al\/\",\"url\":\"https:\/\/deutschcolor.com\/al\/\",\"name\":\"Home\"}},{\"@type\":\"ListItem\",\"position\":2,\"item\":{\"@type\":\"WebPage\",\"@id\":\"https:\/\/deutschcolor.com\/al\/shop\/\",\"url\":\"https:\/\/deutschcolor.com\/al\/shop\/\",\"name\":\"SHOP\"}},{\"@type\":\"ListItem\",\"position\":3,\"item\":{\"@type\":\"WebPage\",\"@id\":\"https:\/\/deutschcolor.com\/al\/product-category\/aditive\/\",\"url\":\"https:\/\/deutschcolor.com\/al\/product-category\/aditive\/\",\"name\":\"Aditiv\\u00eb\"}},{\"@type\":\"ListItem\",\"position\":4,\"item\":{\"@type\":\"WebPage\",\"@id\":\"https:\/\/deutschcolor.com\/al\/product-category\/aditive\/aditive-per-beton\/\",\"url\":\"https:\/\/deutschcolor.com\/al\/product-category\/aditive\/aditive-per-beton\/\",\"name\":\"6.2. Aditiv\\u00eb p\\u00ebr beton\"}},{\"@type\":\"ListItem\",\"position\":5,\"item\":{\"@type\":\"WebPage\",\"@id\":\"https:\/\/deutschcolor.com\/al\/product\/fluidcret-g\/\",\"url\":\"https:\/\/deutschcolor.com\/al\/product\/fluidcret-g\/\",\"name\":\"FLUIDCRET G\"}}]}]}<\/script>\n<!-- \/ Yoast SEO plugin. -->","_links":{"self":[{"href":"https:\/\/deutschcolor.com\/al\/wp-json\/wp\/v2\/product\/24777","targetHints":{"allow":["GET"]}}],"collection":[{"href":"https:\/\/deutschcolor.com\/al\/wp-json\/wp\/v2\/product"}],"about":[{"href":"https:\/\/deutschcolor.com\/al\/wp-json\/wp\/v2\/types\/product"}],"replies":[{"embeddable":true,"href":"https:\/\/deutschcolor.com\/al\/wp-json\/wp\/v2\/comments?post=24777"}],"wp:featuredmedia":[{"embeddable":true,"href":"https:\/\/deutschcolor.com\/al\/wp-json\/wp\/v2\/media\/24773"}],"wp:attachment":[{"href":"https:\/\/deutschcolor.com\/al\/wp-json\/wp\/v2\/media?parent=24777"}],"curies":[{"name":"wp","href":"https:\/\/api.w.org\/{rel}","templated":true}]}}