{"id":24780,"date":"2019-12-27T11:03:38","date_gmt":"2019-12-27T11:03:38","guid":{"rendered":"https:\/\/deutschcolor.com\/al\/?post_type=product&#038;p=24780"},"modified":"2025-03-14T07:03:44","modified_gmt":"2025-03-14T07:03:44","slug":"isocret","status":"publish","type":"product","link":"https:\/\/deutschcolor.com\/al\/product\/isocret\/","title":{"rendered":"ISOCRET"},"content":{"rendered":"<p><strong>KARAKTERISTIKAT<\/strong><br \/>\nISOCRET \u00ebsht\u00eb nj\u00eb aditiv i l\u00ebngsh\u00ebm q\u00eb i jep betonit veti hidroizoluese. Produkti reagon kimikisht me g\u00eblqeren q\u00eb formohet nga hidratimi i \u00e7imentos dhe krijon krip\u00ebra q\u00eb nga nj\u00ebra an\u00eb bllokojn\u00eb poret kapilare dhe nga ana tjet\u00ebr i japin betonit veti hidrofobike. Nj\u00eb veti e r\u00ebnd\u00ebsishme e ISOCRET \u00ebsht\u00eb se, n\u00eb krahasim me aditiv\u00eb t\u00eb tjer\u00eb t\u00eb kategoris\u00eb s\u00eb tij, nuk sjell ulje t\u00eb rezistencave p\u00ebrfundimtare t\u00eb betonit. (Sipas tabel\u00ebs 9 t\u00eb standardit ELOT EN 934 &#8211; 2 lejohet ulja e rezistenc\u00ebs n\u00eb shtypje deri n\u00eb shkall\u00ebn 15%).<br \/>\n###<br \/>\n<strong>DOZIMI<\/strong><br \/>\nDozimi i lejuesh\u00ebm: 0.2 \u2013 0.4% n\u00eb raport me pesh\u00ebn e \u00e7imentos<br \/>\nDozimi i rekomanduar: 0.3% n\u00eb raport me pesh\u00ebn e \u00e7imentos<\/p>\n<p><strong>JET\u00cbGJAT\u00cbSIA DHE RUAJTJA<\/strong><br \/>\n18 muaj n\u00eb paketim origjinal dhe t\u00eb pahapur n\u00eb temperatur\u00eb midis +5oC dhe +30oC. Materiali duhet t\u00eb jet\u00eb i mbrojtur nga dielli dhe ngrica.<\/p>\n<p><strong>PAKETIMI<\/strong><br \/>\nBidona plastik 5Kg \/ 20Kg \/ 100Kg<\/p>\n","protected":false},"excerpt":{"rendered":"<p>Aditiv hidroizolues p\u00ebr beton<\/p>\n","protected":false},"featured_media":24781,"comment_status":"closed","ping_status":"closed","template":"","meta":{"_glsr_average":0,"_glsr_ranking":0,"_glsr_reviews":0},"class_list":["post-24780","product","type-product","status-publish","has-post-thumbnail","hentry","product_cat-aditive","product_cat-aditive-per-beton"],"yoast_head":"<!-- This site is optimized with the Yoast SEO plugin v15.0 - https:\/\/yoast.com\/wordpress\/plugins\/seo\/ -->\n<title>ISOCRET - P\u00ebrmir\u00ebsuar rezistenc\u00ebn e betonit - Deutsch Color<\/title>\n<meta name=\"description\" content=\"Isocret p\u00ebrdoret p\u00ebr t\u00eb p\u00ebrmir\u00ebsuar rezistenc\u00ebn e betonit ndaj thithjes s\u00eb ujit, si dhe p\u00ebr t\u00eb p\u00ebrmir\u00ebsuar pap\u00ebrshkueshm\u00ebrin\u00eb nga uji.\" \/>\n<meta name=\"robots\" content=\"index, follow, max-snippet:-1, max-image-preview:large, max-video-preview:-1\" \/>\n<link rel=\"canonical\" href=\"https:\/\/deutschcolor.com\/al\/product\/isocret\/\" \/>\n<meta property=\"og:locale\" content=\"en_US\" \/>\n<meta property=\"og:type\" content=\"article\" \/>\n<meta property=\"og:title\" content=\"ISOCRET - P\u00ebrmir\u00ebsuar rezistenc\u00ebn e betonit - Deutsch Color\" \/>\n<meta property=\"og:description\" content=\"Isocret p\u00ebrdoret p\u00ebr t\u00eb p\u00ebrmir\u00ebsuar rezistenc\u00ebn e betonit ndaj thithjes s\u00eb ujit, si dhe p\u00ebr t\u00eb p\u00ebrmir\u00ebsuar pap\u00ebrshkueshm\u00ebrin\u00eb nga uji.\" \/>\n<meta property=\"og:url\" content=\"https:\/\/deutschcolor.com\/al\/product\/isocret\/\" \/>\n<meta property=\"og:site_name\" content=\"Deutschcolor\" \/>\n<meta property=\"article:publisher\" content=\"https:\/\/www.facebook.com\/deutschcolorofficial\" \/>\n<meta property=\"article:modified_time\" content=\"2025-03-14T07:03:44+00:00\" \/>\n<meta property=\"og:image\" content=\"https:\/\/deutschcolor.com\/al\/wp-content\/uploads\/2019\/12\/Isocret-min.png\" \/>\n\t<meta property=\"og:image:width\" content=\"1000\" \/>\n\t<meta property=\"og:image:height\" content=\"1000\" \/>\n<meta name=\"twitter:card\" content=\"summary_large_image\" \/>\n<script type=\"application\/ld+json\" class=\"yoast-schema-graph\">{\"@context\":\"https:\/\/schema.org\",\"@graph\":[{\"@type\":\"WebSite\",\"@id\":\"https:\/\/deutschcolor.com\/al\/#website\",\"url\":\"https:\/\/deutschcolor.com\/al\/\",\"name\":\"Deutschcolor\",\"description\":\"Deutschcolor Albania\",\"potentialAction\":[{\"@type\":\"SearchAction\",\"target\":\"https:\/\/deutschcolor.com\/al\/?s={search_term_string}\",\"query-input\":\"required name=search_term_string\"}],\"inLanguage\":\"en-US\"},{\"@type\":\"ImageObject\",\"@id\":\"https:\/\/deutschcolor.com\/al\/product\/isocret\/#primaryimage\",\"inLanguage\":\"en-US\",\"url\":\"https:\/\/deutschcolor.com\/al\/wp-content\/uploads\/2019\/12\/Isocret-min.png\",\"width\":1000,\"height\":1000},{\"@type\":\"WebPage\",\"@id\":\"https:\/\/deutschcolor.com\/al\/product\/isocret\/#webpage\",\"url\":\"https:\/\/deutschcolor.com\/al\/product\/isocret\/\",\"name\":\"ISOCRET - P\\u00ebrmir\\u00ebsuar rezistenc\\u00ebn e betonit - Deutsch Color\",\"isPartOf\":{\"@id\":\"https:\/\/deutschcolor.com\/al\/#website\"},\"primaryImageOfPage\":{\"@id\":\"https:\/\/deutschcolor.com\/al\/product\/isocret\/#primaryimage\"},\"datePublished\":\"2019-12-27T11:03:38+00:00\",\"dateModified\":\"2025-03-14T07:03:44+00:00\",\"description\":\"Isocret p\\u00ebrdoret p\\u00ebr t\\u00eb p\\u00ebrmir\\u00ebsuar rezistenc\\u00ebn e betonit ndaj thithjes s\\u00eb ujit, si dhe p\\u00ebr t\\u00eb p\\u00ebrmir\\u00ebsuar pap\\u00ebrshkueshm\\u00ebrin\\u00eb nga uji.\",\"breadcrumb\":{\"@id\":\"https:\/\/deutschcolor.com\/al\/product\/isocret\/#breadcrumb\"},\"inLanguage\":\"en-US\",\"potentialAction\":[{\"@type\":\"ReadAction\",\"target\":[\"https:\/\/deutschcolor.com\/al\/product\/isocret\/\"]}]},{\"@type\":\"BreadcrumbList\",\"@id\":\"https:\/\/deutschcolor.com\/al\/product\/isocret\/#breadcrumb\",\"itemListElement\":[{\"@type\":\"ListItem\",\"position\":1,\"item\":{\"@type\":\"WebPage\",\"@id\":\"https:\/\/deutschcolor.com\/al\/\",\"url\":\"https:\/\/deutschcolor.com\/al\/\",\"name\":\"Home\"}},{\"@type\":\"ListItem\",\"position\":2,\"item\":{\"@type\":\"WebPage\",\"@id\":\"https:\/\/deutschcolor.com\/al\/shop\/\",\"url\":\"https:\/\/deutschcolor.com\/al\/shop\/\",\"name\":\"SHOP\"}},{\"@type\":\"ListItem\",\"position\":3,\"item\":{\"@type\":\"WebPage\",\"@id\":\"https:\/\/deutschcolor.com\/al\/product-category\/aditive\/\",\"url\":\"https:\/\/deutschcolor.com\/al\/product-category\/aditive\/\",\"name\":\"Aditiv\\u00eb\"}},{\"@type\":\"ListItem\",\"position\":4,\"item\":{\"@type\":\"WebPage\",\"@id\":\"https:\/\/deutschcolor.com\/al\/product-category\/aditive\/aditive-per-beton\/\",\"url\":\"https:\/\/deutschcolor.com\/al\/product-category\/aditive\/aditive-per-beton\/\",\"name\":\"6.2. Aditiv\\u00eb p\\u00ebr beton\"}},{\"@type\":\"ListItem\",\"position\":5,\"item\":{\"@type\":\"WebPage\",\"@id\":\"https:\/\/deutschcolor.com\/al\/product\/isocret\/\",\"url\":\"https:\/\/deutschcolor.com\/al\/product\/isocret\/\",\"name\":\"ISOCRET\"}}]}]}<\/script>\n<!-- \/ Yoast SEO plugin. -->","_links":{"self":[{"href":"https:\/\/deutschcolor.com\/al\/wp-json\/wp\/v2\/product\/24780","targetHints":{"allow":["GET"]}}],"collection":[{"href":"https:\/\/deutschcolor.com\/al\/wp-json\/wp\/v2\/product"}],"about":[{"href":"https:\/\/deutschcolor.com\/al\/wp-json\/wp\/v2\/types\/product"}],"replies":[{"embeddable":true,"href":"https:\/\/deutschcolor.com\/al\/wp-json\/wp\/v2\/comments?post=24780"}],"wp:featuredmedia":[{"embeddable":true,"href":"https:\/\/deutschcolor.com\/al\/wp-json\/wp\/v2\/media\/24781"}],"wp:attachment":[{"href":"https:\/\/deutschcolor.com\/al\/wp-json\/wp\/v2\/media?parent=24780"}],"curies":[{"name":"wp","href":"https:\/\/api.w.org\/{rel}","templated":true}]}}