{"id":24782,"date":"2019-12-27T11:05:08","date_gmt":"2019-12-27T11:05:08","guid":{"rendered":"https:\/\/deutschcolor.com\/al\/?post_type=product&#038;p=24782"},"modified":"2019-12-27T11:05:09","modified_gmt":"2019-12-27T11:05:09","slug":"poly-fiber","status":"publish","type":"product","link":"https:\/\/deutschcolor.com\/al\/product\/poly-fiber\/","title":{"rendered":"POLY FIBER"},"content":{"rendered":"<p><strong>KARAKTERISTIKAT<\/strong><br \/>\n-Fibra sintetike t\u00eb polipropilenit t\u00eb modifikuar p\u00ebr p\u00ebrdorim n\u00eb beton dhe lla\u00e7ra<br \/>\n-Fibrat e polipropilenit zvog\u00eblojn\u00eb formimin e \u00e7arjeve dhe tkurrjes s\u00eb betonit<br \/>\n-Rrisin fleksibilitetin e betonit dhe lla\u00e7it<br \/>\n-P\u00ebrmir\u00ebsojn\u00eb elasticitetin e lla\u00e7it dhe betonit<br \/>\n\u00c7ertifikuar me CE, sipas EN 14889-2.<br \/>\n###<br \/>\n<strong>KONSUMI<\/strong><br \/>\n600-900 g\/m\u00b3 n\u00eb beton.<br \/>\n900-1200 g\/m\u00b3 n\u00eb lla\u00e7.<\/p>\n<p><strong>PAKETIMI<\/strong><br \/>\nQese plastike 600gr \/ 900gr<\/p>\n","protected":false},"excerpt":{"rendered":"<p>Fibra polipropileni me gjat\u00ebsi 6 dhe 12 mm, p\u00ebr p\u00ebrforcimin dhe armimin e betoneve dhe lla\u00e7rave<\/p>\n","protected":false},"featured_media":24783,"comment_status":"closed","ping_status":"closed","template":"","meta":{"_glsr_average":0,"_glsr_ranking":0,"_glsr_reviews":0},"class_list":["post-24782","product","type-product","status-publish","has-post-thumbnail","hentry","product_cat-aditive","product_cat-aditive-per-beton"],"yoast_head":"<!-- This site is optimized with the Yoast SEO plugin v15.0 - https:\/\/yoast.com\/wordpress\/plugins\/seo\/ -->\n<title>POLY FIBER - Deutschcolor<\/title>\n<meta name=\"robots\" content=\"index, follow, max-snippet:-1, max-image-preview:large, max-video-preview:-1\" \/>\n<link rel=\"canonical\" href=\"https:\/\/deutschcolor.com\/al\/product\/poly-fiber\/\" \/>\n<meta property=\"og:locale\" content=\"en_US\" \/>\n<meta property=\"og:type\" content=\"article\" \/>\n<meta property=\"og:title\" content=\"POLY FIBER - Deutschcolor\" \/>\n<meta property=\"og:description\" content=\"Fibra polipropileni me gjat\u00ebsi 6 dhe 12 mm, p\u00ebr p\u00ebrforcimin dhe armimin e betoneve dhe lla\u00e7rave\" \/>\n<meta property=\"og:url\" content=\"https:\/\/deutschcolor.com\/al\/product\/poly-fiber\/\" \/>\n<meta property=\"og:site_name\" content=\"Deutschcolor\" \/>\n<meta property=\"article:publisher\" content=\"https:\/\/www.facebook.com\/deutschcolorofficial\" \/>\n<meta property=\"article:modified_time\" content=\"2019-12-27T11:05:09+00:00\" \/>\n<meta property=\"og:image\" content=\"https:\/\/deutschcolor.com\/al\/wp-content\/uploads\/2019\/12\/Poly-Fiber-min.png\" \/>\n\t<meta property=\"og:image:width\" content=\"1000\" \/>\n\t<meta property=\"og:image:height\" content=\"1000\" \/>\n<meta name=\"twitter:card\" content=\"summary_large_image\" \/>\n<script type=\"application\/ld+json\" class=\"yoast-schema-graph\">{\"@context\":\"https:\/\/schema.org\",\"@graph\":[{\"@type\":\"WebSite\",\"@id\":\"https:\/\/deutschcolor.com\/al\/#website\",\"url\":\"https:\/\/deutschcolor.com\/al\/\",\"name\":\"Deutschcolor\",\"description\":\"Deutschcolor Albania\",\"potentialAction\":[{\"@type\":\"SearchAction\",\"target\":\"https:\/\/deutschcolor.com\/al\/?s={search_term_string}\",\"query-input\":\"required name=search_term_string\"}],\"inLanguage\":\"en-US\"},{\"@type\":\"ImageObject\",\"@id\":\"https:\/\/deutschcolor.com\/al\/product\/poly-fiber\/#primaryimage\",\"inLanguage\":\"en-US\",\"url\":\"https:\/\/deutschcolor.com\/al\/wp-content\/uploads\/2019\/12\/Poly-Fiber-min.png\",\"width\":1000,\"height\":1000},{\"@type\":\"WebPage\",\"@id\":\"https:\/\/deutschcolor.com\/al\/product\/poly-fiber\/#webpage\",\"url\":\"https:\/\/deutschcolor.com\/al\/product\/poly-fiber\/\",\"name\":\"POLY FIBER - Deutschcolor\",\"isPartOf\":{\"@id\":\"https:\/\/deutschcolor.com\/al\/#website\"},\"primaryImageOfPage\":{\"@id\":\"https:\/\/deutschcolor.com\/al\/product\/poly-fiber\/#primaryimage\"},\"datePublished\":\"2019-12-27T11:05:08+00:00\",\"dateModified\":\"2019-12-27T11:05:09+00:00\",\"breadcrumb\":{\"@id\":\"https:\/\/deutschcolor.com\/al\/product\/poly-fiber\/#breadcrumb\"},\"inLanguage\":\"en-US\",\"potentialAction\":[{\"@type\":\"ReadAction\",\"target\":[\"https:\/\/deutschcolor.com\/al\/product\/poly-fiber\/\"]}]},{\"@type\":\"BreadcrumbList\",\"@id\":\"https:\/\/deutschcolor.com\/al\/product\/poly-fiber\/#breadcrumb\",\"itemListElement\":[{\"@type\":\"ListItem\",\"position\":1,\"item\":{\"@type\":\"WebPage\",\"@id\":\"https:\/\/deutschcolor.com\/al\/\",\"url\":\"https:\/\/deutschcolor.com\/al\/\",\"name\":\"Home\"}},{\"@type\":\"ListItem\",\"position\":2,\"item\":{\"@type\":\"WebPage\",\"@id\":\"https:\/\/deutschcolor.com\/al\/shop\/\",\"url\":\"https:\/\/deutschcolor.com\/al\/shop\/\",\"name\":\"SHOP\"}},{\"@type\":\"ListItem\",\"position\":3,\"item\":{\"@type\":\"WebPage\",\"@id\":\"https:\/\/deutschcolor.com\/al\/product-category\/aditive\/\",\"url\":\"https:\/\/deutschcolor.com\/al\/product-category\/aditive\/\",\"name\":\"Aditiv\\u00eb\"}},{\"@type\":\"ListItem\",\"position\":4,\"item\":{\"@type\":\"WebPage\",\"@id\":\"https:\/\/deutschcolor.com\/al\/product-category\/aditive\/aditive-per-beton\/\",\"url\":\"https:\/\/deutschcolor.com\/al\/product-category\/aditive\/aditive-per-beton\/\",\"name\":\"6.2. Aditiv\\u00eb p\\u00ebr beton\"}},{\"@type\":\"ListItem\",\"position\":5,\"item\":{\"@type\":\"WebPage\",\"@id\":\"https:\/\/deutschcolor.com\/al\/product\/poly-fiber\/\",\"url\":\"https:\/\/deutschcolor.com\/al\/product\/poly-fiber\/\",\"name\":\"POLY FIBER\"}}]}]}<\/script>\n<!-- \/ Yoast SEO plugin. -->","_links":{"self":[{"href":"https:\/\/deutschcolor.com\/al\/wp-json\/wp\/v2\/product\/24782","targetHints":{"allow":["GET"]}}],"collection":[{"href":"https:\/\/deutschcolor.com\/al\/wp-json\/wp\/v2\/product"}],"about":[{"href":"https:\/\/deutschcolor.com\/al\/wp-json\/wp\/v2\/types\/product"}],"replies":[{"embeddable":true,"href":"https:\/\/deutschcolor.com\/al\/wp-json\/wp\/v2\/comments?post=24782"}],"wp:featuredmedia":[{"embeddable":true,"href":"https:\/\/deutschcolor.com\/al\/wp-json\/wp\/v2\/media\/24783"}],"wp:attachment":[{"href":"https:\/\/deutschcolor.com\/al\/wp-json\/wp\/v2\/media?parent=24782"}],"curies":[{"name":"wp","href":"https:\/\/api.w.org\/{rel}","templated":true}]}}