{"id":24784,"date":"2019-12-27T11:07:37","date_gmt":"2019-12-27T11:07:37","guid":{"rendered":"https:\/\/deutschcolor.com\/al\/?post_type=product&#038;p=24784"},"modified":"2025-04-08T12:29:35","modified_gmt":"2025-04-08T12:29:35","slug":"creative-putz-veshje-dekorative","status":"publish","type":"product","link":"https:\/\/deutschcolor.com\/al\/product\/creative-putz-veshje-dekorative\/","title":{"rendered":"CREATIVE PUTZ 1. 2. 3"},"content":{"rendered":"<p><strong>KLASIFIKIMI I PRODUKTIT<\/strong><\/p>\n<h2 style=\"font-size: 15px; font-weight: normal;\">Veshje Dekorative CREATIVE PUTZ 1. 2. 3 klasifikohet sipas standardid EN 998 &#8211; 1.<\/h2>\n<p><strong>KARAKTERISTIKAT<\/strong><br \/>\n1 P\u00ebr p\u00ebrdorim t\u00eb brendsh\u00ebm dhe t\u00eb jasht\u00ebm.<br \/>\n2 Rezistenc\u00eb e lart\u00eb ndaj kushteve atmosferike.<br \/>\n3 Punueshmeri e mir\u00eb.<br \/>\n4 Formon nj\u00eb struktur\u00eb t\u00eb q\u00ebndrueshme dhe jet\u00ebgjat\u00eb.<\/p>\n<p>###<br \/>\n<strong>PAKETIMI<\/strong><br \/>\nCREATIVE PUTZ 1. 2. 3 \u00ebsht\u00eb i ambalazhuar n\u00eb thas\u00eb 25 Kg.<\/p>\n<h3 style=\"font-size: 16px; font-weight: normal;\"><strong>JET\u00cbGJAT\u00cbSIA DHE RUAJTJA<\/strong><\/h3>\n<p>12 muaj n\u00ebse ruhet n\u00eb ambalazh origjinal t\u00eb pahapur dhe i mbrojtur nga ekspozimi i drejtp\u00ebrdrejt\u00eb ndaj diellit dhe nga ngricat.<\/p>\n<h3 style=\"font-size: 16px; font-weight: normal;\"><strong>KONSUMI<\/strong><br \/>\n2.5 \u2013 5Kg\/m2 varet nga madh\u00ebsia e gurit<\/h3>\n<p>###<\/p>\n<p>P\u00ebr m\u00eb shume Veshje dekorative dhe astar <a href=\"https:\/\/deutschcolor.com\/al\/product-category\/veshje-dekorative\/\">kliko ketu<\/a>. Kompani partner <a href=\"https:\/\/deltacorporation.eu\/\">kliko ketu<\/a>.<\/p>\n","protected":false},"excerpt":{"rendered":"<p>Veshje dekorative q\u00eb sh\u00ebrben p\u00ebr trajtimin e fasadave dhe sip\u00ebrfaqeve t\u00eb brendshme.<\/p>\n","protected":false},"featured_media":24787,"comment_status":"closed","ping_status":"closed","template":"","meta":{"_glsr_average":0,"_glsr_ranking":0,"_glsr_reviews":0},"class_list":["post-24784","product","type-product","status-publish","has-post-thumbnail","hentry","product_cat-veshje-dekorative","product_cat-veshje-dekorative-veshje-dekorative"],"yoast_head":"<!-- This site is optimized with the Yoast SEO plugin v15.0 - https:\/\/yoast.com\/wordpress\/plugins\/seo\/ -->\n<title>Veshje Dekorative Creative Putz 1 - Deutsch Color - Koha p\u00ebr ndryshim.<\/title>\n<meta name=\"description\" content=\"Veshje Dekorative, e cila sh\u00ebrben p\u00ebr trajtimin e fasadave dhe sip\u00ebrfaqeve t\u00eb brendshme. P\u00ebr p\u00ebrdorim t\u00eb brendsh\u00ebm dhe t\u00eb jasht\u00ebm.\" \/>\n<meta name=\"robots\" content=\"index, follow, max-snippet:-1, max-image-preview:large, max-video-preview:-1\" \/>\n<link rel=\"canonical\" href=\"https:\/\/deutschcolor.com\/al\/product\/creative-putz-veshje-dekorative\/\" \/>\n<meta property=\"og:locale\" content=\"en_US\" \/>\n<meta property=\"og:type\" content=\"article\" \/>\n<meta property=\"og:title\" content=\"Veshje Dekorative Creative Putz 1 - Deutsch Color - Koha p\u00ebr ndryshim.\" \/>\n<meta property=\"og:description\" content=\"Veshje Dekorative, e cila sh\u00ebrben p\u00ebr trajtimin e fasadave dhe sip\u00ebrfaqeve t\u00eb brendshme. P\u00ebr p\u00ebrdorim t\u00eb brendsh\u00ebm dhe t\u00eb jasht\u00ebm.\" \/>\n<meta property=\"og:url\" content=\"https:\/\/deutschcolor.com\/al\/product\/creative-putz-veshje-dekorative\/\" \/>\n<meta property=\"og:site_name\" content=\"Deutschcolor\" \/>\n<meta property=\"article:publisher\" content=\"https:\/\/www.facebook.com\/deutschcolorofficial\" \/>\n<meta property=\"article:modified_time\" content=\"2025-04-08T12:29:35+00:00\" \/>\n<meta property=\"og:image\" content=\"https:\/\/deutschcolor.com\/al\/wp-content\/uploads\/2019\/12\/Thesi-Creative-Putz-1-min.png\" \/>\n\t<meta property=\"og:image:width\" content=\"1000\" \/>\n\t<meta property=\"og:image:height\" content=\"1000\" \/>\n<meta name=\"twitter:card\" content=\"summary_large_image\" \/>\n<script type=\"application\/ld+json\" class=\"yoast-schema-graph\">{\"@context\":\"https:\/\/schema.org\",\"@graph\":[{\"@type\":\"WebSite\",\"@id\":\"https:\/\/deutschcolor.com\/al\/#website\",\"url\":\"https:\/\/deutschcolor.com\/al\/\",\"name\":\"Deutschcolor\",\"description\":\"Deutschcolor Albania\",\"potentialAction\":[{\"@type\":\"SearchAction\",\"target\":\"https:\/\/deutschcolor.com\/al\/?s={search_term_string}\",\"query-input\":\"required name=search_term_string\"}],\"inLanguage\":\"en-US\"},{\"@type\":\"ImageObject\",\"@id\":\"https:\/\/deutschcolor.com\/al\/product\/creative-putz-veshje-dekorative\/#primaryimage\",\"inLanguage\":\"en-US\",\"url\":\"https:\/\/deutschcolor.com\/al\/wp-content\/uploads\/2019\/12\/Thesi-Creative-Putz-1-min.png\",\"width\":1000,\"height\":1000,\"caption\":\"Veshje Dekorative, e cila sh\\u00ebrben p\\u00ebr trajtimin e fasadave dhe sip\\u00ebrfaqeve t\\u00eb brendshme.\"},{\"@type\":\"WebPage\",\"@id\":\"https:\/\/deutschcolor.com\/al\/product\/creative-putz-veshje-dekorative\/#webpage\",\"url\":\"https:\/\/deutschcolor.com\/al\/product\/creative-putz-veshje-dekorative\/\",\"name\":\"Veshje Dekorative Creative Putz 1 - Deutsch Color - Koha p\\u00ebr ndryshim.\",\"isPartOf\":{\"@id\":\"https:\/\/deutschcolor.com\/al\/#website\"},\"primaryImageOfPage\":{\"@id\":\"https:\/\/deutschcolor.com\/al\/product\/creative-putz-veshje-dekorative\/#primaryimage\"},\"datePublished\":\"2019-12-27T11:07:37+00:00\",\"dateModified\":\"2025-04-08T12:29:35+00:00\",\"description\":\"Veshje Dekorative, e cila sh\\u00ebrben p\\u00ebr trajtimin e fasadave dhe sip\\u00ebrfaqeve t\\u00eb brendshme. P\\u00ebr p\\u00ebrdorim t\\u00eb brendsh\\u00ebm dhe t\\u00eb jasht\\u00ebm.\",\"breadcrumb\":{\"@id\":\"https:\/\/deutschcolor.com\/al\/product\/creative-putz-veshje-dekorative\/#breadcrumb\"},\"inLanguage\":\"en-US\",\"potentialAction\":[{\"@type\":\"ReadAction\",\"target\":[\"https:\/\/deutschcolor.com\/al\/product\/creative-putz-veshje-dekorative\/\"]}]},{\"@type\":\"BreadcrumbList\",\"@id\":\"https:\/\/deutschcolor.com\/al\/product\/creative-putz-veshje-dekorative\/#breadcrumb\",\"itemListElement\":[{\"@type\":\"ListItem\",\"position\":1,\"item\":{\"@type\":\"WebPage\",\"@id\":\"https:\/\/deutschcolor.com\/al\/\",\"url\":\"https:\/\/deutschcolor.com\/al\/\",\"name\":\"Home\"}},{\"@type\":\"ListItem\",\"position\":2,\"item\":{\"@type\":\"WebPage\",\"@id\":\"https:\/\/deutschcolor.com\/al\/shop\/\",\"url\":\"https:\/\/deutschcolor.com\/al\/shop\/\",\"name\":\"SHOP\"}},{\"@type\":\"ListItem\",\"position\":3,\"item\":{\"@type\":\"WebPage\",\"@id\":\"https:\/\/deutschcolor.com\/al\/product-category\/veshje-dekorative\/\",\"url\":\"https:\/\/deutschcolor.com\/al\/product-category\/veshje-dekorative\/\",\"name\":\"Veshje Dekorative\"}},{\"@type\":\"ListItem\",\"position\":4,\"item\":{\"@type\":\"WebPage\",\"@id\":\"https:\/\/deutschcolor.com\/al\/product-category\/veshje-dekorative\/veshje-dekorative-veshje-dekorative\/\",\"url\":\"https:\/\/deutschcolor.com\/al\/product-category\/veshje-dekorative\/veshje-dekorative-veshje-dekorative\/\",\"name\":\"7.1. Veshje dekorative\"}},{\"@type\":\"ListItem\",\"position\":5,\"item\":{\"@type\":\"WebPage\",\"@id\":\"https:\/\/deutschcolor.com\/al\/product\/creative-putz-veshje-dekorative\/\",\"url\":\"https:\/\/deutschcolor.com\/al\/product\/creative-putz-veshje-dekorative\/\",\"name\":\"CREATIVE PUTZ 1. 2. 3\"}}]}]}<\/script>\n<!-- \/ Yoast SEO plugin. -->","_links":{"self":[{"href":"https:\/\/deutschcolor.com\/al\/wp-json\/wp\/v2\/product\/24784","targetHints":{"allow":["GET"]}}],"collection":[{"href":"https:\/\/deutschcolor.com\/al\/wp-json\/wp\/v2\/product"}],"about":[{"href":"https:\/\/deutschcolor.com\/al\/wp-json\/wp\/v2\/types\/product"}],"replies":[{"embeddable":true,"href":"https:\/\/deutschcolor.com\/al\/wp-json\/wp\/v2\/comments?post=24784"}],"wp:featuredmedia":[{"embeddable":true,"href":"https:\/\/deutschcolor.com\/al\/wp-json\/wp\/v2\/media\/24787"}],"wp:attachment":[{"href":"https:\/\/deutschcolor.com\/al\/wp-json\/wp\/v2\/media?parent=24784"}],"curies":[{"name":"wp","href":"https:\/\/api.w.org\/{rel}","templated":true}]}}