{"id":24792,"date":"2019-12-27T11:55:06","date_gmt":"2019-12-27T11:55:06","guid":{"rendered":"https:\/\/deutschcolor.com\/al\/?post_type=product&#038;p=24792"},"modified":"2025-03-14T08:09:24","modified_gmt":"2025-03-14T08:09:24","slug":"quartz-decor","status":"publish","type":"product","link":"https:\/\/deutschcolor.com\/al\/product\/quartz-decor\/","title":{"rendered":"QUARTZ DECOR"},"content":{"rendered":"<p><strong>KARAKTERISTIKAT<\/strong><br \/>\n&#8211; P\u00ebr p\u00ebrdorim t\u00eb brendsh\u00ebm dhe t\u00eb jasht\u00ebm.<br \/>\n&#8211; Rezistenc\u00eb e lart\u00eb ndaj kushteve atmosferike.<br \/>\n&#8211; Punueshmeri e mir\u00eb.<br \/>\n&#8211; Formon nj\u00eb struktur\u00eb t\u00eb q\u00ebndrueshme dhe jet\u00ebgjat\u00eb.<\/p>\n<p><strong>REKOMANDIME P\u00cbR P\u00cbRDORIM<\/strong><br \/>\nQUARTZ DECOR \u00ebsht\u00eb i p\u00ebrshtatsh\u00ebm p\u00ebr krijimin e veshjeve decorative me cil\u00ebsi mjaft t\u00eb mira hidroizoluese ngjit\u00ebse dhe elastike. P\u00ebrdoret dhe p\u00ebr krijimin e veshjeve dekorative mbi sip\u00ebrfaqe t\u00eb mbushura me lla\u00e7, \u00e7imento ose lla\u00e7 themelor termoizolues t\u00eb cilat paraprakisht jan\u00eb rrafshuar me MEGAGRUND ose nj\u00eb nga produktet e linj\u00ebs TB 800.<br \/>\n###<br \/>\n<strong>KONSUMI<\/strong><br \/>\n2.5 \u2013 5Kg\/m2 varet nga madh\u00ebsia e gurit<\/p>\n<p><strong>PAKETIMI<\/strong><br \/>\nKova plastike 25 Kg.<\/p>\n<p><strong>JET\u00cbGJAT\u00cbSIA DHE RUAJTJA<\/strong><br \/>\n24 muaj n\u00ebse ruhet n\u00eb ambalazhin e vet original, t\u00eb pahapur dhe i mbrojtur nga ekspozimi i drejtp\u00ebrdrejt\u00eb ndaj diellit dhe nga ngricat.<\/p>\n","protected":false},"excerpt":{"rendered":"<p>Veshje dekorative q\u00eb sh\u00ebrben p\u00ebr trajtimin e fasadave dhe sip\u00ebrfaqeve t\u00eb brendshme. Klasifikimi i produktit QUARTZ DECOR \u00ebsht\u00eb klasifikuar sipas standardid EN 15824.<\/p>\n","protected":false},"featured_media":24793,"comment_status":"closed","ping_status":"closed","template":"","meta":{"_glsr_average":0,"_glsr_ranking":0,"_glsr_reviews":0},"class_list":["post-24792","product","type-product","status-publish","has-post-thumbnail","hentry","product_cat-veshje-dekorative","product_cat-veshje-dekorative-veshje-dekorative"],"yoast_head":"<!-- This site is optimized with the Yoast SEO plugin v15.0 - https:\/\/yoast.com\/wordpress\/plugins\/seo\/ -->\n<title>QUARTZ DECOR - Krijimin e veshjeve dekorative - Deutsch Color<\/title>\n<meta name=\"description\" content=\"Produkti \u00ebsht\u00eb p\u00ebr krijimin e veshjeve dekorative me cil\u00ebsi t\u00eb shk\u00eblqyera t\u00eb pap\u00ebrshkueshm\u00ebris\u00eb nga uji, ngjitjes dhe elasticitetit.\" \/>\n<meta name=\"robots\" content=\"index, follow, max-snippet:-1, max-image-preview:large, max-video-preview:-1\" \/>\n<link rel=\"canonical\" href=\"https:\/\/deutschcolor.com\/al\/product\/quartz-decor\/\" \/>\n<meta property=\"og:locale\" content=\"en_US\" \/>\n<meta property=\"og:type\" content=\"article\" \/>\n<meta property=\"og:title\" content=\"QUARTZ DECOR - Krijimin e veshjeve dekorative - Deutsch Color\" \/>\n<meta property=\"og:description\" content=\"Produkti \u00ebsht\u00eb p\u00ebr krijimin e veshjeve dekorative me cil\u00ebsi t\u00eb shk\u00eblqyera t\u00eb pap\u00ebrshkueshm\u00ebris\u00eb nga uji, ngjitjes dhe elasticitetit.\" \/>\n<meta property=\"og:url\" content=\"https:\/\/deutschcolor.com\/al\/product\/quartz-decor\/\" \/>\n<meta property=\"og:site_name\" content=\"Deutschcolor\" \/>\n<meta property=\"article:publisher\" content=\"https:\/\/www.facebook.com\/deutschcolorofficial\" \/>\n<meta property=\"article:modified_time\" content=\"2025-03-14T08:09:24+00:00\" \/>\n<meta property=\"og:image\" content=\"https:\/\/deutschcolor.com\/al\/wp-content\/uploads\/2019\/12\/Quartz-Decor-min.png\" \/>\n\t<meta property=\"og:image:width\" content=\"1000\" \/>\n\t<meta property=\"og:image:height\" content=\"1000\" \/>\n<meta name=\"twitter:card\" content=\"summary_large_image\" \/>\n<script type=\"application\/ld+json\" class=\"yoast-schema-graph\">{\"@context\":\"https:\/\/schema.org\",\"@graph\":[{\"@type\":\"WebSite\",\"@id\":\"https:\/\/deutschcolor.com\/al\/#website\",\"url\":\"https:\/\/deutschcolor.com\/al\/\",\"name\":\"Deutschcolor\",\"description\":\"Deutschcolor Albania\",\"potentialAction\":[{\"@type\":\"SearchAction\",\"target\":\"https:\/\/deutschcolor.com\/al\/?s={search_term_string}\",\"query-input\":\"required name=search_term_string\"}],\"inLanguage\":\"en-US\"},{\"@type\":\"ImageObject\",\"@id\":\"https:\/\/deutschcolor.com\/al\/product\/quartz-decor\/#primaryimage\",\"inLanguage\":\"en-US\",\"url\":\"https:\/\/deutschcolor.com\/al\/wp-content\/uploads\/2019\/12\/Quartz-Decor-min.png\",\"width\":1000,\"height\":1000},{\"@type\":\"WebPage\",\"@id\":\"https:\/\/deutschcolor.com\/al\/product\/quartz-decor\/#webpage\",\"url\":\"https:\/\/deutschcolor.com\/al\/product\/quartz-decor\/\",\"name\":\"QUARTZ DECOR - Krijimin e veshjeve dekorative - Deutsch Color\",\"isPartOf\":{\"@id\":\"https:\/\/deutschcolor.com\/al\/#website\"},\"primaryImageOfPage\":{\"@id\":\"https:\/\/deutschcolor.com\/al\/product\/quartz-decor\/#primaryimage\"},\"datePublished\":\"2019-12-27T11:55:06+00:00\",\"dateModified\":\"2025-03-14T08:09:24+00:00\",\"description\":\"Produkti \\u00ebsht\\u00eb p\\u00ebr krijimin e veshjeve dekorative me cil\\u00ebsi t\\u00eb shk\\u00eblqyera t\\u00eb pap\\u00ebrshkueshm\\u00ebris\\u00eb nga uji, ngjitjes dhe elasticitetit.\",\"breadcrumb\":{\"@id\":\"https:\/\/deutschcolor.com\/al\/product\/quartz-decor\/#breadcrumb\"},\"inLanguage\":\"en-US\",\"potentialAction\":[{\"@type\":\"ReadAction\",\"target\":[\"https:\/\/deutschcolor.com\/al\/product\/quartz-decor\/\"]}]},{\"@type\":\"BreadcrumbList\",\"@id\":\"https:\/\/deutschcolor.com\/al\/product\/quartz-decor\/#breadcrumb\",\"itemListElement\":[{\"@type\":\"ListItem\",\"position\":1,\"item\":{\"@type\":\"WebPage\",\"@id\":\"https:\/\/deutschcolor.com\/al\/\",\"url\":\"https:\/\/deutschcolor.com\/al\/\",\"name\":\"Home\"}},{\"@type\":\"ListItem\",\"position\":2,\"item\":{\"@type\":\"WebPage\",\"@id\":\"https:\/\/deutschcolor.com\/al\/shop\/\",\"url\":\"https:\/\/deutschcolor.com\/al\/shop\/\",\"name\":\"SHOP\"}},{\"@type\":\"ListItem\",\"position\":3,\"item\":{\"@type\":\"WebPage\",\"@id\":\"https:\/\/deutschcolor.com\/al\/product-category\/veshje-dekorative\/\",\"url\":\"https:\/\/deutschcolor.com\/al\/product-category\/veshje-dekorative\/\",\"name\":\"Veshje Dekorative\"}},{\"@type\":\"ListItem\",\"position\":4,\"item\":{\"@type\":\"WebPage\",\"@id\":\"https:\/\/deutschcolor.com\/al\/product-category\/veshje-dekorative\/veshje-dekorative-veshje-dekorative\/\",\"url\":\"https:\/\/deutschcolor.com\/al\/product-category\/veshje-dekorative\/veshje-dekorative-veshje-dekorative\/\",\"name\":\"7.1. Veshje dekorative\"}},{\"@type\":\"ListItem\",\"position\":5,\"item\":{\"@type\":\"WebPage\",\"@id\":\"https:\/\/deutschcolor.com\/al\/product\/quartz-decor\/\",\"url\":\"https:\/\/deutschcolor.com\/al\/product\/quartz-decor\/\",\"name\":\"QUARTZ DECOR\"}}]}]}<\/script>\n<!-- \/ Yoast SEO plugin. -->","_links":{"self":[{"href":"https:\/\/deutschcolor.com\/al\/wp-json\/wp\/v2\/product\/24792","targetHints":{"allow":["GET"]}}],"collection":[{"href":"https:\/\/deutschcolor.com\/al\/wp-json\/wp\/v2\/product"}],"about":[{"href":"https:\/\/deutschcolor.com\/al\/wp-json\/wp\/v2\/types\/product"}],"replies":[{"embeddable":true,"href":"https:\/\/deutschcolor.com\/al\/wp-json\/wp\/v2\/comments?post=24792"}],"wp:featuredmedia":[{"embeddable":true,"href":"https:\/\/deutschcolor.com\/al\/wp-json\/wp\/v2\/media\/24793"}],"wp:attachment":[{"href":"https:\/\/deutschcolor.com\/al\/wp-json\/wp\/v2\/media?parent=24792"}],"curies":[{"name":"wp","href":"https:\/\/api.w.org\/{rel}","templated":true}]}}