{"id":24795,"date":"2019-12-27T12:24:11","date_gmt":"2019-12-27T12:24:11","guid":{"rendered":"https:\/\/deutschcolor.com\/al\/?post_type=product&#038;p=24795"},"modified":"2025-03-17T08:02:38","modified_gmt":"2025-03-17T08:02:38","slug":"iso-spachtel-elastisch","status":"publish","type":"product","link":"https:\/\/deutschcolor.com\/al\/product\/iso-spachtel-elastisch\/","title":{"rendered":"ISO SPACHTEL ELASTISCH"},"content":{"rendered":"<p><strong>Karakteristikat <\/strong><br \/>\n\u2022 Nuk krijon \u00e7arje<br \/>\n\u2022 Ngjitje e fort\u00eb<br \/>\n\u2022 Ngjyr\u00eb e bardh\u00eb<br \/>\n\u2022 Sip\u00ebrfaqe finale e l\u00ebmuar<br \/>\n\u2022 Aplikim dhe zmerilim i leht\u00eb<br \/>\n\u2022 Nuk ka tkurrje edhe me cip\u00eb t\u00eb trash\u00eb<br \/>\n<strong>Karakteristikat <\/strong><br \/>\n\u2022 Nuk krijon \u00e7arje<br \/>\n\u2022 Ngjitje e fort\u00eb<br \/>\n\u2022 Ngjyr\u00eb e bardh\u00eb<br \/>\n\u2022 Sip\u00ebrfaqe finale e l\u00ebmuar<br \/>\n\u2022 Aplikim dhe zmerilim i leht\u00eb<br \/>\n\u2022 Nuk ka tkurrje edhe me cip\u00eb t\u00eb trash\u00eb<br \/>\n###<br \/>\n<strong>Ruajtja<\/strong><br \/>\n24 muaj n\u00ebse ruhet n\u00eb nj\u00eb vend t\u00eb that\u00eb, larg burimeve t\u00eb nxeht\u00ebsis\u00eb, n\u00eb nj\u00eb temperatur\u00eb midis +5\u00b0C dhe +30\u00b0C. Mbrojeni nga ngrica.<\/p>\n<p><strong>Sh\u00ebnime<\/strong><br \/>\n\u2022 N\u00eb sip\u00ebrfaqet e fresk\u00ebta t\u00eb betonit produkti rekomandohet t\u00eb aplikohet t\u00eb pakt\u00ebn pas 30-40 dit\u00ebsh.<br \/>\n\u2022 Rekomandohet t\u00eb shmangni aplikimin e produktit n\u00eb temperatura n\u00ebn 5\u00baC.<\/p>\n<p><strong>KONSUMI <\/strong><br \/>\n2.5 \u2013 5Kg\/m2 varet nga madhesia e gurit<\/p>\n<p><strong>Paketim<\/strong><br \/>\nKova plastike 5Kg \/ 15Kg<\/p>\n","protected":false},"excerpt":{"rendered":"<p>Stuko patinimi me baz\u00eb \u00e7imento, e p\u00ebrb\u00ebr\u00eb nga filler me granulomeri t\u00eb seleksioniuar dhe adetiv\u00eb special\u00eb p\u00ebr p\u00ebrdorim t\u00eb brendsh\u00ebm<\/p>\n","protected":false},"featured_media":24796,"comment_status":"closed","ping_status":"closed","template":"","meta":{"_glsr_average":0,"_glsr_ranking":0,"_glsr_reviews":0},"class_list":["post-24795","product","type-product","status-publish","has-post-thumbnail","hentry","product_cat-veshje-dekorative","product_cat-veshje-dekorative-veshje-dekorative"],"yoast_head":"<!-- This site is optimized with the Yoast SEO plugin v15.0 - https:\/\/yoast.com\/wordpress\/plugins\/seo\/ -->\n<title>Iso Spachtel Elastic - Shtrihet deri n\u00eb trash\u00ebsin\u00eb e k\u00ebrkuar.- Deutsch Color<\/title>\n<meta name=\"description\" content=\"Aplikimi i produktit Iso Spachtel Elastic b\u00ebhet me nj\u00eb shpatull t\u00eb shesht\u00eb metalike. Iso Spachtel shtrihet deri n\u00eb trash\u00ebsin\u00eb e k\u00ebrkuar..\" \/>\n<meta name=\"robots\" content=\"index, follow, max-snippet:-1, max-image-preview:large, max-video-preview:-1\" \/>\n<link rel=\"canonical\" href=\"https:\/\/deutschcolor.com\/al\/product\/iso-spachtel-elastisch\/\" \/>\n<meta property=\"og:locale\" content=\"en_US\" \/>\n<meta property=\"og:type\" content=\"article\" \/>\n<meta property=\"og:title\" content=\"Iso Spachtel Elastic - Shtrihet deri n\u00eb trash\u00ebsin\u00eb e k\u00ebrkuar.- Deutsch Color\" \/>\n<meta property=\"og:description\" content=\"Aplikimi i produktit Iso Spachtel Elastic b\u00ebhet me nj\u00eb shpatull t\u00eb shesht\u00eb metalike. Iso Spachtel shtrihet deri n\u00eb trash\u00ebsin\u00eb e k\u00ebrkuar..\" \/>\n<meta property=\"og:url\" content=\"https:\/\/deutschcolor.com\/al\/product\/iso-spachtel-elastisch\/\" \/>\n<meta property=\"og:site_name\" content=\"Deutschcolor\" \/>\n<meta property=\"article:publisher\" content=\"https:\/\/www.facebook.com\/deutschcolorofficial\" \/>\n<meta property=\"article:modified_time\" content=\"2025-03-17T08:02:38+00:00\" \/>\n<meta property=\"og:image\" content=\"https:\/\/deutschcolor.com\/al\/wp-content\/uploads\/2019\/12\/Iso-Spachtel-Elastisch-min.png\" \/>\n\t<meta property=\"og:image:width\" content=\"1000\" \/>\n\t<meta property=\"og:image:height\" content=\"1000\" \/>\n<meta name=\"twitter:card\" content=\"summary_large_image\" \/>\n<script type=\"application\/ld+json\" class=\"yoast-schema-graph\">{\"@context\":\"https:\/\/schema.org\",\"@graph\":[{\"@type\":\"WebSite\",\"@id\":\"https:\/\/deutschcolor.com\/al\/#website\",\"url\":\"https:\/\/deutschcolor.com\/al\/\",\"name\":\"Deutschcolor\",\"description\":\"Deutschcolor Albania\",\"potentialAction\":[{\"@type\":\"SearchAction\",\"target\":\"https:\/\/deutschcolor.com\/al\/?s={search_term_string}\",\"query-input\":\"required name=search_term_string\"}],\"inLanguage\":\"en-US\"},{\"@type\":\"ImageObject\",\"@id\":\"https:\/\/deutschcolor.com\/al\/product\/iso-spachtel-elastisch\/#primaryimage\",\"inLanguage\":\"en-US\",\"url\":\"https:\/\/deutschcolor.com\/al\/wp-content\/uploads\/2019\/12\/Iso-Spachtel-Elastisch-min.png\",\"width\":1000,\"height\":1000},{\"@type\":\"WebPage\",\"@id\":\"https:\/\/deutschcolor.com\/al\/product\/iso-spachtel-elastisch\/#webpage\",\"url\":\"https:\/\/deutschcolor.com\/al\/product\/iso-spachtel-elastisch\/\",\"name\":\"Iso Spachtel Elastic - Shtrihet deri n\\u00eb trash\\u00ebsin\\u00eb e k\\u00ebrkuar.- Deutsch Color\",\"isPartOf\":{\"@id\":\"https:\/\/deutschcolor.com\/al\/#website\"},\"primaryImageOfPage\":{\"@id\":\"https:\/\/deutschcolor.com\/al\/product\/iso-spachtel-elastisch\/#primaryimage\"},\"datePublished\":\"2019-12-27T12:24:11+00:00\",\"dateModified\":\"2025-03-17T08:02:38+00:00\",\"description\":\"Aplikimi i produktit Iso Spachtel Elastic b\\u00ebhet me nj\\u00eb shpatull t\\u00eb shesht\\u00eb metalike. Iso Spachtel shtrihet deri n\\u00eb trash\\u00ebsin\\u00eb e k\\u00ebrkuar..\",\"breadcrumb\":{\"@id\":\"https:\/\/deutschcolor.com\/al\/product\/iso-spachtel-elastisch\/#breadcrumb\"},\"inLanguage\":\"en-US\",\"potentialAction\":[{\"@type\":\"ReadAction\",\"target\":[\"https:\/\/deutschcolor.com\/al\/product\/iso-spachtel-elastisch\/\"]}]},{\"@type\":\"BreadcrumbList\",\"@id\":\"https:\/\/deutschcolor.com\/al\/product\/iso-spachtel-elastisch\/#breadcrumb\",\"itemListElement\":[{\"@type\":\"ListItem\",\"position\":1,\"item\":{\"@type\":\"WebPage\",\"@id\":\"https:\/\/deutschcolor.com\/al\/\",\"url\":\"https:\/\/deutschcolor.com\/al\/\",\"name\":\"Home\"}},{\"@type\":\"ListItem\",\"position\":2,\"item\":{\"@type\":\"WebPage\",\"@id\":\"https:\/\/deutschcolor.com\/al\/shop\/\",\"url\":\"https:\/\/deutschcolor.com\/al\/shop\/\",\"name\":\"SHOP\"}},{\"@type\":\"ListItem\",\"position\":3,\"item\":{\"@type\":\"WebPage\",\"@id\":\"https:\/\/deutschcolor.com\/al\/product-category\/veshje-dekorative\/\",\"url\":\"https:\/\/deutschcolor.com\/al\/product-category\/veshje-dekorative\/\",\"name\":\"Veshje Dekorative\"}},{\"@type\":\"ListItem\",\"position\":4,\"item\":{\"@type\":\"WebPage\",\"@id\":\"https:\/\/deutschcolor.com\/al\/product-category\/veshje-dekorative\/veshje-dekorative-veshje-dekorative\/\",\"url\":\"https:\/\/deutschcolor.com\/al\/product-category\/veshje-dekorative\/veshje-dekorative-veshje-dekorative\/\",\"name\":\"7.1. Veshje dekorative\"}},{\"@type\":\"ListItem\",\"position\":5,\"item\":{\"@type\":\"WebPage\",\"@id\":\"https:\/\/deutschcolor.com\/al\/product\/iso-spachtel-elastisch\/\",\"url\":\"https:\/\/deutschcolor.com\/al\/product\/iso-spachtel-elastisch\/\",\"name\":\"ISO SPACHTEL ELASTISCH\"}}]}]}<\/script>\n<!-- \/ Yoast SEO plugin. -->","_links":{"self":[{"href":"https:\/\/deutschcolor.com\/al\/wp-json\/wp\/v2\/product\/24795","targetHints":{"allow":["GET"]}}],"collection":[{"href":"https:\/\/deutschcolor.com\/al\/wp-json\/wp\/v2\/product"}],"about":[{"href":"https:\/\/deutschcolor.com\/al\/wp-json\/wp\/v2\/types\/product"}],"replies":[{"embeddable":true,"href":"https:\/\/deutschcolor.com\/al\/wp-json\/wp\/v2\/comments?post=24795"}],"wp:featuredmedia":[{"embeddable":true,"href":"https:\/\/deutschcolor.com\/al\/wp-json\/wp\/v2\/media\/24796"}],"wp:attachment":[{"href":"https:\/\/deutschcolor.com\/al\/wp-json\/wp\/v2\/media?parent=24795"}],"curies":[{"name":"wp","href":"https:\/\/api.w.org\/{rel}","templated":true}]}}