{"id":24799,"date":"2019-12-27T12:34:39","date_gmt":"2019-12-27T12:34:39","guid":{"rendered":"https:\/\/deutschcolor.com\/al\/?post_type=product&#038;p=24799"},"modified":"2025-02-19T13:37:00","modified_gmt":"2025-02-19T13:37:00","slug":"gips-fugen","status":"publish","type":"product","link":"https:\/\/deutschcolor.com\/al\/product\/gips-fugen\/","title":{"rendered":"GIPS FUGEN"},"content":{"rendered":"<p><strong>KARAKTERISTIKAT TEKNIKE<\/strong><br \/>\n\u25cf Stuko me baz\u00eb gipsi e p\u00ebrb\u00ebr\u00eb nga g\u00eblqere e hidratuar, pluhur mermeri me granulometri t\u00eb seleksionuar dhe aditiv\u00eb special.<br \/>\n\u25cf Stuko m\u00eb baz\u00eb gipsi e cila p\u00ebrdoret s\u00eb bashku me shiritat mbulues p\u00ebr stukimin e fugave nd\u00ebrmjet pllakave prej kartongipsi, p\u00ebr stukimin e fugave dhe t\u00eb \u00e7arave me sip\u00ebrfaqe t\u00eb p\u00ebrfunduara betoni, p\u00ebr stukimin e sip\u00ebrfaqeve t\u00eb betonit me ose pa porozitet.<br \/>\n\u25cf P\u00ebrdoret p\u00ebr realizimin e rifiniturave n\u00eb suportet me baz\u00eb gipsi dhe n\u00eb panelet e gipsit.<br \/>\n\u25cf Karakterizohet nga nj\u00eb punueshm\u00ebri mjaft e mir\u00eb, hapje e leht\u00eb dhe mosrr\u00ebshkitje, gj\u00eb q\u00eb leht\u00ebson shum\u00eb aplikimin n\u00ebp\u00ebr sip\u00ebrfaqe vertikale.<br \/>\n\u25cf P\u00ebr ambiente t\u00eb brendshme.<br \/>\n\u25cf F\u00ebrkohet shum\u00eb leht\u00eb me let\u00ebr zmerile.<br \/>\n\u25cf Konform EN 132791<br \/>\n###<br \/>\n<strong>PAKETIMI<\/strong><br \/>\nKova plastike 10Kg<\/p>\n<p><strong>RUAJTJA<\/strong><br \/>\n12 muaj, ruajtur n\u00eb vende t\u00eb thata.<\/p>\n","protected":false},"excerpt":{"rendered":"<p>Stuko q\u00eb sh\u00ebben p\u00ebr mbushjen e fugave midis paneleve t\u00eb kartongipsit<\/p>\n","protected":false},"featured_media":24800,"comment_status":"closed","ping_status":"closed","template":"","meta":{"_glsr_average":0,"_glsr_ranking":0,"_glsr_reviews":0},"class_list":["post-24799","product","type-product","status-publish","has-post-thumbnail","hentry","product_cat-veshje-dekorative","product_cat-veshje-dekorative-veshje-dekorative"],"yoast_head":"<!-- This site is optimized with the Yoast SEO plugin v15.0 - https:\/\/yoast.com\/wordpress\/plugins\/seo\/ -->\n<title>- GIPS FUGEN - Stukimin e sip\u00ebrfaqeve prej betoni - Deutschcolor<\/title>\n<meta name=\"description\" content=\"Ne Deutschcolor gjeni Stuko q\u00eb sh\u00ebben p\u00ebr mbushjen e fugave midis paneleve t\u00eb kartongipsit. Stukimin e sip\u00ebrfaqeve prej betoni.\" \/>\n<meta name=\"robots\" content=\"index, follow, max-snippet:-1, max-image-preview:large, max-video-preview:-1\" \/>\n<link rel=\"canonical\" href=\"https:\/\/deutschcolor.com\/al\/product\/gips-fugen\/\" \/>\n<meta property=\"og:locale\" content=\"en_US\" \/>\n<meta property=\"og:type\" content=\"article\" \/>\n<meta property=\"og:title\" content=\"- GIPS FUGEN - Stukimin e sip\u00ebrfaqeve prej betoni - Deutschcolor\" \/>\n<meta property=\"og:description\" content=\"Ne Deutschcolor gjeni Stuko q\u00eb sh\u00ebben p\u00ebr mbushjen e fugave midis paneleve t\u00eb kartongipsit. Stukimin e sip\u00ebrfaqeve prej betoni.\" \/>\n<meta property=\"og:url\" content=\"https:\/\/deutschcolor.com\/al\/product\/gips-fugen\/\" \/>\n<meta property=\"og:site_name\" content=\"Deutschcolor\" \/>\n<meta property=\"article:publisher\" content=\"https:\/\/www.facebook.com\/deutschcolorofficial\" \/>\n<meta property=\"article:modified_time\" content=\"2025-02-19T13:37:00+00:00\" \/>\n<meta property=\"og:image\" content=\"https:\/\/deutschcolor.com\/al\/wp-content\/uploads\/2019\/12\/Gips-FUgen-min.png\" \/>\n\t<meta property=\"og:image:width\" content=\"1000\" \/>\n\t<meta property=\"og:image:height\" content=\"1000\" \/>\n<meta name=\"twitter:card\" content=\"summary_large_image\" \/>\n<script type=\"application\/ld+json\" class=\"yoast-schema-graph\">{\"@context\":\"https:\/\/schema.org\",\"@graph\":[{\"@type\":\"WebSite\",\"@id\":\"https:\/\/deutschcolor.com\/al\/#website\",\"url\":\"https:\/\/deutschcolor.com\/al\/\",\"name\":\"Deutschcolor\",\"description\":\"Deutschcolor Albania\",\"potentialAction\":[{\"@type\":\"SearchAction\",\"target\":\"https:\/\/deutschcolor.com\/al\/?s={search_term_string}\",\"query-input\":\"required name=search_term_string\"}],\"inLanguage\":\"en-US\"},{\"@type\":\"ImageObject\",\"@id\":\"https:\/\/deutschcolor.com\/al\/product\/gips-fugen\/#primaryimage\",\"inLanguage\":\"en-US\",\"url\":\"https:\/\/deutschcolor.com\/al\/wp-content\/uploads\/2019\/12\/Gips-FUgen-min.png\",\"width\":1000,\"height\":1000},{\"@type\":\"WebPage\",\"@id\":\"https:\/\/deutschcolor.com\/al\/product\/gips-fugen\/#webpage\",\"url\":\"https:\/\/deutschcolor.com\/al\/product\/gips-fugen\/\",\"name\":\"- GIPS FUGEN - Stukimin e sip\\u00ebrfaqeve prej betoni - Deutschcolor\",\"isPartOf\":{\"@id\":\"https:\/\/deutschcolor.com\/al\/#website\"},\"primaryImageOfPage\":{\"@id\":\"https:\/\/deutschcolor.com\/al\/product\/gips-fugen\/#primaryimage\"},\"datePublished\":\"2019-12-27T12:34:39+00:00\",\"dateModified\":\"2025-02-19T13:37:00+00:00\",\"description\":\"Ne Deutschcolor gjeni Stuko q\\u00eb sh\\u00ebben p\\u00ebr mbushjen e fugave midis paneleve t\\u00eb kartongipsit. Stukimin e sip\\u00ebrfaqeve prej betoni.\",\"breadcrumb\":{\"@id\":\"https:\/\/deutschcolor.com\/al\/product\/gips-fugen\/#breadcrumb\"},\"inLanguage\":\"en-US\",\"potentialAction\":[{\"@type\":\"ReadAction\",\"target\":[\"https:\/\/deutschcolor.com\/al\/product\/gips-fugen\/\"]}]},{\"@type\":\"BreadcrumbList\",\"@id\":\"https:\/\/deutschcolor.com\/al\/product\/gips-fugen\/#breadcrumb\",\"itemListElement\":[{\"@type\":\"ListItem\",\"position\":1,\"item\":{\"@type\":\"WebPage\",\"@id\":\"https:\/\/deutschcolor.com\/al\/\",\"url\":\"https:\/\/deutschcolor.com\/al\/\",\"name\":\"Home\"}},{\"@type\":\"ListItem\",\"position\":2,\"item\":{\"@type\":\"WebPage\",\"@id\":\"https:\/\/deutschcolor.com\/al\/shop\/\",\"url\":\"https:\/\/deutschcolor.com\/al\/shop\/\",\"name\":\"SHOP\"}},{\"@type\":\"ListItem\",\"position\":3,\"item\":{\"@type\":\"WebPage\",\"@id\":\"https:\/\/deutschcolor.com\/al\/product-category\/veshje-dekorative\/\",\"url\":\"https:\/\/deutschcolor.com\/al\/product-category\/veshje-dekorative\/\",\"name\":\"Veshje Dekorative\"}},{\"@type\":\"ListItem\",\"position\":4,\"item\":{\"@type\":\"WebPage\",\"@id\":\"https:\/\/deutschcolor.com\/al\/product-category\/veshje-dekorative\/veshje-dekorative-veshje-dekorative\/\",\"url\":\"https:\/\/deutschcolor.com\/al\/product-category\/veshje-dekorative\/veshje-dekorative-veshje-dekorative\/\",\"name\":\"7.1. Veshje dekorative\"}},{\"@type\":\"ListItem\",\"position\":5,\"item\":{\"@type\":\"WebPage\",\"@id\":\"https:\/\/deutschcolor.com\/al\/product\/gips-fugen\/\",\"url\":\"https:\/\/deutschcolor.com\/al\/product\/gips-fugen\/\",\"name\":\"GIPS FUGEN\"}}]}]}<\/script>\n<!-- \/ Yoast SEO plugin. -->","_links":{"self":[{"href":"https:\/\/deutschcolor.com\/al\/wp-json\/wp\/v2\/product\/24799","targetHints":{"allow":["GET"]}}],"collection":[{"href":"https:\/\/deutschcolor.com\/al\/wp-json\/wp\/v2\/product"}],"about":[{"href":"https:\/\/deutschcolor.com\/al\/wp-json\/wp\/v2\/types\/product"}],"replies":[{"embeddable":true,"href":"https:\/\/deutschcolor.com\/al\/wp-json\/wp\/v2\/comments?post=24799"}],"wp:featuredmedia":[{"embeddable":true,"href":"https:\/\/deutschcolor.com\/al\/wp-json\/wp\/v2\/media\/24800"}],"wp:attachment":[{"href":"https:\/\/deutschcolor.com\/al\/wp-json\/wp\/v2\/media?parent=24799"}],"curies":[{"name":"wp","href":"https:\/\/api.w.org\/{rel}","templated":true}]}}