{"id":24804,"date":"2019-12-27T12:41:02","date_gmt":"2019-12-27T12:41:02","guid":{"rendered":"https:\/\/deutschcolor.com\/al\/?post_type=product&#038;p=24804"},"modified":"2025-02-19T15:08:13","modified_gmt":"2025-02-19T15:08:13","slug":"natural-kalk","status":"publish","type":"product","link":"https:\/\/deutschcolor.com\/al\/product\/natural-kalk\/","title":{"rendered":"NATURAL KALK"},"content":{"rendered":"<p>NATURAL KALK esht\u00eb nj\u00eb material pluhur, i prodhuar sipas teknologjis\u00eb HTT (Tecnologjia Horman Transpirance) e cila parandalon krijimin e mykut dhe lejon ajrimin e sip\u00ebrfaqeve me baz\u00eb \u00e7imento, t\u00eb hidratuar, r\u00ebr\u00eb karbonat mermeri dhe mermer t\u00eb granulometris\u00eb s\u00eb zgjedhur, rr\u00ebshirave sintetike dhe mureve t\u00eb aditiv\u00ebve t\u00eb ve\u00e7ant\u00eb.<\/p>\n<p><strong>Karakteristikat<\/strong><br \/>\n\u2022 Karakterizohet nga nj\u00eb hapje dhe pun\u00eb e shk\u00eblqyeshme, dhe mbulueshm\u00ebri e lart\u00eb (10 &#8211; 12 m2 \/ thes 25 Kg)<br \/>\n\u2022 Leht\u00ebson aplikimin n\u00eb sip\u00ebrfaqe t\u00eb brendshme dhe t\u00eb jashtme t\u00eb mbushura gjithashtu me lla\u00e7 tradicional dhe lla\u00e7 t\u00eb p\u00ebrgatitur paraprakisht.<br \/>\n\u2022 \u00cbsht\u00eb i zbatuesh\u00ebm n\u00eb nj\u00eb trash\u00ebsi deri n\u00eb 3 mm.<br \/>\n###<br \/>\n<strong>RUAJTJA<\/strong><br \/>\n12 muaj n\u00ebse ruhet n\u00eb nj\u00eb vend t\u00eb that\u00eb, larg burimeve t\u00eb nxeht\u00ebsis\u00eb, n\u00eb nj\u00eb temperatur\u00eb midis + 5 \u00b0 C dhe + 30 \u00b0 C. Mbrojeni nga ngricat.<\/p>\n<p><strong>M\u00ebnyra e pastrimit<\/strong><br \/>\nMjetet e pun\u00ebs dhe duart duhet t\u00eb pastrohen nd\u00ebrsa produkti \u00ebsht\u00eb akoma i lag\u00ebsht.<\/p>\n<p><strong>Paketimi<\/strong>: Thas\u00eb letre 25 Kg<\/p>\n","protected":false},"excerpt":{"rendered":"<p>Esht\u00eb nj\u00eb material n\u00eb form\u00eb pluhuri, i prodhuar sipas teknologjis\u00eb HTT (Horman Technology Transparent)<\/p>\n","protected":false},"featured_media":24805,"comment_status":"closed","ping_status":"closed","template":"","meta":{"_glsr_average":0,"_glsr_ranking":0,"_glsr_reviews":0},"class_list":["post-24804","product","type-product","status-publish","has-post-thumbnail","hentry","product_cat-veshje-dekorative","product_cat-stuko-perfundimtare"],"yoast_head":"<!-- This site is optimized with the Yoast SEO plugin v15.0 - https:\/\/yoast.com\/wordpress\/plugins\/seo\/ -->\n<title>NATURAL KALK - Tecnologjia Horman Transpirance - Deutschcolor<\/title>\n<meta name=\"description\" content=\"Esht\u00eb nj\u00eb material pluhur, i prodhuar sipas teknologjis\u00eb HTT (Tecnologjia Horman Transpirance) e cila parandalon krijimin e mykut\" \/>\n<meta name=\"robots\" content=\"index, follow, max-snippet:-1, max-image-preview:large, max-video-preview:-1\" \/>\n<link rel=\"canonical\" href=\"https:\/\/deutschcolor.com\/al\/product\/natural-kalk\/\" \/>\n<meta property=\"og:locale\" content=\"en_US\" \/>\n<meta property=\"og:type\" content=\"article\" \/>\n<meta property=\"og:title\" content=\"NATURAL KALK - Tecnologjia Horman Transpirance - Deutschcolor\" \/>\n<meta property=\"og:description\" content=\"Esht\u00eb nj\u00eb material pluhur, i prodhuar sipas teknologjis\u00eb HTT (Tecnologjia Horman Transpirance) e cila parandalon krijimin e mykut\" \/>\n<meta property=\"og:url\" content=\"https:\/\/deutschcolor.com\/al\/product\/natural-kalk\/\" \/>\n<meta property=\"og:site_name\" content=\"Deutschcolor\" \/>\n<meta property=\"article:publisher\" content=\"https:\/\/www.facebook.com\/deutschcolorofficial\" \/>\n<meta property=\"article:modified_time\" content=\"2025-02-19T15:08:13+00:00\" \/>\n<meta property=\"og:image\" content=\"https:\/\/deutschcolor.com\/al\/wp-content\/uploads\/2019\/12\/Thesi-Naturkalk-White-papike-min.png\" \/>\n\t<meta property=\"og:image:width\" content=\"1000\" \/>\n\t<meta property=\"og:image:height\" content=\"1000\" \/>\n<meta name=\"twitter:card\" content=\"summary_large_image\" \/>\n<script type=\"application\/ld+json\" class=\"yoast-schema-graph\">{\"@context\":\"https:\/\/schema.org\",\"@graph\":[{\"@type\":\"WebSite\",\"@id\":\"https:\/\/deutschcolor.com\/al\/#website\",\"url\":\"https:\/\/deutschcolor.com\/al\/\",\"name\":\"Deutschcolor\",\"description\":\"Deutschcolor Albania\",\"potentialAction\":[{\"@type\":\"SearchAction\",\"target\":\"https:\/\/deutschcolor.com\/al\/?s={search_term_string}\",\"query-input\":\"required name=search_term_string\"}],\"inLanguage\":\"en-US\"},{\"@type\":\"ImageObject\",\"@id\":\"https:\/\/deutschcolor.com\/al\/product\/natural-kalk\/#primaryimage\",\"inLanguage\":\"en-US\",\"url\":\"https:\/\/deutschcolor.com\/al\/wp-content\/uploads\/2019\/12\/Thesi-Naturkalk-White-papike-min.png\",\"width\":1000,\"height\":1000},{\"@type\":\"WebPage\",\"@id\":\"https:\/\/deutschcolor.com\/al\/product\/natural-kalk\/#webpage\",\"url\":\"https:\/\/deutschcolor.com\/al\/product\/natural-kalk\/\",\"name\":\"NATURAL KALK - Tecnologjia Horman Transpirance - Deutschcolor\",\"isPartOf\":{\"@id\":\"https:\/\/deutschcolor.com\/al\/#website\"},\"primaryImageOfPage\":{\"@id\":\"https:\/\/deutschcolor.com\/al\/product\/natural-kalk\/#primaryimage\"},\"datePublished\":\"2019-12-27T12:41:02+00:00\",\"dateModified\":\"2025-02-19T15:08:13+00:00\",\"description\":\"Esht\\u00eb nj\\u00eb material pluhur, i prodhuar sipas teknologjis\\u00eb HTT (Tecnologjia Horman Transpirance) e cila parandalon krijimin e mykut\",\"breadcrumb\":{\"@id\":\"https:\/\/deutschcolor.com\/al\/product\/natural-kalk\/#breadcrumb\"},\"inLanguage\":\"en-US\",\"potentialAction\":[{\"@type\":\"ReadAction\",\"target\":[\"https:\/\/deutschcolor.com\/al\/product\/natural-kalk\/\"]}]},{\"@type\":\"BreadcrumbList\",\"@id\":\"https:\/\/deutschcolor.com\/al\/product\/natural-kalk\/#breadcrumb\",\"itemListElement\":[{\"@type\":\"ListItem\",\"position\":1,\"item\":{\"@type\":\"WebPage\",\"@id\":\"https:\/\/deutschcolor.com\/al\/\",\"url\":\"https:\/\/deutschcolor.com\/al\/\",\"name\":\"Home\"}},{\"@type\":\"ListItem\",\"position\":2,\"item\":{\"@type\":\"WebPage\",\"@id\":\"https:\/\/deutschcolor.com\/al\/shop\/\",\"url\":\"https:\/\/deutschcolor.com\/al\/shop\/\",\"name\":\"SHOP\"}},{\"@type\":\"ListItem\",\"position\":3,\"item\":{\"@type\":\"WebPage\",\"@id\":\"https:\/\/deutschcolor.com\/al\/product-category\/veshje-dekorative\/\",\"url\":\"https:\/\/deutschcolor.com\/al\/product-category\/veshje-dekorative\/\",\"name\":\"Veshje Dekorative\"}},{\"@type\":\"ListItem\",\"position\":4,\"item\":{\"@type\":\"WebPage\",\"@id\":\"https:\/\/deutschcolor.com\/al\/product-category\/veshje-dekorative\/stuko-perfundimtare\/\",\"url\":\"https:\/\/deutschcolor.com\/al\/product-category\/veshje-dekorative\/stuko-perfundimtare\/\",\"name\":\"7.2. Stuko p\\u00ebrfundimtare\"}},{\"@type\":\"ListItem\",\"position\":5,\"item\":{\"@type\":\"WebPage\",\"@id\":\"https:\/\/deutschcolor.com\/al\/product\/natural-kalk\/\",\"url\":\"https:\/\/deutschcolor.com\/al\/product\/natural-kalk\/\",\"name\":\"NATURAL KALK\"}}]}]}<\/script>\n<!-- \/ Yoast SEO plugin. -->","_links":{"self":[{"href":"https:\/\/deutschcolor.com\/al\/wp-json\/wp\/v2\/product\/24804","targetHints":{"allow":["GET"]}}],"collection":[{"href":"https:\/\/deutschcolor.com\/al\/wp-json\/wp\/v2\/product"}],"about":[{"href":"https:\/\/deutschcolor.com\/al\/wp-json\/wp\/v2\/types\/product"}],"replies":[{"embeddable":true,"href":"https:\/\/deutschcolor.com\/al\/wp-json\/wp\/v2\/comments?post=24804"}],"wp:featuredmedia":[{"embeddable":true,"href":"https:\/\/deutschcolor.com\/al\/wp-json\/wp\/v2\/media\/24805"}],"wp:attachment":[{"href":"https:\/\/deutschcolor.com\/al\/wp-json\/wp\/v2\/media?parent=24804"}],"curies":[{"name":"wp","href":"https:\/\/api.w.org\/{rel}","templated":true}]}}