{"id":24806,"date":"2019-12-27T12:43:03","date_gmt":"2019-12-27T12:43:03","guid":{"rendered":"https:\/\/deutschcolor.com\/al\/?post_type=product&#038;p=24806"},"modified":"2025-03-18T11:23:05","modified_gmt":"2025-03-18T11:23:05","slug":"mineral-megagrund","status":"publish","type":"product","link":"https:\/\/deutschcolor.com\/al\/product\/mineral-megagrund\/","title":{"rendered":"MINERAL MEGAGRUND"},"content":{"rendered":"<p><strong>Karakteristikat<\/strong><br \/>\n\u2022 \u00cbsht\u00eb nj\u00eb material pluhur, me \u00e7imento, g\u00eblqere, r\u00ebr\u00eb t\u00eb granulometris\u00eb s\u00eb zgjedhur, rr\u00ebshira sintetike hidrofobike dhe aditiv\u00eb specifik.<br \/>\n\u2022 Karakterizohet nga nj\u00eb hapje dhe punueshm\u00ebri e shk\u00eblqyeshme, duke leht\u00ebsuar k\u00ebshtu aplikimin e produktit n\u00eb mb\u00ebshtet\u00ebset e mbushura me lla\u00e7 tradicional ose t\u00eb p\u00ebrgatitur paraprakisht.<br \/>\n\u2022 Ofron nj\u00eb koh\u00eb t\u00eb gjat\u00eb pune, aderim shum\u00eb t\u00eb mir\u00eb me mb\u00ebshtetjen dhe nivelim t\u00eb shk\u00eblqyesh\u00ebm t\u00eb sip\u00ebrfaqes.<br \/>\n\u2022 Krijon nj\u00eb pap\u00ebrshkueshm\u00ebri shum\u00eb t\u00eb mir\u00eb nga uji n\u00eb sip\u00ebrfaqen ku do t\u00eb aplikohet, duke leht\u00ebsuar k\u00ebshtu edhe m\u00eb shum\u00eb aplikimin e veshjes dekorative.<br \/>\n\u2022 Krijon nj\u00eb lidhje t\u00eb mir\u00eb midis lla\u00e7it themelor dhe veshjes dekorative.<br \/>\n\u2022 \u00cbsht\u00eb i zbatuesh\u00ebm p\u00ebr trash\u00ebsi deri n\u00eb 3 mm.<br \/>\n###<br \/>\n<strong>P\u00ebrforcimi me Latex<\/strong><br \/>\nP\u00ebr t\u00eb p\u00ebrmir\u00ebsuar ngjitjen, paprekshm\u00ebrin\u00eb ndaj ujit, plasticitetin, fleksibilitetin, forc\u00ebn mekanike, etj., <a href=\"https:\/\/deutschcolor.com\/al\/wp-content\/uploads\/2019\/12\/MINERAL-MEGAGRUND.pdf\">MINERAL MEGAGRUND<\/a> mund t\u00eb p\u00ebrforcohet me shtes\u00ebn Latex. Raporti i p\u00ebrzierjes \u00ebsht\u00eb 1: 5 me uj\u00eb. (shiko flet\u00ebn teknike Latex)<\/p>\n<p><strong>Konsumi<\/strong><br \/>\nP\u00ebraf\u00ebrsisht 1.5 kg \/ m2 p\u00ebr trash\u00ebsi mm.<\/p>\n<p><strong>Ruajtja dhe jet\u00ebgjat\u00ebsia<\/strong><br \/>\n24 muaj n\u00ebse ruhet n\u00eb paketimin origjinal t\u00eb pa hapur, n\u00eb mjedise t\u00eb mbrojtura nga lag\u00ebshtia dhe ngrica.<\/p>\n<p><strong>Paketimi<\/strong><br \/>\nThas\u00eb letre 25Kg<\/p>\n","protected":false},"excerpt":{"rendered":"<p>Material p\u00ebr nivelim p\u00ebr sip\u00ebrfaqet q\u00eb do t\u00eb vishen me shtres\u00eb dekorative.<\/p>\n","protected":false},"featured_media":24807,"comment_status":"closed","ping_status":"closed","template":"","meta":{"_glsr_average":0,"_glsr_ranking":0,"_glsr_reviews":0},"class_list":["post-24806","product","type-product","status-publish","has-post-thumbnail","hentry","product_cat-veshje-dekorative","product_cat-astare"],"yoast_head":"<!-- This site is optimized with the Yoast SEO plugin v15.0 - https:\/\/yoast.com\/wordpress\/plugins\/seo\/ -->\n<title>Mineral Megagrund -Q\u00ebndrueshme e larte - Deutsch Color - produkt ideal<\/title>\n<meta name=\"description\" content=\"Mineral Megagrund, duhet t\u00eb jet\u00eb e niveluar dhe e q\u00ebndrueshme. Sip\u00ebrfaqet me dallim m\u00eb t\u00eb madh se 3 mm, duhet t\u00eb nivelohen para se t\u00eb aplikohet produkti.\" \/>\n<meta name=\"robots\" content=\"index, follow, max-snippet:-1, max-image-preview:large, max-video-preview:-1\" \/>\n<link rel=\"canonical\" href=\"https:\/\/deutschcolor.com\/al\/product\/mineral-megagrund\/\" \/>\n<meta property=\"og:locale\" content=\"en_US\" \/>\n<meta property=\"og:type\" content=\"article\" \/>\n<meta property=\"og:title\" content=\"Mineral Megagrund -Q\u00ebndrueshme e larte - Deutsch Color - produkt ideal\" \/>\n<meta property=\"og:description\" content=\"Mineral Megagrund, duhet t\u00eb jet\u00eb e niveluar dhe e q\u00ebndrueshme. Sip\u00ebrfaqet me dallim m\u00eb t\u00eb madh se 3 mm, duhet t\u00eb nivelohen para se t\u00eb aplikohet produkti.\" \/>\n<meta property=\"og:url\" content=\"https:\/\/deutschcolor.com\/al\/product\/mineral-megagrund\/\" \/>\n<meta property=\"og:site_name\" content=\"Deutschcolor\" \/>\n<meta property=\"article:publisher\" content=\"https:\/\/www.facebook.com\/deutschcolorofficial\" \/>\n<meta property=\"article:modified_time\" content=\"2025-03-18T11:23:05+00:00\" \/>\n<meta property=\"og:image\" content=\"https:\/\/deutschcolor.com\/al\/wp-content\/uploads\/2019\/12\/Thesi-Mineral-Megagrund-min.png\" \/>\n\t<meta property=\"og:image:width\" content=\"1000\" \/>\n\t<meta property=\"og:image:height\" content=\"1000\" \/>\n<meta name=\"twitter:card\" content=\"summary_large_image\" \/>\n<script type=\"application\/ld+json\" class=\"yoast-schema-graph\">{\"@context\":\"https:\/\/schema.org\",\"@graph\":[{\"@type\":\"WebSite\",\"@id\":\"https:\/\/deutschcolor.com\/al\/#website\",\"url\":\"https:\/\/deutschcolor.com\/al\/\",\"name\":\"Deutschcolor\",\"description\":\"Deutschcolor Albania\",\"potentialAction\":[{\"@type\":\"SearchAction\",\"target\":\"https:\/\/deutschcolor.com\/al\/?s={search_term_string}\",\"query-input\":\"required name=search_term_string\"}],\"inLanguage\":\"en-US\"},{\"@type\":\"ImageObject\",\"@id\":\"https:\/\/deutschcolor.com\/al\/product\/mineral-megagrund\/#primaryimage\",\"inLanguage\":\"en-US\",\"url\":\"https:\/\/deutschcolor.com\/al\/wp-content\/uploads\/2019\/12\/Thesi-Mineral-Megagrund-min.png\",\"width\":1000,\"height\":1000},{\"@type\":\"WebPage\",\"@id\":\"https:\/\/deutschcolor.com\/al\/product\/mineral-megagrund\/#webpage\",\"url\":\"https:\/\/deutschcolor.com\/al\/product\/mineral-megagrund\/\",\"name\":\"Mineral Megagrund -Q\\u00ebndrueshme e larte - Deutsch Color - produkt ideal\",\"isPartOf\":{\"@id\":\"https:\/\/deutschcolor.com\/al\/#website\"},\"primaryImageOfPage\":{\"@id\":\"https:\/\/deutschcolor.com\/al\/product\/mineral-megagrund\/#primaryimage\"},\"datePublished\":\"2019-12-27T12:43:03+00:00\",\"dateModified\":\"2025-03-18T11:23:05+00:00\",\"description\":\"Mineral Megagrund, duhet t\\u00eb jet\\u00eb e niveluar dhe e q\\u00ebndrueshme. Sip\\u00ebrfaqet me dallim m\\u00eb t\\u00eb madh se 3 mm, duhet t\\u00eb nivelohen para se t\\u00eb aplikohet produkti.\",\"breadcrumb\":{\"@id\":\"https:\/\/deutschcolor.com\/al\/product\/mineral-megagrund\/#breadcrumb\"},\"inLanguage\":\"en-US\",\"potentialAction\":[{\"@type\":\"ReadAction\",\"target\":[\"https:\/\/deutschcolor.com\/al\/product\/mineral-megagrund\/\"]}]},{\"@type\":\"BreadcrumbList\",\"@id\":\"https:\/\/deutschcolor.com\/al\/product\/mineral-megagrund\/#breadcrumb\",\"itemListElement\":[{\"@type\":\"ListItem\",\"position\":1,\"item\":{\"@type\":\"WebPage\",\"@id\":\"https:\/\/deutschcolor.com\/al\/\",\"url\":\"https:\/\/deutschcolor.com\/al\/\",\"name\":\"Home\"}},{\"@type\":\"ListItem\",\"position\":2,\"item\":{\"@type\":\"WebPage\",\"@id\":\"https:\/\/deutschcolor.com\/al\/shop\/\",\"url\":\"https:\/\/deutschcolor.com\/al\/shop\/\",\"name\":\"SHOP\"}},{\"@type\":\"ListItem\",\"position\":3,\"item\":{\"@type\":\"WebPage\",\"@id\":\"https:\/\/deutschcolor.com\/al\/product-category\/veshje-dekorative\/\",\"url\":\"https:\/\/deutschcolor.com\/al\/product-category\/veshje-dekorative\/\",\"name\":\"Veshje Dekorative\"}},{\"@type\":\"ListItem\",\"position\":4,\"item\":{\"@type\":\"WebPage\",\"@id\":\"https:\/\/deutschcolor.com\/al\/product-category\/veshje-dekorative\/astare\/\",\"url\":\"https:\/\/deutschcolor.com\/al\/product-category\/veshje-dekorative\/astare\/\",\"name\":\"7.3. Astar\\u00eb\"}},{\"@type\":\"ListItem\",\"position\":5,\"item\":{\"@type\":\"WebPage\",\"@id\":\"https:\/\/deutschcolor.com\/al\/product\/mineral-megagrund\/\",\"url\":\"https:\/\/deutschcolor.com\/al\/product\/mineral-megagrund\/\",\"name\":\"MINERAL MEGAGRUND\"}}]}]}<\/script>\n<!-- \/ Yoast SEO plugin. -->","_links":{"self":[{"href":"https:\/\/deutschcolor.com\/al\/wp-json\/wp\/v2\/product\/24806","targetHints":{"allow":["GET"]}}],"collection":[{"href":"https:\/\/deutschcolor.com\/al\/wp-json\/wp\/v2\/product"}],"about":[{"href":"https:\/\/deutschcolor.com\/al\/wp-json\/wp\/v2\/types\/product"}],"replies":[{"embeddable":true,"href":"https:\/\/deutschcolor.com\/al\/wp-json\/wp\/v2\/comments?post=24806"}],"wp:featuredmedia":[{"embeddable":true,"href":"https:\/\/deutschcolor.com\/al\/wp-json\/wp\/v2\/media\/24807"}],"wp:attachment":[{"href":"https:\/\/deutschcolor.com\/al\/wp-json\/wp\/v2\/media?parent=24806"}],"curies":[{"name":"wp","href":"https:\/\/api.w.org\/{rel}","templated":true}]}}