{"id":24811,"date":"2019-12-27T13:56:47","date_gmt":"2019-12-27T13:56:47","guid":{"rendered":"https:\/\/deutschcolor.com\/al\/?post_type=product&#038;p=24811"},"modified":"2024-12-06T10:16:41","modified_gmt":"2024-12-06T10:16:41","slug":"picasso-jadore","status":"publish","type":"product","link":"https:\/\/deutschcolor.com\/al\/product\/picasso-jadore\/","title":{"rendered":"PICASSO J\u2019ADORE"},"content":{"rendered":"<p><strong>Karakteristikat<\/strong><br \/>\n\u2022 Efekt mat<br \/>\n\u2022 Gjendet ne\u0308 2 baza W dhe P<br \/>\n\u2022 Ngjitje e forte\u0308 dhe tharje e shpejte\u0308<br \/>\n\u2022 Veti te\u0308 mira punueshme\u0308rie dhe niveluese<br \/>\n\u2022 Mbulueshme\u0308ri dhe bardhe\u0308si shume\u0308 e mire\u0308<br \/>\n\u2022 Pranon 1500 cikle larjesh 30 dite\u0308 pas aplikimit <\/p>\n<p><strong>Rekomandimet p\u00ebr p\u00ebrdorim<\/strong><br \/>\nPe\u0308rdoret ne\u0308 te\u0308 gjithe\u0308 muret dhe tavane\u0308t te\u0308 c\u0327do lloj ambienti te\u0308 brendshe\u0308m, dhoma gjumi, tualete, dhoma ndenje, ambiente zyrash, she\u0308rbimesh etj.<br \/>\n###<br \/>\n<strong>Informacioni mbi sh\u00ebndetin, sigurin\u00eb dhe mjedisin<\/strong><br \/>\nMbajeni larg fe\u0308mije\u0308ve produktin. Ne\u0308qofte\u0308se ge\u0308lltitet lajme\u0308roni dhe ke\u0308rkoni ndihme\u0308n e mjekut dhe tregojini atij pe\u0308rmbajtjen e amballazhit. Mos e hidhni produktin ne\u0308 tubacione ose kanale. <\/p>\n<p><strong>Sh\u00ebnime<\/strong><br \/>\nRekomandohet q\u00eb t\u00eb shmanget aplikimi i produktit n\u00eb temperatura n\u00ebn 5\u00baC.<\/p>\n<p><strong>Paketimi<\/strong><br \/>\nKova plastike 3lt \/ 9lt \/ 15lt<\/p>\n","protected":false},"excerpt":{"rendered":"<p>Boj\u00eb plastike ekonomike p\u00ebr p\u00ebrdorim t\u00eb brendsh\u00ebm me veti t\u00eb mira mbuluese dhe niveluese<\/p>\n","protected":false},"featured_media":24812,"comment_status":"closed","ping_status":"closed","template":"","meta":{"_glsr_average":0,"_glsr_ranking":0,"_glsr_reviews":0},"class_list":["post-24811","product","type-product","status-publish","has-post-thumbnail","hentry","product_cat-bojra","product_cat-bojera-per-ambiente-te-brendshme"],"yoast_head":"<!-- This site is optimized with the Yoast SEO plugin v15.0 - https:\/\/yoast.com\/wordpress\/plugins\/seo\/ -->\n<title>PICASSO J\u2019ADORE - Deutschcolor<\/title>\n<meta name=\"robots\" content=\"index, follow, max-snippet:-1, max-image-preview:large, max-video-preview:-1\" \/>\n<link rel=\"canonical\" href=\"https:\/\/deutschcolor.com\/al\/product\/picasso-jadore\/\" \/>\n<meta property=\"og:locale\" content=\"en_US\" \/>\n<meta property=\"og:type\" content=\"article\" \/>\n<meta property=\"og:title\" content=\"PICASSO J\u2019ADORE - Deutschcolor\" \/>\n<meta property=\"og:description\" content=\"Boj\u00eb plastike ekonomike p\u00ebr p\u00ebrdorim t\u00eb brendsh\u00ebm me veti t\u00eb mira mbuluese dhe niveluese\" \/>\n<meta property=\"og:url\" content=\"https:\/\/deutschcolor.com\/al\/product\/picasso-jadore\/\" \/>\n<meta property=\"og:site_name\" content=\"Deutschcolor\" \/>\n<meta property=\"article:publisher\" content=\"https:\/\/www.facebook.com\/deutschcolorofficial\" \/>\n<meta property=\"article:modified_time\" content=\"2024-12-06T10:16:41+00:00\" \/>\n<meta property=\"og:image\" content=\"https:\/\/deutschcolor.com\/al\/wp-content\/uploads\/2019\/12\/Picaso-Jadore-min.png\" \/>\n\t<meta property=\"og:image:width\" content=\"1000\" \/>\n\t<meta property=\"og:image:height\" content=\"1000\" \/>\n<meta name=\"twitter:card\" content=\"summary_large_image\" \/>\n<script type=\"application\/ld+json\" class=\"yoast-schema-graph\">{\"@context\":\"https:\/\/schema.org\",\"@graph\":[{\"@type\":\"WebSite\",\"@id\":\"https:\/\/deutschcolor.com\/al\/#website\",\"url\":\"https:\/\/deutschcolor.com\/al\/\",\"name\":\"Deutschcolor\",\"description\":\"Deutschcolor Albania\",\"potentialAction\":[{\"@type\":\"SearchAction\",\"target\":\"https:\/\/deutschcolor.com\/al\/?s={search_term_string}\",\"query-input\":\"required name=search_term_string\"}],\"inLanguage\":\"en-US\"},{\"@type\":\"ImageObject\",\"@id\":\"https:\/\/deutschcolor.com\/al\/product\/picasso-jadore\/#primaryimage\",\"inLanguage\":\"en-US\",\"url\":\"https:\/\/deutschcolor.com\/al\/wp-content\/uploads\/2019\/12\/Picaso-Jadore-min.png\",\"width\":1000,\"height\":1000},{\"@type\":\"WebPage\",\"@id\":\"https:\/\/deutschcolor.com\/al\/product\/picasso-jadore\/#webpage\",\"url\":\"https:\/\/deutschcolor.com\/al\/product\/picasso-jadore\/\",\"name\":\"PICASSO J\\u2019ADORE - Deutschcolor\",\"isPartOf\":{\"@id\":\"https:\/\/deutschcolor.com\/al\/#website\"},\"primaryImageOfPage\":{\"@id\":\"https:\/\/deutschcolor.com\/al\/product\/picasso-jadore\/#primaryimage\"},\"datePublished\":\"2019-12-27T13:56:47+00:00\",\"dateModified\":\"2024-12-06T10:16:41+00:00\",\"breadcrumb\":{\"@id\":\"https:\/\/deutschcolor.com\/al\/product\/picasso-jadore\/#breadcrumb\"},\"inLanguage\":\"en-US\",\"potentialAction\":[{\"@type\":\"ReadAction\",\"target\":[\"https:\/\/deutschcolor.com\/al\/product\/picasso-jadore\/\"]}]},{\"@type\":\"BreadcrumbList\",\"@id\":\"https:\/\/deutschcolor.com\/al\/product\/picasso-jadore\/#breadcrumb\",\"itemListElement\":[{\"@type\":\"ListItem\",\"position\":1,\"item\":{\"@type\":\"WebPage\",\"@id\":\"https:\/\/deutschcolor.com\/al\/\",\"url\":\"https:\/\/deutschcolor.com\/al\/\",\"name\":\"Home\"}},{\"@type\":\"ListItem\",\"position\":2,\"item\":{\"@type\":\"WebPage\",\"@id\":\"https:\/\/deutschcolor.com\/al\/shop\/\",\"url\":\"https:\/\/deutschcolor.com\/al\/shop\/\",\"name\":\"SHOP\"}},{\"@type\":\"ListItem\",\"position\":3,\"item\":{\"@type\":\"WebPage\",\"@id\":\"https:\/\/deutschcolor.com\/al\/product-category\/bojra\/\",\"url\":\"https:\/\/deutschcolor.com\/al\/product-category\/bojra\/\",\"name\":\"Bojra\"}},{\"@type\":\"ListItem\",\"position\":4,\"item\":{\"@type\":\"WebPage\",\"@id\":\"https:\/\/deutschcolor.com\/al\/product-category\/bojra\/bojera-per-ambiente-te-brendshme\/\",\"url\":\"https:\/\/deutschcolor.com\/al\/product-category\/bojra\/bojera-per-ambiente-te-brendshme\/\",\"name\":\"8.1. Boj\\u00ebra p\\u00ebr ambiente t\\u00eb brendshme\"}},{\"@type\":\"ListItem\",\"position\":5,\"item\":{\"@type\":\"WebPage\",\"@id\":\"https:\/\/deutschcolor.com\/al\/product\/picasso-jadore\/\",\"url\":\"https:\/\/deutschcolor.com\/al\/product\/picasso-jadore\/\",\"name\":\"PICASSO J\\u2019ADORE\"}}]}]}<\/script>\n<!-- \/ Yoast SEO plugin. -->","_links":{"self":[{"href":"https:\/\/deutschcolor.com\/al\/wp-json\/wp\/v2\/product\/24811","targetHints":{"allow":["GET"]}}],"collection":[{"href":"https:\/\/deutschcolor.com\/al\/wp-json\/wp\/v2\/product"}],"about":[{"href":"https:\/\/deutschcolor.com\/al\/wp-json\/wp\/v2\/types\/product"}],"replies":[{"embeddable":true,"href":"https:\/\/deutschcolor.com\/al\/wp-json\/wp\/v2\/comments?post=24811"}],"wp:featuredmedia":[{"embeddable":true,"href":"https:\/\/deutschcolor.com\/al\/wp-json\/wp\/v2\/media\/24812"}],"wp:attachment":[{"href":"https:\/\/deutschcolor.com\/al\/wp-json\/wp\/v2\/media?parent=24811"}],"curies":[{"name":"wp","href":"https:\/\/api.w.org\/{rel}","templated":true}]}}