{"id":24814,"date":"2019-12-27T13:59:17","date_gmt":"2019-12-27T13:59:17","guid":{"rendered":"https:\/\/deutschcolor.com\/al\/?post_type=product&#038;p=24814"},"modified":"2026-03-17T11:39:55","modified_gmt":"2026-03-17T11:39:55","slug":"picasso-classic-mold-protect","status":"publish","type":"product","link":"https:\/\/deutschcolor.com\/al\/product\/picasso-classic-mold-protect\/","title":{"rendered":"PICASSO CLASSIC MOLD PROTECT"},"content":{"rendered":"<p><strong>Karakteristikat e produktit<\/strong><\/p>\n<p>Boj\u00eb plastike me rezistenc\u00eb t\u00eb lart\u00eb:<br \/>\n1 Sip\u00ebrfaqe e l\u00ebmuar mat<br \/>\n2 Mbulueshm\u00ebri e shk\u00eblqyer<br \/>\n3 Gjendet n\u00eb 4 baza W, P, D dhe TR<br \/>\n4 E pajisur me \u00e7ertifikimin antibakterial<br \/>\n5 Punueshm\u00ebri dhe nivelim shum\u00eb t\u00eb mir\u00eb<br \/>\n6 Ngjitje shum\u00eb e fort\u00eb dhe tharje e shpejt\u00eb<br \/>\n7 Ndalon rritjen e mykut dhe mikro-organizmave<br \/>\n8 Pranon 3200 cikle larjesh 30 dit\u00eb pas aplikimit<\/p>\n<p><strong>Rekomandimet p\u00ebr p\u00ebrdorim<\/strong><br \/>\nBoj\u00eb plastike. P\u00ebrdoret n\u00eb t\u00eb gjith\u00eb muret dhe tavan\u00ebt e brendsh\u00ebm, t\u00eb rinj, t\u00eb vjet\u00ebr dhe t\u00eb lyer m\u00eb par\u00eb me <a href=\"https:\/\/deutschcolor.com\/al\/product-category\/bojra\/\" target=\"_blank\" rel=\"noopener\">boj\u00eb<\/a>, me baz\u00eb \u00e7imento, g\u00eblqere, gips, dhe n\u00eb \u00e7do lloj ambienti t\u00eb brendsh\u00ebm, <a href=\"https:\/\/delta.al\/\" target=\"_blank\" rel=\"noopener\">dhoma gjumi<\/a>, tualete, dhoma ndenjjeje, ambiente zyrash, sh\u00ebrbimesh etj. Gjithashtu gjer\u00ebsisht n\u00eb ato ambiente ku ka nivele t\u00eb lart\u00eb lag\u00ebshtie.<br \/>\n###<br \/>\n<strong>Ruajtja<\/strong><br \/>\n36 muaj n\u00ebse ruhet n\u00eb nj\u00eb vend t\u00eb that\u00eb, larg burimeve t\u00eb nxeht\u00ebsis\u00eb, n\u00eb nj\u00eb temperatur\u00eb midis +5\u00b0C dhe +30\u00b0C. Mbrojeni nga ngrica.<\/p>\n<p><strong>Sh\u00ebnime<\/strong><br \/>\n1 Rekomandohet q\u00eb sip\u00ebrfaqet e lyera t\u00eb mos lahen deri n\u00eb 20-30 dit\u00eb pas aplikimit.<br \/>\n2 N\u00eb sip\u00ebrfaqe t\u00eb betonit t\u00eb fresk\u00ebt produkti rekomandohet t\u00eb aplikohet t\u00eb pakt\u00ebn pas 30-40 dit\u00ebsh.<\/p>\n<p><strong>Konsumi<\/strong><br \/>\n9-10m2\/lt<\/p>\n<p><strong>Paketimi<\/strong><br \/>\nKova plastike 3lt \/ 10lt<\/p>\n<p>###<\/p>\n<p>Boj\u00eb plastike i gjeni duke <a href=\"https:\/\/deutschcolor.com\/al\/product-category\/bojra\/\" target=\"_blank\" rel=\"noopener\">klikuar ketu<\/a>. Partneret tane <a href=\"https:\/\/deltacorporation.eu\/\" target=\"_blank\" rel=\"noopener\">Delta Corporation<\/a>.<\/p>\n","protected":false},"excerpt":{"rendered":"<p>Boj\u00eb me rezistenc\u00eb t\u00eb lart\u00eb ndaj larjes s\u00eb vazhdueshme dhe mykut, me baz\u00eb emulsioni PVA-VEOVA<\/p>\n","protected":false},"featured_media":24815,"comment_status":"closed","ping_status":"closed","template":"","meta":{"_glsr_average":0,"_glsr_ranking":0,"_glsr_reviews":0},"class_list":["post-24814","product","type-product","status-publish","has-post-thumbnail","hentry","product_cat-bojra","product_cat-bojera-per-ambiente-te-brendshme"],"yoast_head":"<!-- This site is optimized with the Yoast SEO plugin v15.0 - https:\/\/yoast.com\/wordpress\/plugins\/seo\/ -->\n<title>Boj\u00eb plastike me rezistenc\u00eb t\u00eb lart\u00eb - Deutsch Color - Ngjitje e fort\u00eb.<\/title>\n<meta name=\"description\" content=\"Boj\u00eb plastike me rezistenc\u00eb t\u00eb lart\u00eb ndaj larjes s\u00eb vazhdueshme dhe mykut. Ngjitje shum\u00eb e fort\u00eb dhe tharje e shpejt\u00eb.\" \/>\n<meta name=\"robots\" content=\"index, follow, max-snippet:-1, max-image-preview:large, max-video-preview:-1\" \/>\n<link rel=\"canonical\" href=\"https:\/\/deutschcolor.com\/al\/product\/picasso-classic-mold-protect\/\" \/>\n<meta property=\"og:locale\" content=\"en_US\" \/>\n<meta property=\"og:type\" content=\"article\" \/>\n<meta property=\"og:title\" content=\"Boj\u00eb plastike me rezistenc\u00eb t\u00eb lart\u00eb - Deutsch Color - Ngjitje e fort\u00eb.\" \/>\n<meta property=\"og:description\" content=\"Boj\u00eb plastike me rezistenc\u00eb t\u00eb lart\u00eb ndaj larjes s\u00eb vazhdueshme dhe mykut. Ngjitje shum\u00eb e fort\u00eb dhe tharje e shpejt\u00eb.\" \/>\n<meta property=\"og:url\" content=\"https:\/\/deutschcolor.com\/al\/product\/picasso-classic-mold-protect\/\" \/>\n<meta property=\"og:site_name\" content=\"Deutschcolor\" \/>\n<meta property=\"article:publisher\" content=\"https:\/\/www.facebook.com\/deutschcolorofficial\" \/>\n<meta property=\"article:modified_time\" content=\"2026-03-17T11:39:55+00:00\" \/>\n<meta property=\"og:image\" content=\"https:\/\/deutschcolor.com\/al\/wp-content\/uploads\/2019\/12\/Picasso-Classic-Mold-Protect-min.png\" \/>\n\t<meta property=\"og:image:width\" content=\"1000\" \/>\n\t<meta property=\"og:image:height\" content=\"1000\" \/>\n<meta name=\"twitter:card\" content=\"summary_large_image\" \/>\n<script type=\"application\/ld+json\" class=\"yoast-schema-graph\">{\"@context\":\"https:\/\/schema.org\",\"@graph\":[{\"@type\":\"WebSite\",\"@id\":\"https:\/\/deutschcolor.com\/al\/#website\",\"url\":\"https:\/\/deutschcolor.com\/al\/\",\"name\":\"Deutschcolor\",\"description\":\"Deutschcolor Albania\",\"potentialAction\":[{\"@type\":\"SearchAction\",\"target\":\"https:\/\/deutschcolor.com\/al\/?s={search_term_string}\",\"query-input\":\"required name=search_term_string\"}],\"inLanguage\":\"en-US\"},{\"@type\":\"ImageObject\",\"@id\":\"https:\/\/deutschcolor.com\/al\/product\/picasso-classic-mold-protect\/#primaryimage\",\"inLanguage\":\"en-US\",\"url\":\"https:\/\/deutschcolor.com\/al\/wp-content\/uploads\/2019\/12\/Picasso-Classic-Mold-Protect-min.png\",\"width\":1000,\"height\":1000,\"caption\":\"Boje Picasso Classic Mold cilesia deutschcolor\"},{\"@type\":\"WebPage\",\"@id\":\"https:\/\/deutschcolor.com\/al\/product\/picasso-classic-mold-protect\/#webpage\",\"url\":\"https:\/\/deutschcolor.com\/al\/product\/picasso-classic-mold-protect\/\",\"name\":\"Boj\\u00eb plastike me rezistenc\\u00eb t\\u00eb lart\\u00eb - Deutsch Color - Ngjitje e fort\\u00eb.\",\"isPartOf\":{\"@id\":\"https:\/\/deutschcolor.com\/al\/#website\"},\"primaryImageOfPage\":{\"@id\":\"https:\/\/deutschcolor.com\/al\/product\/picasso-classic-mold-protect\/#primaryimage\"},\"datePublished\":\"2019-12-27T13:59:17+00:00\",\"dateModified\":\"2026-03-17T11:39:55+00:00\",\"description\":\"Boj\\u00eb plastike me rezistenc\\u00eb t\\u00eb lart\\u00eb ndaj larjes s\\u00eb vazhdueshme dhe mykut. Ngjitje shum\\u00eb e fort\\u00eb dhe tharje e shpejt\\u00eb.\",\"breadcrumb\":{\"@id\":\"https:\/\/deutschcolor.com\/al\/product\/picasso-classic-mold-protect\/#breadcrumb\"},\"inLanguage\":\"en-US\",\"potentialAction\":[{\"@type\":\"ReadAction\",\"target\":[\"https:\/\/deutschcolor.com\/al\/product\/picasso-classic-mold-protect\/\"]}]},{\"@type\":\"BreadcrumbList\",\"@id\":\"https:\/\/deutschcolor.com\/al\/product\/picasso-classic-mold-protect\/#breadcrumb\",\"itemListElement\":[{\"@type\":\"ListItem\",\"position\":1,\"item\":{\"@type\":\"WebPage\",\"@id\":\"https:\/\/deutschcolor.com\/al\/\",\"url\":\"https:\/\/deutschcolor.com\/al\/\",\"name\":\"Home\"}},{\"@type\":\"ListItem\",\"position\":2,\"item\":{\"@type\":\"WebPage\",\"@id\":\"https:\/\/deutschcolor.com\/al\/shop\/\",\"url\":\"https:\/\/deutschcolor.com\/al\/shop\/\",\"name\":\"SHOP\"}},{\"@type\":\"ListItem\",\"position\":3,\"item\":{\"@type\":\"WebPage\",\"@id\":\"https:\/\/deutschcolor.com\/al\/product-category\/bojra\/\",\"url\":\"https:\/\/deutschcolor.com\/al\/product-category\/bojra\/\",\"name\":\"Bojra\"}},{\"@type\":\"ListItem\",\"position\":4,\"item\":{\"@type\":\"WebPage\",\"@id\":\"https:\/\/deutschcolor.com\/al\/product-category\/bojra\/bojera-per-ambiente-te-brendshme\/\",\"url\":\"https:\/\/deutschcolor.com\/al\/product-category\/bojra\/bojera-per-ambiente-te-brendshme\/\",\"name\":\"8.1. Boj\\u00ebra p\\u00ebr ambiente t\\u00eb brendshme\"}},{\"@type\":\"ListItem\",\"position\":5,\"item\":{\"@type\":\"WebPage\",\"@id\":\"https:\/\/deutschcolor.com\/al\/product\/picasso-classic-mold-protect\/\",\"url\":\"https:\/\/deutschcolor.com\/al\/product\/picasso-classic-mold-protect\/\",\"name\":\"PICASSO CLASSIC MOLD PROTECT\"}}]}]}<\/script>\n<!-- \/ Yoast SEO plugin. -->","_links":{"self":[{"href":"https:\/\/deutschcolor.com\/al\/wp-json\/wp\/v2\/product\/24814","targetHints":{"allow":["GET"]}}],"collection":[{"href":"https:\/\/deutschcolor.com\/al\/wp-json\/wp\/v2\/product"}],"about":[{"href":"https:\/\/deutschcolor.com\/al\/wp-json\/wp\/v2\/types\/product"}],"replies":[{"embeddable":true,"href":"https:\/\/deutschcolor.com\/al\/wp-json\/wp\/v2\/comments?post=24814"}],"wp:featuredmedia":[{"embeddable":true,"href":"https:\/\/deutschcolor.com\/al\/wp-json\/wp\/v2\/media\/24815"}],"wp:attachment":[{"href":"https:\/\/deutschcolor.com\/al\/wp-json\/wp\/v2\/media?parent=24814"}],"curies":[{"name":"wp","href":"https:\/\/api.w.org\/{rel}","templated":true}]}}