{"id":24817,"date":"2019-12-27T14:11:25","date_gmt":"2019-12-27T14:11:25","guid":{"rendered":"https:\/\/deutschcolor.com\/al\/?post_type=product&#038;p=24817"},"modified":"2026-04-07T07:53:23","modified_gmt":"2026-04-07T07:53:23","slug":"straben-80-g","status":"publish","type":"product","link":"https:\/\/deutschcolor.com\/al\/product\/straben-80-g\/","title":{"rendered":"STRABEN 80-G"},"content":{"rendered":"<p><strong>Karakteristikat<\/strong><br \/>\n\u2022 Mbulueshm\u00ebri e shk\u00eblqyer<br \/>\n\u2022 Ngjitje shum\u00eb e fort\u00eb dhe tharje e shpejt\u00eb<br \/>\n\u2022 Rezistenc\u00eb superiore ndaj ndikimit<br \/>\n\u2022 Q\u00ebndrueshm\u00ebri e shk\u00eblqyeshme dhe reflektim i lart\u00eb<\/p>\n<p><strong>P\u00cbRDORIME T\u00cb REKOMANDUARA<\/strong><br \/>\nIdeal p\u00ebr sh\u00ebnjimin e rrug\u00ebve, zonave t\u00eb parkimit dhe fushave.<br \/>\n###<br \/>\n<strong>SH\u00cbNIME<\/strong><br \/>\n\u2022 Rekomandohet t\u00eb shmangni aplikimin e produktit n\u00eb temperatura n\u00ebn 5\u00baC ose pak para shiut.<br \/>\n<strong><br \/>\nKonsumi<\/strong><br \/>\n8m linear\/Kg<\/p>\n<p><strong>Paketimi<\/strong><br \/>\nFu\u00e7i 30Kg<\/p>\n","protected":false},"excerpt":{"rendered":"<p>Boj\u00eb akrilike me tharje t\u00eb shpejt\u00eb p\u00ebr lyerjen e rrug\u00ebve, me cil\u00ebsi t\u00eb larte.<\/p>\n","protected":false},"featured_media":25227,"comment_status":"closed","ping_status":"closed","template":"","meta":{"_glsr_average":0,"_glsr_ranking":0,"_glsr_reviews":0},"class_list":["post-24817","product","type-product","status-publish","has-post-thumbnail","hentry","product_cat-bojra","product_cat-bojera-rrugesh"],"yoast_head":"<!-- This site is optimized with the Yoast SEO plugin v15.0 - https:\/\/yoast.com\/wordpress\/plugins\/seo\/ -->\n<title>STRABEN 80-G - Deutschcolor<\/title>\n<meta name=\"robots\" content=\"index, follow, max-snippet:-1, max-image-preview:large, max-video-preview:-1\" \/>\n<link rel=\"canonical\" href=\"https:\/\/deutschcolor.com\/al\/product\/straben-80-g\/\" \/>\n<meta property=\"og:locale\" content=\"en_US\" \/>\n<meta property=\"og:type\" content=\"article\" \/>\n<meta property=\"og:title\" content=\"STRABEN 80-G - Deutschcolor\" \/>\n<meta property=\"og:description\" content=\"Boj\u00eb akrilike me tharje t\u00eb shpejt\u00eb p\u00ebr lyerjen e rrug\u00ebve, me cil\u00ebsi t\u00eb larte.\" \/>\n<meta property=\"og:url\" content=\"https:\/\/deutschcolor.com\/al\/product\/straben-80-g\/\" \/>\n<meta property=\"og:site_name\" content=\"Deutschcolor\" \/>\n<meta property=\"article:publisher\" content=\"https:\/\/www.facebook.com\/deutschcolorofficial\" \/>\n<meta property=\"article:modified_time\" content=\"2026-04-07T07:53:23+00:00\" \/>\n<meta property=\"og:image\" content=\"https:\/\/deutschcolor.com\/al\/wp-content\/uploads\/2021\/01\/Straben-80-G-min.png\" \/>\n\t<meta property=\"og:image:width\" content=\"1000\" \/>\n\t<meta property=\"og:image:height\" content=\"1000\" \/>\n<meta name=\"twitter:card\" content=\"summary_large_image\" \/>\n<script type=\"application\/ld+json\" class=\"yoast-schema-graph\">{\"@context\":\"https:\/\/schema.org\",\"@graph\":[{\"@type\":\"WebSite\",\"@id\":\"https:\/\/deutschcolor.com\/al\/#website\",\"url\":\"https:\/\/deutschcolor.com\/al\/\",\"name\":\"Deutschcolor\",\"description\":\"Deutschcolor Albania\",\"potentialAction\":[{\"@type\":\"SearchAction\",\"target\":\"https:\/\/deutschcolor.com\/al\/?s={search_term_string}\",\"query-input\":\"required name=search_term_string\"}],\"inLanguage\":\"en-US\"},{\"@type\":\"ImageObject\",\"@id\":\"https:\/\/deutschcolor.com\/al\/product\/straben-80-g\/#primaryimage\",\"inLanguage\":\"en-US\",\"url\":\"https:\/\/deutschcolor.com\/al\/wp-content\/uploads\/2021\/01\/Straben-80-G-min.png\",\"width\":1000,\"height\":1000},{\"@type\":\"WebPage\",\"@id\":\"https:\/\/deutschcolor.com\/al\/product\/straben-80-g\/#webpage\",\"url\":\"https:\/\/deutschcolor.com\/al\/product\/straben-80-g\/\",\"name\":\"STRABEN 80-G - Deutschcolor\",\"isPartOf\":{\"@id\":\"https:\/\/deutschcolor.com\/al\/#website\"},\"primaryImageOfPage\":{\"@id\":\"https:\/\/deutschcolor.com\/al\/product\/straben-80-g\/#primaryimage\"},\"datePublished\":\"2019-12-27T14:11:25+00:00\",\"dateModified\":\"2026-04-07T07:53:23+00:00\",\"breadcrumb\":{\"@id\":\"https:\/\/deutschcolor.com\/al\/product\/straben-80-g\/#breadcrumb\"},\"inLanguage\":\"en-US\",\"potentialAction\":[{\"@type\":\"ReadAction\",\"target\":[\"https:\/\/deutschcolor.com\/al\/product\/straben-80-g\/\"]}]},{\"@type\":\"BreadcrumbList\",\"@id\":\"https:\/\/deutschcolor.com\/al\/product\/straben-80-g\/#breadcrumb\",\"itemListElement\":[{\"@type\":\"ListItem\",\"position\":1,\"item\":{\"@type\":\"WebPage\",\"@id\":\"https:\/\/deutschcolor.com\/al\/\",\"url\":\"https:\/\/deutschcolor.com\/al\/\",\"name\":\"Home\"}},{\"@type\":\"ListItem\",\"position\":2,\"item\":{\"@type\":\"WebPage\",\"@id\":\"https:\/\/deutschcolor.com\/al\/shop\/\",\"url\":\"https:\/\/deutschcolor.com\/al\/shop\/\",\"name\":\"SHOP\"}},{\"@type\":\"ListItem\",\"position\":3,\"item\":{\"@type\":\"WebPage\",\"@id\":\"https:\/\/deutschcolor.com\/al\/product-category\/bojra\/\",\"url\":\"https:\/\/deutschcolor.com\/al\/product-category\/bojra\/\",\"name\":\"Bojra\"}},{\"@type\":\"ListItem\",\"position\":4,\"item\":{\"@type\":\"WebPage\",\"@id\":\"https:\/\/deutschcolor.com\/al\/product-category\/bojra\/bojera-rrugesh\/\",\"url\":\"https:\/\/deutschcolor.com\/al\/product-category\/bojra\/bojera-rrugesh\/\",\"name\":\"8.4. Boj\\u00ebra rrug\\u00ebsh\"}},{\"@type\":\"ListItem\",\"position\":5,\"item\":{\"@type\":\"WebPage\",\"@id\":\"https:\/\/deutschcolor.com\/al\/product\/straben-80-g\/\",\"url\":\"https:\/\/deutschcolor.com\/al\/product\/straben-80-g\/\",\"name\":\"STRABEN 80-G\"}}]}]}<\/script>\n<!-- \/ Yoast SEO plugin. -->","_links":{"self":[{"href":"https:\/\/deutschcolor.com\/al\/wp-json\/wp\/v2\/product\/24817","targetHints":{"allow":["GET"]}}],"collection":[{"href":"https:\/\/deutschcolor.com\/al\/wp-json\/wp\/v2\/product"}],"about":[{"href":"https:\/\/deutschcolor.com\/al\/wp-json\/wp\/v2\/types\/product"}],"replies":[{"embeddable":true,"href":"https:\/\/deutschcolor.com\/al\/wp-json\/wp\/v2\/comments?post=24817"}],"wp:featuredmedia":[{"embeddable":true,"href":"https:\/\/deutschcolor.com\/al\/wp-json\/wp\/v2\/media\/25227"}],"wp:attachment":[{"href":"https:\/\/deutschcolor.com\/al\/wp-json\/wp\/v2\/media?parent=24817"}],"curies":[{"name":"wp","href":"https:\/\/api.w.org\/{rel}","templated":true}]}}