{"id":24821,"date":"2019-12-27T14:27:30","date_gmt":"2019-12-27T14:27:30","guid":{"rendered":"https:\/\/deutschcolor.com\/al\/?post_type=product&#038;p=24821"},"modified":"2025-02-20T09:53:04","modified_gmt":"2025-02-20T09:53:04","slug":"rot-grund","status":"publish","type":"product","link":"https:\/\/deutschcolor.com\/al\/product\/rot-grund\/","title":{"rendered":"ROT GRUND"},"content":{"rendered":"<p>\u2022 Mbulueshm\u00ebri e shk\u00eblqyer<br \/>\n\u2022 Punueshm\u00ebri dhe nivelim i shk\u00eblqyer<br \/>\n\u2022 Ngjitje e fort\u00eb dhe elasticitet i lart\u00eb<br \/>\n\u2022 Veti t\u00eb shk\u00eblqyera mbushjeje<br \/>\n\u2022 Mbrojtje e shk\u00eblqyer antikorozive<\/p>\n<p><strong>Rekomandimet p\u00ebr p\u00ebrdorim<\/strong><br \/>\nIdeal si astar antikoroziv p\u00ebr bojra me baz\u00eb alkidi p\u00ebr sip\u00ebrfaqet metalike t\u00eb jashtme edhe n\u00ebn kushte<br \/>\nt\u00eb forta korozive.<br \/>\n###<br \/>\n<strong>Ruajtja dhe jet\u00ebgjat\u00ebsia<\/strong><br \/>\n18 muaj, n\u00eb qoft\u00eb se ruhet n\u00eb paketim t\u00eb mbyllur dhe n\u00eb kushte normale.<\/p>\n<p><strong>Sh\u00ebnime<\/strong><br \/>\nRekomandohet q\u00eb t\u00eb shmanget aplikimi i produktit n\u00eb temperatura n\u00ebn 5\u00baC.<\/p>\n<p><strong>Paketimi<\/strong><br \/>\nKana\u00e7e 1Kg<\/p>\n","protected":false},"excerpt":{"rendered":"<p>Astar antikoroziv me baz\u00eb pigmenti t\u00eb kuq t\u00eb oksidit t\u00eb plumbit me cil\u00ebsi t\u00eb shk\u00eblqyeshme p\u00ebr sip\u00ebrfaqet metalike<\/p>\n","protected":false},"featured_media":24822,"comment_status":"closed","ping_status":"closed","template":"","meta":{"_glsr_average":0,"_glsr_ranking":0,"_glsr_reviews":0},"class_list":["post-24821","product","type-product","status-publish","has-post-thumbnail","hentry","product_cat-bojra-per-metale","product_cat-bojera-per-metale"],"yoast_head":"<!-- This site is optimized with the Yoast SEO plugin v15.0 - https:\/\/yoast.com\/wordpress\/plugins\/seo\/ -->\n<title>Rot grund - Bojra per metale- Deutschcolor - Zgjedhja juaj profesionale<\/title>\n<meta name=\"description\" content=\"Bojra per metale me baz\u00eb pigmenti t\u00eb kuq t\u00eb oksidit t\u00eb plumbit me cil\u00ebsi t\u00eb shk\u00eblqyeshme p\u00ebr sip\u00ebrfaqet metalike. Mbulueshm\u00ebri e shk\u00eblqyer.\" \/>\n<meta name=\"robots\" content=\"index, follow, max-snippet:-1, max-image-preview:large, max-video-preview:-1\" \/>\n<link rel=\"canonical\" href=\"https:\/\/deutschcolor.com\/al\/product\/rot-grund\/\" \/>\n<meta property=\"og:locale\" content=\"en_US\" \/>\n<meta property=\"og:type\" content=\"article\" \/>\n<meta property=\"og:title\" content=\"Rot grund - Bojra per metale- Deutschcolor - Zgjedhja juaj profesionale\" \/>\n<meta property=\"og:description\" content=\"Bojra per metale me baz\u00eb pigmenti t\u00eb kuq t\u00eb oksidit t\u00eb plumbit me cil\u00ebsi t\u00eb shk\u00eblqyeshme p\u00ebr sip\u00ebrfaqet metalike. Mbulueshm\u00ebri e shk\u00eblqyer.\" \/>\n<meta property=\"og:url\" content=\"https:\/\/deutschcolor.com\/al\/product\/rot-grund\/\" \/>\n<meta property=\"og:site_name\" content=\"Deutschcolor\" \/>\n<meta property=\"article:publisher\" content=\"https:\/\/www.facebook.com\/deutschcolorofficial\" \/>\n<meta property=\"article:modified_time\" content=\"2025-02-20T09:53:04+00:00\" \/>\n<meta property=\"og:image\" content=\"https:\/\/deutschcolor.com\/al\/wp-content\/uploads\/2019\/12\/Rot-Grund-min.png\" \/>\n\t<meta property=\"og:image:width\" content=\"1000\" \/>\n\t<meta property=\"og:image:height\" content=\"1000\" \/>\n<meta name=\"twitter:card\" content=\"summary_large_image\" \/>\n<script type=\"application\/ld+json\" class=\"yoast-schema-graph\">{\"@context\":\"https:\/\/schema.org\",\"@graph\":[{\"@type\":\"WebSite\",\"@id\":\"https:\/\/deutschcolor.com\/al\/#website\",\"url\":\"https:\/\/deutschcolor.com\/al\/\",\"name\":\"Deutschcolor\",\"description\":\"Deutschcolor Albania\",\"potentialAction\":[{\"@type\":\"SearchAction\",\"target\":\"https:\/\/deutschcolor.com\/al\/?s={search_term_string}\",\"query-input\":\"required name=search_term_string\"}],\"inLanguage\":\"en-US\"},{\"@type\":\"ImageObject\",\"@id\":\"https:\/\/deutschcolor.com\/al\/product\/rot-grund\/#primaryimage\",\"inLanguage\":\"en-US\",\"url\":\"https:\/\/deutschcolor.com\/al\/wp-content\/uploads\/2019\/12\/Rot-Grund-min.png\",\"width\":1000,\"height\":1000},{\"@type\":\"WebPage\",\"@id\":\"https:\/\/deutschcolor.com\/al\/product\/rot-grund\/#webpage\",\"url\":\"https:\/\/deutschcolor.com\/al\/product\/rot-grund\/\",\"name\":\"Rot grund - Bojra per metale- Deutschcolor - Zgjedhja juaj profesionale\",\"isPartOf\":{\"@id\":\"https:\/\/deutschcolor.com\/al\/#website\"},\"primaryImageOfPage\":{\"@id\":\"https:\/\/deutschcolor.com\/al\/product\/rot-grund\/#primaryimage\"},\"datePublished\":\"2019-12-27T14:27:30+00:00\",\"dateModified\":\"2025-02-20T09:53:04+00:00\",\"description\":\"Bojra per metale me baz\\u00eb pigmenti t\\u00eb kuq t\\u00eb oksidit t\\u00eb plumbit me cil\\u00ebsi t\\u00eb shk\\u00eblqyeshme p\\u00ebr sip\\u00ebrfaqet metalike. Mbulueshm\\u00ebri e shk\\u00eblqyer.\",\"breadcrumb\":{\"@id\":\"https:\/\/deutschcolor.com\/al\/product\/rot-grund\/#breadcrumb\"},\"inLanguage\":\"en-US\",\"potentialAction\":[{\"@type\":\"ReadAction\",\"target\":[\"https:\/\/deutschcolor.com\/al\/product\/rot-grund\/\"]}]},{\"@type\":\"BreadcrumbList\",\"@id\":\"https:\/\/deutschcolor.com\/al\/product\/rot-grund\/#breadcrumb\",\"itemListElement\":[{\"@type\":\"ListItem\",\"position\":1,\"item\":{\"@type\":\"WebPage\",\"@id\":\"https:\/\/deutschcolor.com\/al\/\",\"url\":\"https:\/\/deutschcolor.com\/al\/\",\"name\":\"Home\"}},{\"@type\":\"ListItem\",\"position\":2,\"item\":{\"@type\":\"WebPage\",\"@id\":\"https:\/\/deutschcolor.com\/al\/shop\/\",\"url\":\"https:\/\/deutschcolor.com\/al\/shop\/\",\"name\":\"SHOP\"}},{\"@type\":\"ListItem\",\"position\":3,\"item\":{\"@type\":\"WebPage\",\"@id\":\"https:\/\/deutschcolor.com\/al\/product-category\/bojra-per-metale\/\",\"url\":\"https:\/\/deutschcolor.com\/al\/product-category\/bojra-per-metale\/\",\"name\":\"Bojra p\\u00ebr metale\"}},{\"@type\":\"ListItem\",\"position\":4,\"item\":{\"@type\":\"WebPage\",\"@id\":\"https:\/\/deutschcolor.com\/al\/product-category\/bojra-per-metale\/bojera-per-metale\/\",\"url\":\"https:\/\/deutschcolor.com\/al\/product-category\/bojra-per-metale\/bojera-per-metale\/\",\"name\":\"9.2. Boj\\u00ebra p\\u00ebr metale\"}},{\"@type\":\"ListItem\",\"position\":5,\"item\":{\"@type\":\"WebPage\",\"@id\":\"https:\/\/deutschcolor.com\/al\/product\/rot-grund\/\",\"url\":\"https:\/\/deutschcolor.com\/al\/product\/rot-grund\/\",\"name\":\"ROT GRUND\"}}]}]}<\/script>\n<!-- \/ Yoast SEO plugin. -->","_links":{"self":[{"href":"https:\/\/deutschcolor.com\/al\/wp-json\/wp\/v2\/product\/24821","targetHints":{"allow":["GET"]}}],"collection":[{"href":"https:\/\/deutschcolor.com\/al\/wp-json\/wp\/v2\/product"}],"about":[{"href":"https:\/\/deutschcolor.com\/al\/wp-json\/wp\/v2\/types\/product"}],"replies":[{"embeddable":true,"href":"https:\/\/deutschcolor.com\/al\/wp-json\/wp\/v2\/comments?post=24821"}],"wp:featuredmedia":[{"embeddable":true,"href":"https:\/\/deutschcolor.com\/al\/wp-json\/wp\/v2\/media\/24822"}],"wp:attachment":[{"href":"https:\/\/deutschcolor.com\/al\/wp-json\/wp\/v2\/media?parent=24821"}],"curies":[{"name":"wp","href":"https:\/\/api.w.org\/{rel}","templated":true}]}}