{"id":24847,"date":"2019-12-27T16:39:16","date_gmt":"2019-12-27T16:39:16","guid":{"rendered":"https:\/\/deutschcolor.com\/al\/?post_type=product&#038;p=24847"},"modified":"2019-12-27T16:39:16","modified_gmt":"2019-12-27T16:39:16","slug":"termostart-103","status":"publish","type":"product","link":"https:\/\/deutschcolor.com\/al\/product\/termostart-103\/","title":{"rendered":"Termostart 103"},"content":{"rendered":"<p><strong>Termostart 103<\/strong><br \/>\nNj\u00eb profil startues p\u00ebr sistemin termoizolues me element PVC t\u00eb p\u00ebrforcuar me rrjet\u00eb 145 gr, rezistente ndaj alkaleve dhe profilit t\u00eb zinkut. Gjat\u00ebsi 0,5-2,0m.<\/p>\n","protected":false},"excerpt":{"rendered":"<p>Nj\u00eb profil startues p\u00ebr sistemin termoizolues me element PVC t\u00eb p\u00ebrforcuar me rrjet\u00eb 145 gr, rezistente ndaj alkaleve dhe profilit t\u00eb zinkut. Gjat\u00ebsi 0,5-2,0m.<\/p>\n","protected":false},"featured_media":24844,"comment_status":"closed","ping_status":"closed","template":"","meta":{"_glsr_average":0,"_glsr_ranking":0,"_glsr_reviews":0},"class_list":["post-24847","product","type-product","status-publish","has-post-thumbnail","hentry","product_cat-produkte-shoqeruese-2","product_cat-produkte-shoqeruese-produkte-shoqeruese-2"],"yoast_head":"<!-- This site is optimized with the Yoast SEO plugin v15.0 - https:\/\/yoast.com\/wordpress\/plugins\/seo\/ -->\n<title>Termostart 103 - Deutschcolor<\/title>\n<meta name=\"robots\" content=\"index, follow, max-snippet:-1, max-image-preview:large, max-video-preview:-1\" \/>\n<link rel=\"canonical\" href=\"https:\/\/deutschcolor.com\/al\/product\/termostart-103\/\" \/>\n<meta property=\"og:locale\" content=\"en_US\" \/>\n<meta property=\"og:type\" content=\"article\" \/>\n<meta property=\"og:title\" content=\"Termostart 103 - Deutschcolor\" \/>\n<meta property=\"og:description\" content=\"Nj\u00eb profil startues p\u00ebr sistemin termoizolues me element PVC t\u00eb p\u00ebrforcuar me rrjet\u00eb 145 gr, rezistente ndaj alkaleve dhe profilit t\u00eb zinkut. Gjat\u00ebsi 0,5-2,0m.\" \/>\n<meta property=\"og:url\" content=\"https:\/\/deutschcolor.com\/al\/product\/termostart-103\/\" \/>\n<meta property=\"og:site_name\" content=\"Deutschcolor\" \/>\n<meta property=\"article:publisher\" content=\"https:\/\/www.facebook.com\/deutschcolorofficial\" \/>\n<meta property=\"og:image\" content=\"https:\/\/deutschcolor.com\/al\/wp-content\/uploads\/2019\/12\/LOS-min.png\" \/>\n\t<meta property=\"og:image:width\" content=\"1000\" \/>\n\t<meta property=\"og:image:height\" content=\"1000\" \/>\n<meta name=\"twitter:card\" content=\"summary_large_image\" \/>\n<script type=\"application\/ld+json\" class=\"yoast-schema-graph\">{\"@context\":\"https:\/\/schema.org\",\"@graph\":[{\"@type\":\"WebSite\",\"@id\":\"https:\/\/deutschcolor.com\/al\/#website\",\"url\":\"https:\/\/deutschcolor.com\/al\/\",\"name\":\"Deutschcolor\",\"description\":\"Deutschcolor Albania\",\"potentialAction\":[{\"@type\":\"SearchAction\",\"target\":\"https:\/\/deutschcolor.com\/al\/?s={search_term_string}\",\"query-input\":\"required name=search_term_string\"}],\"inLanguage\":\"en-US\"},{\"@type\":\"ImageObject\",\"@id\":\"https:\/\/deutschcolor.com\/al\/product\/termostart-103\/#primaryimage\",\"inLanguage\":\"en-US\",\"url\":\"https:\/\/deutschcolor.com\/al\/wp-content\/uploads\/2019\/12\/LOS-min.png\",\"width\":1000,\"height\":1000},{\"@type\":\"WebPage\",\"@id\":\"https:\/\/deutschcolor.com\/al\/product\/termostart-103\/#webpage\",\"url\":\"https:\/\/deutschcolor.com\/al\/product\/termostart-103\/\",\"name\":\"Termostart 103 - Deutschcolor\",\"isPartOf\":{\"@id\":\"https:\/\/deutschcolor.com\/al\/#website\"},\"primaryImageOfPage\":{\"@id\":\"https:\/\/deutschcolor.com\/al\/product\/termostart-103\/#primaryimage\"},\"datePublished\":\"2019-12-27T16:39:16+00:00\",\"dateModified\":\"2019-12-27T16:39:16+00:00\",\"breadcrumb\":{\"@id\":\"https:\/\/deutschcolor.com\/al\/product\/termostart-103\/#breadcrumb\"},\"inLanguage\":\"en-US\",\"potentialAction\":[{\"@type\":\"ReadAction\",\"target\":[\"https:\/\/deutschcolor.com\/al\/product\/termostart-103\/\"]}]},{\"@type\":\"BreadcrumbList\",\"@id\":\"https:\/\/deutschcolor.com\/al\/product\/termostart-103\/#breadcrumb\",\"itemListElement\":[{\"@type\":\"ListItem\",\"position\":1,\"item\":{\"@type\":\"WebPage\",\"@id\":\"https:\/\/deutschcolor.com\/al\/\",\"url\":\"https:\/\/deutschcolor.com\/al\/\",\"name\":\"Home\"}},{\"@type\":\"ListItem\",\"position\":2,\"item\":{\"@type\":\"WebPage\",\"@id\":\"https:\/\/deutschcolor.com\/al\/shop\/\",\"url\":\"https:\/\/deutschcolor.com\/al\/shop\/\",\"name\":\"SHOP\"}},{\"@type\":\"ListItem\",\"position\":3,\"item\":{\"@type\":\"WebPage\",\"@id\":\"https:\/\/deutschcolor.com\/al\/product-category\/produkte-shoqeruese-2\/\",\"url\":\"https:\/\/deutschcolor.com\/al\/product-category\/produkte-shoqeruese-2\/\",\"name\":\"Produkte shoq\\u00ebruese\"}},{\"@type\":\"ListItem\",\"position\":4,\"item\":{\"@type\":\"WebPage\",\"@id\":\"https:\/\/deutschcolor.com\/al\/product-category\/produkte-shoqeruese-2\/produkte-shoqeruese-produkte-shoqeruese-2\/\",\"url\":\"https:\/\/deutschcolor.com\/al\/product-category\/produkte-shoqeruese-2\/produkte-shoqeruese-produkte-shoqeruese-2\/\",\"name\":\"12.1. Produkte shoq\\u00ebruese\"}},{\"@type\":\"ListItem\",\"position\":5,\"item\":{\"@type\":\"WebPage\",\"@id\":\"https:\/\/deutschcolor.com\/al\/product\/termostart-103\/\",\"url\":\"https:\/\/deutschcolor.com\/al\/product\/termostart-103\/\",\"name\":\"Termostart 103\"}}]}]}<\/script>\n<!-- \/ Yoast SEO plugin. -->","_links":{"self":[{"href":"https:\/\/deutschcolor.com\/al\/wp-json\/wp\/v2\/product\/24847","targetHints":{"allow":["GET"]}}],"collection":[{"href":"https:\/\/deutschcolor.com\/al\/wp-json\/wp\/v2\/product"}],"about":[{"href":"https:\/\/deutschcolor.com\/al\/wp-json\/wp\/v2\/types\/product"}],"replies":[{"embeddable":true,"href":"https:\/\/deutschcolor.com\/al\/wp-json\/wp\/v2\/comments?post=24847"}],"wp:featuredmedia":[{"embeddable":true,"href":"https:\/\/deutschcolor.com\/al\/wp-json\/wp\/v2\/media\/24844"}],"wp:attachment":[{"href":"https:\/\/deutschcolor.com\/al\/wp-json\/wp\/v2\/media?parent=24847"}],"curies":[{"name":"wp","href":"https:\/\/api.w.org\/{rel}","templated":true}]}}