{"id":24868,"date":"2019-12-27T17:07:24","date_gmt":"2019-12-27T17:07:24","guid":{"rendered":"https:\/\/deutschcolor.com\/al\/?post_type=product&#038;p=24868"},"modified":"2025-07-01T12:34:15","modified_gmt":"2025-07-01T12:34:15","slug":"2k-anchor-silikon","status":"publish","type":"product","link":"https:\/\/deutschcolor.com\/al\/product\/2k-anchor-silikon\/","title":{"rendered":"2K ANCHOR"},"content":{"rendered":"<h2><strong>2K ANCHOR<\/strong><br \/>\n<strong>Ngjit\u00ebs dy komponent\u00ebsh<\/strong><\/h2>\n<p>Silikon dy komponent\u00ebsh i Deutsch\u202fColor p\u00ebr ngjitje t\u00eb q\u00ebndrueshme dhe vulosje n\u00eb shum\u00eb materiale: xham, upa, metal. Silikon rezistent ndaj motit, temperaturave ekstreme dhe l\u00ebvizjeve strukturore \u2014 ideal p\u00ebr hap\u00ebsira dhe instalime profesionale.<\/p>\n<p>P\u00ebr m\u00eb shum\u00eb produkte shoq\u00ebruese <a href=\"https:\/\/deutschcolor.com\/al\/product-category\/produkte-shoqeruese-2\/\">kliko ketu<\/a>.<\/p>\n","protected":false},"excerpt":{"rendered":"<p>Ngjit\u00ebs dy komponent\u00ebsh p\u00ebr fiksimin e upave<\/p>\n","protected":false},"featured_media":24869,"comment_status":"closed","ping_status":"closed","template":"","meta":{"_glsr_average":0,"_glsr_ranking":0,"_glsr_reviews":0},"class_list":["post-24868","product","type-product","status-publish","has-post-thumbnail","hentry","product_cat-produkte-shoqeruese-2","product_cat-silikone"],"yoast_head":"<!-- This site is optimized with the Yoast SEO plugin v15.0 - https:\/\/yoast.com\/wordpress\/plugins\/seo\/ -->\n<title>Silikon dy Komponent\u00ebsh - Ngjit\u00ebs Profesional - Deutsch Color<\/title>\n<meta name=\"description\" content=\"Silikon dy komponent\u00ebsh i Deutsch\u202fColor p\u00ebr ngjitje t\u00eb q\u00ebndrueshme dhe vulosje n\u00eb shum\u00eb materiale: xham, beton, metal.\" \/>\n<meta name=\"robots\" content=\"index, follow, max-snippet:-1, max-image-preview:large, max-video-preview:-1\" \/>\n<link rel=\"canonical\" href=\"https:\/\/deutschcolor.com\/al\/product\/2k-anchor-silikon\/\" \/>\n<meta property=\"og:locale\" content=\"en_US\" \/>\n<meta property=\"og:type\" content=\"article\" \/>\n<meta property=\"og:title\" content=\"Silikon dy Komponent\u00ebsh - Ngjit\u00ebs Profesional - Deutsch Color\" \/>\n<meta property=\"og:description\" content=\"Silikon dy komponent\u00ebsh i Deutsch\u202fColor p\u00ebr ngjitje t\u00eb q\u00ebndrueshme dhe vulosje n\u00eb shum\u00eb materiale: xham, beton, metal.\" \/>\n<meta property=\"og:url\" content=\"https:\/\/deutschcolor.com\/al\/product\/2k-anchor-silikon\/\" \/>\n<meta property=\"og:site_name\" content=\"Deutschcolor\" \/>\n<meta property=\"article:publisher\" content=\"https:\/\/www.facebook.com\/deutschcolorofficial\" \/>\n<meta property=\"article:modified_time\" content=\"2025-07-01T12:34:15+00:00\" \/>\n<meta property=\"og:image\" content=\"https:\/\/deutschcolor.com\/al\/wp-content\/uploads\/2019\/12\/2K-Anchor-min.png\" \/>\n\t<meta property=\"og:image:width\" content=\"1000\" \/>\n\t<meta property=\"og:image:height\" content=\"1000\" \/>\n<meta name=\"twitter:card\" content=\"summary_large_image\" \/>\n<script type=\"application\/ld+json\" class=\"yoast-schema-graph\">{\"@context\":\"https:\/\/schema.org\",\"@graph\":[{\"@type\":\"WebSite\",\"@id\":\"https:\/\/deutschcolor.com\/al\/#website\",\"url\":\"https:\/\/deutschcolor.com\/al\/\",\"name\":\"Deutschcolor\",\"description\":\"Deutschcolor Albania\",\"potentialAction\":[{\"@type\":\"SearchAction\",\"target\":\"https:\/\/deutschcolor.com\/al\/?s={search_term_string}\",\"query-input\":\"required name=search_term_string\"}],\"inLanguage\":\"en-US\"},{\"@type\":\"ImageObject\",\"@id\":\"https:\/\/deutschcolor.com\/al\/product\/2k-anchor-silikon\/#primaryimage\",\"inLanguage\":\"en-US\",\"url\":\"https:\/\/deutschcolor.com\/al\/wp-content\/uploads\/2019\/12\/2K-Anchor-min.png\",\"width\":1000,\"height\":1000,\"caption\":\"Silikon dy komponent\\u00ebsh i Deutsch\\u202fColor p\\u00ebr ngjitje t\\u00eb q\\u00ebndrueshme dhe vulosje n\\u00eb shum\\u00eb materiale: xham, beton, metal.\"},{\"@type\":\"WebPage\",\"@id\":\"https:\/\/deutschcolor.com\/al\/product\/2k-anchor-silikon\/#webpage\",\"url\":\"https:\/\/deutschcolor.com\/al\/product\/2k-anchor-silikon\/\",\"name\":\"Silikon dy Komponent\\u00ebsh - Ngjit\\u00ebs Profesional - Deutsch Color\",\"isPartOf\":{\"@id\":\"https:\/\/deutschcolor.com\/al\/#website\"},\"primaryImageOfPage\":{\"@id\":\"https:\/\/deutschcolor.com\/al\/product\/2k-anchor-silikon\/#primaryimage\"},\"datePublished\":\"2019-12-27T17:07:24+00:00\",\"dateModified\":\"2025-07-01T12:34:15+00:00\",\"description\":\"Silikon dy komponent\\u00ebsh i Deutsch\\u202fColor p\\u00ebr ngjitje t\\u00eb q\\u00ebndrueshme dhe vulosje n\\u00eb shum\\u00eb materiale: xham, beton, metal.\",\"breadcrumb\":{\"@id\":\"https:\/\/deutschcolor.com\/al\/product\/2k-anchor-silikon\/#breadcrumb\"},\"inLanguage\":\"en-US\",\"potentialAction\":[{\"@type\":\"ReadAction\",\"target\":[\"https:\/\/deutschcolor.com\/al\/product\/2k-anchor-silikon\/\"]}]},{\"@type\":\"BreadcrumbList\",\"@id\":\"https:\/\/deutschcolor.com\/al\/product\/2k-anchor-silikon\/#breadcrumb\",\"itemListElement\":[{\"@type\":\"ListItem\",\"position\":1,\"item\":{\"@type\":\"WebPage\",\"@id\":\"https:\/\/deutschcolor.com\/al\/\",\"url\":\"https:\/\/deutschcolor.com\/al\/\",\"name\":\"Home\"}},{\"@type\":\"ListItem\",\"position\":2,\"item\":{\"@type\":\"WebPage\",\"@id\":\"https:\/\/deutschcolor.com\/al\/shop\/\",\"url\":\"https:\/\/deutschcolor.com\/al\/shop\/\",\"name\":\"SHOP\"}},{\"@type\":\"ListItem\",\"position\":3,\"item\":{\"@type\":\"WebPage\",\"@id\":\"https:\/\/deutschcolor.com\/al\/product-category\/produkte-shoqeruese-2\/\",\"url\":\"https:\/\/deutschcolor.com\/al\/product-category\/produkte-shoqeruese-2\/\",\"name\":\"Produkte shoq\\u00ebruese\"}},{\"@type\":\"ListItem\",\"position\":4,\"item\":{\"@type\":\"WebPage\",\"@id\":\"https:\/\/deutschcolor.com\/al\/product-category\/produkte-shoqeruese-2\/silikone\/\",\"url\":\"https:\/\/deutschcolor.com\/al\/product-category\/produkte-shoqeruese-2\/silikone\/\",\"name\":\"12.2. Silikone\"}},{\"@type\":\"ListItem\",\"position\":5,\"item\":{\"@type\":\"WebPage\",\"@id\":\"https:\/\/deutschcolor.com\/al\/product\/2k-anchor-silikon\/\",\"url\":\"https:\/\/deutschcolor.com\/al\/product\/2k-anchor-silikon\/\",\"name\":\"2K ANCHOR\"}}]}]}<\/script>\n<!-- \/ Yoast SEO plugin. -->","_links":{"self":[{"href":"https:\/\/deutschcolor.com\/al\/wp-json\/wp\/v2\/product\/24868","targetHints":{"allow":["GET"]}}],"collection":[{"href":"https:\/\/deutschcolor.com\/al\/wp-json\/wp\/v2\/product"}],"about":[{"href":"https:\/\/deutschcolor.com\/al\/wp-json\/wp\/v2\/types\/product"}],"replies":[{"embeddable":true,"href":"https:\/\/deutschcolor.com\/al\/wp-json\/wp\/v2\/comments?post=24868"}],"wp:featuredmedia":[{"embeddable":true,"href":"https:\/\/deutschcolor.com\/al\/wp-json\/wp\/v2\/media\/24869"}],"wp:attachment":[{"href":"https:\/\/deutschcolor.com\/al\/wp-json\/wp\/v2\/media?parent=24868"}],"curies":[{"name":"wp","href":"https:\/\/api.w.org\/{rel}","templated":true}]}}