{"id":25201,"date":"2021-01-06T21:01:09","date_gmt":"2021-01-06T21:01:09","guid":{"rendered":"https:\/\/deutschcolor.com\/al\/?post_type=product&#038;p=25201"},"modified":"2025-05-05T09:55:27","modified_gmt":"2025-05-05T09:55:27","slug":"epo-farbe-sv-2","status":"publish","type":"product","link":"https:\/\/deutschcolor.com\/al\/product\/epo-farbe-sv-2\/","title":{"rendered":"Epo Farbe SV"},"content":{"rendered":"<p><strong>Karakteristikat e produktit<\/strong><br \/>\n1 Ngjitje t\u00eb lart\u00eb<br \/>\n2 Shk\u00eblqimi lart\u00eb<br \/>\n3 Rezistenc\u00eb e larte ndaj rrezeve UV<br \/>\n4 Rezistenc\u00eb e lart\u00eb ndaj g\u00ebrryerjes (konsumimit)<br \/>\n5 Rezistenc\u00eb e lart\u00eb kimike, acide, baza, kriperave, etj<br \/>\n6 Rezistenc\u00eb e lart\u00eb ndaj ujit dhe ujit te kripur<br \/>\n7 Rezistent ndaj temperaturave -20\u00b0C deri ne +60\u00b0C<br \/>\n8 Ngjitje n\u00eb sip\u00ebrfaqe me ndryshk<br \/>\n9 Dep\u00ebrtim i lart\u00eb n\u00eb sip\u00ebrfaqe me ndryshk<br \/>\n10 Tharje e shpejte, jo me shume se 60 min per spesor 50 mikron<\/p>\n<p><strong>Rekomandimet p\u00ebr p\u00ebrdorim<\/strong><br \/>\nRekomandohet t\u00eb p\u00ebrdoret si boj\u00eb mbi t\u00eb gjitha sip\u00ebrfaqet metalike q\u00eb jan\u00eb t\u00eb destinuara p\u00ebr p\u00ebrdorim n\u00eb ambiente t\u00eb brendshme dhe kryesisht t\u00eb jashtme. P\u00ebrdoret sidomos n\u00eb ato raste kur k\u00ebrkohet rezistenc\u00eb shum\u00eb e lart\u00eb dhe kur sip\u00ebrfaqet metalike jan\u00eb t\u00eb ekspozuara ndaj agjent\u00ebve korrodues. P\u00ebrdoret p\u00ebr lyerjen e konstruksioneve metalike q\u00eb jan\u00eb t\u00eb destinuara p\u00ebr p\u00ebrdorim n\u00eb ambiente industriale si p\u00ebr shembull kapanone, ura, shkall\u00eb, cisterna metalike, makineri, etj. Rekomandohet t\u00eb p\u00ebrdoret kryesisht n\u00eb industrin\u00eb detare p\u00ebr lyerjen e mjeteve t\u00eb transportit, anijeve si edhe p\u00ebr makinerit\u00eb e pun\u00ebs n\u00eb zona portuale.<br \/>\n###<br \/>\n<strong>Ruajtja<\/strong><br \/>\n36 muaj, me kusht q\u00eb kana\u00e7et t\u00eb jen\u00eb t\u00eb mbyllura dhe n\u00eb kushte normale ruajtjeje.<\/p>\n<p><strong>Sh\u00ebnime<\/strong><br \/>\n\u2022 Rekomandohet q\u00eb t\u00eb shmanget aplikimi i produktit n\u00eb temperatura n\u00ebn 5\u00baC<\/p>\n","protected":false},"excerpt":{"rendered":"<p>Boj\u00eb p\u00ebr sip\u00ebrfaqe metalike dy komponent\u00ebsh, poliuretanike-alifatike, e disponueshme n\u00eb disa ngjyra t\u00eb ndryshme<\/p>\n","protected":false},"featured_media":25203,"comment_status":"closed","ping_status":"closed","template":"","meta":{"_glsr_average":0,"_glsr_ranking":0,"_glsr_reviews":0},"class_list":["post-25201","product","type-product","status-publish","has-post-thumbnail","hentry","product_cat-bojra-per-metale","product_cat-bojera-per-metale"],"yoast_head":"<!-- This site is optimized with the Yoast SEO plugin v15.0 - https:\/\/yoast.com\/wordpress\/plugins\/seo\/ -->\n<title>Boj\u00eb p\u00ebr sip\u00ebrfaqe metalike dy komponent\u00ebsh - Deutsch Color<\/title>\n<meta name=\"description\" content=\"Boj\u00eb p\u00ebr sip\u00ebrfaqe metalike dy komponent\u00ebsh, poliuretanike-alifatike, e disponueshme n\u00eb disa ngjyra t\u00eb ndryshme.\" \/>\n<meta name=\"robots\" content=\"index, follow, max-snippet:-1, max-image-preview:large, max-video-preview:-1\" \/>\n<link rel=\"canonical\" href=\"https:\/\/deutschcolor.com\/al\/product\/epo-farbe-sv-2\/\" \/>\n<meta property=\"og:locale\" content=\"en_US\" \/>\n<meta property=\"og:type\" content=\"article\" \/>\n<meta property=\"og:title\" content=\"Boj\u00eb p\u00ebr sip\u00ebrfaqe metalike dy komponent\u00ebsh - Deutsch Color\" \/>\n<meta property=\"og:description\" content=\"Boj\u00eb p\u00ebr sip\u00ebrfaqe metalike dy komponent\u00ebsh, poliuretanike-alifatike, e disponueshme n\u00eb disa ngjyra t\u00eb ndryshme.\" \/>\n<meta property=\"og:url\" content=\"https:\/\/deutschcolor.com\/al\/product\/epo-farbe-sv-2\/\" \/>\n<meta property=\"og:site_name\" content=\"Deutschcolor\" \/>\n<meta property=\"article:publisher\" content=\"https:\/\/www.facebook.com\/deutschcolorofficial\" \/>\n<meta property=\"article:modified_time\" content=\"2025-05-05T09:55:27+00:00\" \/>\n<meta property=\"og:image\" content=\"https:\/\/deutschcolor.com\/al\/wp-content\/uploads\/2021\/01\/EPO-FARBE-SV-01.png\" \/>\n\t<meta property=\"og:image:width\" content=\"4171\" \/>\n\t<meta property=\"og:image:height\" content=\"4171\" \/>\n<meta name=\"twitter:card\" content=\"summary_large_image\" \/>\n<script type=\"application\/ld+json\" class=\"yoast-schema-graph\">{\"@context\":\"https:\/\/schema.org\",\"@graph\":[{\"@type\":\"WebSite\",\"@id\":\"https:\/\/deutschcolor.com\/al\/#website\",\"url\":\"https:\/\/deutschcolor.com\/al\/\",\"name\":\"Deutschcolor\",\"description\":\"Deutschcolor Albania\",\"potentialAction\":[{\"@type\":\"SearchAction\",\"target\":\"https:\/\/deutschcolor.com\/al\/?s={search_term_string}\",\"query-input\":\"required name=search_term_string\"}],\"inLanguage\":\"en-US\"},{\"@type\":\"ImageObject\",\"@id\":\"https:\/\/deutschcolor.com\/al\/product\/epo-farbe-sv-2\/#primaryimage\",\"inLanguage\":\"en-US\",\"url\":\"https:\/\/deutschcolor.com\/al\/wp-content\/uploads\/2021\/01\/EPO-FARBE-SV-01.png\",\"width\":4171,\"height\":4171},{\"@type\":\"WebPage\",\"@id\":\"https:\/\/deutschcolor.com\/al\/product\/epo-farbe-sv-2\/#webpage\",\"url\":\"https:\/\/deutschcolor.com\/al\/product\/epo-farbe-sv-2\/\",\"name\":\"Boj\\u00eb p\\u00ebr sip\\u00ebrfaqe metalike dy komponent\\u00ebsh - Deutsch Color\",\"isPartOf\":{\"@id\":\"https:\/\/deutschcolor.com\/al\/#website\"},\"primaryImageOfPage\":{\"@id\":\"https:\/\/deutschcolor.com\/al\/product\/epo-farbe-sv-2\/#primaryimage\"},\"datePublished\":\"2021-01-06T21:01:09+00:00\",\"dateModified\":\"2025-05-05T09:55:27+00:00\",\"description\":\"Boj\\u00eb p\\u00ebr sip\\u00ebrfaqe metalike dy komponent\\u00ebsh, poliuretanike-alifatike, e disponueshme n\\u00eb disa ngjyra t\\u00eb ndryshme.\",\"breadcrumb\":{\"@id\":\"https:\/\/deutschcolor.com\/al\/product\/epo-farbe-sv-2\/#breadcrumb\"},\"inLanguage\":\"en-US\",\"potentialAction\":[{\"@type\":\"ReadAction\",\"target\":[\"https:\/\/deutschcolor.com\/al\/product\/epo-farbe-sv-2\/\"]}]},{\"@type\":\"BreadcrumbList\",\"@id\":\"https:\/\/deutschcolor.com\/al\/product\/epo-farbe-sv-2\/#breadcrumb\",\"itemListElement\":[{\"@type\":\"ListItem\",\"position\":1,\"item\":{\"@type\":\"WebPage\",\"@id\":\"https:\/\/deutschcolor.com\/al\/\",\"url\":\"https:\/\/deutschcolor.com\/al\/\",\"name\":\"Home\"}},{\"@type\":\"ListItem\",\"position\":2,\"item\":{\"@type\":\"WebPage\",\"@id\":\"https:\/\/deutschcolor.com\/al\/shop\/\",\"url\":\"https:\/\/deutschcolor.com\/al\/shop\/\",\"name\":\"SHOP\"}},{\"@type\":\"ListItem\",\"position\":3,\"item\":{\"@type\":\"WebPage\",\"@id\":\"https:\/\/deutschcolor.com\/al\/product-category\/bojra-per-metale\/\",\"url\":\"https:\/\/deutschcolor.com\/al\/product-category\/bojra-per-metale\/\",\"name\":\"Bojra p\\u00ebr metale\"}},{\"@type\":\"ListItem\",\"position\":4,\"item\":{\"@type\":\"WebPage\",\"@id\":\"https:\/\/deutschcolor.com\/al\/product-category\/bojra-per-metale\/bojera-per-metale\/\",\"url\":\"https:\/\/deutschcolor.com\/al\/product-category\/bojra-per-metale\/bojera-per-metale\/\",\"name\":\"9.2. Boj\\u00ebra p\\u00ebr metale\"}},{\"@type\":\"ListItem\",\"position\":5,\"item\":{\"@type\":\"WebPage\",\"@id\":\"https:\/\/deutschcolor.com\/al\/product\/epo-farbe-sv-2\/\",\"url\":\"https:\/\/deutschcolor.com\/al\/product\/epo-farbe-sv-2\/\",\"name\":\"Epo Farbe SV\"}}]}]}<\/script>\n<!-- \/ Yoast SEO plugin. -->","_links":{"self":[{"href":"https:\/\/deutschcolor.com\/al\/wp-json\/wp\/v2\/product\/25201","targetHints":{"allow":["GET"]}}],"collection":[{"href":"https:\/\/deutschcolor.com\/al\/wp-json\/wp\/v2\/product"}],"about":[{"href":"https:\/\/deutschcolor.com\/al\/wp-json\/wp\/v2\/types\/product"}],"replies":[{"embeddable":true,"href":"https:\/\/deutschcolor.com\/al\/wp-json\/wp\/v2\/comments?post=25201"}],"wp:featuredmedia":[{"embeddable":true,"href":"https:\/\/deutschcolor.com\/al\/wp-json\/wp\/v2\/media\/25203"}],"wp:attachment":[{"href":"https:\/\/deutschcolor.com\/al\/wp-json\/wp\/v2\/media?parent=25201"}],"curies":[{"name":"wp","href":"https:\/\/api.w.org\/{rel}","templated":true}]}}