{"id":25263,"date":"2021-06-09T08:41:59","date_gmt":"2021-06-09T08:41:59","guid":{"rendered":"https:\/\/deutschcolor.com\/al\/?post_type=product&#038;p=25263"},"modified":"2026-04-07T07:53:38","modified_gmt":"2026-04-07T07:53:38","slug":"straben-2k-paste","status":"publish","type":"product","link":"https:\/\/deutschcolor.com\/al\/product\/straben-2k-paste\/","title":{"rendered":"STRABEN 2K PASTE"},"content":{"rendered":"<p><strong>Karakteristikat<\/strong><\/p>\n<ul>\n<li>Q\u00ebndrueshm\u00ebri e lart\u00eb e produktit.<\/li>\n<li>Tharje super e shpejt\u00eb<\/li>\n<li>Disrregullim minimal i trafikut<\/li>\n<li>Rezistenc\u00eb e lart\u00eb ndaj g\u00ebrryerjes<\/li>\n<li>Vizibilitet e shk\u00eblqyeshme gjat\u00eb nat\u00ebs<\/li>\n<li>Rezistenc\u00eb e shk\u00eblqyeshme e rr\u00ebshqitjes<\/li>\n<li>Zbatueshm\u00ebri e leht\u00eb e produktit<\/li>\n<\/ul>\n<p><strong>P\u00cbRDORIME T\u00cb REKOMANDUARA<\/strong><br \/>\nBoj\u00eb p\u00ebr markimin e rrug\u00ebve e cila \u00ebsht\u00eb prodhuar posa\u00e7\u00ebrisht p\u00ebr lyerjen e linjave t\u00eb trafikut, p\u00ebr<br \/>\nautostradat, rrug\u00ebt, aeroportet, fabrikat, parkingjet, shesh loj\u00ebrash, etj. \u00cbsht\u00eb gjithashtu nj\u00eb lidh\u00ebs i<br \/>\nshk\u00eblqyesh\u00ebm p\u00ebr sferat reflektuese t\u00eb xhamit, t\u00eb cilat mund t\u00eb shtohen leht\u00ebsisht n\u00eb shiritin e sh\u00ebnjimit menj\u00ebher\u00eb pasi t\u00eb aplikohet boja. Tharje e shpejte. Koha e tharjes ndryshon nga 5-15 minuta, n\u00eb var\u00ebsi t\u00eb kushteve t\u00eb motit dhe trash\u00ebsis\u00eb s\u00eb shtres\u00ebs s\u00eb aplikuar. Ajo siguron nj\u00eb film t\u00eb ashp\u00ebr me ngjitje t\u00eb shk\u00eblqyeshme n\u00eb gur, asfalt dhe beton etj..<br \/>\n###<\/p>\n<p><strong>SH\u00cbNIME<\/strong><br \/>\n\u2022 Hidheni sasin\u00eb e katalizatorit n\u00eb boj\u00eb dhe perzijeni mir\u00eb. Sasia e katalizatorit mund t\u00eb vler\u00ebsohet n\u00eb nj\u00eb lidhje t\u00eb kund\u00ebrt me temperaturat e ambientit. Aplikimi i ftoht\u00eb b\u00ebhet pas p\u00ebrzierjes n\u00eb raport 100:1 t\u00eb dy p\u00ebrb\u00ebr\u00ebsve boj\u00eb dhe katalizator.<\/p>\n<p>Rekomandohet t\u00eb shmangni aplikimin e produktit n\u00eb temperatura n\u00ebn 5\u00baC ose pak para shiut. Mos e holloni kurr\u00eb produktin me ndonj\u00eb lloj tret\u00ebsi ose holluesi.<br \/>\n<strong><br \/>\n<\/strong><\/p>\n<p><strong>Paketimi<\/strong><br \/>\nFu\u00e7i 30Kg<\/p>\n","protected":false},"excerpt":{"rendered":"<p>STRABEN 2K PASTE: Boj\u00eb sinjalistike dy komponenete me baz\u00eb metilmetakrilati, me tharje t\u00eb shpejt\u00eb p\u00ebr lyerjen e rrug\u00ebve, konform standardid EN 1871.<\/p>\n","protected":false},"featured_media":25269,"comment_status":"closed","ping_status":"closed","template":"","meta":{"_glsr_average":0,"_glsr_ranking":0,"_glsr_reviews":0},"class_list":["post-25263","product","type-product","status-publish","has-post-thumbnail","hentry","product_cat-bojra","product_cat-bojera-rrugesh"],"yoast_head":"<!-- This site is optimized with the Yoast SEO plugin v15.0 - https:\/\/yoast.com\/wordpress\/plugins\/seo\/ -->\n<title>Boj\u00eb sinjalistike - Straben 2K Paste - Deutschcolor - Tharje super e shpejt\u00eb<\/title>\n<meta name=\"description\" content=\"Boj\u00eb sinjalistike dy kompone- nete me baz\u00eb metilmetakrilati, me tharje t\u00eb shpejt\u00eb p\u00ebr lyerjen e rrug\u00ebve, konform standardid EN 1871.\" \/>\n<meta name=\"robots\" content=\"index, follow, max-snippet:-1, max-image-preview:large, max-video-preview:-1\" \/>\n<link rel=\"canonical\" href=\"https:\/\/deutschcolor.com\/al\/product\/straben-2k-paste\/\" \/>\n<meta property=\"og:locale\" content=\"en_US\" \/>\n<meta property=\"og:type\" content=\"article\" \/>\n<meta property=\"og:title\" content=\"Boj\u00eb sinjalistike - Straben 2K Paste - Deutschcolor - Tharje super e shpejt\u00eb\" \/>\n<meta property=\"og:description\" content=\"Boj\u00eb sinjalistike dy kompone- nete me baz\u00eb metilmetakrilati, me tharje t\u00eb shpejt\u00eb p\u00ebr lyerjen e rrug\u00ebve, konform standardid EN 1871.\" \/>\n<meta property=\"og:url\" content=\"https:\/\/deutschcolor.com\/al\/product\/straben-2k-paste\/\" \/>\n<meta property=\"og:site_name\" content=\"Deutschcolor\" \/>\n<meta property=\"article:publisher\" content=\"https:\/\/www.facebook.com\/deutschcolorofficial\" \/>\n<meta property=\"article:modified_time\" content=\"2026-04-07T07:53:38+00:00\" \/>\n<meta property=\"og:image\" content=\"https:\/\/deutschcolor.com\/al\/wp-content\/uploads\/2021\/06\/straben-2K-paste-1.png\" \/>\n\t<meta property=\"og:image:width\" content=\"1000\" \/>\n\t<meta property=\"og:image:height\" content=\"1000\" \/>\n<meta name=\"twitter:card\" content=\"summary_large_image\" \/>\n<script type=\"application\/ld+json\" class=\"yoast-schema-graph\">{\"@context\":\"https:\/\/schema.org\",\"@graph\":[{\"@type\":\"WebSite\",\"@id\":\"https:\/\/deutschcolor.com\/al\/#website\",\"url\":\"https:\/\/deutschcolor.com\/al\/\",\"name\":\"Deutschcolor\",\"description\":\"Deutschcolor Albania\",\"potentialAction\":[{\"@type\":\"SearchAction\",\"target\":\"https:\/\/deutschcolor.com\/al\/?s={search_term_string}\",\"query-input\":\"required name=search_term_string\"}],\"inLanguage\":\"en-US\"},{\"@type\":\"ImageObject\",\"@id\":\"https:\/\/deutschcolor.com\/al\/product\/straben-2k-paste\/#primaryimage\",\"inLanguage\":\"en-US\",\"url\":\"https:\/\/deutschcolor.com\/al\/wp-content\/uploads\/2021\/06\/straben-2K-paste-1.png\",\"width\":1000,\"height\":1000},{\"@type\":\"WebPage\",\"@id\":\"https:\/\/deutschcolor.com\/al\/product\/straben-2k-paste\/#webpage\",\"url\":\"https:\/\/deutschcolor.com\/al\/product\/straben-2k-paste\/\",\"name\":\"Boj\\u00eb sinjalistike - Straben 2K Paste - Deutschcolor - Tharje super e shpejt\\u00eb\",\"isPartOf\":{\"@id\":\"https:\/\/deutschcolor.com\/al\/#website\"},\"primaryImageOfPage\":{\"@id\":\"https:\/\/deutschcolor.com\/al\/product\/straben-2k-paste\/#primaryimage\"},\"datePublished\":\"2021-06-09T08:41:59+00:00\",\"dateModified\":\"2026-04-07T07:53:38+00:00\",\"description\":\"Boj\\u00eb sinjalistike dy kompone- nete me baz\\u00eb metilmetakrilati, me tharje t\\u00eb shpejt\\u00eb p\\u00ebr lyerjen e rrug\\u00ebve, konform standardid EN 1871.\",\"breadcrumb\":{\"@id\":\"https:\/\/deutschcolor.com\/al\/product\/straben-2k-paste\/#breadcrumb\"},\"inLanguage\":\"en-US\",\"potentialAction\":[{\"@type\":\"ReadAction\",\"target\":[\"https:\/\/deutschcolor.com\/al\/product\/straben-2k-paste\/\"]}]},{\"@type\":\"BreadcrumbList\",\"@id\":\"https:\/\/deutschcolor.com\/al\/product\/straben-2k-paste\/#breadcrumb\",\"itemListElement\":[{\"@type\":\"ListItem\",\"position\":1,\"item\":{\"@type\":\"WebPage\",\"@id\":\"https:\/\/deutschcolor.com\/al\/\",\"url\":\"https:\/\/deutschcolor.com\/al\/\",\"name\":\"Home\"}},{\"@type\":\"ListItem\",\"position\":2,\"item\":{\"@type\":\"WebPage\",\"@id\":\"https:\/\/deutschcolor.com\/al\/shop\/\",\"url\":\"https:\/\/deutschcolor.com\/al\/shop\/\",\"name\":\"SHOP\"}},{\"@type\":\"ListItem\",\"position\":3,\"item\":{\"@type\":\"WebPage\",\"@id\":\"https:\/\/deutschcolor.com\/al\/product-category\/bojra\/\",\"url\":\"https:\/\/deutschcolor.com\/al\/product-category\/bojra\/\",\"name\":\"Bojra\"}},{\"@type\":\"ListItem\",\"position\":4,\"item\":{\"@type\":\"WebPage\",\"@id\":\"https:\/\/deutschcolor.com\/al\/product-category\/bojra\/bojera-rrugesh\/\",\"url\":\"https:\/\/deutschcolor.com\/al\/product-category\/bojra\/bojera-rrugesh\/\",\"name\":\"8.4. Boj\\u00ebra rrug\\u00ebsh\"}},{\"@type\":\"ListItem\",\"position\":5,\"item\":{\"@type\":\"WebPage\",\"@id\":\"https:\/\/deutschcolor.com\/al\/product\/straben-2k-paste\/\",\"url\":\"https:\/\/deutschcolor.com\/al\/product\/straben-2k-paste\/\",\"name\":\"STRABEN 2K PASTE\"}}]}]}<\/script>\n<!-- \/ Yoast SEO plugin. -->","_links":{"self":[{"href":"https:\/\/deutschcolor.com\/al\/wp-json\/wp\/v2\/product\/25263","targetHints":{"allow":["GET"]}}],"collection":[{"href":"https:\/\/deutschcolor.com\/al\/wp-json\/wp\/v2\/product"}],"about":[{"href":"https:\/\/deutschcolor.com\/al\/wp-json\/wp\/v2\/types\/product"}],"replies":[{"embeddable":true,"href":"https:\/\/deutschcolor.com\/al\/wp-json\/wp\/v2\/comments?post=25263"}],"wp:featuredmedia":[{"embeddable":true,"href":"https:\/\/deutschcolor.com\/al\/wp-json\/wp\/v2\/media\/25269"}],"wp:attachment":[{"href":"https:\/\/deutschcolor.com\/al\/wp-json\/wp\/v2\/media?parent=25263"}],"curies":[{"name":"wp","href":"https:\/\/api.w.org\/{rel}","templated":true}]}}