{"id":25265,"date":"2021-06-09T08:49:46","date_gmt":"2021-06-09T08:49:46","guid":{"rendered":"https:\/\/deutschcolor.com\/al\/?post_type=product&#038;p=25265"},"modified":"2026-04-07T07:53:12","modified_gmt":"2026-04-07T07:53:12","slug":"straben-2k-spray","status":"publish","type":"product","link":"https:\/\/deutschcolor.com\/al\/product\/straben-2k-spray\/","title":{"rendered":"STRABEN 2K SPRAY"},"content":{"rendered":"<p><strong>Karakteristikat<\/strong><\/p>\n<ul>\n<li>P\u00ebr zon\u00eb me trafik t\u00eb lart\u00eb<\/li>\n<li>Q\u00ebndrueshm\u00ebri e lart\u00eb e produktit.<\/li>\n<li>Rezistenc\u00eb shum\u00eb e mir\u00eb mekanike<\/li>\n<li>Ngjitja e lart\u00eb dhe rezistente ndaj g\u00ebrryerjes<\/li>\n<li>Koha e shpejt\u00eb e tharjes<\/li>\n<li>I leht\u00eb n\u00eb aplikim<\/li>\n<li>Rezistente ndaj lag\u00ebshtir\u00ebs<\/li>\n<li>Performanca e lart\u00eb retro-reflektuese<\/li>\n<\/ul>\n<p><strong>P\u00cbRDORIME T\u00cb REKOMANDUARA<\/strong><br \/>\nBoj\u00eb rrug\u00ebsh e prodhuar posa\u00e7\u00ebrisht p\u00ebr lyerjen e linjave t\u00eb trafikut, p\u00ebr autostradat, rrug\u00ebt, aeroportet, fabrikat, parkingjet, shesh loj\u00ebrash, etj. \u00cbsht\u00eb gjithashtu nj\u00eb lidh\u00ebs i shk\u00eblqyesh\u00ebm p\u00ebr sferat e xhamit, t\u00eb cilat mund t\u00eb shtohen leht\u00ebsisht n\u00eb shiritin e sh\u00ebnjimit menj\u00ebher\u00eb pasi t\u00eb aplikohet boja. Koha e tharjes ndryshon nga 5-15 minuta, n\u00eb var\u00ebsi t\u00eb kushteve t\u00eb motit dhe trash\u00ebsis\u00eb s\u00eb shtres\u00ebs s\u00eb aplikuar.<br \/>\n###<\/p>\n<p><strong>UDH\u00cbZIME APLIKIMI<\/strong><br \/>\nHidheni sasine e katalizatorit 30% n\u00eb pesh\u00eb n\u00eb komponentin B t\u00eb boj\u00ebs dhe perzijeni mire. Sasia e katalizatorit mund t\u00eb vler\u00ebsohet n\u00eb nj\u00eb lidhje t\u00eb kund\u00ebrt me temperaturat e ambientit. Aplikimi i ftoht\u00eb behet pas perzierjes ne raport 1:1 te dy perberesve A dhe B. Nj\u00eb p\u00ebrzierje e vazhdueshme homogjene e komponenteve A dhe B k\u00ebrkohet gjate gjithe sip\u00ebrfaqes se aplikimit. Materialet duhet t\u00eb homogjenizohen n\u00eb m\u00ebnyr\u00eb perfekte per te siguruar nje reaksion t\u00eb sakt\u00eb ngurtesimi nd\u00ebrmjet komponent\u00ebve. Aplikimi me makineri p\u00ebr sinjalizimin e rrug\u00ebve duhet t\u00eb jet\u00eb e sakte p\u00ebr t\u00eb aplikuar dhe kontrolluar automatikisht dozimin dhe homogjenitetin (n\u00eb p\u00ebrputhje me standardeve e UNE 135277-1 dhe EN 1781).<\/p>\n<p><strong>SH\u00cbNIME<\/strong><\/p>\n<p>\u2022Rekomandohet t\u00eb shmangni aplikimine produktit n\u00eb temperatura n\u00ebn 5\u00baC ose pak para shiut.<br \/>\n\u2022Mos e holloni kurr\u00eb produktin me ndonj\u00eb lloj tret\u00ebsi ose holluesi.<br \/>\n\u2022Pastroni pajisjet e aplikimit pas \u00e7do p\u00ebrdorimi, edhe pas ndalesave t\u00eb p\u00ebrkohshme me tret\u00ebs ose hollues.<br \/>\n\u2022Mos k\u00ebmbej pozicionin e pjes\u00ebve A dhe B n\u00eb makin\u00ebn e aplikimit.<br \/>\n\u2022Mos e shtoni kurr\u00eb agjentin e ngurtesimit n\u00eb komponentin A.<\/p>\n<p><strong>Paketimi<\/strong><br \/>\nFu\u00e7i 30Kg<\/p>\n","protected":false},"excerpt":{"rendered":"<p>STRABEN 2K SPRAY: Boj\u00eb sinjalistike dy kompone- nete me baz\u00eb metilmetakrilati, me tharje t\u00eb shpejt\u00eb p\u00ebr lyerjen e rrug\u00ebve, konform standardid EN 1871 dhe EN 1436.<\/p>\n","protected":false},"featured_media":25266,"comment_status":"closed","ping_status":"closed","template":"","meta":{"_glsr_average":0,"_glsr_ranking":0,"_glsr_reviews":0},"class_list":["post-25265","product","type-product","status-publish","has-post-thumbnail","hentry","product_cat-bojra","product_cat-bojera-rrugesh"],"yoast_head":"<!-- This site is optimized with the Yoast SEO plugin v15.0 - https:\/\/yoast.com\/wordpress\/plugins\/seo\/ -->\n<title>STRABEN 2K SPRAY - Deutschcolor<\/title>\n<meta name=\"robots\" content=\"index, follow, max-snippet:-1, max-image-preview:large, max-video-preview:-1\" \/>\n<link rel=\"canonical\" href=\"https:\/\/deutschcolor.com\/al\/product\/straben-2k-spray\/\" \/>\n<meta property=\"og:locale\" content=\"en_US\" \/>\n<meta property=\"og:type\" content=\"article\" \/>\n<meta property=\"og:title\" content=\"STRABEN 2K SPRAY - Deutschcolor\" \/>\n<meta property=\"og:description\" content=\"STRABEN 2K SPRAY: Boj\u00eb sinjalistike dy kompone- nete me baz\u00eb metilmetakrilati, me tharje t\u00eb shpejt\u00eb p\u00ebr lyerjen e rrug\u00ebve, konform standardid EN 1871 dhe EN 1436.\" \/>\n<meta property=\"og:url\" content=\"https:\/\/deutschcolor.com\/al\/product\/straben-2k-spray\/\" \/>\n<meta property=\"og:site_name\" content=\"Deutschcolor\" \/>\n<meta property=\"article:publisher\" content=\"https:\/\/www.facebook.com\/deutschcolorofficial\" \/>\n<meta property=\"article:modified_time\" content=\"2026-04-07T07:53:12+00:00\" \/>\n<meta property=\"og:image\" content=\"https:\/\/deutschcolor.com\/al\/wp-content\/uploads\/2021\/06\/straben-2K-spray.png\" \/>\n\t<meta property=\"og:image:width\" content=\"1000\" \/>\n\t<meta property=\"og:image:height\" content=\"1000\" \/>\n<meta name=\"twitter:card\" content=\"summary_large_image\" \/>\n<script type=\"application\/ld+json\" class=\"yoast-schema-graph\">{\"@context\":\"https:\/\/schema.org\",\"@graph\":[{\"@type\":\"WebSite\",\"@id\":\"https:\/\/deutschcolor.com\/al\/#website\",\"url\":\"https:\/\/deutschcolor.com\/al\/\",\"name\":\"Deutschcolor\",\"description\":\"Deutschcolor Albania\",\"potentialAction\":[{\"@type\":\"SearchAction\",\"target\":\"https:\/\/deutschcolor.com\/al\/?s={search_term_string}\",\"query-input\":\"required name=search_term_string\"}],\"inLanguage\":\"en-US\"},{\"@type\":\"ImageObject\",\"@id\":\"https:\/\/deutschcolor.com\/al\/product\/straben-2k-spray\/#primaryimage\",\"inLanguage\":\"en-US\",\"url\":\"https:\/\/deutschcolor.com\/al\/wp-content\/uploads\/2021\/06\/straben-2K-spray.png\",\"width\":1000,\"height\":1000},{\"@type\":\"WebPage\",\"@id\":\"https:\/\/deutschcolor.com\/al\/product\/straben-2k-spray\/#webpage\",\"url\":\"https:\/\/deutschcolor.com\/al\/product\/straben-2k-spray\/\",\"name\":\"STRABEN 2K SPRAY - Deutschcolor\",\"isPartOf\":{\"@id\":\"https:\/\/deutschcolor.com\/al\/#website\"},\"primaryImageOfPage\":{\"@id\":\"https:\/\/deutschcolor.com\/al\/product\/straben-2k-spray\/#primaryimage\"},\"datePublished\":\"2021-06-09T08:49:46+00:00\",\"dateModified\":\"2026-04-07T07:53:12+00:00\",\"breadcrumb\":{\"@id\":\"https:\/\/deutschcolor.com\/al\/product\/straben-2k-spray\/#breadcrumb\"},\"inLanguage\":\"en-US\",\"potentialAction\":[{\"@type\":\"ReadAction\",\"target\":[\"https:\/\/deutschcolor.com\/al\/product\/straben-2k-spray\/\"]}]},{\"@type\":\"BreadcrumbList\",\"@id\":\"https:\/\/deutschcolor.com\/al\/product\/straben-2k-spray\/#breadcrumb\",\"itemListElement\":[{\"@type\":\"ListItem\",\"position\":1,\"item\":{\"@type\":\"WebPage\",\"@id\":\"https:\/\/deutschcolor.com\/al\/\",\"url\":\"https:\/\/deutschcolor.com\/al\/\",\"name\":\"Home\"}},{\"@type\":\"ListItem\",\"position\":2,\"item\":{\"@type\":\"WebPage\",\"@id\":\"https:\/\/deutschcolor.com\/al\/shop\/\",\"url\":\"https:\/\/deutschcolor.com\/al\/shop\/\",\"name\":\"SHOP\"}},{\"@type\":\"ListItem\",\"position\":3,\"item\":{\"@type\":\"WebPage\",\"@id\":\"https:\/\/deutschcolor.com\/al\/product-category\/bojra\/\",\"url\":\"https:\/\/deutschcolor.com\/al\/product-category\/bojra\/\",\"name\":\"Bojra\"}},{\"@type\":\"ListItem\",\"position\":4,\"item\":{\"@type\":\"WebPage\",\"@id\":\"https:\/\/deutschcolor.com\/al\/product-category\/bojra\/bojera-rrugesh\/\",\"url\":\"https:\/\/deutschcolor.com\/al\/product-category\/bojra\/bojera-rrugesh\/\",\"name\":\"8.4. Boj\\u00ebra rrug\\u00ebsh\"}},{\"@type\":\"ListItem\",\"position\":5,\"item\":{\"@type\":\"WebPage\",\"@id\":\"https:\/\/deutschcolor.com\/al\/product\/straben-2k-spray\/\",\"url\":\"https:\/\/deutschcolor.com\/al\/product\/straben-2k-spray\/\",\"name\":\"STRABEN 2K SPRAY\"}}]}]}<\/script>\n<!-- \/ Yoast SEO plugin. -->","_links":{"self":[{"href":"https:\/\/deutschcolor.com\/al\/wp-json\/wp\/v2\/product\/25265","targetHints":{"allow":["GET"]}}],"collection":[{"href":"https:\/\/deutschcolor.com\/al\/wp-json\/wp\/v2\/product"}],"about":[{"href":"https:\/\/deutschcolor.com\/al\/wp-json\/wp\/v2\/types\/product"}],"replies":[{"embeddable":true,"href":"https:\/\/deutschcolor.com\/al\/wp-json\/wp\/v2\/comments?post=25265"}],"wp:featuredmedia":[{"embeddable":true,"href":"https:\/\/deutschcolor.com\/al\/wp-json\/wp\/v2\/media\/25266"}],"wp:attachment":[{"href":"https:\/\/deutschcolor.com\/al\/wp-json\/wp\/v2\/media?parent=25265"}],"curies":[{"name":"wp","href":"https:\/\/api.w.org\/{rel}","templated":true}]}}