{"id":25292,"date":"2021-09-15T17:07:00","date_gmt":"2021-09-15T17:07:00","guid":{"rendered":"https:\/\/deutschcolor.com\/al\/?post_type=product&#038;p=25292"},"modified":"2026-04-07T07:53:53","modified_gmt":"2026-04-07T07:53:53","slug":"phosphor-125-1180","status":"publish","type":"product","link":"https:\/\/deutschcolor.com\/al\/product\/phosphor-125-1180\/","title":{"rendered":"PHOSPHOR 125-1180"},"content":{"rendered":"<div><strong>KARAKTERISTIKAT E PRODUKTIT<\/strong><br \/>\n<a href=\"https:\/\/deutschcolor.com\/technical_AL_pdf\/phosphor-125-1180.pdf\" target=\"_blank\" rel=\"noopener noreferrer\">SKEDA TEKNIKE<\/a><br \/>\nKarakteristikat kryesore:<br \/>\n&#8211; Kristale sferike me efekt brilant<br \/>\n&#8211; Nuk permban buleza ajri brenda struktures se kristalit<br \/>\n&#8211; Perdoret lehtesisht<br \/>\n&#8211; Shperndaje e qendrueshme e grimcave<br \/>\n&#8211; Efekt I larte reflektimi<br \/>\n&#8211; I pershtatshem per cdo lloj boje<br \/>\n&#8211; Rezistence e larte ndaj temperaturave<br \/>\n&#8211; Rezistence e larte mekanike<\/div>\n<div><\/div>\n<div>###<\/div>\n<div><\/div>\n<div><strong>P\u00cbRDORIME T\u00cb REKOMANDUARA<\/strong><br \/>\nPerdoret si shtese per bojrat qe perdoren per vijezime rrugesh pasi rrisin vizibilitetin gjate nates.<\/div>\n<div><\/div>\n<div><strong>RUAJTJA<\/strong><br \/>\n18 muaj nese ruhet ne kushte standarde<\/div>\n<div><\/div>\n<div><strong>PAKETIMI<\/strong><br \/>\nQese letre 25 kg. Paketime t\u00eb tjera mund t\u00eb jen\u00eb t\u00eb disponueshme sipas k\u00ebrkes\u00ebs.<\/div>\n","protected":false},"excerpt":{"rendered":"<p>Ky produkt p\u00ebrputhet me standardin EN1423 dhe \u00ebsht\u00eb i certifikuar me CE<\/p>\n","protected":false},"featured_media":25296,"comment_status":"closed","ping_status":"closed","template":"","meta":{"_glsr_average":0,"_glsr_ranking":0,"_glsr_reviews":0},"class_list":["post-25292","product","type-product","status-publish","has-post-thumbnail","hentry","product_cat-bojra","product_cat-bojera-rrugesh"],"yoast_head":"<!-- This site is optimized with the Yoast SEO plugin v15.0 - https:\/\/yoast.com\/wordpress\/plugins\/seo\/ -->\n<title>Perdoret per vijezime - Phosphor - Deutschcolor - Efekt i larte reflektimi<\/title>\n<meta name=\"description\" content=\"Perdoret per vijezime rrugesh pasi rrisin vizibilitetin gjate nates. Ky produkt p\u00ebrputhet me standardin EN1423 dhe \u00ebsht\u00eb i certifikuar me CE\" \/>\n<meta name=\"robots\" content=\"index, follow, max-snippet:-1, max-image-preview:large, max-video-preview:-1\" \/>\n<link rel=\"canonical\" href=\"https:\/\/deutschcolor.com\/al\/product\/phosphor-125-1180\/\" \/>\n<meta property=\"og:locale\" content=\"en_US\" \/>\n<meta property=\"og:type\" content=\"article\" \/>\n<meta property=\"og:title\" content=\"Perdoret per vijezime - Phosphor - Deutschcolor - Efekt i larte reflektimi\" \/>\n<meta property=\"og:description\" content=\"Perdoret per vijezime rrugesh pasi rrisin vizibilitetin gjate nates. Ky produkt p\u00ebrputhet me standardin EN1423 dhe \u00ebsht\u00eb i certifikuar me CE\" \/>\n<meta property=\"og:url\" content=\"https:\/\/deutschcolor.com\/al\/product\/phosphor-125-1180\/\" \/>\n<meta property=\"og:site_name\" content=\"Deutschcolor\" \/>\n<meta property=\"article:publisher\" content=\"https:\/\/www.facebook.com\/deutschcolorofficial\" \/>\n<meta property=\"article:modified_time\" content=\"2026-04-07T07:53:53+00:00\" \/>\n<meta property=\"og:image\" content=\"https:\/\/deutschcolor.com\/al\/wp-content\/uploads\/2021\/09\/125-1180-copy.png\" \/>\n\t<meta property=\"og:image:width\" content=\"1000\" \/>\n\t<meta property=\"og:image:height\" content=\"1000\" \/>\n<meta name=\"twitter:card\" content=\"summary_large_image\" \/>\n<script type=\"application\/ld+json\" class=\"yoast-schema-graph\">{\"@context\":\"https:\/\/schema.org\",\"@graph\":[{\"@type\":\"WebSite\",\"@id\":\"https:\/\/deutschcolor.com\/al\/#website\",\"url\":\"https:\/\/deutschcolor.com\/al\/\",\"name\":\"Deutschcolor\",\"description\":\"Deutschcolor Albania\",\"potentialAction\":[{\"@type\":\"SearchAction\",\"target\":\"https:\/\/deutschcolor.com\/al\/?s={search_term_string}\",\"query-input\":\"required name=search_term_string\"}],\"inLanguage\":\"en-US\"},{\"@type\":\"ImageObject\",\"@id\":\"https:\/\/deutschcolor.com\/al\/product\/phosphor-125-1180\/#primaryimage\",\"inLanguage\":\"en-US\",\"url\":\"https:\/\/deutschcolor.com\/al\/wp-content\/uploads\/2021\/09\/125-1180-copy.png\",\"width\":1000,\"height\":1000},{\"@type\":\"WebPage\",\"@id\":\"https:\/\/deutschcolor.com\/al\/product\/phosphor-125-1180\/#webpage\",\"url\":\"https:\/\/deutschcolor.com\/al\/product\/phosphor-125-1180\/\",\"name\":\"Perdoret per vijezime - Phosphor - Deutschcolor - Efekt i larte reflektimi\",\"isPartOf\":{\"@id\":\"https:\/\/deutschcolor.com\/al\/#website\"},\"primaryImageOfPage\":{\"@id\":\"https:\/\/deutschcolor.com\/al\/product\/phosphor-125-1180\/#primaryimage\"},\"datePublished\":\"2021-09-15T17:07:00+00:00\",\"dateModified\":\"2026-04-07T07:53:53+00:00\",\"description\":\"Perdoret per vijezime rrugesh pasi rrisin vizibilitetin gjate nates. Ky produkt p\\u00ebrputhet me standardin EN1423 dhe \\u00ebsht\\u00eb i certifikuar me CE\",\"breadcrumb\":{\"@id\":\"https:\/\/deutschcolor.com\/al\/product\/phosphor-125-1180\/#breadcrumb\"},\"inLanguage\":\"en-US\",\"potentialAction\":[{\"@type\":\"ReadAction\",\"target\":[\"https:\/\/deutschcolor.com\/al\/product\/phosphor-125-1180\/\"]}]},{\"@type\":\"BreadcrumbList\",\"@id\":\"https:\/\/deutschcolor.com\/al\/product\/phosphor-125-1180\/#breadcrumb\",\"itemListElement\":[{\"@type\":\"ListItem\",\"position\":1,\"item\":{\"@type\":\"WebPage\",\"@id\":\"https:\/\/deutschcolor.com\/al\/\",\"url\":\"https:\/\/deutschcolor.com\/al\/\",\"name\":\"Home\"}},{\"@type\":\"ListItem\",\"position\":2,\"item\":{\"@type\":\"WebPage\",\"@id\":\"https:\/\/deutschcolor.com\/al\/shop\/\",\"url\":\"https:\/\/deutschcolor.com\/al\/shop\/\",\"name\":\"SHOP\"}},{\"@type\":\"ListItem\",\"position\":3,\"item\":{\"@type\":\"WebPage\",\"@id\":\"https:\/\/deutschcolor.com\/al\/product-category\/bojra\/\",\"url\":\"https:\/\/deutschcolor.com\/al\/product-category\/bojra\/\",\"name\":\"Bojra\"}},{\"@type\":\"ListItem\",\"position\":4,\"item\":{\"@type\":\"WebPage\",\"@id\":\"https:\/\/deutschcolor.com\/al\/product-category\/bojra\/bojera-rrugesh\/\",\"url\":\"https:\/\/deutschcolor.com\/al\/product-category\/bojra\/bojera-rrugesh\/\",\"name\":\"8.4. Boj\\u00ebra rrug\\u00ebsh\"}},{\"@type\":\"ListItem\",\"position\":5,\"item\":{\"@type\":\"WebPage\",\"@id\":\"https:\/\/deutschcolor.com\/al\/product\/phosphor-125-1180\/\",\"url\":\"https:\/\/deutschcolor.com\/al\/product\/phosphor-125-1180\/\",\"name\":\"PHOSPHOR 125-1180\"}}]}]}<\/script>\n<!-- \/ Yoast SEO plugin. -->","_links":{"self":[{"href":"https:\/\/deutschcolor.com\/al\/wp-json\/wp\/v2\/product\/25292","targetHints":{"allow":["GET"]}}],"collection":[{"href":"https:\/\/deutschcolor.com\/al\/wp-json\/wp\/v2\/product"}],"about":[{"href":"https:\/\/deutschcolor.com\/al\/wp-json\/wp\/v2\/types\/product"}],"replies":[{"embeddable":true,"href":"https:\/\/deutschcolor.com\/al\/wp-json\/wp\/v2\/comments?post=25292"}],"wp:featuredmedia":[{"embeddable":true,"href":"https:\/\/deutschcolor.com\/al\/wp-json\/wp\/v2\/media\/25296"}],"wp:attachment":[{"href":"https:\/\/deutschcolor.com\/al\/wp-json\/wp\/v2\/media?parent=25292"}],"curies":[{"name":"wp","href":"https:\/\/api.w.org\/{rel}","templated":true}]}}