{"id":25877,"date":"2024-12-06T10:32:16","date_gmt":"2024-12-06T10:32:16","guid":{"rendered":"https:\/\/deutschcolor.com\/al\/?post_type=product&#038;p=25877"},"modified":"2025-05-19T07:14:28","modified_gmt":"2025-05-19T07:14:28","slug":"protec","status":"publish","type":"product","link":"https:\/\/deutschcolor.com\/al\/product\/protec\/","title":{"rendered":"Protec +"},"content":{"rendered":"<p><strong>Karakteristikat e produktit<\/strong><br \/>\n1 Zgjidhje ekonomike<br \/>\n2 Pa plumb dhe krom<br \/>\n3 Mbulueshm\u00ebri e mir\u00eb<br \/>\n4 Gjendet n\u00eb 13 ngjyra<br \/>\n5 Mbrojtje antikorrozive<br \/>\n6 Punueshm\u00ebri dhe cil\u00ebsi t\u00eb mira nivelimi<\/p>\n<p><strong>Rekomandimet p\u00ebr p\u00ebrdorim<\/strong><br \/>\nRekomandohet t\u00eb p\u00ebrdoret si <a href=\"https:\/\/deutschcolor.com\/al\/product-category\/bojra-per-metale\/\" target=\"_blank\" rel=\"noopener\">boj\u00eb<\/a> mbi t\u00eb g jitha sip\u00ebrfaqet metalike dhe druri q\u00eb jan\u00eb t\u00eb destinuara p\u00ebr p\u00ebrdorim<br \/>\nn\u00eb ambiente t\u00eb brendshme dhe t\u00eb jashtme. P\u00ebrdoret p\u00ebr lyerjen e konstruksioneve metalike si shkall\u00eb, kangjella,<br \/>\ndyer metalike, etj. Gjithashtu p\u00ebrdoret p\u00ebr lyerjen e gardheve t\u00eb drurit, parmak\u00ebve t\u00eb shkall\u00ebve, etj.<\/p>\n<p>###<\/p>\n<p><strong>Ruajtja<\/strong><br \/>\n24 muaj, me kusht q\u00eb kana\u00e7et t\u00eb jen\u00eb t\u00eb mbyllura dhe n\u00eb kushte normale ruajtjeje.<\/p>\n<p><strong>Sh\u00ebnime<\/strong><br \/>\nRekomandohet q\u00eb t\u00eb shmanget aplikimi i produktit n\u00eb temperatura n\u00ebn 5\u00baC.<\/p>\n","protected":false},"excerpt":{"rendered":"<p>Boj\u00eb p\u00ebr metale shum\u00eb ekonomike me veti t\u00eb mira mbuluese dhe niveluese<\/p>\n","protected":false},"featured_media":25879,"comment_status":"closed","ping_status":"closed","template":"","meta":{"_glsr_average":0,"_glsr_ranking":0,"_glsr_reviews":0},"class_list":["post-25877","product","type-product","status-publish","has-post-thumbnail","hentry","product_cat-bojra-per-metale","product_cat-bojera-per-metale"],"yoast_head":"<!-- This site is optimized with the Yoast SEO plugin v15.0 - https:\/\/yoast.com\/wordpress\/plugins\/seo\/ -->\n<title>Boj\u00eb p\u00ebr metale shum\u00eb ekonomike - Protec + - Deutsch Color<\/title>\n<meta name=\"description\" content=\"Boj\u00eb p\u00ebr metale shum\u00eb ekonomike me veti t\u00eb mira mbuluese dhe niveluese. Gjithashtu p\u00ebrdoret p\u00ebr lyerjen e gardheve t\u00eb drurit, parmak\u00ebve t\u00eb shkall\u00ebve, etj.\" \/>\n<meta name=\"robots\" content=\"index, follow, max-snippet:-1, max-image-preview:large, max-video-preview:-1\" \/>\n<link rel=\"canonical\" href=\"https:\/\/deutschcolor.com\/al\/product\/protec\/\" \/>\n<meta property=\"og:locale\" content=\"en_US\" \/>\n<meta property=\"og:type\" content=\"article\" \/>\n<meta property=\"og:title\" content=\"Boj\u00eb p\u00ebr metale shum\u00eb ekonomike - Protec + - Deutsch Color\" \/>\n<meta property=\"og:description\" content=\"Boj\u00eb p\u00ebr metale shum\u00eb ekonomike me veti t\u00eb mira mbuluese dhe niveluese. Gjithashtu p\u00ebrdoret p\u00ebr lyerjen e gardheve t\u00eb drurit, parmak\u00ebve t\u00eb shkall\u00ebve, etj.\" \/>\n<meta property=\"og:url\" content=\"https:\/\/deutschcolor.com\/al\/product\/protec\/\" \/>\n<meta property=\"og:site_name\" content=\"Deutschcolor\" \/>\n<meta property=\"article:publisher\" content=\"https:\/\/www.facebook.com\/deutschcolorofficial\" \/>\n<meta property=\"article:modified_time\" content=\"2025-05-19T07:14:28+00:00\" \/>\n<meta property=\"og:image\" content=\"https:\/\/deutschcolor.com\/al\/wp-content\/uploads\/2024\/12\/protec.jpg\" \/>\n\t<meta property=\"og:image:width\" content=\"800\" \/>\n\t<meta property=\"og:image:height\" content=\"800\" \/>\n<meta name=\"twitter:card\" content=\"summary_large_image\" \/>\n<script type=\"application\/ld+json\" class=\"yoast-schema-graph\">{\"@context\":\"https:\/\/schema.org\",\"@graph\":[{\"@type\":\"WebSite\",\"@id\":\"https:\/\/deutschcolor.com\/al\/#website\",\"url\":\"https:\/\/deutschcolor.com\/al\/\",\"name\":\"Deutschcolor\",\"description\":\"Deutschcolor Albania\",\"potentialAction\":[{\"@type\":\"SearchAction\",\"target\":\"https:\/\/deutschcolor.com\/al\/?s={search_term_string}\",\"query-input\":\"required name=search_term_string\"}],\"inLanguage\":\"en-US\"},{\"@type\":\"ImageObject\",\"@id\":\"https:\/\/deutschcolor.com\/al\/product\/protec\/#primaryimage\",\"inLanguage\":\"en-US\",\"url\":\"https:\/\/deutschcolor.com\/al\/wp-content\/uploads\/2024\/12\/protec.jpg\",\"width\":800,\"height\":800,\"caption\":\"Boje mat e cilesise se larte per metal dhe dru, e pershtatshme per ambientet e brendshme dhe t\\u00eb jashtme.\"},{\"@type\":\"WebPage\",\"@id\":\"https:\/\/deutschcolor.com\/al\/product\/protec\/#webpage\",\"url\":\"https:\/\/deutschcolor.com\/al\/product\/protec\/\",\"name\":\"Boj\\u00eb p\\u00ebr metale shum\\u00eb ekonomike - Protec + - Deutsch Color\",\"isPartOf\":{\"@id\":\"https:\/\/deutschcolor.com\/al\/#website\"},\"primaryImageOfPage\":{\"@id\":\"https:\/\/deutschcolor.com\/al\/product\/protec\/#primaryimage\"},\"datePublished\":\"2024-12-06T10:32:16+00:00\",\"dateModified\":\"2025-05-19T07:14:28+00:00\",\"description\":\"Boj\\u00eb p\\u00ebr metale shum\\u00eb ekonomike me veti t\\u00eb mira mbuluese dhe niveluese. Gjithashtu p\\u00ebrdoret p\\u00ebr lyerjen e gardheve t\\u00eb drurit, parmak\\u00ebve t\\u00eb shkall\\u00ebve, etj.\",\"breadcrumb\":{\"@id\":\"https:\/\/deutschcolor.com\/al\/product\/protec\/#breadcrumb\"},\"inLanguage\":\"en-US\",\"potentialAction\":[{\"@type\":\"ReadAction\",\"target\":[\"https:\/\/deutschcolor.com\/al\/product\/protec\/\"]}]},{\"@type\":\"BreadcrumbList\",\"@id\":\"https:\/\/deutschcolor.com\/al\/product\/protec\/#breadcrumb\",\"itemListElement\":[{\"@type\":\"ListItem\",\"position\":1,\"item\":{\"@type\":\"WebPage\",\"@id\":\"https:\/\/deutschcolor.com\/al\/\",\"url\":\"https:\/\/deutschcolor.com\/al\/\",\"name\":\"Home\"}},{\"@type\":\"ListItem\",\"position\":2,\"item\":{\"@type\":\"WebPage\",\"@id\":\"https:\/\/deutschcolor.com\/al\/shop\/\",\"url\":\"https:\/\/deutschcolor.com\/al\/shop\/\",\"name\":\"SHOP\"}},{\"@type\":\"ListItem\",\"position\":3,\"item\":{\"@type\":\"WebPage\",\"@id\":\"https:\/\/deutschcolor.com\/al\/product-category\/bojra-per-metale\/\",\"url\":\"https:\/\/deutschcolor.com\/al\/product-category\/bojra-per-metale\/\",\"name\":\"Bojra p\\u00ebr metale\"}},{\"@type\":\"ListItem\",\"position\":4,\"item\":{\"@type\":\"WebPage\",\"@id\":\"https:\/\/deutschcolor.com\/al\/product\/protec\/\",\"url\":\"https:\/\/deutschcolor.com\/al\/product\/protec\/\",\"name\":\"Protec +\"}}]}]}<\/script>\n<!-- \/ Yoast SEO plugin. -->","_links":{"self":[{"href":"https:\/\/deutschcolor.com\/al\/wp-json\/wp\/v2\/product\/25877","targetHints":{"allow":["GET"]}}],"collection":[{"href":"https:\/\/deutschcolor.com\/al\/wp-json\/wp\/v2\/product"}],"about":[{"href":"https:\/\/deutschcolor.com\/al\/wp-json\/wp\/v2\/types\/product"}],"replies":[{"embeddable":true,"href":"https:\/\/deutschcolor.com\/al\/wp-json\/wp\/v2\/comments?post=25877"}],"wp:featuredmedia":[{"embeddable":true,"href":"https:\/\/deutschcolor.com\/al\/wp-json\/wp\/v2\/media\/25879"}],"wp:attachment":[{"href":"https:\/\/deutschcolor.com\/al\/wp-json\/wp\/v2\/media?parent=25877"}],"curies":[{"name":"wp","href":"https:\/\/api.w.org\/{rel}","templated":true}]}}