{"id":25880,"date":"2024-12-06T10:42:05","date_gmt":"2024-12-06T10:42:05","guid":{"rendered":"https:\/\/deutschcolor.com\/al\/?post_type=product&#038;p=25880"},"modified":"2024-12-06T10:42:05","modified_gmt":"2024-12-06T10:42:05","slug":"smartec","status":"publish","type":"product","link":"https:\/\/deutschcolor.com\/al\/product\/smartec\/","title":{"rendered":"Smartec"},"content":{"rendered":"<p><strong>Karakteristikat e produktit<\/strong><br \/>\n \u2022  Ngjitje e fort\u00eb<br \/>\n \u2022  Veti t\u00eb mira mekanike<br \/>\n \u2022  Nuk ka nevoj\u00eb p\u00ebr lyerje<br \/>\n \u2022  P\u00ebrshkueshm\u00ebria e avullit<br \/>\n \u2022  Aplikime t\u00eb brendshme dhe t\u00eb jashtme<br \/>\n \u2022  Nuk ka tkurrje dhe parandalon plasaritjet<br \/>\n \u2022  Elasticitet dhe ngjitshm\u00ebri e shk\u00eblqyer me substratin<\/p>\n<p><strong>Rekomandimet p\u00ebr p\u00ebrdorim<\/strong><br \/>\n P\u00ebrdoret p\u00ebr krijimin e strukturave dekorative t\u00eb mureve n\u00eb t\u00eb gjitha ambientet e brendshme t\u00eb banimit si edhe<br \/>\nn\u00eb fasada, sip\u00ebrfaqe betoni, etj. P\u00ebrdoret p\u00ebr dekorimin e sip\u00ebrfaqeve t\u00eb fasadave q\u00eb jan\u00eb t\u00eb b\u00ebra me sistem<br \/>\nsuvatimi, si dhe t\u00eb b\u00ebra me sistem termoizolues.<\/p>\n<p>###<\/p>\n<p><strong>Ruajtja<\/strong><br \/>\n12 muaj n\u00ebse ruhet n\u00eb nj\u00eb vend t\u00eb that\u00eb, larg burimeve t\u00eb nxeht\u00ebsis\u00eb, n\u00eb nj\u00eb temperatur\u00eb midis +5\u00b0C dhe<br \/>\n+30\u00b0C. Mbrojeni nga ngrica.<\/p>\n","protected":false},"excerpt":{"rendered":"<p>Veshje dekorative me baz\u00eb akrilike dhe fibra sintetike p\u00ebr trajtimin e fasadave t\u00eb jashtme dhe sip\u00ebrfaqeve t\u00eb brendshme.<\/p>\n","protected":false},"featured_media":25881,"comment_status":"closed","ping_status":"closed","template":"","meta":{"_glsr_average":0,"_glsr_ranking":0,"_glsr_reviews":0},"class_list":["post-25880","product","type-product","status-publish","has-post-thumbnail","hentry","product_cat-veshje-dekorative","product_cat-veshje-dekorative-veshje-dekorative"],"yoast_head":"<!-- This site is optimized with the Yoast SEO plugin v15.0 - https:\/\/yoast.com\/wordpress\/plugins\/seo\/ -->\n<title>Smartec - Deutschcolor<\/title>\n<meta name=\"robots\" content=\"index, follow, max-snippet:-1, max-image-preview:large, max-video-preview:-1\" \/>\n<link rel=\"canonical\" href=\"https:\/\/deutschcolor.com\/al\/product\/smartec\/\" \/>\n<meta property=\"og:locale\" content=\"en_US\" \/>\n<meta property=\"og:type\" content=\"article\" \/>\n<meta property=\"og:title\" content=\"Smartec - Deutschcolor\" \/>\n<meta property=\"og:description\" content=\"Veshje dekorative me baz\u00eb akrilike dhe fibra sintetike p\u00ebr trajtimin e fasadave t\u00eb jashtme dhe sip\u00ebrfaqeve t\u00eb brendshme.\" \/>\n<meta property=\"og:url\" content=\"https:\/\/deutschcolor.com\/al\/product\/smartec\/\" \/>\n<meta property=\"og:site_name\" content=\"Deutschcolor\" \/>\n<meta property=\"article:publisher\" content=\"https:\/\/www.facebook.com\/deutschcolorofficial\" \/>\n<meta property=\"og:image\" content=\"https:\/\/deutschcolor.com\/al\/wp-content\/uploads\/2024\/12\/smartec.jpg\" \/>\n\t<meta property=\"og:image:width\" content=\"800\" \/>\n\t<meta property=\"og:image:height\" content=\"800\" \/>\n<meta name=\"twitter:card\" content=\"summary_large_image\" \/>\n<script type=\"application\/ld+json\" class=\"yoast-schema-graph\">{\"@context\":\"https:\/\/schema.org\",\"@graph\":[{\"@type\":\"WebSite\",\"@id\":\"https:\/\/deutschcolor.com\/al\/#website\",\"url\":\"https:\/\/deutschcolor.com\/al\/\",\"name\":\"Deutschcolor\",\"description\":\"Deutschcolor Albania\",\"potentialAction\":[{\"@type\":\"SearchAction\",\"target\":\"https:\/\/deutschcolor.com\/al\/?s={search_term_string}\",\"query-input\":\"required name=search_term_string\"}],\"inLanguage\":\"en-US\"},{\"@type\":\"ImageObject\",\"@id\":\"https:\/\/deutschcolor.com\/al\/product\/smartec\/#primaryimage\",\"inLanguage\":\"en-US\",\"url\":\"https:\/\/deutschcolor.com\/al\/wp-content\/uploads\/2024\/12\/smartec.jpg\",\"width\":800,\"height\":800,\"caption\":\"Smartec bojera profesionale\"},{\"@type\":\"WebPage\",\"@id\":\"https:\/\/deutschcolor.com\/al\/product\/smartec\/#webpage\",\"url\":\"https:\/\/deutschcolor.com\/al\/product\/smartec\/\",\"name\":\"Smartec - Deutschcolor\",\"isPartOf\":{\"@id\":\"https:\/\/deutschcolor.com\/al\/#website\"},\"primaryImageOfPage\":{\"@id\":\"https:\/\/deutschcolor.com\/al\/product\/smartec\/#primaryimage\"},\"datePublished\":\"2024-12-06T10:42:05+00:00\",\"dateModified\":\"2024-12-06T10:42:05+00:00\",\"breadcrumb\":{\"@id\":\"https:\/\/deutschcolor.com\/al\/product\/smartec\/#breadcrumb\"},\"inLanguage\":\"en-US\",\"potentialAction\":[{\"@type\":\"ReadAction\",\"target\":[\"https:\/\/deutschcolor.com\/al\/product\/smartec\/\"]}]},{\"@type\":\"BreadcrumbList\",\"@id\":\"https:\/\/deutschcolor.com\/al\/product\/smartec\/#breadcrumb\",\"itemListElement\":[{\"@type\":\"ListItem\",\"position\":1,\"item\":{\"@type\":\"WebPage\",\"@id\":\"https:\/\/deutschcolor.com\/al\/\",\"url\":\"https:\/\/deutschcolor.com\/al\/\",\"name\":\"Home\"}},{\"@type\":\"ListItem\",\"position\":2,\"item\":{\"@type\":\"WebPage\",\"@id\":\"https:\/\/deutschcolor.com\/al\/shop\/\",\"url\":\"https:\/\/deutschcolor.com\/al\/shop\/\",\"name\":\"SHOP\"}},{\"@type\":\"ListItem\",\"position\":3,\"item\":{\"@type\":\"WebPage\",\"@id\":\"https:\/\/deutschcolor.com\/al\/product-category\/veshje-dekorative\/\",\"url\":\"https:\/\/deutschcolor.com\/al\/product-category\/veshje-dekorative\/\",\"name\":\"Veshje Dekorative\"}},{\"@type\":\"ListItem\",\"position\":4,\"item\":{\"@type\":\"WebPage\",\"@id\":\"https:\/\/deutschcolor.com\/al\/product\/smartec\/\",\"url\":\"https:\/\/deutschcolor.com\/al\/product\/smartec\/\",\"name\":\"Smartec\"}}]}]}<\/script>\n<!-- \/ Yoast SEO plugin. -->","_links":{"self":[{"href":"https:\/\/deutschcolor.com\/al\/wp-json\/wp\/v2\/product\/25880","targetHints":{"allow":["GET"]}}],"collection":[{"href":"https:\/\/deutschcolor.com\/al\/wp-json\/wp\/v2\/product"}],"about":[{"href":"https:\/\/deutschcolor.com\/al\/wp-json\/wp\/v2\/types\/product"}],"replies":[{"embeddable":true,"href":"https:\/\/deutschcolor.com\/al\/wp-json\/wp\/v2\/comments?post=25880"}],"wp:featuredmedia":[{"embeddable":true,"href":"https:\/\/deutschcolor.com\/al\/wp-json\/wp\/v2\/media\/25881"}],"wp:attachment":[{"href":"https:\/\/deutschcolor.com\/al\/wp-json\/wp\/v2\/media?parent=25880"}],"curies":[{"name":"wp","href":"https:\/\/api.w.org\/{rel}","templated":true}]}}