{"id":25883,"date":"2024-12-06T10:50:39","date_gmt":"2024-12-06T10:50:39","guid":{"rendered":"https:\/\/deutschcolor.com\/al\/?post_type=product&#038;p=25883"},"modified":"2024-12-06T10:50:39","modified_gmt":"2024-12-06T10:50:39","slug":"spachtel-finish","status":"publish","type":"product","link":"https:\/\/deutschcolor.com\/al\/product\/spachtel-finish\/","title":{"rendered":"Spachtel Finish"},"content":{"rendered":"<p><strong>Karakteristikat e produktit<\/strong><br \/>\n \u2022  Nuk krijon \u00e7arje<br \/>\n \u2022  Ngjitje e fort\u00eb<br \/>\n \u2022  Ngjyr\u00eb e bardh\u00eb<br \/>\n \u2022  Sip\u00ebrfaqe finale e l\u00ebmuar<br \/>\n \u2022  Aplikim dhe zmerilim i leht\u00eb<br \/>\n \u2022  Nuk ka tkurrje edhe me cip\u00eb t\u00eb trash\u00eb<\/p>\n<p><strong>Rekomandimet p\u00ebr p\u00ebrdorim<\/strong><br \/>\n P\u00ebrdoret p\u00ebr l\u00ebmimin e mureve n\u00eb t\u00eb gjith\u00eb ambientet e brendshme t\u00eb banimit, ku duam t\u00eb krijojm\u00eb sip\u00ebrfaqe t\u00eb<br \/>\n l\u00ebmuar dhe t\u00eb drejt\u00eb, p\u00ebr patinimin e sip\u00ebrfaqeve murale t\u00eb brendshme, t\u00eb sip\u00ebrfaqeve t\u00eb tavanit, t\u00eb sip\u00ebrfaqeve<br \/>\nt\u00eb betonit n\u00eb ambientet e brendshme, t\u00eb sip\u00ebrfaqeve t\u00eb dhomave, kuzhinave, tualeteve, etj.<\/p>\n<p>###<\/p>\n<p><strong>Ruajtja<\/strong><br \/>\n 12 muaj n\u00ebse ruhet n\u00eb nj\u00eb vend t\u00eb that\u00eb, larg burimeve t\u00eb nxeht\u00ebsis\u00eb, n\u00eb nj\u00eb temperatur\u00eb midis +5\u00b0C dhe<br \/>\n+30\u00b0C. Mbrojeni nga ngrica.<\/p>\n<p><strong>Sh\u00ebnime<\/strong><br \/>\n\u2022 N\u00eb sip\u00ebrfaqet e fresk\u00ebta t\u00eb betonit produkti rekomandohet t\u00eb aplikohet t\u00eb pakt\u00ebn pas 30-40 dit\u00ebsh.<br \/>\n \u2022 Rekomandohet t\u00eb shmangni aplikimin e produktit n\u00eb temperatura n\u00ebn 5\u00baC.<\/p>\n","protected":false},"excerpt":{"rendered":"<p> Stuko patinimi me baz\u00eb \u00e7imento, e p\u00ebrb\u00ebr\u00eb nga filler me granulomeri t\u00eb seleksioniuar dhe adetiv\u00eb special\u00eb p\u00ebr p\u00ebrdorim t\u00eb brendsh\u00ebm<\/p>\n","protected":false},"featured_media":25885,"comment_status":"closed","ping_status":"closed","template":"","meta":{"_glsr_average":0,"_glsr_ranking":0,"_glsr_reviews":0},"class_list":["post-25883","product","type-product","status-publish","has-post-thumbnail","hentry","product_cat-veshje-dekorative","product_cat-veshje-dekorative-veshje-dekorative"],"yoast_head":"<!-- This site is optimized with the Yoast SEO plugin v15.0 - https:\/\/yoast.com\/wordpress\/plugins\/seo\/ -->\n<title>Spachtel Finish - Deutschcolor<\/title>\n<meta name=\"robots\" content=\"index, follow, max-snippet:-1, max-image-preview:large, max-video-preview:-1\" \/>\n<link rel=\"canonical\" href=\"https:\/\/deutschcolor.com\/al\/product\/spachtel-finish\/\" \/>\n<meta property=\"og:locale\" content=\"en_US\" \/>\n<meta property=\"og:type\" content=\"article\" \/>\n<meta property=\"og:title\" content=\"Spachtel Finish - Deutschcolor\" \/>\n<meta property=\"og:description\" content=\"Stuko patinimi me baz\u00eb \u00e7imento, e p\u00ebrb\u00ebr\u00eb nga filler me granulomeri t\u00eb seleksioniuar dhe adetiv\u00eb special\u00eb p\u00ebr p\u00ebrdorim t\u00eb brendsh\u00ebm\" \/>\n<meta property=\"og:url\" content=\"https:\/\/deutschcolor.com\/al\/product\/spachtel-finish\/\" \/>\n<meta property=\"og:site_name\" content=\"Deutschcolor\" \/>\n<meta property=\"article:publisher\" content=\"https:\/\/www.facebook.com\/deutschcolorofficial\" \/>\n<meta property=\"og:image\" content=\"https:\/\/deutschcolor.com\/al\/wp-content\/uploads\/2024\/12\/spachtel-finish.jpg\" \/>\n\t<meta property=\"og:image:width\" content=\"800\" \/>\n\t<meta property=\"og:image:height\" content=\"800\" \/>\n<meta name=\"twitter:card\" content=\"summary_large_image\" \/>\n<script type=\"application\/ld+json\" class=\"yoast-schema-graph\">{\"@context\":\"https:\/\/schema.org\",\"@graph\":[{\"@type\":\"WebSite\",\"@id\":\"https:\/\/deutschcolor.com\/al\/#website\",\"url\":\"https:\/\/deutschcolor.com\/al\/\",\"name\":\"Deutschcolor\",\"description\":\"Deutschcolor Albania\",\"potentialAction\":[{\"@type\":\"SearchAction\",\"target\":\"https:\/\/deutschcolor.com\/al\/?s={search_term_string}\",\"query-input\":\"required name=search_term_string\"}],\"inLanguage\":\"en-US\"},{\"@type\":\"ImageObject\",\"@id\":\"https:\/\/deutschcolor.com\/al\/product\/spachtel-finish\/#primaryimage\",\"inLanguage\":\"en-US\",\"url\":\"https:\/\/deutschcolor.com\/al\/wp-content\/uploads\/2024\/12\/spachtel-finish.jpg\",\"width\":800,\"height\":800},{\"@type\":\"WebPage\",\"@id\":\"https:\/\/deutschcolor.com\/al\/product\/spachtel-finish\/#webpage\",\"url\":\"https:\/\/deutschcolor.com\/al\/product\/spachtel-finish\/\",\"name\":\"Spachtel Finish - Deutschcolor\",\"isPartOf\":{\"@id\":\"https:\/\/deutschcolor.com\/al\/#website\"},\"primaryImageOfPage\":{\"@id\":\"https:\/\/deutschcolor.com\/al\/product\/spachtel-finish\/#primaryimage\"},\"datePublished\":\"2024-12-06T10:50:39+00:00\",\"dateModified\":\"2024-12-06T10:50:39+00:00\",\"breadcrumb\":{\"@id\":\"https:\/\/deutschcolor.com\/al\/product\/spachtel-finish\/#breadcrumb\"},\"inLanguage\":\"en-US\",\"potentialAction\":[{\"@type\":\"ReadAction\",\"target\":[\"https:\/\/deutschcolor.com\/al\/product\/spachtel-finish\/\"]}]},{\"@type\":\"BreadcrumbList\",\"@id\":\"https:\/\/deutschcolor.com\/al\/product\/spachtel-finish\/#breadcrumb\",\"itemListElement\":[{\"@type\":\"ListItem\",\"position\":1,\"item\":{\"@type\":\"WebPage\",\"@id\":\"https:\/\/deutschcolor.com\/al\/\",\"url\":\"https:\/\/deutschcolor.com\/al\/\",\"name\":\"Home\"}},{\"@type\":\"ListItem\",\"position\":2,\"item\":{\"@type\":\"WebPage\",\"@id\":\"https:\/\/deutschcolor.com\/al\/shop\/\",\"url\":\"https:\/\/deutschcolor.com\/al\/shop\/\",\"name\":\"SHOP\"}},{\"@type\":\"ListItem\",\"position\":3,\"item\":{\"@type\":\"WebPage\",\"@id\":\"https:\/\/deutschcolor.com\/al\/product-category\/veshje-dekorative\/\",\"url\":\"https:\/\/deutschcolor.com\/al\/product-category\/veshje-dekorative\/\",\"name\":\"Veshje Dekorative\"}},{\"@type\":\"ListItem\",\"position\":4,\"item\":{\"@type\":\"WebPage\",\"@id\":\"https:\/\/deutschcolor.com\/al\/product\/spachtel-finish\/\",\"url\":\"https:\/\/deutschcolor.com\/al\/product\/spachtel-finish\/\",\"name\":\"Spachtel Finish\"}}]}]}<\/script>\n<!-- \/ Yoast SEO plugin. -->","_links":{"self":[{"href":"https:\/\/deutschcolor.com\/al\/wp-json\/wp\/v2\/product\/25883","targetHints":{"allow":["GET"]}}],"collection":[{"href":"https:\/\/deutschcolor.com\/al\/wp-json\/wp\/v2\/product"}],"about":[{"href":"https:\/\/deutschcolor.com\/al\/wp-json\/wp\/v2\/types\/product"}],"replies":[{"embeddable":true,"href":"https:\/\/deutschcolor.com\/al\/wp-json\/wp\/v2\/comments?post=25883"}],"wp:featuredmedia":[{"embeddable":true,"href":"https:\/\/deutschcolor.com\/al\/wp-json\/wp\/v2\/media\/25885"}],"wp:attachment":[{"href":"https:\/\/deutschcolor.com\/al\/wp-json\/wp\/v2\/media?parent=25883"}],"curies":[{"name":"wp","href":"https:\/\/api.w.org\/{rel}","templated":true}]}}