{"id":26150,"date":"2025-03-28T08:56:45","date_gmt":"2025-03-28T08:56:45","guid":{"rendered":"https:\/\/deutschcolor.com\/al\/?post_type=product&#038;p=26150"},"modified":"2025-03-28T09:05:55","modified_gmt":"2025-03-28T09:05:55","slug":"venice","status":"publish","type":"product","link":"https:\/\/deutschcolor.com\/al\/product\/venice\/","title":{"rendered":"VENICE"},"content":{"rendered":"<p>Bojera me rezistenc\u00eb t\u00eb lart\u00eb ndaj kushteve t\u00eb ndryshme atmosferike, me baz\u00eb emulsioni akrilik.<\/p>\n","protected":false},"excerpt":{"rendered":"<p>Bojra me rezistenc\u00eb t\u00eb lart\u00eb ndaj kushteve atmosferike.<\/p>\n","protected":false},"featured_media":25591,"comment_status":"closed","ping_status":"closed","template":"","meta":{"_glsr_average":0,"_glsr_ranking":0,"_glsr_reviews":0},"class_list":["post-26150","product","type-product","status-publish","has-post-thumbnail","hentry","product_cat-rekomandimet"],"yoast_head":"<!-- This site is optimized with the Yoast SEO plugin v15.0 - https:\/\/yoast.com\/wordpress\/plugins\/seo\/ -->\n<title>Bojra me rezistenc\u00eb te larte atmosferike - VENICE - Deutsch Color<\/title>\n<meta name=\"description\" content=\"Bojra me rezistenc\u00eb t\u00eb lart\u00eb ndaj kushteve t\u00eb ndryshme atmosferike, me baz\u00eb emulsioni akrilik. Zgjidhje ideale.\" \/>\n<meta name=\"robots\" content=\"index, follow, max-snippet:-1, max-image-preview:large, max-video-preview:-1\" \/>\n<link rel=\"canonical\" href=\"https:\/\/deutschcolor.com\/al\/product\/venice\/\" \/>\n<meta property=\"og:locale\" content=\"en_US\" \/>\n<meta property=\"og:type\" content=\"article\" \/>\n<meta property=\"og:title\" content=\"Bojra me rezistenc\u00eb te larte atmosferike - VENICE - Deutsch Color\" \/>\n<meta property=\"og:description\" content=\"Bojra me rezistenc\u00eb t\u00eb lart\u00eb ndaj kushteve t\u00eb ndryshme atmosferike, me baz\u00eb emulsioni akrilik. Zgjidhje ideale.\" \/>\n<meta property=\"og:url\" content=\"https:\/\/deutschcolor.com\/al\/product\/venice\/\" \/>\n<meta property=\"og:site_name\" content=\"Deutschcolor\" \/>\n<meta property=\"article:publisher\" content=\"https:\/\/www.facebook.com\/deutschcolorofficial\" \/>\n<meta property=\"article:modified_time\" content=\"2025-03-28T09:05:55+00:00\" \/>\n<meta property=\"og:image\" content=\"https:\/\/deutschcolor.com\/al\/wp-content\/uploads\/2024\/11\/20.jpg\" \/>\n\t<meta property=\"og:image:width\" content=\"1500\" \/>\n\t<meta property=\"og:image:height\" content=\"1500\" \/>\n<meta name=\"twitter:card\" content=\"summary_large_image\" \/>\n<script type=\"application\/ld+json\" class=\"yoast-schema-graph\">{\"@context\":\"https:\/\/schema.org\",\"@graph\":[{\"@type\":\"WebSite\",\"@id\":\"https:\/\/deutschcolor.com\/al\/#website\",\"url\":\"https:\/\/deutschcolor.com\/al\/\",\"name\":\"Deutschcolor\",\"description\":\"Deutschcolor Albania\",\"potentialAction\":[{\"@type\":\"SearchAction\",\"target\":\"https:\/\/deutschcolor.com\/al\/?s={search_term_string}\",\"query-input\":\"required name=search_term_string\"}],\"inLanguage\":\"en-US\"},{\"@type\":\"ImageObject\",\"@id\":\"https:\/\/deutschcolor.com\/al\/product\/venice\/#primaryimage\",\"inLanguage\":\"en-US\",\"url\":\"https:\/\/deutschcolor.com\/al\/wp-content\/uploads\/2024\/11\/20.jpg\",\"width\":1500,\"height\":1500,\"caption\":\"Bojra Venice profesionale per shtepi dhe industri.\"},{\"@type\":\"WebPage\",\"@id\":\"https:\/\/deutschcolor.com\/al\/product\/venice\/#webpage\",\"url\":\"https:\/\/deutschcolor.com\/al\/product\/venice\/\",\"name\":\"Bojra me rezistenc\\u00eb te larte atmosferike - VENICE - Deutsch Color\",\"isPartOf\":{\"@id\":\"https:\/\/deutschcolor.com\/al\/#website\"},\"primaryImageOfPage\":{\"@id\":\"https:\/\/deutschcolor.com\/al\/product\/venice\/#primaryimage\"},\"datePublished\":\"2025-03-28T08:56:45+00:00\",\"dateModified\":\"2025-03-28T09:05:55+00:00\",\"description\":\"Bojra me rezistenc\\u00eb t\\u00eb lart\\u00eb ndaj kushteve t\\u00eb ndryshme atmosferike, me baz\\u00eb emulsioni akrilik. Zgjidhje ideale.\",\"breadcrumb\":{\"@id\":\"https:\/\/deutschcolor.com\/al\/product\/venice\/#breadcrumb\"},\"inLanguage\":\"en-US\",\"potentialAction\":[{\"@type\":\"ReadAction\",\"target\":[\"https:\/\/deutschcolor.com\/al\/product\/venice\/\"]}]},{\"@type\":\"BreadcrumbList\",\"@id\":\"https:\/\/deutschcolor.com\/al\/product\/venice\/#breadcrumb\",\"itemListElement\":[{\"@type\":\"ListItem\",\"position\":1,\"item\":{\"@type\":\"WebPage\",\"@id\":\"https:\/\/deutschcolor.com\/al\/\",\"url\":\"https:\/\/deutschcolor.com\/al\/\",\"name\":\"Home\"}},{\"@type\":\"ListItem\",\"position\":2,\"item\":{\"@type\":\"WebPage\",\"@id\":\"https:\/\/deutschcolor.com\/al\/shop\/\",\"url\":\"https:\/\/deutschcolor.com\/al\/shop\/\",\"name\":\"SHOP\"}},{\"@type\":\"ListItem\",\"position\":3,\"item\":{\"@type\":\"WebPage\",\"@id\":\"https:\/\/deutschcolor.com\/al\/product-category\/rekomandimet\/\",\"url\":\"https:\/\/deutschcolor.com\/al\/product-category\/rekomandimet\/\",\"name\":\"Rekomandimet\"}},{\"@type\":\"ListItem\",\"position\":4,\"item\":{\"@type\":\"WebPage\",\"@id\":\"https:\/\/deutschcolor.com\/al\/product\/venice\/\",\"url\":\"https:\/\/deutschcolor.com\/al\/product\/venice\/\",\"name\":\"VENICE\"}}]}]}<\/script>\n<!-- \/ Yoast SEO plugin. -->","_links":{"self":[{"href":"https:\/\/deutschcolor.com\/al\/wp-json\/wp\/v2\/product\/26150","targetHints":{"allow":["GET"]}}],"collection":[{"href":"https:\/\/deutschcolor.com\/al\/wp-json\/wp\/v2\/product"}],"about":[{"href":"https:\/\/deutschcolor.com\/al\/wp-json\/wp\/v2\/types\/product"}],"replies":[{"embeddable":true,"href":"https:\/\/deutschcolor.com\/al\/wp-json\/wp\/v2\/comments?post=26150"}],"wp:featuredmedia":[{"embeddable":true,"href":"https:\/\/deutschcolor.com\/al\/wp-json\/wp\/v2\/media\/25591"}],"wp:attachment":[{"href":"https:\/\/deutschcolor.com\/al\/wp-json\/wp\/v2\/media?parent=26150"}],"curies":[{"name":"wp","href":"https:\/\/api.w.org\/{rel}","templated":true}]}}