{"id":26151,"date":"2025-03-27T10:09:46","date_gmt":"2025-03-27T10:09:46","guid":{"rendered":"https:\/\/deutschcolor.com\/al\/?post_type=product&#038;p=26151"},"modified":"2025-03-28T09:15:06","modified_gmt":"2025-03-28T09:15:06","slug":"bojra-profesionale","status":"publish","type":"product","link":"https:\/\/deutschcolor.com\/al\/product\/bojra-profesionale\/","title":{"rendered":"PICASSO MASTER"},"content":{"rendered":"<p>Picasso Master bojra profesionale vetem ne <a href=\"https:\/\/deutschcolor.com\/al\/\">Deutschcolor<\/a>. Ruajtja, 36 muaj n\u00ebse ruhet n\u00eb nj\u00eb vend t\u00eb that\u00eb, larg burimeve t\u00eb nxeht\u00ebsis\u00eb, n\u00eb nj\u00eb temperatur\u00eb midis +5\u00b0C dhe +30\u00b0C. Mbrojeni nga ngrica.<\/p>\n","protected":false},"excerpt":{"rendered":"<p>Picasso Master bojra profesionale vetem ne <a href=\"https:\/\/deutschcolor.com\/al\/\">Deutschcolor<\/a>.<\/p>\n","protected":false},"featured_media":25600,"comment_status":"closed","ping_status":"closed","template":"","meta":{"_glsr_average":0,"_glsr_ranking":0,"_glsr_reviews":0},"class_list":["post-26151","product","type-product","status-publish","has-post-thumbnail","hentry","product_cat-rekomandimet"],"yoast_head":"<!-- This site is optimized with the Yoast SEO plugin v15.0 - https:\/\/yoast.com\/wordpress\/plugins\/seo\/ -->\n<title>Picasso Master bojra profesionale - PICASSO MASTER - Deutschcolor<\/title>\n<meta name=\"description\" content=\"Picasso Master bojra profesionale vetem ne Deutschcolor. Zgjidhja juaj profesionale p\u00ebr shtepine dhe bisnesin tuaj.\" \/>\n<meta name=\"robots\" content=\"index, follow, max-snippet:-1, max-image-preview:large, max-video-preview:-1\" \/>\n<link rel=\"canonical\" href=\"https:\/\/deutschcolor.com\/al\/product\/bojra-profesionale\/\" \/>\n<meta property=\"og:locale\" content=\"en_US\" \/>\n<meta property=\"og:type\" content=\"article\" \/>\n<meta property=\"og:title\" content=\"Picasso Master bojra profesionale - PICASSO MASTER - Deutschcolor\" \/>\n<meta property=\"og:description\" content=\"Picasso Master bojra profesionale vetem ne Deutschcolor. Zgjidhja juaj profesionale p\u00ebr shtepine dhe bisnesin tuaj.\" \/>\n<meta property=\"og:url\" content=\"https:\/\/deutschcolor.com\/al\/product\/bojra-profesionale\/\" \/>\n<meta property=\"og:site_name\" content=\"Deutschcolor\" \/>\n<meta property=\"article:publisher\" content=\"https:\/\/www.facebook.com\/deutschcolorofficial\" \/>\n<meta property=\"article:modified_time\" content=\"2025-03-28T09:15:06+00:00\" \/>\n<meta property=\"og:image\" content=\"https:\/\/deutschcolor.com\/al\/wp-content\/uploads\/2024\/11\/23.jpg\" \/>\n\t<meta property=\"og:image:width\" content=\"1500\" \/>\n\t<meta property=\"og:image:height\" content=\"1500\" \/>\n<meta name=\"twitter:card\" content=\"summary_large_image\" \/>\n<script type=\"application\/ld+json\" class=\"yoast-schema-graph\">{\"@context\":\"https:\/\/schema.org\",\"@graph\":[{\"@type\":\"WebSite\",\"@id\":\"https:\/\/deutschcolor.com\/al\/#website\",\"url\":\"https:\/\/deutschcolor.com\/al\/\",\"name\":\"Deutschcolor\",\"description\":\"Deutschcolor Albania\",\"potentialAction\":[{\"@type\":\"SearchAction\",\"target\":\"https:\/\/deutschcolor.com\/al\/?s={search_term_string}\",\"query-input\":\"required name=search_term_string\"}],\"inLanguage\":\"en-US\"},{\"@type\":\"ImageObject\",\"@id\":\"https:\/\/deutschcolor.com\/al\/product\/bojra-profesionale\/#primaryimage\",\"inLanguage\":\"en-US\",\"url\":\"https:\/\/deutschcolor.com\/al\/wp-content\/uploads\/2024\/11\/23.jpg\",\"width\":1500,\"height\":1500,\"caption\":\"Bojera me standart e Europes te certifikuar. Picasso master boje ekologjike.\"},{\"@type\":\"WebPage\",\"@id\":\"https:\/\/deutschcolor.com\/al\/product\/bojra-profesionale\/#webpage\",\"url\":\"https:\/\/deutschcolor.com\/al\/product\/bojra-profesionale\/\",\"name\":\"Picasso Master bojra profesionale - PICASSO MASTER - Deutschcolor\",\"isPartOf\":{\"@id\":\"https:\/\/deutschcolor.com\/al\/#website\"},\"primaryImageOfPage\":{\"@id\":\"https:\/\/deutschcolor.com\/al\/product\/bojra-profesionale\/#primaryimage\"},\"datePublished\":\"2025-03-27T10:09:46+00:00\",\"dateModified\":\"2025-03-28T09:15:06+00:00\",\"description\":\"Picasso Master bojra profesionale vetem ne Deutschcolor. Zgjidhja juaj profesionale p\\u00ebr shtepine dhe bisnesin tuaj.\",\"breadcrumb\":{\"@id\":\"https:\/\/deutschcolor.com\/al\/product\/bojra-profesionale\/#breadcrumb\"},\"inLanguage\":\"en-US\",\"potentialAction\":[{\"@type\":\"ReadAction\",\"target\":[\"https:\/\/deutschcolor.com\/al\/product\/bojra-profesionale\/\"]}]},{\"@type\":\"BreadcrumbList\",\"@id\":\"https:\/\/deutschcolor.com\/al\/product\/bojra-profesionale\/#breadcrumb\",\"itemListElement\":[{\"@type\":\"ListItem\",\"position\":1,\"item\":{\"@type\":\"WebPage\",\"@id\":\"https:\/\/deutschcolor.com\/al\/\",\"url\":\"https:\/\/deutschcolor.com\/al\/\",\"name\":\"Home\"}},{\"@type\":\"ListItem\",\"position\":2,\"item\":{\"@type\":\"WebPage\",\"@id\":\"https:\/\/deutschcolor.com\/al\/shop\/\",\"url\":\"https:\/\/deutschcolor.com\/al\/shop\/\",\"name\":\"SHOP\"}},{\"@type\":\"ListItem\",\"position\":3,\"item\":{\"@type\":\"WebPage\",\"@id\":\"https:\/\/deutschcolor.com\/al\/product-category\/rekomandimet\/\",\"url\":\"https:\/\/deutschcolor.com\/al\/product-category\/rekomandimet\/\",\"name\":\"Rekomandimet\"}},{\"@type\":\"ListItem\",\"position\":4,\"item\":{\"@type\":\"WebPage\",\"@id\":\"https:\/\/deutschcolor.com\/al\/product\/bojra-profesionale\/\",\"url\":\"https:\/\/deutschcolor.com\/al\/product\/bojra-profesionale\/\",\"name\":\"PICASSO MASTER\"}}]}]}<\/script>\n<!-- \/ Yoast SEO plugin. -->","_links":{"self":[{"href":"https:\/\/deutschcolor.com\/al\/wp-json\/wp\/v2\/product\/26151","targetHints":{"allow":["GET"]}}],"collection":[{"href":"https:\/\/deutschcolor.com\/al\/wp-json\/wp\/v2\/product"}],"about":[{"href":"https:\/\/deutschcolor.com\/al\/wp-json\/wp\/v2\/types\/product"}],"replies":[{"embeddable":true,"href":"https:\/\/deutschcolor.com\/al\/wp-json\/wp\/v2\/comments?post=26151"}],"wp:featuredmedia":[{"embeddable":true,"href":"https:\/\/deutschcolor.com\/al\/wp-json\/wp\/v2\/media\/25600"}],"wp:attachment":[{"href":"https:\/\/deutschcolor.com\/al\/wp-json\/wp\/v2\/media?parent=26151"}],"curies":[{"name":"wp","href":"https:\/\/api.w.org\/{rel}","templated":true}]}}