{"id":26481,"date":"2025-05-27T07:05:11","date_gmt":"2025-05-27T07:05:11","guid":{"rendered":"https:\/\/deutschcolor.com\/al\/?post_type=product&#038;p=26481"},"modified":"2025-05-31T11:12:44","modified_gmt":"2025-05-31T11:12:44","slug":"vn-35-gypsum-board","status":"publish","type":"product","link":"https:\/\/deutschcolor.com\/al\/product\/vn-35-gypsum-board\/","title":{"rendered":"VN-35 Gypsum Board"},"content":{"rendered":"<p><strong>Karakteristikat e produktit<\/strong><\/p>\n<p>Boj\u00eb Cil\u00ebsore p\u00ebr Sht\u00ebpi:<br \/>\n1 Pa amoniak<br \/>\n2 Sip\u00ebrfaqe p\u00ebrfundimtare e mat\u00eb<br \/>\n3 Ngjitje e fort\u00eb dhe tharje e shpejt\u00eb<br \/>\n4 Punueshm\u00ebri dhe nivelim i lart\u00eb<br \/>\n5 Mbulim i lart\u00eb dhe bardh\u00ebsi e theksuar<br \/>\n6 P\u00ebrballon 1500 cikle larjeje 30 dit\u00eb pas aplikimit<br \/>\n7 Zgjidhje ekonomike p\u00ebr lyerje dhe freskim t\u00eb shpejt\u00eb<\/p>\n<p><strong>Rekomandimet p\u00ebr p\u00ebrdorim<\/strong><br \/>\nVN-35 Gypsum Board p\u00ebrdoret si nj\u00eb <a href=\"https:\/\/deutschcolor.com\/al\/product-category\/bojra\/\">boj\u00eb<\/a> e brendshme me p\u00ebrfundim mat, e aplikuar direkt mbi panele gipsi, suva p\u00ebrfundimtare me baz\u00eb g\u00eblqereje, <a href=\"https:\/\/sq.wikipedia.org\/wiki\/%C3%87imento\">g\u00eblqere-cement<\/a>, suva gipsi dhe sip\u00ebrfaqe t\u00eb tjera ku k\u00ebrkohet mbulim i lart\u00eb dhe aft\u00ebsi e mir\u00eb mbuluese.<\/p>\n<p>###<\/p>\n<p><strong>Ruajtja<\/strong><br \/>\n24 muaj n\u00ebse ruhet n\u00eb nj\u00eb vend t\u00eb that\u00eb, larg burimeve t\u00eb nxeht\u00ebsis\u00eb, n\u00eb nj\u00eb temperatur\u00eb midis +5\u00b0C dhe +30\u00b0C. Mbroni at\u00eb nga ngrica.<\/p>\n<p><strong>Sh\u00ebnime<\/strong><br \/>\n\u2022 Rekomandohet t\u00eb shmanget aplikimi i produktit n\u00eb temperatura n\u00ebn 5\u00baC.<br \/>\n\u2022 N\u00eb sip\u00ebrfaqe betoni i fresk\u00ebt, produkti duhet t\u00eb aplikohet t\u00eb pakt\u00ebn pas 30-40 dit\u00ebsh.<\/p>\n<p>###<\/p>\n<p>Partneret tane: <a href=\"https:\/\/deltacorporation.eu\/\" target=\"_blank\" rel=\"noopener\">Delta Corporation<\/a><\/p>\n","protected":false},"excerpt":{"rendered":"<p>Boj\u00eb e brendshme me mbulim t\u00eb lart\u00eb dhe opacitet t\u00eb lart\u00eb. Ngjitje e fort\u00eb dhe tharje e shpejt\u00eb. Zgjidhje Ideale.<\/p>\n","protected":false},"featured_media":26486,"comment_status":"closed","ping_status":"closed","template":"","meta":{"_glsr_average":0,"_glsr_ranking":0,"_glsr_reviews":0},"class_list":["post-26481","product","type-product","status-publish","has-post-thumbnail","hentry","product_cat-bojra","product_cat-bojera-per-ambiente-te-brendshme"],"yoast_head":"<!-- This site is optimized with the Yoast SEO plugin v15.0 - https:\/\/yoast.com\/wordpress\/plugins\/seo\/ -->\n<title>Boj\u00eb e Brendshme - Deutsch Color - Boj\u00eb Cil\u00ebsore p\u00ebr Sht\u00ebpi<\/title>\n<meta name=\"description\" content=\"Boj\u00eb e brendshme me mbulim t\u00eb lart\u00eb dhe opacitet t\u00eb lart\u00eb. Boj\u00eb plastike e nj\u00eb cil\u00ebsie premium. Boj\u00eb Cil\u00ebsore p\u00ebr Sht\u00ebpi\" \/>\n<meta name=\"robots\" content=\"index, follow, max-snippet:-1, max-image-preview:large, max-video-preview:-1\" \/>\n<link rel=\"canonical\" href=\"https:\/\/deutschcolor.com\/al\/product\/vn-35-gypsum-board\/\" \/>\n<meta property=\"og:locale\" content=\"en_US\" \/>\n<meta property=\"og:type\" content=\"article\" \/>\n<meta property=\"og:title\" content=\"Boj\u00eb e Brendshme - Deutsch Color - Boj\u00eb Cil\u00ebsore p\u00ebr Sht\u00ebpi\" \/>\n<meta property=\"og:description\" content=\"Boj\u00eb e brendshme me mbulim t\u00eb lart\u00eb dhe opacitet t\u00eb lart\u00eb. Boj\u00eb plastike e nj\u00eb cil\u00ebsie premium. Boj\u00eb Cil\u00ebsore p\u00ebr Sht\u00ebpi\" \/>\n<meta property=\"og:url\" content=\"https:\/\/deutschcolor.com\/al\/product\/vn-35-gypsum-board\/\" \/>\n<meta property=\"og:site_name\" content=\"Deutschcolor\" \/>\n<meta property=\"article:publisher\" content=\"https:\/\/www.facebook.com\/deutschcolorofficial\" \/>\n<meta property=\"article:modified_time\" content=\"2025-05-31T11:12:44+00:00\" \/>\n<meta property=\"og:image\" content=\"https:\/\/deutschcolor.com\/al\/wp-content\/uploads\/2025\/05\/deutsch_color_vn35_final.png\" \/>\n\t<meta property=\"og:image:width\" content=\"261\" \/>\n\t<meta property=\"og:image:height\" content=\"235\" \/>\n<meta name=\"twitter:card\" content=\"summary_large_image\" \/>\n<script type=\"application\/ld+json\" class=\"yoast-schema-graph\">{\"@context\":\"https:\/\/schema.org\",\"@graph\":[{\"@type\":\"WebSite\",\"@id\":\"https:\/\/deutschcolor.com\/al\/#website\",\"url\":\"https:\/\/deutschcolor.com\/al\/\",\"name\":\"Deutschcolor\",\"description\":\"Deutschcolor Albania\",\"potentialAction\":[{\"@type\":\"SearchAction\",\"target\":\"https:\/\/deutschcolor.com\/al\/?s={search_term_string}\",\"query-input\":\"required name=search_term_string\"}],\"inLanguage\":\"en-US\"},{\"@type\":\"ImageObject\",\"@id\":\"https:\/\/deutschcolor.com\/al\/product\/vn-35-gypsum-board\/#primaryimage\",\"inLanguage\":\"en-US\",\"url\":\"https:\/\/deutschcolor.com\/al\/wp-content\/uploads\/2025\/05\/deutsch_color_vn35_final.png\",\"width\":261,\"height\":235,\"caption\":\"VN-35 Gypsum Board \\u00ebsht\\u00eb nj\\u00eb boj\\u00eb e brendshme me mbulim t\\u00eb lart\\u00eb dhe opacitet t\\u00eb lart\\u00eb. Nga Deutsch Color.\"},{\"@type\":\"WebPage\",\"@id\":\"https:\/\/deutschcolor.com\/al\/product\/vn-35-gypsum-board\/#webpage\",\"url\":\"https:\/\/deutschcolor.com\/al\/product\/vn-35-gypsum-board\/\",\"name\":\"Boj\\u00eb e Brendshme - Deutsch Color - Boj\\u00eb Cil\\u00ebsore p\\u00ebr Sht\\u00ebpi\",\"isPartOf\":{\"@id\":\"https:\/\/deutschcolor.com\/al\/#website\"},\"primaryImageOfPage\":{\"@id\":\"https:\/\/deutschcolor.com\/al\/product\/vn-35-gypsum-board\/#primaryimage\"},\"datePublished\":\"2025-05-27T07:05:11+00:00\",\"dateModified\":\"2025-05-31T11:12:44+00:00\",\"description\":\"Boj\\u00eb e brendshme me mbulim t\\u00eb lart\\u00eb dhe opacitet t\\u00eb lart\\u00eb. Boj\\u00eb plastike e nj\\u00eb cil\\u00ebsie premium. Boj\\u00eb Cil\\u00ebsore p\\u00ebr Sht\\u00ebpi\",\"breadcrumb\":{\"@id\":\"https:\/\/deutschcolor.com\/al\/product\/vn-35-gypsum-board\/#breadcrumb\"},\"inLanguage\":\"en-US\",\"potentialAction\":[{\"@type\":\"ReadAction\",\"target\":[\"https:\/\/deutschcolor.com\/al\/product\/vn-35-gypsum-board\/\"]}]},{\"@type\":\"BreadcrumbList\",\"@id\":\"https:\/\/deutschcolor.com\/al\/product\/vn-35-gypsum-board\/#breadcrumb\",\"itemListElement\":[{\"@type\":\"ListItem\",\"position\":1,\"item\":{\"@type\":\"WebPage\",\"@id\":\"https:\/\/deutschcolor.com\/al\/\",\"url\":\"https:\/\/deutschcolor.com\/al\/\",\"name\":\"Home\"}},{\"@type\":\"ListItem\",\"position\":2,\"item\":{\"@type\":\"WebPage\",\"@id\":\"https:\/\/deutschcolor.com\/al\/shop\/\",\"url\":\"https:\/\/deutschcolor.com\/al\/shop\/\",\"name\":\"SHOP\"}},{\"@type\":\"ListItem\",\"position\":3,\"item\":{\"@type\":\"WebPage\",\"@id\":\"https:\/\/deutschcolor.com\/al\/product-category\/bojra\/\",\"url\":\"https:\/\/deutschcolor.com\/al\/product-category\/bojra\/\",\"name\":\"Bojra\"}},{\"@type\":\"ListItem\",\"position\":4,\"item\":{\"@type\":\"WebPage\",\"@id\":\"https:\/\/deutschcolor.com\/al\/product-category\/bojra\/bojera-per-ambiente-te-brendshme\/\",\"url\":\"https:\/\/deutschcolor.com\/al\/product-category\/bojra\/bojera-per-ambiente-te-brendshme\/\",\"name\":\"8.1. Boj\\u00ebra p\\u00ebr ambiente t\\u00eb brendshme\"}},{\"@type\":\"ListItem\",\"position\":5,\"item\":{\"@type\":\"WebPage\",\"@id\":\"https:\/\/deutschcolor.com\/al\/product\/vn-35-gypsum-board\/\",\"url\":\"https:\/\/deutschcolor.com\/al\/product\/vn-35-gypsum-board\/\",\"name\":\"VN-35 Gypsum Board\"}}]}]}<\/script>\n<!-- \/ Yoast SEO plugin. -->","_links":{"self":[{"href":"https:\/\/deutschcolor.com\/al\/wp-json\/wp\/v2\/product\/26481","targetHints":{"allow":["GET"]}}],"collection":[{"href":"https:\/\/deutschcolor.com\/al\/wp-json\/wp\/v2\/product"}],"about":[{"href":"https:\/\/deutschcolor.com\/al\/wp-json\/wp\/v2\/types\/product"}],"replies":[{"embeddable":true,"href":"https:\/\/deutschcolor.com\/al\/wp-json\/wp\/v2\/comments?post=26481"}],"wp:featuredmedia":[{"embeddable":true,"href":"https:\/\/deutschcolor.com\/al\/wp-json\/wp\/v2\/media\/26486"}],"wp:attachment":[{"href":"https:\/\/deutschcolor.com\/al\/wp-json\/wp\/v2\/media?parent=26481"}],"curies":[{"name":"wp","href":"https:\/\/api.w.org\/{rel}","templated":true}]}}