{"id":26761,"date":"2026-04-07T07:50:31","date_gmt":"2026-04-07T07:50:31","guid":{"rendered":"https:\/\/deutschcolor.com\/al\/?post_type=product&#038;p=26761"},"modified":"2026-04-07T12:19:09","modified_gmt":"2026-04-07T12:19:09","slug":"katalit-l100","status":"publish","type":"product","link":"https:\/\/deutschcolor.com\/al\/product\/katalit-l100\/","title":{"rendered":"Katalit L100"},"content":{"rendered":"<p><strong>Karakteristikat e produktit Katalit L100 <\/strong><br \/>\n1 Formula kimike:[C6H5CO]2O2<br \/>\n2 Masa molekulare:242.2<br \/>\n3 Kushtet e ruajtjes:n\u00ebn 30oC<br \/>\n4 CAS-No.: 94-36-0<br \/>\n5 UN-No:3106<\/p>\n<p><strong>KARAKTERISTIKA TEKNIKE<\/strong><br \/>\n\u2022 Pamja: Likuid<br \/>\n\u2022 Permbajtja e peroksidit: 40%(w\/w)<br \/>\n\u2022 Oksigjeni aktiv: 3.24 \u2013 3.47 %(w\/w)<\/p>\n<p>###<\/p>\n<p><strong>Ruajtja<\/strong><br \/>\n12 muaj, me kusht q\u00eb kana\u00e7et t\u00eb jen\u00eb t\u00eb mbyllura dhe n\u00eb kushte normale ruajtjeje. Ambalazhuar n\u00eb kana\u00e7e 15kg<\/p>\n","protected":false},"excerpt":{"rendered":"<p>Dibenzoil peroksid me p\u00ebrmbajtje plastifikuesi 40%<\/p>\n","protected":false},"featured_media":26765,"comment_status":"closed","ping_status":"closed","template":"","meta":{"_glsr_average":0,"_glsr_ranking":0,"_glsr_reviews":0},"class_list":["post-26761","product","type-product","status-publish","has-post-thumbnail","hentry","product_cat-katalizatoret"],"yoast_head":"<!-- This site is optimized with the Yoast SEO plugin v15.0 - https:\/\/yoast.com\/wordpress\/plugins\/seo\/ -->\n<title>Katalit L100 - Deutschcolor<\/title>\n<meta name=\"robots\" content=\"index, follow, max-snippet:-1, max-image-preview:large, max-video-preview:-1\" \/>\n<link rel=\"canonical\" href=\"https:\/\/deutschcolor.com\/al\/product\/katalit-l100\/\" \/>\n<meta property=\"og:locale\" content=\"en_US\" \/>\n<meta property=\"og:type\" content=\"article\" \/>\n<meta property=\"og:title\" content=\"Katalit L100 - Deutschcolor\" \/>\n<meta property=\"og:description\" content=\"Dibenzoil peroksid me p\u00ebrmbajtje plastifikuesi 40%\" \/>\n<meta property=\"og:url\" content=\"https:\/\/deutschcolor.com\/al\/product\/katalit-l100\/\" \/>\n<meta property=\"og:site_name\" content=\"Deutschcolor\" \/>\n<meta property=\"article:publisher\" content=\"https:\/\/www.facebook.com\/deutschcolorofficial\" \/>\n<meta property=\"article:modified_time\" content=\"2026-04-07T12:19:09+00:00\" \/>\n<meta property=\"og:image\" content=\"https:\/\/deutschcolor.com\/al\/wp-content\/uploads\/2026\/04\/katalit-l100-universal-1024x1024.png\" \/>\n\t<meta property=\"og:image:width\" content=\"1024\" \/>\n\t<meta property=\"og:image:height\" content=\"1024\" \/>\n<meta name=\"twitter:card\" content=\"summary_large_image\" \/>\n<script type=\"application\/ld+json\" class=\"yoast-schema-graph\">{\"@context\":\"https:\/\/schema.org\",\"@graph\":[{\"@type\":\"WebSite\",\"@id\":\"https:\/\/deutschcolor.com\/al\/#website\",\"url\":\"https:\/\/deutschcolor.com\/al\/\",\"name\":\"Deutschcolor\",\"description\":\"Deutschcolor Albania\",\"potentialAction\":[{\"@type\":\"SearchAction\",\"target\":\"https:\/\/deutschcolor.com\/al\/?s={search_term_string}\",\"query-input\":\"required name=search_term_string\"}],\"inLanguage\":\"en-US\"},{\"@type\":\"ImageObject\",\"@id\":\"https:\/\/deutschcolor.com\/al\/product\/katalit-l100\/#primaryimage\",\"inLanguage\":\"en-US\",\"url\":\"https:\/\/deutschcolor.com\/al\/wp-content\/uploads\/2026\/04\/katalit-l100-universal.png\",\"width\":4000,\"height\":4000},{\"@type\":\"WebPage\",\"@id\":\"https:\/\/deutschcolor.com\/al\/product\/katalit-l100\/#webpage\",\"url\":\"https:\/\/deutschcolor.com\/al\/product\/katalit-l100\/\",\"name\":\"Katalit L100 - Deutschcolor\",\"isPartOf\":{\"@id\":\"https:\/\/deutschcolor.com\/al\/#website\"},\"primaryImageOfPage\":{\"@id\":\"https:\/\/deutschcolor.com\/al\/product\/katalit-l100\/#primaryimage\"},\"datePublished\":\"2026-04-07T07:50:31+00:00\",\"dateModified\":\"2026-04-07T12:19:09+00:00\",\"breadcrumb\":{\"@id\":\"https:\/\/deutschcolor.com\/al\/product\/katalit-l100\/#breadcrumb\"},\"inLanguage\":\"en-US\",\"potentialAction\":[{\"@type\":\"ReadAction\",\"target\":[\"https:\/\/deutschcolor.com\/al\/product\/katalit-l100\/\"]}]},{\"@type\":\"BreadcrumbList\",\"@id\":\"https:\/\/deutschcolor.com\/al\/product\/katalit-l100\/#breadcrumb\",\"itemListElement\":[{\"@type\":\"ListItem\",\"position\":1,\"item\":{\"@type\":\"WebPage\",\"@id\":\"https:\/\/deutschcolor.com\/al\/\",\"url\":\"https:\/\/deutschcolor.com\/al\/\",\"name\":\"Home\"}},{\"@type\":\"ListItem\",\"position\":2,\"item\":{\"@type\":\"WebPage\",\"@id\":\"https:\/\/deutschcolor.com\/al\/shop\/\",\"url\":\"https:\/\/deutschcolor.com\/al\/shop\/\",\"name\":\"SHOP\"}},{\"@type\":\"ListItem\",\"position\":3,\"item\":{\"@type\":\"WebPage\",\"@id\":\"https:\/\/deutschcolor.com\/al\/product-category\/produktet-me-baze-poliuretani\/\",\"url\":\"https:\/\/deutschcolor.com\/al\/product-category\/produktet-me-baze-poliuretani\/\",\"name\":\"Produktet me baze poliuretani\"}},{\"@type\":\"ListItem\",\"position\":4,\"item\":{\"@type\":\"WebPage\",\"@id\":\"https:\/\/deutschcolor.com\/al\/product-category\/produktet-me-baze-poliuretani\/katalizatoret\/\",\"url\":\"https:\/\/deutschcolor.com\/al\/product-category\/produktet-me-baze-poliuretani\/katalizatoret\/\",\"name\":\"11.3. Katalizator\\u00ebt\"}},{\"@type\":\"ListItem\",\"position\":5,\"item\":{\"@type\":\"WebPage\",\"@id\":\"https:\/\/deutschcolor.com\/al\/product\/katalit-l100\/\",\"url\":\"https:\/\/deutschcolor.com\/al\/product\/katalit-l100\/\",\"name\":\"Katalit L100\"}}]}]}<\/script>\n<!-- \/ Yoast SEO plugin. -->","_links":{"self":[{"href":"https:\/\/deutschcolor.com\/al\/wp-json\/wp\/v2\/product\/26761","targetHints":{"allow":["GET"]}}],"collection":[{"href":"https:\/\/deutschcolor.com\/al\/wp-json\/wp\/v2\/product"}],"about":[{"href":"https:\/\/deutschcolor.com\/al\/wp-json\/wp\/v2\/types\/product"}],"replies":[{"embeddable":true,"href":"https:\/\/deutschcolor.com\/al\/wp-json\/wp\/v2\/comments?post=26761"}],"wp:featuredmedia":[{"embeddable":true,"href":"https:\/\/deutschcolor.com\/al\/wp-json\/wp\/v2\/media\/26765"}],"wp:attachment":[{"href":"https:\/\/deutschcolor.com\/al\/wp-json\/wp\/v2\/media?parent=26761"}],"curies":[{"name":"wp","href":"https:\/\/api.w.org\/{rel}","templated":true}]}}