{"id":23482,"date":"2019-04-02T17:10:10","date_gmt":"2019-04-02T17:10:10","guid":{"rendered":"https:\/\/deutschcolor.com\/de\/?page_id=23482"},"modified":"2025-08-22T09:53:14","modified_gmt":"2025-08-22T09:53:14","slug":"about-us","status":"publish","type":"page","link":"https:\/\/deutschcolor.com\/de\/about-us\/","title":{"rendered":"\u00dcBER UNS"},"content":{"rendered":"<section class=\"l-section wpb_row height_large color_primary with_img parallax_ver with_overlay\"><div class=\"l-section-img\" style=\"background-image: url(https:\/\/deutschcolor.com\/de\/wp-content\/uploads\/2019\/04\/deutsch-color_fabrika.jpg);\" data-img-width=\"1675\" data-img-height=\"649\"><\/div><div class=\"l-section-overlay\" style=\"background-color: rgba(0,0,0,0.5)\"><\/div><div class=\"l-section-h i-cf\"><div class=\"g-cols vc_row type_default valign_middle\"><div class=\"vc_col-sm-12 wpb_column vc_column_container\"><div class=\"vc_column-inner\"><div class=\"wpb_wrapper\"><h1 class=\"w-page-title align_center\" itemprop=\"headline\" style=\"font-family:&#039;Roboto&#039;, sans-serif;font-size:3rem;line-height:1.1;\">\u00dcBER UNS<\/h1><ol class=\"g-breadcrumbs separator_icon align_center\" style=\"font-size:0.9rem;\" itemscope itemtype=\"http:\/\/schema.org\/BreadcrumbList\"><li class=\"g-breadcrumbs-item\" itemprop=\"itemListElement\" itemscope itemtype=\"http:\/\/schema.org\/ListItem\"><a itemprop=\"item\" href=\"https:\/\/deutschcolor.com\/de\/\"><span itemprop=\"name\">STARTSEITE<\/span><\/a><meta itemprop=\"position\" content=\"1\"\/><\/li><li class=\"g-breadcrumbs-separator\"><i class=\"material-icons\">chevron_right<\/i><\/li><li class=\"g-breadcrumbs-item\">Pages<\/li><\/ol><\/div><\/div><\/div><\/div><\/div><\/section><section class=\"l-section wpb_row height_large\" id=\"services\"><div class=\"l-section-h i-cf\"><div class=\"g-cols vc_row type_default valign_top\"><div class=\"vc_col-sm-1 wpb_column vc_column_container\"><div class=\"vc_column-inner\"><div class=\"wpb_wrapper\"><\/div><\/div><\/div><div class=\"vc_col-sm-10 wpb_column vc_column_container\"><div class=\"vc_column-inner\"><div class=\"wpb_wrapper\">\r\n\t<div class=\"wpb_text_column \">\r\n\t\t<div class=\"wpb_wrapper\">\r\n\t\t\t<h3><strong>\u00dcber die Firma<\/strong><\/h3>\n<p>DEUTSCHCOLOR hat nach einer Partnerschaft mit der <a href=\"https:\/\/dcinvestment.al\/\" target=\"_blank\" rel=\"noopener\">DC Investment<\/a>, eine der gr\u00f6\u00dften <a href=\"https:\/\/deutschcolor.com\/de\/shop\/\" target=\"_blank\" rel=\"noopener\">Investitionen im Bereich Farben<\/a> und Baumaterialien in S\u00fcdosteuropa nach Albanien gebracht. Diese \u00f6kologische Fabrik erf\u00fcllt alle Anforderungen des heimischen Marktes und dar\u00fcber hinaus und basiert sich auf Effizienz, Qualit\u00e4t und moderner Technologie. Mit einem fortschrittlichen Labor, das mit modernsten deutschen Ger\u00e4ten ausgestattet ist, mit einem wissenschaftlichen Team, das den Forschungs- und Entwicklungsprozess am besten erm\u00f6glicht und unseren Kunden letztendlich Produkte von h\u00f6chster Qualit\u00e4t bietet. Eine breite Produktpalette, von emulsionsbasierten bis hin zu <a href=\"https:\/\/deutschcolor.com\/de\/farben-wahlen\/\" target=\"_blank\" rel=\"noopener\">industriellen Farben<\/a>, sowie die gesamte Palette an Baumaterialien bieten den Kunden eine Vielzahl von M\u00f6glichkeiten.<\/p>\n<p>Die DEUTSCHCOLOR-Akademie erm\u00f6glicht durch die von ihr durchgef\u00fchrten Seminare die Schulung jedes Mitarbeiters, um mehr \u00fcber unsere Produkte zu erfahren. Zu erw\u00e4hnen ist auch, dass die engagierten Mitarbeiter von DEUTSCHCOLOR durch Engagement eine Kundschaft angesprochen haben, die im Laufe der Jahre unseren Produkten treu geblieben ist. Unsere Partner sind zu einem Motiv geworden, weiter zu arbeiten, indem sie Produkte so perfektionieren, dass wir besser das tun, was von uns verlangt wird. Es gibt nicht immer gr\u00fcnes Licht, aber wir wissen, dass wir keine andere Option als den Erfolg erkennen k\u00f6nnen.<\/p>\n<p>Das global ausgerichtete Unternehmen ist in vielen <a href=\"https:\/\/de.wikipedia.org\/wiki\/Deutschland?utm_source=chatgpt.com\" target=\"_blank\" rel=\"noopener\">L\u00e4ndern wie Deutschland, \u00d6sterreich, Kanada, der Schweiz, den Niederlanden und dar\u00fcber hinaus vertreten<\/a>. Heute hat DEUTSCHCOLOR, seit Jahren der gr\u00f6\u00dfte Hersteller von Farben und Baustoffen in der Branche, bewiesen, dass der Schl\u00fcssel zum Gesch\u00e4ftserfolg die Herstellung von Produkten unter vollst\u00e4ndiger Einhaltung der Umweltbedingungen ist. Neben hochwertigen Produkten liegt der Schwerpunkt von DEUTSCHCOLOR auf der Herstellung umweltfreundlicher Produkte. Unser Planet ist unser Zuhause, deshalb achten wir darauf, unseren Nachkommen eine gesch\u00fctzte und sichere Umgebung zu bieten. Jeden Tag arbeiten unsere qualifizierten Chemiker mit viel Erfahrung in diesem Bereich daran, diese Produkte weiterzuentwickeln, damit wir auf dem h\u00f6chsten Niveau pr\u00e4sent sind, das der Markt ben\u00f6tigt.<\/p>\n\r\n\t\t<\/div>\r\n\t<\/div>\r\n<div class=\"w-separator size_large\"><\/div>\r\n\t<div class=\"wpb_text_column \">\r\n\t\t<div class=\"wpb_wrapper\">\r\n\t\t\t<h3><strong>Unsere Vision<\/strong><\/h3>\n<p>Deutsch Color ist stolz darauf, ein wichtiger Partner kleinerer Unternehmen zu sein und zur Entwicklung und zum Wachstum beizutragen.<\/p>\n<p>Wir haben eine starke Vision. Produktion, Entwicklung und Vertrieb. Wir sind bestrebt, alle Bed\u00fcrfnisse unserer Kunden auf dem Gebiet der Farben mit all ihren Nuancen sowie ihrer \u00e4sthetischen und technologischen Vielfalt zu erf\u00fcllen und werden weiterhin nach neuen und wirksamen Methoden suchen, um unser Ziel auf dem Weg zum Erfolg zu erreichen.<br \/>\nBisher haben wir einen multinationalen Status unserer Marke erreicht. Unsere langfristige Vision ist es, durch das Konzept der Farbe in jeder Umgebung pr\u00e4sent zu sein.<\/p>\n<p>Wir sind bestrebt, all unseren Verbraucher und Kunden die beste Beratung, Dienstleistungen und Produkte zu bieten, die f\u00fcr ihre Anforderungen erforderlich sind. Wenn Sie auf der Suche nach einem Umfeld sind, in dem Motivation, Klarheit und Konzentration entscheidend sind, kann Ihnen Deutsch Color dabei helfen.<\/p>\n\r\n\t\t<\/div>\r\n\t<\/div>\r\n<div class=\"w-separator size_large\"><\/div>\r\n\t<div class=\"wpb_text_column \">\r\n\t\t<div class=\"wpb_wrapper\">\r\n\t\t\t<h3><strong>Unsere Strategie<\/strong><\/h3>\n<p>Im Rahmen unserer strategischen Ma\u00dfnahmen konzentrieren wir uns darauf, ein solides, langlebiges Produkt mit einer f\u00fcr alle wirtschaftlichen Ebenen zu einem vern\u00fcnftigen Preis auf dem Markt zu bringen.<\/p>\n<p>Unsere generischen Strategien zielen darauf ab, neue Verm\u00f6genswerte zu erschlie\u00dfen, indem wir eine breite Palette von Niederlassungen weltweit er\u00f6ffnen, neue Produkte auf den Markt bringen und den Zweck erf\u00fcllen, alle Kundenbed\u00fcrfnisse in der Farbindustrie zu erf\u00fcllen.<\/p>\n<p>Durch die Ausweitung unseres Gesch\u00e4fts auf nationaler Ebene schaffen schaffen wir endlose M\u00f6glichkeiten f\u00fcr Einzelpersonen, sich uns auf diesem Weg des Erfolgs anzuschlie\u00dfen und Teil eines zuk\u00fcnftigen Imperiums zu werden. Mitglieder unseres professionellen Forschungsteams ber\u00fccksichtigen alle R\u00fcckmeldungen unserer Kunden mit dem Ziel, ein gro\u00dfartiges Produkt f\u00fcr unseren Markt bereitzustellen.<\/p>\n<p>Ein weiterer entscheidender Faktor, auf den wir uns konzentrieren, ist unser Markenmarketing. Wir wissen, wie wichtig es ist, alle unsere Kunden zu informieren und Kunden zu binden, daher behalten wir einen hohen Marketing- und Werbestandard bei.<\/p>\n\r\n\t\t<\/div>\r\n\t<\/div>\r\n<div class=\"w-separator size_large\"><\/div>\r\n\t<div class=\"wpb_text_column \">\r\n\t\t<div class=\"wpb_wrapper\">\r\n\t\t\t<h3><strong>Soziale Verantwortung\u00a0<\/strong><\/h3>\n<p>Alle Produkte von Deutsch Color sind umweltfreundlich und erf\u00fcllen alle Vorschriften und Bestimmungen unserer Gesundheits- und Sicherheitsstandards.<br \/>\n<a href=\"https:\/\/www.iso.org\/standard\/62085.html?utm_source=chatgpt.com\" target=\"_blank\" rel=\"noopener\">Wir sind nach ISO 9001<\/a>, <a href=\"https:\/\/www.iso.org\/standard\/60857.html?utm_source=chatgpt.com\" target=\"_blank\" rel=\"noopener\">ISO 14001<\/a> und OHSAS 18001 gem\u00e4\u00df dem Gesundheits- und Sicherheitsgesetz zertifiziert.Es ist uns sehr wichtig, dass wir nicht nur ein erfolgreiches Gesch\u00e4ft f\u00fchren, sondern dies auch mit unserer sozialen und \u00f6kologischen Verantwortung verbinden.<\/p>\n<p>Richtlinien der Deutsch Color Company in Bezug auf den Einzelnen und seine Bed\u00fcrfnisse;<\/p>\n<p>&#8211; Bereitstellung eines fairen Service f\u00fcr Kunden und Lieferanten<br \/>\n&#8211; Wir bem\u00fchen uns, das Beste aus jedem einzelnen Mitarbeiter herauszuholen, indem wir bei Bedarf entsprechende Schulungen anbieten und sch\u00e4tzen harte Arbeit und Motivation usw.<br \/>\n&#8211; Unsere Aufgabe ist es, sicherzustellen, dass sich unsere Mitarbeiter in einem sicheren Arbeitsumfeld befinden, in dem alle Gesundheits- und Sicherheitsvorschriften eingehalten werden. Unser Ziel ist es, Arbeitsunf\u00e4lle und andere Berufskrankheiten zu vermeiden.<br \/>\n&#8211; Wir informieren alle Kunden und alle anderen Benutzer \u00fcber den korrekten und sicheren Gebrauch unseres Produktes.<\/p>\n\r\n\t\t<\/div>\r\n\t<\/div>\r\n<div class=\"w-separator size_large\"><\/div>\r\n\t<div class=\"wpb_text_column \">\r\n\t\t<div class=\"wpb_wrapper\">\r\n\t\t\t<h3><strong>Innovation<\/strong><\/h3>\n<p><a href=\"https:\/\/deutschcolor.com\/de\/product-category\/paints\/street-paint\/\" target=\"_blank\" rel=\"noopener\">Deutsch Color verwandelt, versch\u00f6nert<\/a> und tr\u00e4gt dazu bei, eine friedliche und entspannende Atmosph\u00e4re um Sie herum zu erhalten und zu schaffen. Wir m\u00f6chten Ver\u00e4nderungen herbeif\u00fchren, und genau das tun wir seit \u00fcber 100 Jahren und weiterhin jeden Tag.<\/p>\n<p>Kreativit\u00e4t beginnt bei Deutsch Color damit, <a href=\"https:\/\/deutschcolor.com\/de\/kontakt-deutschcolor\/\" target=\"_blank\" rel=\"noopener\">die Bed\u00fcrfnisse unserer Kunden<\/a> zu verstehen. Es bedeutet, ihre Erwartungen und ihr Bed\u00fcrfnis nach Ver\u00e4nderung zu verstehen und vorauszusehen. Unsere Innovationen sind \u00fcberall in Ihrer N\u00e4he, unsere Farben sch\u00fctzen einige der ber\u00fchmtesten Geb\u00e4ude der Welt. Alles, was wir tun, ist auf Nachhaltigkeit ausgerichtet, um mit so wenig Ressourcen wie m\u00f6glich so viel Wert wie m\u00f6glich zu liefern. Dies bedeutet, dass wir nur die besten Mitarbeiter einstellen und mit unserem Team zusammenarbeiten, um sicherzustellen, dass wir immer kreative und innovative L\u00f6sungen anbieten.<\/p>\n\r\n\t\t<\/div>\r\n\t<\/div>\r\n<\/div><\/div><\/div><div class=\"vc_col-sm-1 wpb_column vc_column_container\"><div class=\"vc_column-inner\"><div class=\"wpb_wrapper\"><\/div><\/div><\/div><\/div><\/div><\/section>\n","protected":false},"excerpt":{"rendered":"\u00dcBER UNSSTARTSEITEchevron_rightPages \u00dcber die Firma DEUTSCHCOLOR hat nach einer Partnerschaft mit der DC Investment, eine der gr\u00f6\u00dften Investitionen im Bereich Farben und Baumaterialien in S\u00fcdosteuropa nach Albanien gebracht. Diese \u00f6kologische Fabrik erf\u00fcllt alle Anforderungen des heimischen Marktes und dar\u00fcber hinaus und basiert sich auf Effizienz, Qualit\u00e4t und moderner Technologie. Mit einem fortschrittlichen Labor, das mit...","protected":false},"author":1,"featured_media":0,"parent":0,"menu_order":0,"comment_status":"closed","ping_status":"closed","template":"","meta":{"om_disable_all_campaigns":false,"_monsterinsights_skip_tracking":false,"_monsterinsights_sitenote_active":false,"_monsterinsights_sitenote_note":"","_monsterinsights_sitenote_category":0,"footnotes":""},"class_list":["post-23482","page","type-page","status-publish","hentry"],"aioseo_notices":[],"_links":{"self":[{"href":"https:\/\/deutschcolor.com\/de\/wp-json\/wp\/v2\/pages\/23482","targetHints":{"allow":["GET"]}}],"collection":[{"href":"https:\/\/deutschcolor.com\/de\/wp-json\/wp\/v2\/pages"}],"about":[{"href":"https:\/\/deutschcolor.com\/de\/wp-json\/wp\/v2\/types\/page"}],"author":[{"embeddable":true,"href":"https:\/\/deutschcolor.com\/de\/wp-json\/wp\/v2\/users\/1"}],"replies":[{"embeddable":true,"href":"https:\/\/deutschcolor.com\/de\/wp-json\/wp\/v2\/comments?post=23482"}],"version-history":[{"count":38,"href":"https:\/\/deutschcolor.com\/de\/wp-json\/wp\/v2\/pages\/23482\/revisions"}],"predecessor-version":[{"id":25309,"href":"https:\/\/deutschcolor.com\/de\/wp-json\/wp\/v2\/pages\/23482\/revisions\/25309"}],"wp:attachment":[{"href":"https:\/\/deutschcolor.com\/de\/wp-json\/wp\/v2\/media?parent=23482"}],"curies":[{"name":"wp","href":"https:\/\/api.w.org\/{rel}","templated":true}]}}