{"id":23509,"date":"2019-04-02T17:38:51","date_gmt":"2019-04-02T17:38:51","guid":{"rendered":"https:\/\/deutschcolor.com\/de\/?page_id=23509"},"modified":"2025-08-22T08:11:33","modified_gmt":"2025-08-22T08:11:33","slug":"media","status":"publish","type":"page","link":"https:\/\/deutschcolor.com\/de\/media\/","title":{"rendered":"MEDIA"},"content":{"rendered":"<section class=\"l-section wpb_row height_large\"><div class=\"l-section-h i-cf\"><div class=\"g-cols vc_row type_default valign_top\"><div class=\"vc_col-sm-12 wpb_column vc_column_container\"><div class=\"vc_column-inner\"><div class=\"wpb_wrapper\"><div class=\"w-grid type_masonry layout_blog_11 cols_2 with_isotope\" id=\"us_grid_1\"><style id=\"us_grid_1_css\">#us_grid_1 .w-grid-item{padding:1.5rem}#us_grid_1 .w-grid-list{margin:-1.5rem -1.5rem 1.5rem}.w-grid + #us_grid_1 .w-grid-list{margin-top:1.5rem}.l-section.width_full>div>div>.vc_col-sm-12>div>div>#us_grid_1 .w-grid-list{margin-left:1.5rem;margin-right:1.5rem}.l-section.height_auto>div>div>.vc_col-sm-12>div>div>#us_grid_1:first-child .w-grid-list{margin-top:1.5rem}.l-section.height_auto>div>div>.vc_col-sm-12>div>div>#us_grid_1:last-child .w-grid-list{margin-bottom:1.5rem}@media (max-width:599px){#us_grid_1 .w-grid-list{margin:0}#us_grid_1 .w-grid-item{width:100%;padding:0;margin-bottom:1.5rem}}#us_grid_1 .w-post-elm.post_title{font-size:2rem}<\/style><style>#us_grid_1 .w-grid-item-h{}#us_grid_1 .usg_post_title_1{font-size:1.4rem}@media (max-width:599px){#us_grid_1 .usg_post_title_1{font-size:1.2rem !important}}#us_grid_1 .usg_hwrapper_1{color:#9e9e9e}#us_grid_1 .usg_post_taxonomy_1{font-weight:700;text-transform:uppercase;font-size:14px}#us_grid_1 .usg_post_date_1{font-size:14px}#us_grid_1 .usg_post_comments_1{font-size:14px}#us_grid_1 .usg_post_image_1{}#us_grid_1 .usg_post_content_1{font-size:0.9rem;line-height:1.7}#us_grid_1 .usg_post_title_1{margin-bottom:0}#us_grid_1 .usg_post_image_1{margin-top:0.6rem}#us_grid_1 .usg_post_content_1{margin-top:0.8rem}<\/style><div class=\"w-grid-list\"><article class=\"w-grid-item ratio_1x1 size_1x1 post-25314 post type-post status-publish format-standard has-post-thumbnail hentry category-media\" data-id=\"25314\">\r\n\t<div class=\"w-grid-item-h\">\r\n\t\t\t\t<h2 class=\"w-post-elm post_title usg_post_title_1 entry-title color_link_inherit\"><a href=\"https:\/\/deutschcolor.com\/de\/2025\/09\/04\/entdecken-sie-okologische-formeln-farben-und-klebstoffe-mit-reduzierter-farben-und-klebstoffen\/\">Entdecken Sie \u00f6kologische Formeln. Farben und Klebstoffe mit reduzierter Umweltbelastung.<\/a><\/h2><div class=\"w-hwrapper usg_hwrapper_1 align_left valign_top wrap \"><div class=\"w-post-elm post_taxonomy usg_post_taxonomy_1 style_simple\"><a href=\"https:\/\/deutschcolor.com\/de\/category\/media\/\">MEDIEN<\/a><\/div><time class=\"w-post-elm post_date usg_post_date_1 entry-date published\" datetime=\"2025-09-04T09:17:23+00:00\" title=\"4 September 2025 at 09:17:23 +00:00\">4\/09\/2025<\/time><\/div><div class=\"w-post-elm post_image usg_post_image_1 stretched\"><a href=\"https:\/\/deutschcolor.com\/de\/2025\/09\/04\/entdecken-sie-okologische-formeln-farben-und-klebstoffe-mit-reduzierter-farben-und-klebstoffen\/\" aria-label=\"Entdecken Sie \u00f6kologische Formeln. Farben und Klebstoffe mit reduzierter Umweltbelastung.\"><img loading=\"lazy\" decoding=\"async\" width=\"1024\" height=\"1024\" src=\"https:\/\/deutschcolor.com\/de\/wp-content\/uploads\/2025\/09\/ChatGPT-Image-Sep-4-2025-11_01_02-AM.png\" class=\"attachment-large size-large wp-post-image\" alt=\"Dadurch haben unsere Kunden stets Zugang zu kompletten und ma\u00dfgeschneiderten L\u00f6sungen.\" srcset=\"https:\/\/deutschcolor.com\/de\/wp-content\/uploads\/2025\/09\/ChatGPT-Image-Sep-4-2025-11_01_02-AM.png 1024w, https:\/\/deutschcolor.com\/de\/wp-content\/uploads\/2025\/09\/ChatGPT-Image-Sep-4-2025-11_01_02-AM-300x300.png 300w, https:\/\/deutschcolor.com\/de\/wp-content\/uploads\/2025\/09\/ChatGPT-Image-Sep-4-2025-11_01_02-AM-150x150.png 150w, https:\/\/deutschcolor.com\/de\/wp-content\/uploads\/2025\/09\/ChatGPT-Image-Sep-4-2025-11_01_02-AM-500x500.png 500w\" sizes=\"auto, (max-width: 1024px) 100vw, 1024px\" \/><\/a><\/div><div class=\"w-post-elm post_content usg_post_content_1\">Deutsch Color \u2013 F\u00fchrend in Farben und Klebstoffen nach europ\u00e4ischen StandardsDeutsch Color, Teil der Delta Corporation, ist einer der gr\u00f6\u00dften Hersteller in der Region f\u00fcr Farben, Klebstoffe und Abdichtungen. Dank hoher Produktionskapazit\u00e4t, modernster Technologie und Zertifizierungen nach europ\u00e4ischen Standards hat das Unternehmen das Vertrauen der M\u00e4rkte im In- und Ausland&hellip;<\/div>\t<\/div>\r\n<\/article>\r\n<article class=\"w-grid-item ratio_1x1 size_1x1 post-25287 post type-post status-publish format-standard has-post-thumbnail hentry category-media\" data-id=\"25287\">\r\n\t<div class=\"w-grid-item-h\">\r\n\t\t\t\t<h2 class=\"w-post-elm post_title usg_post_title_1 entry-title color_link_inherit\"><a href=\"https:\/\/deutschcolor.com\/de\/2025\/08\/11\/inspiration-die-jede-idee-farbtone\/\">Unsere Farbt\u00f6ne verbinden Eleganz und Inspiration, die jede Idee entfacht!<\/a><\/h2><div class=\"w-hwrapper usg_hwrapper_1 align_left valign_top wrap \"><div class=\"w-post-elm post_taxonomy usg_post_taxonomy_1 style_simple\"><a href=\"https:\/\/deutschcolor.com\/de\/category\/media\/\">MEDIEN<\/a><\/div><time class=\"w-post-elm post_date usg_post_date_1 entry-date published\" datetime=\"2025-08-11T12:41:01+00:00\" title=\"11 August 2025 at 12:41:01 +00:00\">11\/08\/2025<\/time><\/div><div class=\"w-post-elm post_image usg_post_image_1 stretched\"><a href=\"https:\/\/deutschcolor.com\/de\/2025\/08\/11\/inspiration-die-jede-idee-farbtone\/\" aria-label=\"Unsere Farbt\u00f6ne verbinden Eleganz und Inspiration, die jede Idee entfacht!\"><img loading=\"lazy\" decoding=\"async\" width=\"819\" height=\"1024\" src=\"https:\/\/deutschcolor.com\/de\/wp-content\/uploads\/2025\/08\/frymezim-deutsch-al-819x1024.jpg\" class=\"attachment-large size-large wp-post-image\" alt=\"Deutsch Color \u2013 Farbt\u00f6ne voller Stil und Lebenssch\u00f6nheit\" srcset=\"https:\/\/deutschcolor.com\/de\/wp-content\/uploads\/2025\/08\/frymezim-deutsch-al-819x1024.jpg 819w, https:\/\/deutschcolor.com\/de\/wp-content\/uploads\/2025\/08\/frymezim-deutsch-al-240x300.jpg 240w, https:\/\/deutschcolor.com\/de\/wp-content\/uploads\/2025\/08\/frymezim-deutsch-al-300x375.jpg 300w, https:\/\/deutschcolor.com\/de\/wp-content\/uploads\/2025\/08\/frymezim-deutsch-al-500x625.jpg 500w, https:\/\/deutschcolor.com\/de\/wp-content\/uploads\/2025\/08\/frymezim-deutsch-al.jpg 1024w\" sizes=\"auto, (max-width: 819px) 100vw, 819px\" \/><\/a><\/div><div class=\"w-post-elm post_content usg_post_content_1\">Deutsch Color pr\u00e4sentiert Farbt\u00f6ne, sorgf\u00e4ltig ausgew\u00e4hlt aus der Sch\u00f6nheit des Lebens \u2013 perfekt f\u00fcr stilvolle R\u00e4ume mit individuellem Charakter. Unsere Farbt\u00f6ne verbinden Eleganz und Inspiration und bieten eine Farbauswahl, die jedem geschmack gerecht wird. Mit Deutsch Color kannst du deine Farbt\u00f6ne entdecken und R\u00e4ume gestalten, die voller Stil und Farbt\u00f6ne&hellip;<\/div>\t<\/div>\r\n<\/article>\r\n<article class=\"w-grid-item ratio_1x1 size_1x1 post-25283 post type-post status-publish format-standard has-post-thumbnail hentry category-media\" data-id=\"25283\">\r\n\t<div class=\"w-grid-item-h\">\r\n\t\t\t\t<h2 class=\"w-post-elm post_title usg_post_title_1 entry-title color_link_inherit\"><a href=\"https:\/\/deutschcolor.com\/de\/2025\/07\/24\/wie-verwendet-man-die-acrylfarbe-alpen-classic-ql-11\/\">Anwendung der Fassadenfarbe Alpen Classic QL \u2013 11 (Acryl): So geht\u2019s.<\/a><\/h2><div class=\"w-hwrapper usg_hwrapper_1 align_left valign_top wrap \"><div class=\"w-post-elm post_taxonomy usg_post_taxonomy_1 style_simple\"><a href=\"https:\/\/deutschcolor.com\/de\/category\/media\/\">MEDIEN<\/a><\/div><time class=\"w-post-elm post_date usg_post_date_1 entry-date published\" datetime=\"2025-07-24T13:41:59+00:00\" title=\"24 July 2025 at 13:41:59 +00:00\">24\/07\/2025<\/time><\/div><div class=\"w-post-elm post_image usg_post_image_1 stretched\"><a href=\"https:\/\/deutschcolor.com\/de\/2025\/07\/24\/wie-verwendet-man-die-acrylfarbe-alpen-classic-ql-11\/\" aria-label=\"Anwendung der Fassadenfarbe Alpen Classic QL \u2013 11 (Acryl): So geht\u2019s.\"><img loading=\"lazy\" decoding=\"async\" width=\"834\" height=\"1024\" src=\"https:\/\/deutschcolor.com\/de\/wp-content\/uploads\/2025\/07\/alpencl11-01-834x1024.png\" class=\"attachment-large size-large wp-post-image\" alt=\"Alpen Classic QL \u2013 11 von Deutsch Color ist eine hochwertige Acrylfarbe, ideal f\u00fcr Fassaden,\" srcset=\"https:\/\/deutschcolor.com\/de\/wp-content\/uploads\/2025\/07\/alpencl11-01-834x1024.png 834w, https:\/\/deutschcolor.com\/de\/wp-content\/uploads\/2025\/07\/alpencl11-01-244x300.png 244w, https:\/\/deutschcolor.com\/de\/wp-content\/uploads\/2025\/07\/alpencl11-01-1251x1536.png 1251w, https:\/\/deutschcolor.com\/de\/wp-content\/uploads\/2025\/07\/alpencl11-01-1668x2048.png 1668w, https:\/\/deutschcolor.com\/de\/wp-content\/uploads\/2025\/07\/alpencl11-01-300x368.png 300w, https:\/\/deutschcolor.com\/de\/wp-content\/uploads\/2025\/07\/alpencl11-01-500x614.png 500w\" sizes=\"auto, (max-width: 834px) 100vw, 834px\" \/><\/a><\/div><div class=\"w-post-elm post_content usg_post_content_1\">Alpen Classic QL \u2013 11 von Deutsch Color ist eine hochwertige Acrylfarbe, ideal f\u00fcr Fassaden, die eine hohe Best\u00e4ndigkeit gegen\u00fcber Witterungseinfl\u00fcssen (Bewitterung) wie Sonne (UV-Strahlung), Feuchtigkeit und Verschmutzung erfordern. Warum sollten Sie sich daf\u00fcr entscheiden? \u2705 Maximale Best\u00e4ndigkeit gegen Feuchtigkeit und UV-Strahlen (Technisches Datenblatt) \u2705 Matte Oberfl\u00e4che mit elegantem Aussehen&hellip;<\/div>\t<\/div>\r\n<\/article>\r\n<article class=\"w-grid-item ratio_1x1 size_1x1 post-24950 post type-post status-publish format-standard has-post-thumbnail hentry category-media\" data-id=\"24950\">\r\n\t<div class=\"w-grid-item-h\">\r\n\t\t\t\t<h2 class=\"w-post-elm post_title usg_post_title_1 entry-title color_link_inherit\"><a href=\"https:\/\/deutschcolor.com\/de\/2019\/12\/30\/did-you-know-that-the-color-chosen-for-2020-is-classic-blue\/\">Wussten Sie, dass die f\u00fcr 2020 gew\u00e4hlte Farbe klassisches Blau ist?<\/a><\/h2><div class=\"w-hwrapper usg_hwrapper_1 align_left valign_top wrap \"><div class=\"w-post-elm post_taxonomy usg_post_taxonomy_1 style_simple\"><a href=\"https:\/\/deutschcolor.com\/de\/category\/media\/\">MEDIEN<\/a><\/div><time class=\"w-post-elm post_date usg_post_date_1 entry-date published\" datetime=\"2019-12-30T10:12:49+00:00\" title=\"30 December 2019 at 10:12:49 +00:00\">30\/12\/2019<\/time><\/div><div class=\"w-post-elm post_image usg_post_image_1 stretched\"><a href=\"https:\/\/deutschcolor.com\/de\/2019\/12\/30\/did-you-know-that-the-color-chosen-for-2020-is-classic-blue\/\" aria-label=\"Wussten Sie, dass die f\u00fcr 2020 gew\u00e4hlte Farbe klassisches Blau ist?\"><img loading=\"lazy\" decoding=\"async\" width=\"1024\" height=\"1024\" src=\"https:\/\/deutschcolor.com\/de\/wp-content\/uploads\/2019\/12\/WhatsApp-Image-2019-12-28-at-1.52.17-PM1-1024x1024.jpeg\" class=\"attachment-large size-large wp-post-image\" alt=\"\" srcset=\"https:\/\/deutschcolor.com\/de\/wp-content\/uploads\/2019\/12\/WhatsApp-Image-2019-12-28-at-1.52.17-PM1-1024x1024.jpeg 1024w, https:\/\/deutschcolor.com\/de\/wp-content\/uploads\/2019\/12\/WhatsApp-Image-2019-12-28-at-1.52.17-PM1-300x300.jpeg 300w, https:\/\/deutschcolor.com\/de\/wp-content\/uploads\/2019\/12\/WhatsApp-Image-2019-12-28-at-1.52.17-PM1-150x150.jpeg 150w, https:\/\/deutschcolor.com\/de\/wp-content\/uploads\/2019\/12\/WhatsApp-Image-2019-12-28-at-1.52.17-PM1-500x500.jpeg 500w, https:\/\/deutschcolor.com\/de\/wp-content\/uploads\/2019\/12\/WhatsApp-Image-2019-12-28-at-1.52.17-PM1.jpeg 1242w\" sizes=\"auto, (max-width: 1024px) 100vw, 1024px\" \/><\/a><\/div><div class=\"w-post-elm post_content usg_post_content_1\">Es vermittelt jedem Stabilit\u00e4t, Harmonie, Frieden, Ruhe und Selbstvertrauen. Deutsch\u00a0 Color erf\u00fcllt alle Ihre Anforderungen, indem es diese Farbe sowie das gesamte Farbspektrum anbietet, das Sie in Ihrem Innen- oder Au\u00dfenbereich w\u00fcnschen.<\/div>\t<\/div>\r\n<\/article>\r\n<article class=\"w-grid-item ratio_1x1 size_1x1 post-24856 post type-post status-publish format-standard has-post-thumbnail hentry category-media\" data-id=\"24856\">\r\n\t<div class=\"w-grid-item-h\">\r\n\t\t\t\t<h2 class=\"w-post-elm post_title usg_post_title_1 entry-title color_link_inherit\"><a href=\"https:\/\/deutschcolor.com\/de\/2019\/09\/07\/how-to-remove-mold-from-home-walls\/\">So entfernen Sie Schimmel von den W\u00e4nden zu Hause<\/a><\/h2><div class=\"w-hwrapper usg_hwrapper_1 align_left valign_top wrap \"><div class=\"w-post-elm post_taxonomy usg_post_taxonomy_1 style_simple\"><a href=\"https:\/\/deutschcolor.com\/de\/category\/media\/\">MEDIEN<\/a><\/div><time class=\"w-post-elm post_date usg_post_date_1 entry-date published\" datetime=\"2019-09-07T11:19:00+00:00\" title=\"7 September 2019 at 11:19:00 +00:00\">7\/09\/2019<\/time><\/div><div class=\"w-post-elm post_image usg_post_image_1 stretched\"><a href=\"https:\/\/deutschcolor.com\/de\/2019\/09\/07\/how-to-remove-mold-from-home-walls\/\" aria-label=\"So entfernen Sie Schimmel von den W\u00e4nden zu Hause\"><img loading=\"lazy\" decoding=\"async\" width=\"1024\" height=\"768\" src=\"https:\/\/deutschcolor.com\/de\/wp-content\/uploads\/2019\/09\/Reiniger-42-1024x768.jpg\" class=\"attachment-large size-large wp-post-image\" alt=\"\" srcset=\"https:\/\/deutschcolor.com\/de\/wp-content\/uploads\/2019\/09\/Reiniger-42-1024x768.jpg 1024w, https:\/\/deutschcolor.com\/de\/wp-content\/uploads\/2019\/09\/Reiniger-42-300x225.jpg 300w, https:\/\/deutschcolor.com\/de\/wp-content\/uploads\/2019\/09\/Reiniger-42-500x375.jpg 500w, https:\/\/deutschcolor.com\/de\/wp-content\/uploads\/2019\/09\/Reiniger-42.jpg 2000w\" sizes=\"auto, (max-width: 1024px) 100vw, 1024px\" \/><\/a><\/div><div class=\"w-post-elm post_content usg_post_content_1\">Schimmel ist in vielen Familienh\u00e4usern ein gro\u00dfes Problem. Es wird haupts\u00e4chlich verursacht, wenn es ein geeignetes Umfeld f\u00fcr die Entwicklung findet und in den meisten F\u00e4llen ist es die Luftfeuchtigkeit, die zur Ausbreitung beitr\u00e4gt.Manchmal ist uns Schimmel gleichg\u00fcltig, wenn er nicht \u00fcber eine gro\u00dfe Fl\u00e4che in der Wohnung verteilt ist,&hellip;<\/div>\t<\/div>\r\n<\/article>\r\n<\/div>\t\t<div class=\"g-loadmore\">\r\n\t\t\t<div class=\"g-preloader type_1\">\r\n\t\t\t\t<div><\/div>\r\n\t\t\t<\/div>\r\n\t\t\t<a class=\"w-btn us-btn-style_2\" href=\"javascript:void(0)\">\r\n\t\t\t\t<span class=\"w-btn-label\">Mehr...<\/span>\r\n\t\t\t<\/a>\r\n\t\t<\/div>\r\n\t\t\t<div class=\"w-grid-json hidden\" onclick='return {&quot;ajax_url&quot;:&quot;https:\\\/\\\/deutschcolor.com\\\/de\\\/wp-admin\\\/admin-ajax.php&quot;,&quot;permalink_url&quot;:&quot;https:\\\/\\\/deutschcolor.com\\\/de\\\/2019\\\/09\\\/07\\\/how-to-remove-mold-from-home-walls\\\/&quot;,&quot;action&quot;:&quot;us_ajax_grid&quot;,&quot;max_num_pages&quot;:2,&quot;infinite_scroll&quot;:0,&quot;template_vars&quot;:{&quot;query_args&quot;:{&quot;post_type&quot;:[&quot;post&quot;],&quot;tax_query&quot;:[{&quot;taxonomy&quot;:&quot;category&quot;,&quot;field&quot;:&quot;slug&quot;,&quot;terms&quot;:[&quot;media&quot;]}],&quot;orderby&quot;:{&quot;date&quot;:&quot;DESC&quot;},&quot;post_status&quot;:[&quot;publish&quot;,&quot;acf-disabled&quot;],&quot;posts_per_page&quot;:&quot;5&quot;},&quot;post_id&quot;:23509,&quot;us_grid_index&quot;:1,&quot;us_grid_ajax_index&quot;:1,&quot;exclude_items&quot;:&quot;none&quot;,&quot;items_offset&quot;:&quot;1&quot;,&quot;items_layout&quot;:&quot;blog_11&quot;,&quot;type&quot;:&quot;masonry&quot;,&quot;columns&quot;:&quot;2&quot;,&quot;img_size&quot;:&quot;default&quot;,&quot;overriding_link&quot;:&quot;none&quot;},&quot;carousel_settings&quot;:{&quot;items&quot;:&quot;2&quot;,&quot;nav&quot;:0,&quot;navNext&quot;:&quot;&quot;,&quot;navPrev&quot;:&quot;&quot;,&quot;dots&quot;:0,&quot;center&quot;:0,&quot;autoplay&quot;:0,&quot;smooth_play&quot;:0,&quot;timeout&quot;:3000,&quot;speed&quot;:250,&quot;transition&quot;:&quot;&quot;,&quot;autoheight&quot;:0,&quot;slideby&quot;:&quot;1&quot;},&quot;carousel_breakpoints&quot;:{&quot;1200&quot;:{&quot;items&quot;:&quot;2&quot;},&quot;900&quot;:{&quot;items&quot;:&quot;2&quot;,&quot;autoplay&quot;:1,&quot;autoplayHoverPause&quot;:1},&quot;600&quot;:{&quot;items&quot;:2,&quot;autoplay&quot;:1,&quot;autoplayHoverPause&quot;:1},&quot;0&quot;:{&quot;items&quot;:1,&quot;autoplay&quot;:1,&quot;autoplayHoverPause&quot;:1}}}'><\/div>\r\n<\/div><\/div><\/div><\/div><\/div><\/div><\/section><section class=\"l-section wpb_row height_large\"><div class=\"l-section-h i-cf\"><div class=\"g-cols vc_row type_default valign_top\"><div class=\"vc_col-sm-8 wpb_column vc_column_container\"><div class=\"vc_column-inner\"><div class=\"wpb_wrapper\">\r\n\t<div class=\"wpb_text_column \">\r\n\t\t<div class=\"wpb_wrapper\">\r\n\t\t\t<div class=\"dc-media-120\" style=\"height: 120px; display: flex; align-items: center; background: #f5f5f5; padding: 22px 28px; margin-right: -30px; border-radius: 12px 0 0 12px;\">Deutschcolor Media: Neuigkeiten, Tipps und Inspiration rund um Farben, Anwendungen und Produkte.<br \/>\nEntdecken Sie Projekte, Anleitungen und Farbtrends.<\/div>\n<style>\n\/* Mobile: l\u00ebre t\u00eb zgjatet natyrsh\u00ebm dhe hiq \u201cnegative margin\u201d *\/<br \/>@media (max-width: 767px){<br \/>  .dc-media-300{ height:auto; margin-right:0; border-radius:12px; }<br \/>}<br \/><\/style>\n\r\n\t\t<\/div>\r\n\t<\/div>\r\n<\/div><\/div><\/div><div class=\"vc_col-sm-4 wpb_column vc_column_container\"><div class=\"vc_column-inner\"><div class=\"wpb_wrapper\"><div class=\"w-image align_none style_outlined\"><div class=\"w-image-h\"><img loading=\"lazy\" decoding=\"async\" width=\"300\" height=\"116\" src=\"https:\/\/deutschcolor.com\/de\/wp-content\/uploads\/2019\/04\/deutsch-color_fabrika.jpg\" class=\"attachment-medium size-medium\" alt=\"\" srcset=\"https:\/\/deutschcolor.com\/de\/wp-content\/uploads\/2019\/04\/deutsch-color_fabrika.jpg 1675w, https:\/\/deutschcolor.com\/de\/wp-content\/uploads\/2019\/04\/deutsch-color_fabrika-300x116.jpg 300w, https:\/\/deutschcolor.com\/de\/wp-content\/uploads\/2019\/04\/deutsch-color_fabrika-500x194.jpg 500w\" sizes=\"auto, (max-width: 300px) 100vw, 300px\" \/><\/div><\/div><\/div><\/div><\/div><\/div><\/div><\/section>\n","protected":false},"excerpt":{"rendered":"Schimmel ist in vielen Familienh\u00e4usern ein gro\u00dfes Problem. Es wird haupts\u00e4chlich verursacht, wenn es ein geeignetes Umfeld f\u00fcr die Entwicklung findet und in den meisten F\u00e4llen ist es die Luftfeuchtigkeit, die zur Ausbreitung beitr\u00e4gt.Manchmal ist uns Schimmel gleichg\u00fcltig, wenn er nicht \u00fcber eine gro\u00dfe Fl\u00e4che in der Wohnung verteilt ist, und wir beginnen uns Sorgen...","protected":false},"author":1,"featured_media":0,"parent":0,"menu_order":0,"comment_status":"closed","ping_status":"closed","template":"","meta":{"om_disable_all_campaigns":false,"_monsterinsights_skip_tracking":false,"_monsterinsights_sitenote_active":false,"_monsterinsights_sitenote_note":"","_monsterinsights_sitenote_category":0,"footnotes":""},"class_list":["post-23509","page","type-page","status-publish","hentry"],"aioseo_notices":[],"_links":{"self":[{"href":"https:\/\/deutschcolor.com\/de\/wp-json\/wp\/v2\/pages\/23509","targetHints":{"allow":["GET"]}}],"collection":[{"href":"https:\/\/deutschcolor.com\/de\/wp-json\/wp\/v2\/pages"}],"about":[{"href":"https:\/\/deutschcolor.com\/de\/wp-json\/wp\/v2\/types\/page"}],"author":[{"embeddable":true,"href":"https:\/\/deutschcolor.com\/de\/wp-json\/wp\/v2\/users\/1"}],"replies":[{"embeddable":true,"href":"https:\/\/deutschcolor.com\/de\/wp-json\/wp\/v2\/comments?post=23509"}],"version-history":[{"count":18,"href":"https:\/\/deutschcolor.com\/de\/wp-json\/wp\/v2\/pages\/23509\/revisions"}],"predecessor-version":[{"id":25307,"href":"https:\/\/deutschcolor.com\/de\/wp-json\/wp\/v2\/pages\/23509\/revisions\/25307"}],"wp:attachment":[{"href":"https:\/\/deutschcolor.com\/de\/wp-json\/wp\/v2\/media?parent=23509"}],"curies":[{"name":"wp","href":"https:\/\/api.w.org\/{rel}","templated":true}]}}