{"id":23561,"date":"2019-04-03T14:00:36","date_gmt":"2019-04-03T14:00:36","guid":{"rendered":"https:\/\/deutschcolor.com\/de\/?page_id=23561"},"modified":"2025-08-19T10:25:18","modified_gmt":"2025-08-19T10:25:18","slug":"career","status":"publish","type":"page","link":"https:\/\/deutschcolor.com\/de\/career\/","title":{"rendered":"KARRIERE"},"content":{"rendered":"<section class=\"l-section wpb_row height_large color_primary with_img parallax_ver with_overlay\"><div class=\"l-section-img\" style=\"background-image: url(https:\/\/deutschcolor.com\/de\/wp-content\/uploads\/2019\/04\/deutsch-color_fabrika.jpg);\" data-img-width=\"1675\" data-img-height=\"649\"><\/div><div class=\"l-section-overlay\" style=\"background-color: rgba(0,0,0,0.5)\"><\/div><div class=\"l-section-h i-cf\"><div class=\"g-cols vc_row type_default valign_middle\"><div class=\"vc_col-sm-12 wpb_column vc_column_container\"><div class=\"vc_column-inner\"><div class=\"wpb_wrapper\"><h1 class=\"w-page-title align_center\" itemprop=\"headline\" style=\"font-family:&#039;Roboto&#039;, sans-serif;font-size:3rem;line-height:1.1;\">KARRIERE<\/h1><ol class=\"g-breadcrumbs separator_icon align_center\" style=\"font-size:0.9rem;\" itemscope itemtype=\"http:\/\/schema.org\/BreadcrumbList\"><li class=\"g-breadcrumbs-item\" itemprop=\"itemListElement\" itemscope itemtype=\"http:\/\/schema.org\/ListItem\"><a itemprop=\"item\" href=\"https:\/\/deutschcolor.com\/de\/\"><span itemprop=\"name\">STARTSEITE<\/span><\/a><meta itemprop=\"position\" content=\"1\"\/><\/li><li class=\"g-breadcrumbs-separator\"><i class=\"material-icons\">chevron_right<\/i><\/li><li class=\"g-breadcrumbs-item\">Pages<\/li><\/ol><\/div><\/div><\/div><\/div><\/div><\/section><section class=\"l-section wpb_row height_large\" id=\"services\"><div class=\"l-section-h i-cf\"><div class=\"g-cols vc_row type_default valign_top\"><div class=\"vc_col-sm-12 wpb_column vc_column_container\"><div class=\"vc_column-inner\"><div class=\"wpb_wrapper\">\r\n\t<div class=\"wpb_text_column \">\r\n\t\t<div class=\"wpb_wrapper\">\r\n\t\t\t<h2 class=\"header\" style=\"text-align: center;\">KARRIERE<\/h2>\n<div class=\"content\">\n<div class=\"custom \">\n<h3 style=\"text-align: center;\">Was macht Deutsch Color zu einem geeigneten Job?<\/h3>\n<p style=\"text-align: center;\">Wir bei Deutschcolor haben erkannt, dass ein kooperatives und organisiertes Personal der Schl\u00fcssel zum Erfolg ist. Aus diesem Grund haben wir im Laufe der Jahre versucht, ein Team zusammenzustellen, das seinen Beitrag zum Unternehmen leistet. Da das Unternehmen schnell w\u00e4chst, m\u00fcssen st\u00e4ndig Mitarbeiter mit unterschiedlichen F\u00e4higkeiten eingestellt werden. Anf\u00e4nger finden sich auf der professionellen Seite wieder, indem sie eine Reihe von Karrierem\u00f6glichkeiten in der beruflichen Anerkennung und Entwicklung haben. Aus diesem Grund suchen wir ehrgeizige Mitarbeiter, die sich unserem Team anschlie\u00dfen und in ihrer Karriere Fortschritte erzielen m\u00f6chten.<\/p>\n<p style=\"text-align: center;\">Zur Bewerbung senden Sie bitte Ihren Lebenslauf mit Foto und zus\u00e4tzlichen Unterlagen und geben die Stelle an, f\u00fcr die Sie sich bewerben, unter der E-Mail-Adresse:<\/p>\n<p style=\"text-align: center;\">\u00a0<span id=\"cloak33bf50ce66d8d6c8c67b24b26260ab6c\"><a href=\"mailto:hr@deutschcolor.de\">hr@deutschcolor.de<\/a><\/span><\/p>\n<div class=\"cv-info\">\n<h3 style=\"text-align: center;\">Die zur Einreichung einer Bewerbung erforderlichen Informationen umfassen:<\/h3>\n<\/div>\n<\/div>\n<\/div>\n\r\n\t\t<\/div>\r\n\t<\/div>\r\n<div class=\"w-separator size_medium\"><\/div><div class=\"g-cols wpb_row  type_default valign_top vc_inner \"><div class=\"vc_col-sm-3 wpb_column vc_column_container\"><div class=\"vc_column-inner\"><div class=\"wpb_wrapper\"><div class=\"w-flipbox animation_cardflip direction_w\" style=\"width:100%;\"><div class=\"w-flipbox-h easing_ease\" style=\"transition-duration:0.5s;\"><div class=\"w-flipbox-hh\"><div class=\"w-flipbox-front\" style=\"height:250px;background-color:#f8d248;color:#212121;\"><div class=\"w-flipbox-front-h\"><h4 class=\"w-flipbox-front-title\" style=\"color:#212121;\">PERSONALDATEN<\/h4><\/div><\/div><div class=\"w-flipbox-back\" style=\"display:none;\"><div class=\"w-flipbox-back-h\"><div class=\"w-flipbox-back-desc\"><p>Name<br \/>\nAdresse<br \/>\nWohnort<br \/>\nTelefonnummer<br \/>\nE-mail-Adresse<\/p>\n<\/div><\/div><\/div><\/div><\/div><\/div><\/div><\/div><\/div><div class=\"vc_col-sm-3 wpb_column vc_column_container\"><div class=\"vc_column-inner\"><div class=\"wpb_wrapper\"><div class=\"w-flipbox animation_cardflip direction_w\" style=\"width:100%;\"><div class=\"w-flipbox-h easing_ease\" style=\"transition-duration:0.5s;\"><div class=\"w-flipbox-hh\"><div class=\"w-flipbox-front\" style=\"height:250px;background-color:#f8d248;color:#212121;\"><div class=\"w-flipbox-front-h\"><h4 class=\"w-flipbox-front-title\" style=\"color:#212121;\">AUSBILDUNG UND ERFAHRUNG<\/h4><\/div><\/div><div class=\"w-flipbox-back\" style=\"display:none;\"><div class=\"w-flipbox-back-h\"><div class=\"w-flipbox-back-desc\"><p>Hochschulabschluss im entsprechenden Profil erforderlich. Diplom und andere Qualifikationsnachweise entsprechend Ihrer Bewerbung.<\/p>\n<\/div><\/div><\/div><\/div><\/div><\/div><\/div><\/div><\/div><div class=\"vc_col-sm-3 wpb_column vc_column_container\"><div class=\"vc_column-inner\"><div class=\"wpb_wrapper\"><div class=\"w-flipbox animation_cardflip direction_w\" style=\"width:100%;\"><div class=\"w-flipbox-h easing_ease\" style=\"transition-duration:0.5s;\"><div class=\"w-flipbox-hh\"><div class=\"w-flipbox-front\" style=\"height:250px;background-color:#f8d248;color:#212121;\"><div class=\"w-flipbox-front-h\"><h4 class=\"w-flipbox-front-title\" style=\"color:#212121;\">BEWERBUNGS-SCHREIBEN<\/h4><\/div><\/div><div class=\"w-flipbox-back\" style=\"display:none;\"><div class=\"w-flipbox-back-h\"><div class=\"w-flipbox-back-desc\"><p>Sie m\u00fcssen die Stelle angeben, f\u00fcr die Sie sich bewerben.<\/p>\n<\/div><\/div><\/div><\/div><\/div><\/div><\/div><\/div><\/div><div class=\"vc_col-sm-3 wpb_column vc_column_container\"><div class=\"vc_column-inner\"><div class=\"wpb_wrapper\"><div class=\"w-flipbox animation_cardflip direction_w\" style=\"width:100%;\"><div class=\"w-flipbox-h easing_ease\" style=\"transition-duration:0.5s;\"><div class=\"w-flipbox-hh\"><div class=\"w-flipbox-front\" style=\"height:250px;background-color:#f8d248;color:#212121;\"><div class=\"w-flipbox-front-h\"><h4 class=\"w-flipbox-front-title\" style=\"color:#212121;\">REFERENZEN<\/h4><\/div><\/div><div class=\"w-flipbox-back\" style=\"display:none;\"><div class=\"w-flipbox-back-h\"><div class=\"w-flipbox-back-desc\"><p>Abh\u00e4ngig von der Position f\u00fcr die man sich bewirbt, gibt es spezifische Kriterien.<\/p>\n<\/div><\/div><\/div><\/div><\/div><\/div><\/div><\/div><\/div><\/div><div class=\"w-separator size_medium\"><\/div>\r\n\t<div class=\"wpb_text_column \">\r\n\t\t<div class=\"wpb_wrapper\">\r\n\t\t\t<p style=\"text-align: center;\">Sie werden von der Personalabteilung nur kontaktiert, wenn Ihr Lebenslauf und weitere Dokumente von unserem Evaluierungsteam klassifiziert \/ ausgew\u00e4hlt wurden.<br \/>\nBei uns ist Ihr Lebenslauf sicher und wird absolut vertraulich bearbeitet.<\/p>\n\r\n\t\t<\/div>\r\n\t<\/div>\r\n<div class=\"w-separator size_medium\"><\/div><div class=\"g-cols wpb_row  type_default valign_top vc_inner hide  vc_custom_1560415207992\"><div class=\"vc_col-sm-8 wpb_column vc_column_container has-link\"><div class=\"vc_column-inner\"><div class=\"wpb_wrapper\"><div class=\"w-separator size_medium\"><\/div>\r\n\t<div class=\"wpb_text_column \">\r\n\t\t<div class=\"wpb_wrapper\">\r\n\t\t\t<h3><strong>Stellenausschreibung<\/strong><\/h3>\n\r\n\t\t<\/div>\r\n\t<\/div>\r\n<div class=\"w-separator size_medium\"><\/div><\/div><a class=\"vc_column-link smooth-scroll\" href=\"https:\/\/deutschcolor.com\/de\/career\/work-announcement\/\" title=\"Stellenausschreibung\"><\/a><\/div><\/div><div class=\"vc_col-sm-4 wpb_column vc_column_container has-link\"><div class=\"vc_column-inner\"><div class=\"wpb_wrapper\"><div class=\"w-separator size_medium\"><\/div>\r\n\t<div class=\"wpb_text_column \">\r\n\t\t<div class=\"wpb_wrapper\">\r\n\t\t\t<p style=\"text-align: center;\"><strong>MEHR LESEN<\/strong><\/p>\n\r\n\t\t<\/div>\r\n\t<\/div>\r\n<div class=\"w-separator size_medium\"><\/div><\/div><a class=\"vc_column-link smooth-scroll\" href=\"https:\/\/deutschcolor.com\/de\/career\/work-announcement\/\" title=\"Stellenausschreibung\"><\/a><\/div><\/div><\/div><\/div><\/div><\/div><\/div><\/div><\/section>\n","protected":false},"excerpt":{"rendered":"KARRIERESTARTSEITEchevron_rightPages KARRIERE Was macht Deutsch Color zu einem geeigneten Job? Wir bei Deutschcolor haben erkannt, dass ein kooperatives und organisiertes Personal der Schl\u00fcssel zum Erfolg ist. Aus diesem Grund haben wir im Laufe der Jahre versucht, ein Team zusammenzustellen, das seinen Beitrag zum Unternehmen leistet. Da das Unternehmen schnell w\u00e4chst, m\u00fcssen st\u00e4ndig Mitarbeiter mit unterschiedlichen...","protected":false},"author":1,"featured_media":0,"parent":0,"menu_order":0,"comment_status":"closed","ping_status":"closed","template":"","meta":{"om_disable_all_campaigns":false,"_monsterinsights_skip_tracking":false,"_monsterinsights_sitenote_active":false,"_monsterinsights_sitenote_note":"","_monsterinsights_sitenote_category":0,"footnotes":""},"class_list":["post-23561","page","type-page","status-publish","hentry"],"aioseo_notices":[],"_links":{"self":[{"href":"https:\/\/deutschcolor.com\/de\/wp-json\/wp\/v2\/pages\/23561","targetHints":{"allow":["GET"]}}],"collection":[{"href":"https:\/\/deutschcolor.com\/de\/wp-json\/wp\/v2\/pages"}],"about":[{"href":"https:\/\/deutschcolor.com\/de\/wp-json\/wp\/v2\/types\/page"}],"author":[{"embeddable":true,"href":"https:\/\/deutschcolor.com\/de\/wp-json\/wp\/v2\/users\/1"}],"replies":[{"embeddable":true,"href":"https:\/\/deutschcolor.com\/de\/wp-json\/wp\/v2\/comments?post=23561"}],"version-history":[{"count":49,"href":"https:\/\/deutschcolor.com\/de\/wp-json\/wp\/v2\/pages\/23561\/revisions"}],"predecessor-version":[{"id":25296,"href":"https:\/\/deutschcolor.com\/de\/wp-json\/wp\/v2\/pages\/23561\/revisions\/25296"}],"wp:attachment":[{"href":"https:\/\/deutschcolor.com\/de\/wp-json\/wp\/v2\/media?parent=23561"}],"curies":[{"name":"wp","href":"https:\/\/api.w.org\/{rel}","templated":true}]}}