{"id":23583,"date":"2019-04-03T14:16:45","date_gmt":"2019-04-03T14:16:45","guid":{"rendered":"https:\/\/deutschcolor.com\/de\/?page_id=23583"},"modified":"2025-09-04T08:41:08","modified_gmt":"2025-09-04T08:41:08","slug":"work-announcement","status":"publish","type":"page","link":"https:\/\/deutschcolor.com\/de\/career\/work-announcement\/","title":{"rendered":"Stellenausschreibung"},"content":{"rendered":"<section class=\"l-section wpb_row height_large\"><div class=\"l-section-h i-cf\"><div class=\"g-cols vc_row type_default valign_top\"><div class=\"vc_col-sm-12 wpb_column vc_column_container\"><div class=\"vc_column-inner\"><div class=\"wpb_wrapper\">\r\n\t<div class=\"wpb_text_column \">\r\n\t\t<div class=\"wpb_wrapper\">\r\n\t\t\t<h1>Stellenausschreibung<\/h1>\n<p>Nach mehrj\u00e4hriger Partnerschaft mit der DELTA GROUP hat die Firma Deutschcolor ihr modernes Werk in Albanien auf dem Balkan mit einer fortschrittlichen deutschen Technologie zur Herstellung von \u00f6kologischen Farben und vielen anderen Produkten errichtet. Deutschcolor steht jeder energiegeladenen Person mit guter Gesellschaft offen und gibt jedem die M\u00f6glichkeit, seine pers\u00f6nlichen Ziele in beruflicher Hinsicht zu erreichen. Unser Hauptaugenmerk liegt auf Kommunikation, harmonischem Klima und Teamgeist im Arbeitsumfeld.<br \/>\nAuch die Bewertung nach einem Motivationsschema in Bezug auf Referenzleistung und Dienstalter bei der Arbeit ist eine weitere Sozialpolitik unserer Gruppe.<br \/>\nEs ist uns eine Freude, Kandidaten willkommen zu hei\u00dfen, die uns sch\u00e4tzen und ein Teil von Deutschcolor sein m\u00f6chten.<\/p>\n<p>Wir laden Sie ein, sich auf die Stelle zu bewerben:<\/p>\n<p>Derzeit sind keine Stellen zu besetzen.<\/p>\n<p>&nbsp;<\/p>\n<p><!-- \/wp:paragraph --><\/p>\n\r\n\t\t<\/div>\r\n\t<\/div>\r\n<div class=\"w-separator size_medium\"><\/div><div class=\"g-cols wpb_row  type_default valign_top vc_inner \"><div class=\"vc_col-sm-3 wpb_column vc_column_container\"><div class=\"vc_column-inner\"><div class=\"wpb_wrapper\"><\/div><\/div><\/div><div class=\"vc_col-sm-6 wpb_column vc_column_container\"><div class=\"vc_column-inner\"><div class=\"wpb_wrapper\">\r\n\t<div class=\"wpb_text_column \">\r\n\t\t<div class=\"wpb_wrapper\">\r\n\t\t\t<h3 style=\"text-align: center;\"><strong>Bewerben Sie sich f\u00fcr die Stelle<\/strong><\/h3>\n\r\n\t\t<\/div>\r\n\t<\/div>\r\n<div role=\"form\" class=\"wpcf7\" id=\"wpcf7-f23586-o1\" lang=\"en-US\" dir=\"ltr\">\n<div class=\"screen-reader-response\"><p role=\"status\" aria-live=\"polite\" aria-atomic=\"true\"><\/p> <ul><\/ul><\/div>\n<form action=\"\/de\/wp-json\/wp\/v2\/pages\/23583#wpcf7-f23586-o1\" method=\"post\" class=\"wpcf7-form init\" enctype=\"multipart\/form-data\" novalidate=\"novalidate\" data-status=\"init\">\n<div style=\"display: none;\">\n<input type=\"hidden\" name=\"_wpcf7\" value=\"23586\" \/>\n<input type=\"hidden\" name=\"_wpcf7_version\" value=\"5.5.6\" \/>\n<input type=\"hidden\" name=\"_wpcf7_locale\" value=\"en_US\" \/>\n<input type=\"hidden\" name=\"_wpcf7_unit_tag\" value=\"wpcf7-f23586-o1\" \/>\n<input type=\"hidden\" name=\"_wpcf7_container_post\" value=\"0\" \/>\n<input type=\"hidden\" name=\"_wpcf7_posted_data_hash\" value=\"\" \/>\n<\/div>\n<p><label> Ihr Name(*)<br \/>\n    <span class=\"wpcf7-form-control-wrap your-name\"><input type=\"text\" name=\"your-name\" value=\"\" size=\"40\" class=\"wpcf7-form-control wpcf7-text wpcf7-validates-as-required\" aria-required=\"true\" aria-invalid=\"false\" \/><\/span> <\/label><\/p>\n<p><label> Ihre E-Mail(*)<br \/>\n    <span class=\"wpcf7-form-control-wrap your-email\"><input type=\"email\" name=\"your-email\" value=\"\" size=\"40\" class=\"wpcf7-form-control wpcf7-text wpcf7-email wpcf7-validates-as-required wpcf7-validates-as-email\" aria-required=\"true\" aria-invalid=\"false\" \/><\/span> <\/label><\/p>\n<p><label> Position, f\u00fcr die Sie sich bewerben(*)<br \/>\n    <span class=\"wpcf7-form-control-wrap pozicioni-punes\"><input type=\"text\" name=\"pozicioni-punes\" value=\"\" size=\"40\" class=\"wpcf7-form-control wpcf7-text\" aria-invalid=\"false\" \/><\/span> <\/label><\/p>\n<p><span class=\"wpcf7-form-control-wrap your-file\"><input type=\"file\" name=\"your-file\" size=\"40\" class=\"wpcf7-form-control wpcf7-file\" accept=\".pdf\" aria-invalid=\"false\" \/><\/span><\/p>\n<p><span class=\"wpcf7-form-control-wrap acceptance-786\"><span class=\"wpcf7-form-control wpcf7-acceptance\"><span class=\"wpcf7-list-item\"><input type=\"checkbox\" name=\"acceptance-786\" value=\"1\" aria-invalid=\"false\" \/><\/span><\/span><\/span><\/p>\n<p><input type=\"submit\" value=\"SENDEN\" class=\"wpcf7-form-control has-spinner wpcf7-submit\" \/><\/p>\n<div class=\"wpcf7-response-output\" aria-hidden=\"true\"><\/div><\/form><\/div><div class=\"w-separator size_medium\"><\/div>\r\n\t<div class=\"wpb_text_column \">\r\n\t\t<div class=\"wpb_wrapper\">\r\n\t\t\t<p style=\"text-align: center;\"><strong>Teile diesen Beitrag<\/strong><\/p>\n\r\n\t\t<\/div>\r\n\t<\/div>\r\n<div class=\"w-sharing type_simple align_center color_primary\" style=\"font-size:1.2rem;\"><div class=\"w-sharing-list\" data-sharing-url=\"https:\/\/deutschcolor.com\/de\/de\/wp-json\/wp\/v2\/pages\/23583\" data-sharing-image=\"https:\/\/deutschcolor.com\/de\/wp-content\/uploads\/2019\/04\/deutsch-color_fabrika.jpg\"><a class=\"w-sharing-item email\" title=\"Email this\" href=\"javascript:void(0) \"><span class=\"w-sharing-icon \"><\/span><\/a><a class=\"w-sharing-item facebook\" title=\"Share this\" href=\"javascript:void(0) \"><span class=\"w-sharing-icon \"><\/span><\/a><a class=\"w-sharing-item twitter\" title=\"Tweet this\" href=\"javascript:void(0) \"><span class=\"w-sharing-icon \"><\/span><\/a><a class=\"w-sharing-item linkedin\" title=\"Share this\" href=\"javascript:void(0) \"><span class=\"w-sharing-icon \"><\/span><\/a><a class=\"w-sharing-item whatsapp\" title=\"Share this\" href=\"javascript:void(0) \"><span class=\"w-sharing-icon \"><\/span><\/a><\/div><\/div><\/div><\/div><\/div><div class=\"vc_col-sm-3 wpb_column vc_column_container\"><div class=\"vc_column-inner\"><div class=\"wpb_wrapper\"><\/div><\/div><\/div><\/div><\/div><\/div><\/div><\/div><\/div><\/section>\n","protected":false},"excerpt":{"rendered":"Stellenausschreibung Nach mehrj\u00e4hriger Partnerschaft mit der DELTA GROUP hat die Firma Deutschcolor ihr modernes Werk in Albanien auf dem Balkan mit einer fortschrittlichen deutschen Technologie zur Herstellung von \u00f6kologischen Farben und vielen anderen Produkten errichtet. Deutschcolor steht jeder energiegeladenen Person mit guter Gesellschaft offen und gibt jedem die M\u00f6glichkeit, seine pers\u00f6nlichen Ziele in beruflicher Hinsicht...","protected":false},"author":1,"featured_media":23487,"parent":23561,"menu_order":0,"comment_status":"closed","ping_status":"closed","template":"","meta":{"om_disable_all_campaigns":false,"_monsterinsights_skip_tracking":false,"_monsterinsights_sitenote_active":false,"_monsterinsights_sitenote_note":"","_monsterinsights_sitenote_category":0,"footnotes":""},"class_list":["post-23583","page","type-page","status-publish","has-post-thumbnail","hentry"],"aioseo_notices":[],"_links":{"self":[{"href":"https:\/\/deutschcolor.com\/de\/wp-json\/wp\/v2\/pages\/23583","targetHints":{"allow":["GET"]}}],"collection":[{"href":"https:\/\/deutschcolor.com\/de\/wp-json\/wp\/v2\/pages"}],"about":[{"href":"https:\/\/deutschcolor.com\/de\/wp-json\/wp\/v2\/types\/page"}],"author":[{"embeddable":true,"href":"https:\/\/deutschcolor.com\/de\/wp-json\/wp\/v2\/users\/1"}],"replies":[{"embeddable":true,"href":"https:\/\/deutschcolor.com\/de\/wp-json\/wp\/v2\/comments?post=23583"}],"version-history":[{"count":17,"href":"https:\/\/deutschcolor.com\/de\/wp-json\/wp\/v2\/pages\/23583\/revisions"}],"predecessor-version":[{"id":25313,"href":"https:\/\/deutschcolor.com\/de\/wp-json\/wp\/v2\/pages\/23583\/revisions\/25313"}],"up":[{"embeddable":true,"href":"https:\/\/deutschcolor.com\/de\/wp-json\/wp\/v2\/pages\/23561"}],"wp:featuredmedia":[{"embeddable":true,"href":"https:\/\/deutschcolor.com\/de\/wp-json\/wp\/v2\/media\/23487"}],"wp:attachment":[{"href":"https:\/\/deutschcolor.com\/de\/wp-json\/wp\/v2\/media?parent=23583"}],"curies":[{"name":"wp","href":"https:\/\/api.w.org\/{rel}","templated":true}]}}