{"id":24351,"date":"2019-06-03T10:59:39","date_gmt":"2019-06-03T10:59:39","guid":{"rendered":"https:\/\/deutschcolor.com\/de\/?page_id=24351"},"modified":"2024-11-18T14:41:17","modified_gmt":"2024-11-18T14:41:17","slug":"terms-and-conditions","status":"publish","type":"page","link":"https:\/\/deutschcolor.com\/de\/terms-and-conditions\/","title":{"rendered":"Terms and conditions"},"content":{"rendered":"<section class=\"l-section wpb_row height_large\" id=\"services\"><div class=\"l-section-h i-cf\"><div class=\"g-cols vc_row type_default valign_top\"><div class=\"vc_col-sm-1 wpb_column vc_column_container\"><div class=\"vc_column-inner\"><div class=\"wpb_wrapper\"><\/div><\/div><\/div><div class=\"vc_col-sm-10 wpb_column vc_column_container\"><div class=\"vc_column-inner\"><div class=\"wpb_wrapper\">\r\n\t<div class=\"wpb_text_column  justify_txt\">\r\n\t\t<div class=\"wpb_wrapper\">\r\n\t\t\t<p><strong>Allgemeine Gesch\u00e4ftsbedingungen<\/strong><\/p>\n<p>Bitte lesen Sie diese Allgemeinen Gesch\u00e4ftsbedingungen sorgf\u00e4ltig durch, da sie Ihre Rechte und Pflichten beschreiben und eine rechtlich verbindliche Vereinbarung zwischen Ihnen und uns bez\u00fcglich Ihrer Nutzung unserer Websites darstellen. Wenn Sie aus irgendeinem Grund nicht in der Lage oder nicht bereit sind, allen unseren Allgemeinen Gesch\u00e4ftsbedingungen zuzustimmen, beenden Sie bitte unverz\u00fcglich die Nutzung oder den Versuch, unsere Websites zu nutzen, da Sie, wenn Sie fortfahren, allen nachstehend beschriebenen oder erw\u00e4hnten Allgemeinen Gesch\u00e4ftsbedingungen zustimmen.<\/p>\n<p>BITTE BEACHTEN SIE, DASS DIESE AGB BESTIMMUNGEN ENTHALTEN, DIE DIE BEILEGUNG VON STREITIGKEITEN ZWISCHEN UNS REGELN, DAZU GEH\u00d6REN EIN VERZICHT AUF SCHWURGERICHTSVERFAHREN UND EIN VERZICHT AUF SAMMELKLAGEN. BITTE LESEN SIE DIESE BESTIMMUNGEN, BEVOR SIE DIE WEBSITES VERWENDEN.<\/p>\n<p>Diese AGB umfassen alle anderen AGB, \u00fcber die wir Sie informieren, wenn Sie unsere Websites verwenden oder versuchen, sie zu verwenden (\u201eZus\u00e4tzliche AGB\u201c). Diese sind alle durch Verweis einbezogen und bilden f\u00fcr alle Zwecke einen Teil unserer AGB. Unsere Websites umfassen alle Webseiten innerhalb unserer Websites und auch Backup-, Spiegel-, Ersatz- oder Ersatz-Sites oder -Seiten, die wir als Teil der von uns bereitgestellten Dienste zur Verf\u00fcgung stellen. Wir werden jedes einzelne Feature, jede Funktion, jeden Dienst, jede Aktivit\u00e4t, jede Werbung und jeden Inhalt auf unseren Websites einzeln und\/oder gemeinsam als \u201eInhalt\u201c bezeichnen. Wenn wir den Begriff \u201eWebsites\u201c verwenden, umfasst er auch Inhalte, sofern wir nicht ausdr\u00fccklich etwas anderes sagen.<\/p>\n<p>Wir werden Benutzer unserer Websites, unserer Features, Funktionen und Dienste einzeln und\/oder gemeinsam als \u201eBenutzer\u201c, \u201eSie\u201c oder \u201eIhr\u201c bezeichnen, um das Lesen dieser Materialien zu erleichtern. Wenn Sie das Wort \u201everwenden\u201c oder \u201everwendend\u201c sehen, meinen wir damit jedes Mal, wenn Sie \u2013 direkt oder indirekt und mit oder ohne Hilfe eines Ger\u00e4ts \u2013 versuchen oder dies tats\u00e4chlich tun, auf Daten, Nachrichten, Inhalte zuzugreifen, mit ihnen zu interagieren, sie anzuzeigen, anzuzeigen, zu durchsuchen, zu drucken oder zu kopieren, zu \u00fcbertragen, zu empfangen oder auszutauschen oder auf andere Weise mit uns oder anderen Personen, Unternehmen oder Firmen, mit denen Sie in Kontakt kommen, zu kommunizieren. Wir betrachten Sie auch als Benutzer unserer Websites, wenn Sie zu irgendeinem Zweck Features, Funktionen, Dienste, Aktivit\u00e4ten, Werbeaktionen oder Inhalte auf, auf oder \u00fcber eine unserer Websites nutzen, davon profitieren, davon profitieren oder damit interagieren oder wenn Sie versuchen, eine dieser Dinge zu tun.<\/p>\n<p>Indem Sie unsere Websites nutzen, best\u00e4tigen Sie, dass Sie die rechtliche Vereinbarung, die Sie mit uns haben, gelesen und verstanden haben. Sofern Sie nicht sofort aufh\u00f6ren, alle unsere Websites zu nutzen oder zu nutzen, erkl\u00e4ren Sie sich damit einverstanden, rechtlich an alle Bedingungen gebunden zu sein und diese einzuhalten, die im Rahmen dieser Bedingungen f\u00fcr Sie gelten.<\/p>\n<p><strong>Datenschutz<\/strong><\/p>\n<p>Wir respektieren Ihre Privatsph\u00e4re. Sie stimmen der Erfassung, Nutzung, Offenlegung und sonstigen Handhabung Ihrer Daten zu, wie in unserer Datenschutzrichtlinie beschrieben, die wir von Zeit zu Zeit aktualisieren k\u00f6nnen.<\/p>\n<p><strong>Eigentum und Nutzung von Deutschcolor-Websites und -Inhalten<\/strong><\/p>\n<p>Wir pflegen unsere Websites zu Ihrer Information, Bildung, Unterhaltung und f\u00fcr den Verkauf. Unsere Websites und, au\u00dfer wie unten beschrieben, alle Inhalte sind entweder Eigentum von Deutschcolor oder unseren verbundenen Unternehmen, Lizenzgebern, Lieferanten, Betriebsdienstleistern, Werbetreibenden, Agenturen oder Werbepartnern (zusammen) und sind rechtlich gesch\u00fctzt, ohne Einschr\u00e4nkung, durch staatliche Gesetze und Vorschriften sowie geltende ausl\u00e4ndische Gesetze, Vorschriften und Vertr\u00e4ge. Um Missverst\u00e4ndnissen vorzubeugen: Wenn das Wort \u201eInhalt\u201c verwendet wird, umfasst es unter anderem Dinge wie Software, Code, Design, Text, Bilder, Fotos, Illustrationen, Animationen, Audio-, Video- und audiovisuelles Material, Kunst, grafisches Material, gesch\u00fctzte Informationen, Daten, Datenbanken, Dienstleistungsmarken, Handelsmarken, Handelsnamen, eindeutige Kennzeichnungen wie Logos, die Auswahl, Reihenfolge, das Erscheinungsbild und die Anordnung von Elementen sowie alle urheberrechtlich oder anderweitig rechtlich sch\u00fctzbaren Elemente aller unserer Websites.<\/p>\n<p>Sofern im Abschnitt \u201eUnaufgeforderte Vorschl\u00e4ge: Sie werden unser Eigentum und wir haben Ihnen gegen\u00fcber keine Verpflichtung\u201c weiter unten nichts anderes festgelegt ist, behalten Sie das Eigentum an s\u00e4mtlichen Inhalten, die Ihnen geh\u00f6ren, und wenn Sie Inhalte \u00fcbermitteln oder bereitstellen, entziehen diese Gesch\u00e4ftsbedingungen weder Ihnen noch einem Inhaber Ihre bzw. deren Rechte. Wenn Sie jedoch Inhalte an uns oder eine unserer Websites \u00fcbermitteln oder bereitstellen, erteilen Sie uns und den Deutschcolor-Einheiten eine bedingungslose, unwiderrufliche, \u00fcbertragbare, geb\u00fchrenfreie weltweite Lizenz zur Nutzung, Anzeige, Vervielf\u00e4ltigung, Auff\u00fchrung, Anpassung, \u00dcbersetzung, \u00c4nderung, Erstellung abgeleiteter Werke, Ver\u00f6ffentlichung, Verteilung, Verbreitung und\/oder Ausstrahlung dieser Inhalte (\u201eLizenz\u201c) und Sie sichern uns zu und gew\u00e4hrleisten, dass Sie das Recht haben, uns und den Deutschcolor-Einheiten eine solche Lizenz zu erteilen. Wenn Sie nicht das Recht haben, Inhalte gem\u00e4\u00df diesen Gesch\u00e4ftsbedingungen zu lizenzieren (oder wenn Sie sich nicht sicher sind), \u00fcbermitteln oder stellen Sie keine Inhalte bereit.<\/p>\n<p>Sie d\u00fcrfen unsere Inhalte und die Inhalte anderer Benutzer nur f\u00fcr Ihren eigenen pers\u00f6nlichen Gebrauch verwenden und Sie sind nicht berechtigt, die Inhalte zu \u00fcbertragen, abzutreten oder f\u00fcr andere Zwecke zu verwenden oder es jemandem zu gestatten oder zu erm\u00f6glichen,<\/p>\n\r\n\t\t<\/div>\r\n\t<\/div>\r\n<\/div><\/div><\/div><div class=\"vc_col-sm-1 wpb_column vc_column_container\"><div class=\"vc_column-inner\"><div class=\"wpb_wrapper\"><\/div><\/div><\/div><\/div><\/div><\/section>\n","protected":false},"excerpt":{"rendered":"Allgemeine Gesch\u00e4ftsbedingungen Bitte lesen Sie diese Allgemeinen Gesch\u00e4ftsbedingungen sorgf\u00e4ltig durch, da sie Ihre Rechte und Pflichten beschreiben und eine rechtlich verbindliche Vereinbarung zwischen Ihnen und uns bez\u00fcglich Ihrer Nutzung unserer Websites darstellen. Wenn Sie aus irgendeinem Grund nicht in der Lage oder nicht bereit sind, allen unseren Allgemeinen Gesch\u00e4ftsbedingungen zuzustimmen, beenden Sie bitte unverz\u00fcglich die...","protected":false},"author":1,"featured_media":0,"parent":0,"menu_order":0,"comment_status":"closed","ping_status":"closed","template":"","meta":{"om_disable_all_campaigns":false,"_monsterinsights_skip_tracking":false,"_monsterinsights_sitenote_active":false,"_monsterinsights_sitenote_note":"","_monsterinsights_sitenote_category":0,"footnotes":""},"class_list":["post-24351","page","type-page","status-publish","hentry"],"aioseo_notices":[],"_links":{"self":[{"href":"https:\/\/deutschcolor.com\/de\/wp-json\/wp\/v2\/pages\/24351","targetHints":{"allow":["GET"]}}],"collection":[{"href":"https:\/\/deutschcolor.com\/de\/wp-json\/wp\/v2\/pages"}],"about":[{"href":"https:\/\/deutschcolor.com\/de\/wp-json\/wp\/v2\/types\/page"}],"author":[{"embeddable":true,"href":"https:\/\/deutschcolor.com\/de\/wp-json\/wp\/v2\/users\/1"}],"replies":[{"embeddable":true,"href":"https:\/\/deutschcolor.com\/de\/wp-json\/wp\/v2\/comments?post=24351"}],"version-history":[{"count":2,"href":"https:\/\/deutschcolor.com\/de\/wp-json\/wp\/v2\/pages\/24351\/revisions"}],"predecessor-version":[{"id":25260,"href":"https:\/\/deutschcolor.com\/de\/wp-json\/wp\/v2\/pages\/24351\/revisions\/25260"}],"wp:attachment":[{"href":"https:\/\/deutschcolor.com\/de\/wp-json\/wp\/v2\/media?parent=24351"}],"curies":[{"name":"wp","href":"https:\/\/api.w.org\/{rel}","templated":true}]}}