{"id":23743,"date":"2019-04-22T08:30:11","date_gmt":"2019-04-22T08:30:11","guid":{"rendered":"https:\/\/deutschcolor.com\/de\/?post_type=product&#038;p=23743"},"modified":"2020-01-05T21:34:47","modified_gmt":"2020-01-05T21:34:47","slug":"picasso-classic-vn-35-ultrawhite","status":"publish","type":"product","link":"https:\/\/deutschcolor.com\/de\/product\/picasso-classic-vn-35-ultrawhite\/","title":{"rendered":"Picasso Classic VN-35 Ultra White"},"content":{"rendered":"<p><strong>Produkteigenschaften<\/strong><br \/>\n\u2022 Wei\u00df und funkelnd<br \/>\n\u2022 \u00dcberragende Abdeckung<br \/>\n\u2022 Matteffekt<br \/>\n\u2022 Nur an der W-Basis erh\u00e4ltlich<br \/>\n\u2022 Starke Haftung und schnelles Trocknen<br \/>\n\u2022 Hohe Best\u00e4ndigkeit gegen h\u00e4ufiges Waschen<br \/>\n\u2022 Sehr gute Arbeits- und Verlaufseigenschaften<br \/>\n\u2022 Erh\u00e4lt nach 30 Tagen Anwendung 14000 Waschzyklen<\/p>\n<p><strong>Anwendungsempfehlungen<\/strong><br \/>\nEs wird an allen W\u00e4nden und Decken jeglicher Art in Innenr\u00e4umen, Schlafzimmern, Toiletten, Wohnr\u00e4umen, B\u00fcros, Dienstleistungen usw. verwendet.<\/p>\n<p>###<\/p>\n<p><strong>Informationen zu Gesundheit, Sicherheit und Umwelt<\/strong><br \/>\nHalten Sie das Produkt von Kindern fern. Bei Verschlucken \u00e4rztlichen Rat einholen und den Inhalt der Packung mitteilen. Entsorgen Sie das Produkt nicht in Rohren oder Kan\u00e4len.<\/p>\n<p><strong>Hinweise<\/strong><br \/>\nEs wird empfohlen, die lackierten Oberfl\u00e4chen erst 30 Tage nach dem Auftragen zu waschen.<br \/>\nEs wird empfohlen, die Anwendung des Produkts bei Temperaturen unter 5 \u00b0 C zu vermeiden.<\/p>\n<p><strong>Verpackung<\/strong><br \/>\nPlastikeimer 3lt \/ 10lt<\/p>\n","protected":false},"excerpt":{"rendered":"<p>Hochwertige Kunststofffarbe, hergestellt mit der neuesten &#8220;One Coat&#8221; -Technologie mit hoher Best\u00e4ndigkeit gegen kontinuierliches Waschen und hervorragenden Beschichtungseigenschaften auf PVA-VEOVA-Emulsionsbasis.<\/p>\n","protected":false},"featured_media":24372,"template":"","meta":{"om_disable_all_campaigns":false,"_monsterinsights_skip_tracking":false,"_monsterinsights_sitenote_active":false,"_monsterinsights_sitenote_note":"","_monsterinsights_sitenote_category":0},"class_list":["post-23743","product","type-product","status-publish","has-post-thumbnail","hentry","product_cat-paints","product_cat-indoor-paints"],"aioseo_notices":[],"_links":{"self":[{"href":"https:\/\/deutschcolor.com\/de\/wp-json\/wp\/v2\/product\/23743","targetHints":{"allow":["GET"]}}],"collection":[{"href":"https:\/\/deutschcolor.com\/de\/wp-json\/wp\/v2\/product"}],"about":[{"href":"https:\/\/deutschcolor.com\/de\/wp-json\/wp\/v2\/types\/product"}],"wp:featuredmedia":[{"embeddable":true,"href":"https:\/\/deutschcolor.com\/de\/wp-json\/wp\/v2\/media\/24372"}],"wp:attachment":[{"href":"https:\/\/deutschcolor.com\/de\/wp-json\/wp\/v2\/media?parent=23743"}],"curies":[{"name":"wp","href":"https:\/\/api.w.org\/{rel}","templated":true}]}}