{"id":23748,"date":"2019-04-22T08:38:12","date_gmt":"2019-04-22T08:38:12","guid":{"rendered":"https:\/\/deutschcolor.com\/de\/?post_type=product&#038;p=23748"},"modified":"2020-01-05T21:34:05","modified_gmt":"2020-01-05T21:34:05","slug":"picasso-classic-vn-35","status":"publish","type":"product","link":"https:\/\/deutschcolor.com\/de\/product\/picasso-classic-vn-35\/","title":{"rendered":"Picasso Classic VN-35"},"content":{"rendered":"<p><strong>EIGENSCHAFTEN<\/strong><br \/>\n\u2022 Wei\u00df und funkelnd<br \/>\n\u2022 Matteffekt<br \/>\n\u2022 Sehr gute Abdeckung<br \/>\n\u2022 Erh\u00e4ltlich in 4 Basen W, P, D und TR<br \/>\n\u2022 Hervorragende Verarbeitbarkeit und Nivellierung<br \/>\n\u2022 Sehr starke Haftung und schnelles Trocknen<br \/>\n\u2022 Hohe Best\u00e4ndigkeit gegen h\u00e4ufiges Waschen<br \/>\n\u2022 Erh\u00e4lt 30 Tage nach dem Auftragen 14000 Waschzyklen<\/p>\n<p><strong>Anwendungsempfehlungen<\/strong><br \/>\nEs wird an allen W\u00e4nden und Decken jeglicher Art in Innenr\u00e4umen, Schlafzimmern, Toiletten, Wohnr\u00e4umen, B\u00fcroumgebungen, Dienstleistungen usw. verwendet.<\/p>\n<p>###<\/p>\n<p><strong>Informationen zu Gesundheit, Sicherheit und Umwelt<\/strong><br \/>\nHalten Sie das Produkt von Kindern fern. Bei Verschlucken \u00e4rztlichen Rat einholen und den Inhalt der Packung mitteilen. Entsorgen Sie das Produkt nicht in Rohren oder Kan\u00e4len.<\/p>\n<p><strong>Hinweis<\/strong><br \/>\nEs wird empfohlen, die lackierten Oberfl\u00e4chen erst 30 Tage nach dem Auftragen zu waschen.<br \/>\nEs wird empfohlen, die Anwendung des Produkts bei Temperaturen unter 5 \u00b0 C zu vermeiden.<\/p>\n<p><strong>Verpackung<\/strong><br \/>\nPlastikeimer 1lt \/ 3lt \/ 10lt<\/p>\n","protected":false},"excerpt":{"rendered":"<p>Hochwertige, professionelle Kunststofffarbe mit ausgezeichneter Best\u00e4ndigkeit gegen kontinuierliches Waschen und hervorragenden PVA-VEOVA-Beschichtungseigenschaften auf Emulsionsbasis<\/p>\n","protected":false},"featured_media":24373,"template":"","meta":{"om_disable_all_campaigns":false,"_monsterinsights_skip_tracking":false,"_monsterinsights_sitenote_active":false,"_monsterinsights_sitenote_note":"","_monsterinsights_sitenote_category":0},"class_list":["post-23748","product","type-product","status-publish","has-post-thumbnail","hentry","product_cat-paints","product_cat-indoor-paints"],"aioseo_notices":[],"_links":{"self":[{"href":"https:\/\/deutschcolor.com\/de\/wp-json\/wp\/v2\/product\/23748","targetHints":{"allow":["GET"]}}],"collection":[{"href":"https:\/\/deutschcolor.com\/de\/wp-json\/wp\/v2\/product"}],"about":[{"href":"https:\/\/deutschcolor.com\/de\/wp-json\/wp\/v2\/types\/product"}],"wp:featuredmedia":[{"embeddable":true,"href":"https:\/\/deutschcolor.com\/de\/wp-json\/wp\/v2\/media\/24373"}],"wp:attachment":[{"href":"https:\/\/deutschcolor.com\/de\/wp-json\/wp\/v2\/media?parent=23748"}],"curies":[{"name":"wp","href":"https:\/\/api.w.org\/{rel}","templated":true}]}}