{"id":23757,"date":"2019-04-22T08:56:35","date_gmt":"2019-04-22T08:56:35","guid":{"rendered":"https:\/\/deutschcolor.com\/de\/?post_type=product&#038;p=23757"},"modified":"2020-01-05T21:31:08","modified_gmt":"2020-01-05T21:31:08","slug":"picasso-profi-15","status":"publish","type":"product","link":"https:\/\/deutschcolor.com\/de\/product\/picasso-profi-15\/","title":{"rendered":"Picasso Profi-15"},"content":{"rendered":"<p><strong>Eigenschaften<\/strong><br \/>\n\u2022 Matteffekt<br \/>\n\u2022 Erh\u00e4ltlich in 3 Basen W, P und D<br \/>\n\u2022 Sehr starke Haftung und schnelles Trocknen<br \/>\n\u2022 Sehr gute Deckkraft und Wei\u00dfe<br \/>\n\u2022 Gute Best\u00e4ndigkeit gegen h\u00e4ufiges Waschen<br \/>\n\u2022 Lang anhaltende Farben<br \/>\n\u2022 Akzeptiert 3000 Waschzyklen 30 Tage nach der Anwendung.<br \/>\n\u2022 Sehr gute Verarbeitbarkeit und Verlaufseigenschaften<\/p>\n<p><strong>Anwendungsempfehlungen<\/strong><br \/>\nWird an allen neuen W\u00e4nden und Decken jeglicher Art in Innenr\u00e4umen, Schlafzimmern, Toiletten, Wohnr\u00e4umen, B\u00fcroumgebungen, Dienstleistungen usw. verwendet.<\/p>\n<p>###<br \/>\n<strong>Informationen zu Gesundheit, Sicherheit und Umwelt<\/strong><br \/>\nHalten Sie das Produkt von Kindern fern. Bei Verschlucken \u00e4rztlichen Rat einholen und den Inhalt der Packung mitteilen. Entsorgen Sie das Produkt nicht in Rohren oder Kan\u00e4len.<\/p>\n<p><strong>Hinweise<\/strong><br \/>\nEs wird empfohlen, die lackierten Oberfl\u00e4chen erst 30 Tage nach dem Auftragen zu waschen.<br \/>\nEs wird empfohlen, die Anwendung des Produkts bei Temperaturen unter 5 \u00b0 C zu vermeiden.<\/p>\n<p><strong>Verpackung<\/strong><br \/>\nPlastikeimer 1lt \/ 3lt \/ 10lt \/ 15lt.<\/p>\n","protected":false},"excerpt":{"rendered":"<p>Hochwertige Kunststofffarbe mit sehr guten Emulsionsbeschichtungs- und Verlaufseigenschaften auf PVA-VEOVA-Basis<\/p>\n","protected":false},"featured_media":24375,"template":"","meta":{"om_disable_all_campaigns":false,"_monsterinsights_skip_tracking":false,"_monsterinsights_sitenote_active":false,"_monsterinsights_sitenote_note":"","_monsterinsights_sitenote_category":0},"class_list":["post-23757","product","type-product","status-publish","has-post-thumbnail","hentry","product_cat-paints","product_cat-indoor-paints"],"aioseo_notices":[],"_links":{"self":[{"href":"https:\/\/deutschcolor.com\/de\/wp-json\/wp\/v2\/product\/23757","targetHints":{"allow":["GET"]}}],"collection":[{"href":"https:\/\/deutschcolor.com\/de\/wp-json\/wp\/v2\/product"}],"about":[{"href":"https:\/\/deutschcolor.com\/de\/wp-json\/wp\/v2\/types\/product"}],"wp:featuredmedia":[{"embeddable":true,"href":"https:\/\/deutschcolor.com\/de\/wp-json\/wp\/v2\/media\/24375"}],"wp:attachment":[{"href":"https:\/\/deutschcolor.com\/de\/wp-json\/wp\/v2\/media?parent=23757"}],"curies":[{"name":"wp","href":"https:\/\/api.w.org\/{rel}","templated":true}]}}