{"id":23772,"date":"2019-04-22T09:02:58","date_gmt":"2019-04-22T09:02:58","guid":{"rendered":"https:\/\/deutschcolor.com\/de\/?post_type=product&#038;p=23772"},"modified":"2020-01-05T21:36:24","modified_gmt":"2020-01-05T21:36:24","slug":"picasso-glanzend-vn-51","status":"publish","type":"product","link":"https:\/\/deutschcolor.com\/de\/product\/picasso-glanzend-vn-51\/","title":{"rendered":"Picasso Gl\u00e4nzend VN-51"},"content":{"rendered":"<p><strong>Produkteigenschaften<\/strong><br \/>\n\u2022 Wei\u00df und funkelnd<br \/>\n\u2022 Sehr gute Abdeckung<br \/>\n\u2022 Perfekte Verarbeitbarkeit und Nivellierung<br \/>\n\u2022 Glatte Oberfl\u00e4che<br \/>\n\u2022 Starke Haftung und schnelles Trocknen<br \/>\n\u2022 Erh\u00e4ltlich in 4 Basen W, P, D und TR<br \/>\n\u2022 Erh\u00e4lt 30 Tage nach dem Auftragen 20.000 Waschzyklen<br \/>\n\u2022 Au\u00dfergew\u00f6hnliche Best\u00e4ndigkeit gegen h\u00e4ufiges Waschen und Reinigen<\/p>\n<p><strong>Anwendungsempfehlungen<\/strong><br \/>\nEs wird an allen W\u00e4nden und Decken jeglicher Art von Innenr\u00e4umen verwendet, bei denen eine hohe dekorative Wirkung erforderlich ist, wie z. B .: Schlafzimmer, Toiletten, Wohnzimmer, B\u00fcros, Dienstleistungen usw.<\/p>\n<p>###<\/p>\n<p><strong>Informationen zu Gesundheit, Sicherheit und Umwelt<\/strong><br \/>\nHalten Sie das Produkt von Kindern fern. Bei Verschlucken \u00e4rztlichen Rat einholen und den Inhalt der Packung mitteilen. Entsorgen Sie das Produkt nicht in Rohren oder Kan\u00e4len.<\/p>\n<p><strong>Hinweise<\/strong><br \/>\nEs wird empfohlen, die lackierten Oberfl\u00e4chen erst 30 Tage nach dem Auftragen zu waschen.<br \/>\nEs wird empfohlen, die Anwendung des Produkts bei Temperaturen unter 5 \u00b0 C zu vermeiden.<\/p>\n<p><strong>Verpackung<\/strong><br \/>\nPlastikeimer 3lt \/ 10lt.<\/p>\n","protected":false},"excerpt":{"rendered":"<p>Hochwertige gl\u00e4nzende Kunststofffarbe f\u00fcr den professionellen Einsatz mit sehr guten Deck- und Verlaufseigenschaften<\/p>\n","protected":false},"featured_media":24378,"template":"","meta":{"om_disable_all_campaigns":false,"_monsterinsights_skip_tracking":false,"_monsterinsights_sitenote_active":false,"_monsterinsights_sitenote_note":"","_monsterinsights_sitenote_category":0},"class_list":["post-23772","product","type-product","status-publish","has-post-thumbnail","hentry","product_cat-paints","product_cat-indoor-paints"],"aioseo_notices":[],"_links":{"self":[{"href":"https:\/\/deutschcolor.com\/de\/wp-json\/wp\/v2\/product\/23772","targetHints":{"allow":["GET"]}}],"collection":[{"href":"https:\/\/deutschcolor.com\/de\/wp-json\/wp\/v2\/product"}],"about":[{"href":"https:\/\/deutschcolor.com\/de\/wp-json\/wp\/v2\/types\/product"}],"wp:featuredmedia":[{"embeddable":true,"href":"https:\/\/deutschcolor.com\/de\/wp-json\/wp\/v2\/media\/24378"}],"wp:attachment":[{"href":"https:\/\/deutschcolor.com\/de\/wp-json\/wp\/v2\/media?parent=23772"}],"curies":[{"name":"wp","href":"https:\/\/api.w.org\/{rel}","templated":true}]}}