{"id":23796,"date":"2019-04-22T09:11:25","date_gmt":"2019-04-22T09:11:25","guid":{"rendered":"https:\/\/deutschcolor.com\/de\/?post_type=product&#038;p=23796"},"modified":"2020-01-05T21:40:08","modified_gmt":"2020-01-05T21:40:08","slug":"schick-farbe","status":"publish","type":"product","link":"https:\/\/deutschcolor.com\/de\/product\/schick-farbe\/","title":{"rendered":"Schick Farbe"},"content":{"rendered":"<p><strong>Produkteigenschaften<\/strong><br \/>\n\u2022 \u00dcSehr hoher Wei\u00dfgrad<br \/>\n\u2022 Enth\u00e4lt kein Ammoniak<br \/>\n\u2022 Gute Deckungsf\u00e4higkeiten<br \/>\n\u2022 Gute Verarbeitungs- und Verlaufseigenschaften<br \/>\n\u2022 Gute Klebstoffe und trocknet schnell<br \/>\n\u2022 Gute Best\u00e4ndigkeit gegen h\u00e4ufiges Waschen<br \/>\n\u2022 Es zeichnet sich durch eine d\u00fcnne und sehr glatte Oberfl\u00e4che nach dem Auftragen aus<br \/>\n\u2022 Hervorragende Farbt\u00f6ne, die sich durch langfristige Farbkonsistenz auszeichnen<\/p>\n<p><strong>Anwendungsempfehlungen<\/strong><br \/>\nWird auf neuen und alten W\u00e4nden verwendet, die zuvor mit Farbe auf Zementbasis, Kalk und Gips gestrichen wurden. Es wird an den W\u00e4nden von Schulen, B\u00fcros und anderen Institutionen verwendet.<\/p>\n<p>###<\/p>\n<p><strong>Hinweise<\/strong><br \/>\n\u2022 Es wird empfohlen, die Oberfl\u00e4chen, auf denen das Produkt aufgetragen wird, nach dem Auftragen etwa 30 Tage lang nicht zu waschen.<br \/>\n\u2022 Auf neuen Betonoberfl\u00e4chen wird empfohlen, das Produkt mindestens nach 30-40 Tagen aufzutragen.<\/p>\n<p><strong>Verbrauch<\/strong><br \/>\n9-10m2 \/ lt<\/p>\n<p><strong>Verpackung<\/strong><br \/>\nPlastikeimer 1lt.<\/p>\n","protected":false},"excerpt":{"rendered":"<p>Spezielle Plastikfarbe, auf die Sie verschiedene Notizen oder Zeichnungen geschrieben und gel\u00f6scht werden k\u00f6nnen<\/p>\n","protected":false},"featured_media":24383,"template":"","meta":{"om_disable_all_campaigns":false,"_monsterinsights_skip_tracking":false,"_monsterinsights_sitenote_active":false,"_monsterinsights_sitenote_note":"","_monsterinsights_sitenote_category":0},"class_list":["post-23796","product","type-product","status-publish","has-post-thumbnail","hentry","product_cat-paints","product_cat-indoor-paints"],"aioseo_notices":[],"_links":{"self":[{"href":"https:\/\/deutschcolor.com\/de\/wp-json\/wp\/v2\/product\/23796","targetHints":{"allow":["GET"]}}],"collection":[{"href":"https:\/\/deutschcolor.com\/de\/wp-json\/wp\/v2\/product"}],"about":[{"href":"https:\/\/deutschcolor.com\/de\/wp-json\/wp\/v2\/types\/product"}],"wp:featuredmedia":[{"embeddable":true,"href":"https:\/\/deutschcolor.com\/de\/wp-json\/wp\/v2\/media\/24383"}],"wp:attachment":[{"href":"https:\/\/deutschcolor.com\/de\/wp-json\/wp\/v2\/media?parent=23796"}],"curies":[{"name":"wp","href":"https:\/\/api.w.org\/{rel}","templated":true}]}}