{"id":23820,"date":"2019-04-22T09:25:37","date_gmt":"2019-04-22T09:25:37","guid":{"rendered":"https:\/\/deutschcolor.com\/de\/?post_type=product&#038;p=23820"},"modified":"2020-01-05T21:43:07","modified_gmt":"2020-01-05T21:43:07","slug":"alpen-classic-ql-11","status":"publish","type":"product","link":"https:\/\/deutschcolor.com\/de\/product\/alpen-classic-ql-11\/","title":{"rendered":"Alpen Classic Ql-11"},"content":{"rendered":"<p><strong>Produkteigenschaften<\/strong><br \/>\n\u2022 Matteffekt<br \/>\n\u2022 \u00dcSehr hoher Wei\u00dfgrad<br \/>\n\u2022 Erh\u00e4ltlich in 4 Basen W, P, D und TR<br \/>\n\u2022 Sehr gute Verarbeitbarkeit und Nivellierung<br \/>\n\u2022 Sehr gute Wirkung auf die Farbdeckung<br \/>\n\u2022 Gute Haftung und kurze Trocknungszeit<br \/>\n-Lange Farben malen<\/p>\n<p><strong>Anwendungsempfehlungen<\/strong><br \/>\nEs wird auf allen Au\u00dfenw\u00e4nden verwendet, z. B .: Graffitifassade, Fugenm\u00f6rtel, Kitt, Betonfertigteiloberfl\u00e4chen usw.<\/p>\n<p>###<\/p>\n<p><strong>Hinweise<\/strong><br \/>\nAuf frischen Betonoberfl\u00e4chen sowie auf trockenen Graphitoberfl\u00e4chen wird empfohlen, das Produkt mindestens nach 30-40 Tagen aufzutragen.<br \/>\nEs wird empfohlen, das Produkt nicht bei Temperaturen unter 5 \u00b0 C anzuwenden.<\/p>\n<p><strong>Informationen zu Gesundheit, Sicherheit und Umwelt<\/strong><br \/>\nHalten Sie das Produkt von Kindern fern. Bei Verschlucken \u00e4rztlichen Rat einholen und den Inhalt der Packung mitteilen. Entsorgen Sie das Produkt nicht in Rohren oder Kan\u00e4len.<\/p>\n<p><strong>Verpackung<\/strong><br \/>\nPlastikeimer 1lt \/ 3lt \/ 10lt.<\/p>\n","protected":false},"excerpt":{"rendered":"<p>Hochwertige Acrylfarbe mit hoher Best\u00e4ndigkeit gegen verschiedene Witterungsbedingungen, basierend auf Acrylemulsion<\/p>\n","protected":false},"featured_media":24388,"template":"","meta":{"om_disable_all_campaigns":false,"_monsterinsights_skip_tracking":false,"_monsterinsights_sitenote_active":false,"_monsterinsights_sitenote_note":"","_monsterinsights_sitenote_category":0},"class_list":["post-23820","product","type-product","status-publish","has-post-thumbnail","hentry","product_cat-paints","product_cat-outdoor-paints"],"aioseo_notices":[],"_links":{"self":[{"href":"https:\/\/deutschcolor.com\/de\/wp-json\/wp\/v2\/product\/23820","targetHints":{"allow":["GET"]}}],"collection":[{"href":"https:\/\/deutschcolor.com\/de\/wp-json\/wp\/v2\/product"}],"about":[{"href":"https:\/\/deutschcolor.com\/de\/wp-json\/wp\/v2\/types\/product"}],"wp:featuredmedia":[{"embeddable":true,"href":"https:\/\/deutschcolor.com\/de\/wp-json\/wp\/v2\/media\/24388"}],"wp:attachment":[{"href":"https:\/\/deutschcolor.com\/de\/wp-json\/wp\/v2\/media?parent=23820"}],"curies":[{"name":"wp","href":"https:\/\/api.w.org\/{rel}","templated":true}]}}