{"id":23843,"date":"2019-04-22T09:34:19","date_gmt":"2019-04-22T09:34:19","guid":{"rendered":"https:\/\/deutschcolor.com\/de\/?post_type=product&#038;p=23843"},"modified":"2020-01-05T21:47:14","modified_gmt":"2020-01-05T21:47:14","slug":"isofarben-w95","status":"publish","type":"product","link":"https:\/\/deutschcolor.com\/de\/product\/isofarben-w95\/","title":{"rendered":"Isofarben W95"},"content":{"rendered":"<p><strong>Produkteigenschaften<\/strong><br \/>\n\u2022 Starkes Kleben<br \/>\n\u2022 Erh\u00e4ltlich in 4 Basen W, P, D und TR<br \/>\n\u2022 Acrylfarbe mit W\u00e4rmed\u00e4mmeigenschaften<br \/>\n\u2022 Hervorragende Verarbeitbarkeit und Nivellierung<br \/>\n\u2022 Lang anhaltende Farben<br \/>\n\u2022 Hohe Elastizit\u00e4t bei Temperaturen von -200 bis +800<\/p>\n<p><strong>Anwendungsempfehlungen<\/strong><br \/>\nWird auf allen Au\u00dfenw\u00e4nden verwendet, z. B .: Fassade mit Fugenm\u00f6rtel, Spachtel, Betonfertigteilen usw.<\/p>\n<p>###<\/p>\n<p><strong>Hinweise<\/strong><br \/>\nAuf frischem Beton wird empfohlen, das Produkt mindestens nach 30-40 Tagen aufzutragen. Es wird empfohlen, das Produkt nicht bei Temperaturen unter 5 \u00b0 C anzuwenden.<\/p>\n<p><strong>Verpackung<\/strong><br \/>\nPlastikeimer 3lt \/ 10lt.<\/p>\n","protected":false},"excerpt":{"rendered":"<p>Hochwertige Acrylfarbe, hohe Best\u00e4ndigkeit gegen verschiedene Witterungsbedingungen und W\u00e4rmed\u00e4mmwirkung auf Acrylemulsionsbasis<\/p>\n","protected":false},"featured_media":24392,"template":"","meta":{"om_disable_all_campaigns":false,"_monsterinsights_skip_tracking":false,"_monsterinsights_sitenote_active":false,"_monsterinsights_sitenote_note":"","_monsterinsights_sitenote_category":0},"class_list":["post-23843","product","type-product","status-publish","has-post-thumbnail","hentry","product_cat-paints","product_cat-outdoor-paints"],"aioseo_notices":[],"_links":{"self":[{"href":"https:\/\/deutschcolor.com\/de\/wp-json\/wp\/v2\/product\/23843","targetHints":{"allow":["GET"]}}],"collection":[{"href":"https:\/\/deutschcolor.com\/de\/wp-json\/wp\/v2\/product"}],"about":[{"href":"https:\/\/deutschcolor.com\/de\/wp-json\/wp\/v2\/types\/product"}],"wp:featuredmedia":[{"embeddable":true,"href":"https:\/\/deutschcolor.com\/de\/wp-json\/wp\/v2\/media\/24392"}],"wp:attachment":[{"href":"https:\/\/deutschcolor.com\/de\/wp-json\/wp\/v2\/media?parent=23843"}],"curies":[{"name":"wp","href":"https:\/\/api.w.org\/{rel}","templated":true}]}}