{"id":23847,"date":"2019-04-22T09:36:13","date_gmt":"2019-04-22T09:36:13","guid":{"rendered":"https:\/\/deutschcolor.com\/de\/?post_type=product&#038;p=23847"},"modified":"2020-01-05T21:43:55","modified_gmt":"2020-01-05T21:43:55","slug":"quartz-effect","status":"publish","type":"product","link":"https:\/\/deutschcolor.com\/de\/product\/quartz-effect\/","title":{"rendered":"Quartz Effect"},"content":{"rendered":"<p><strong>Produkteigenschaften<\/strong><br \/>\n\u2022 Gute Deckungsf\u00e4higkeiten<br \/>\n\u2022 Erh\u00e4ltlich in 2 Basen, W und D<br \/>\n\u2022 Hohe Feuchtigkeitsbest\u00e4ndigkeit<br \/>\n\u2022 Sehr gute Verarbeitbarkeit<br \/>\n\u2022 K\u00f6rnige Quarzoberfl\u00e4che<br \/>\n\u2022 Gute Haftung und kurze Trocknungszeit<\/p>\n<p><strong>Anwendungsempfehlungen<\/strong><br \/>\nVerwendet auf allen Au\u00dfenw\u00e4nden, jung, alt und zuvor mit Farbe auf Zementbasis, Kalk usw. gestrichen, in jeder Art von Au\u00dfenumgebung, Graffitifassade, Fugenm\u00f6rtel, Kitt usw., auch zum Streichen von Oberfl\u00e4chen aus vorbehandeltem Beton mit Liner.<\/p>\n<p>###<\/p>\n<p><strong>Hinweise<\/strong><br \/>\nAuf neuen Betonoberfl\u00e4chen wird empfohlen, das Produkt mindestens nach 30-40 Tagen zu verwenden. Es wird empfohlen, das Produkt nicht bei Temperaturen unter 5 \u00b0 C anzuwenden.<\/p>\n<p><strong>Informationen zu Gesundheit, Sicherheit und Umwelt<\/strong><br \/>\nHalten Sie das Produkt von Kindern fern. Bei Verschlucken \u00e4rztlichen Rat einholen und den Inhalt der Packung mitteilen. Entsorgen Sie das Produkt nicht in Rohren oder Kan\u00e4len.<\/p>\n<p><strong>Verpackung<\/strong><br \/>\nPlastikeimer 3lt \/ 10lt.<\/p>\n","protected":false},"excerpt":{"rendered":"<p>Hochwertige Acrylfarbe mit hoher Best\u00e4ndigkeit gegen verschiedene Witterungsbedingungen auf Basis von Acrylemulsion und hochwertigem Quarzsand und Wei\u00dfgrad<\/p>\n","protected":false},"featured_media":24393,"template":"","meta":{"om_disable_all_campaigns":false,"_monsterinsights_skip_tracking":false,"_monsterinsights_sitenote_active":false,"_monsterinsights_sitenote_note":"","_monsterinsights_sitenote_category":0},"class_list":["post-23847","product","type-product","status-publish","has-post-thumbnail","hentry","product_cat-paints","product_cat-outdoor-paints"],"aioseo_notices":[],"_links":{"self":[{"href":"https:\/\/deutschcolor.com\/de\/wp-json\/wp\/v2\/product\/23847","targetHints":{"allow":["GET"]}}],"collection":[{"href":"https:\/\/deutschcolor.com\/de\/wp-json\/wp\/v2\/product"}],"about":[{"href":"https:\/\/deutschcolor.com\/de\/wp-json\/wp\/v2\/types\/product"}],"wp:featuredmedia":[{"embeddable":true,"href":"https:\/\/deutschcolor.com\/de\/wp-json\/wp\/v2\/media\/24393"}],"wp:attachment":[{"href":"https:\/\/deutschcolor.com\/de\/wp-json\/wp\/v2\/media?parent=23847"}],"curies":[{"name":"wp","href":"https:\/\/api.w.org\/{rel}","templated":true}]}}