{"id":23851,"date":"2019-04-22T09:37:54","date_gmt":"2019-04-22T09:37:54","guid":{"rendered":"https:\/\/deutschcolor.com\/de\/?post_type=product&#038;p=23851"},"modified":"2020-01-05T21:46:28","modified_gmt":"2020-01-05T21:46:28","slug":"alpen-silicon-s47","status":"publish","type":"product","link":"https:\/\/deutschcolor.com\/de\/product\/alpen-silicon-s47\/","title":{"rendered":"Alpen Silicon S47"},"content":{"rendered":"<p><strong>Eigenschaften \u2022 Hervorragender Wei\u00dfgrad<\/strong><br \/>\n\u2022 Erh\u00e4ltlich in 3 Basen W, P und D<br \/>\n\u2022 Wetterbest\u00e4ndig<br \/>\n\u2022 Glatte matte Oberfl\u00e4che und starke Haftung<br \/>\n\u2022 Lang anhaltende Farben<br \/>\n\u2022 Hervorragende Deckkraft, Verarbeitbarkeit und Verlauf<br \/>\n\u2022 Kombiniert Wasserempfindlichkeit mit hoher Wasserdampfdurchl\u00e4ssigkeit<\/p>\n<p><strong>Anwendungsempfehlungen<\/strong><br \/>\nVerwendet auf allen Au\u00dfenw\u00e4nden, jung, alt und zuvor mit Farbe auf Zementbasis, Kalk usw. gestrichen. Es wird in jeder Art von Au\u00dfenumgebung mit einer Fassade mit Graffiti, Fugenm\u00f6rtel, Kitt usw. verwendet. Geeignet f\u00fcr K\u00fcstengebiete, da es sehr widerstandsf\u00e4hig gegen Feuchtigkeit und Meersalze ist. Auch zum Streichen der mit Primer  vorbehandelten Betonfl\u00e4chen.<\/p>\n<p>###<br \/>\n<strong>HINWEISE<\/strong><br \/>\n\u2022 Auf neuen Betonoberfl\u00e4chen wird empfohlen, das Produkt mindestens nach 30-40 Tagen zu verwenden.<\/p>\n<p><strong>Verbrauch<\/strong><br \/>\n9-10m2 \/ lt<\/p>\n<p><strong>Verpackung<\/strong><br \/>\nPlastikeimer 3lt \/ 10lt.<\/p>\n","protected":false},"excerpt":{"rendered":"<p>Hochwertige Farbe mit hoher Best\u00e4ndigkeit gegen verschiedene Witterungsbedingungen auf der Basis einer Acryl-Silizium-Emulsion.<\/p>\n","protected":false},"featured_media":24394,"template":"","meta":{"om_disable_all_campaigns":false,"_monsterinsights_skip_tracking":false,"_monsterinsights_sitenote_active":false,"_monsterinsights_sitenote_note":"","_monsterinsights_sitenote_category":0},"class_list":["post-23851","product","type-product","status-publish","has-post-thumbnail","hentry","product_cat-paints","product_cat-outdoor-paints"],"aioseo_notices":[],"_links":{"self":[{"href":"https:\/\/deutschcolor.com\/de\/wp-json\/wp\/v2\/product\/23851","targetHints":{"allow":["GET"]}}],"collection":[{"href":"https:\/\/deutschcolor.com\/de\/wp-json\/wp\/v2\/product"}],"about":[{"href":"https:\/\/deutschcolor.com\/de\/wp-json\/wp\/v2\/types\/product"}],"wp:featuredmedia":[{"embeddable":true,"href":"https:\/\/deutschcolor.com\/de\/wp-json\/wp\/v2\/media\/24394"}],"wp:attachment":[{"href":"https:\/\/deutschcolor.com\/de\/wp-json\/wp\/v2\/media?parent=23851"}],"curies":[{"name":"wp","href":"https:\/\/api.w.org\/{rel}","templated":true}]}}