{"id":23855,"date":"2019-04-22T09:39:40","date_gmt":"2019-04-22T09:39:40","guid":{"rendered":"https:\/\/deutschcolor.com\/de\/?post_type=product&#038;p=23855"},"modified":"2020-01-05T21:45:34","modified_gmt":"2020-01-05T21:45:34","slug":"fliesen-farbe-f20","status":"publish","type":"product","link":"https:\/\/deutschcolor.com\/de\/product\/fliesen-farbe-f20\/","title":{"rendered":"Fliesen Farbe F20"},"content":{"rendered":"<p>Produkteigenschaften<br \/>\n\u2022 Starkes Kleben<br \/>\n\u2022 Hervorragende Verarbeitbarkeit<br \/>\n\u2022 Erh\u00e4ltlich in rot<br \/>\n\u2022 Lang anhaltende Farbechtheit<br \/>\n\u2022 Wetterbest\u00e4ndig<\/p>\n<p>Anwendungsempfehlungen<br \/>\nElastomerfarbe geeignet f\u00fcr Ziegeld\u00e4cher und deren Betonkanten. Geeignet f\u00fcr den Au\u00dfenbereich.<\/p>\n<p>###<\/p>\n<p><strong>HINWEISE<\/strong><br \/>\n\u2022 Auf neuen Betonoberfl\u00e4chen wird empfohlen, das Produkt mindestens nach 30-40 Tagen zu verwenden.<\/p>\n<p><strong>Verbrauch<\/strong><br \/>\n9-10m2 \/ lt<\/p>\n<p><strong>Verpackung<\/strong><br \/>\nPlastikeimer 3lt \/ 10lt<\/p>\n","protected":false},"excerpt":{"rendered":"<p>Hochwertige Farbe mit hoher Best\u00e4ndigkeit gegen verschiedene Witterungsbedingungen auf Basis von Acrylemulsionen.<\/p>\n","protected":false},"featured_media":24395,"template":"","meta":{"om_disable_all_campaigns":false,"_monsterinsights_skip_tracking":false,"_monsterinsights_sitenote_active":false,"_monsterinsights_sitenote_note":"","_monsterinsights_sitenote_category":0},"class_list":["post-23855","product","type-product","status-publish","has-post-thumbnail","hentry","product_cat-paints","product_cat-outdoor-paints"],"aioseo_notices":[],"_links":{"self":[{"href":"https:\/\/deutschcolor.com\/de\/wp-json\/wp\/v2\/product\/23855","targetHints":{"allow":["GET"]}}],"collection":[{"href":"https:\/\/deutschcolor.com\/de\/wp-json\/wp\/v2\/product"}],"about":[{"href":"https:\/\/deutschcolor.com\/de\/wp-json\/wp\/v2\/types\/product"}],"wp:featuredmedia":[{"embeddable":true,"href":"https:\/\/deutschcolor.com\/de\/wp-json\/wp\/v2\/media\/24395"}],"wp:attachment":[{"href":"https:\/\/deutschcolor.com\/de\/wp-json\/wp\/v2\/media?parent=23855"}],"curies":[{"name":"wp","href":"https:\/\/api.w.org\/{rel}","templated":true}]}}