{"id":23860,"date":"2019-04-22T09:41:42","date_gmt":"2019-04-22T09:41:42","guid":{"rendered":"https:\/\/deutschcolor.com\/de\/?post_type=product&#038;p=23860"},"modified":"2020-01-05T21:49:29","modified_gmt":"2020-01-05T21:49:29","slug":"sauber-lack","status":"publish","type":"product","link":"https:\/\/deutschcolor.com\/de\/product\/sauber-lack\/","title":{"rendered":"Sauber Lack"},"content":{"rendered":"<p><strong>EIGENSCHAFTEN<\/strong><br \/>\n\u2022 Elastromerisch<br \/>\n\u2022 Wetterbest\u00e4ndigkeit<br \/>\n\u2022 Entfernen Sie Graphit nur mit Wasser<br \/>\n\u2022 Lebensdauer von 10-15 Jahren<br \/>\n\u2022 Gute Nivellier- und Deckf\u00e4higkeiten<br \/>\n\u2022 Enth\u00e4lt keine gef\u00e4hrlichen Substanzen<\/p>\n<p><strong>Anwendungsempfehlungen<\/strong><br \/>\nVerwendet auf allen Au\u00dfenw\u00e4nden, jung, alt und zuvor mit Farbe auf Zementbasis, Kalk usw. gestrichen. Es wird in jeder Art von Au\u00dfenumgebung mit einer Fassade mit Graffiti, Fugenm\u00f6rtel, Kitt usw. verwendet. Auch zum Streichen der Oberfl\u00e4chen von vorbehandeltem Beton mit Primer, zum Streichen von Servicebereichen wie Schulen, Universit\u00e4ten, Bahnh\u00f6fen, Bushaltestellen, Br\u00fccken usw.<\/p>\n<p>###<\/p>\n<p><strong>Hinweise<\/strong><br \/>\n\u2022 Auf neuen Betonoberfl\u00e4chen wird empfohlen, das Produkt mindestens nach 30-40 Tagen zu verwenden.<\/p>\n<p><strong>Verbrauch<\/strong><br \/>\n9-10m2 \/ lt<\/p>\n<p><strong>Verpackung<\/strong><br \/>\nPlastikeimer 3lt \/ 10lt.<\/p>\n","protected":false},"excerpt":{"rendered":"<p>Einkomponentiger Lack  auf Siloxanbasis zur Verwendung auf schlechtem Beton oder auf zuvor gestrichenen Beton- und Stahloberfl\u00e4chen<\/p>\n","protected":false},"featured_media":24396,"template":"","meta":{"om_disable_all_campaigns":false,"_monsterinsights_skip_tracking":false,"_monsterinsights_sitenote_active":false,"_monsterinsights_sitenote_note":"","_monsterinsights_sitenote_category":0},"class_list":["post-23860","product","type-product","status-publish","has-post-thumbnail","hentry","product_cat-paints","product_cat-outdoor-paints"],"aioseo_notices":[],"_links":{"self":[{"href":"https:\/\/deutschcolor.com\/de\/wp-json\/wp\/v2\/product\/23860","targetHints":{"allow":["GET"]}}],"collection":[{"href":"https:\/\/deutschcolor.com\/de\/wp-json\/wp\/v2\/product"}],"about":[{"href":"https:\/\/deutschcolor.com\/de\/wp-json\/wp\/v2\/types\/product"}],"wp:featuredmedia":[{"embeddable":true,"href":"https:\/\/deutschcolor.com\/de\/wp-json\/wp\/v2\/media\/24396"}],"wp:attachment":[{"href":"https:\/\/deutschcolor.com\/de\/wp-json\/wp\/v2\/media?parent=23860"}],"curies":[{"name":"wp","href":"https:\/\/api.w.org\/{rel}","templated":true}]}}