{"id":23864,"date":"2019-04-22T09:44:14","date_gmt":"2019-04-22T09:44:14","guid":{"rendered":"https:\/\/deutschcolor.com\/de\/?post_type=product&#038;p=23864"},"modified":"2020-01-05T20:12:24","modified_gmt":"2020-01-05T20:12:24","slug":"ocean-blue","status":"publish","type":"product","link":"https:\/\/deutschcolor.com\/de\/product\/ocean-blue\/","title":{"rendered":"Ocean Blue"},"content":{"rendered":"<p><strong>EIGENSCHAFTEN<\/strong><br \/>\n\u2022 Hohe Helligkeit<br \/>\n\u2022 Sehr gutes Kleben<br \/>\n\u2022 Erh\u00e4ltlich in blau<br \/>\n\u2022 Best\u00e4ndigkeit gegen Chlorung<br \/>\n\u2022 Hohe Korrosions- und Salzwasserbest\u00e4ndigkeit.<br \/>\n<strong>EMPFEHLUNGEN F\u00dcR DEN GEBRAUCH<\/strong><br \/>\nEs wird in allen Innen- und Au\u00dfenschwimmb\u00e4der verwendet, nachdem die Betonschicht hergestellt wurde.<\/p>\n<p>###<\/p>\n<p><strong>LAGERUNG UND HALTBARKEIT<\/strong><br \/>\n36 Monate bei trockener Lagerung, fern von W\u00e4rmequellen, bei einer Temperatur zwischen + 5 \u00b0 C und + 30 \u00b0 C.<\/p>\n<p><strong>Verbrauch<\/strong><br \/>\n1,5 kg \/ m\u00b2 \/ mm Dicke<\/p>\n<p><strong>Verpackung<\/strong><br \/>\nPlastikeimer 3Kg.<\/p>\n","protected":false},"excerpt":{"rendered":"<p>Zweikomponenten-Epoxidfarbe auf Wasserbasis f\u00fcr sehr hochwertige Schwimmb\u00e4der, die eine glatte Oberfl\u00e4che ergibt und Fliesen perfekt ersetzen kann<\/p>\n","protected":false},"featured_media":24397,"template":"","meta":{"om_disable_all_campaigns":false,"_monsterinsights_skip_tracking":false,"_monsterinsights_sitenote_active":false,"_monsterinsights_sitenote_note":"","_monsterinsights_sitenote_category":0},"class_list":["post-23864","product","type-product","status-publish","has-post-thumbnail","hentry","product_cat-decorative-sportive-and-industrial-floors","product_cat-floor-paint-epoxy-based"],"aioseo_notices":[],"_links":{"self":[{"href":"https:\/\/deutschcolor.com\/de\/wp-json\/wp\/v2\/product\/23864","targetHints":{"allow":["GET"]}}],"collection":[{"href":"https:\/\/deutschcolor.com\/de\/wp-json\/wp\/v2\/product"}],"about":[{"href":"https:\/\/deutschcolor.com\/de\/wp-json\/wp\/v2\/types\/product"}],"wp:featuredmedia":[{"embeddable":true,"href":"https:\/\/deutschcolor.com\/de\/wp-json\/wp\/v2\/media\/24397"}],"wp:attachment":[{"href":"https:\/\/deutschcolor.com\/de\/wp-json\/wp\/v2\/media?parent=23864"}],"curies":[{"name":"wp","href":"https:\/\/api.w.org\/{rel}","templated":true}]}}