{"id":23867,"date":"2019-04-22T09:46:15","date_gmt":"2019-04-22T09:46:15","guid":{"rendered":"https:\/\/deutschcolor.com\/de\/?post_type=product&#038;p=23867"},"modified":"2020-01-05T20:13:47","modified_gmt":"2020-01-05T20:13:47","slug":"epo-glaze","status":"publish","type":"product","link":"https:\/\/deutschcolor.com\/de\/product\/epo-glaze\/","title":{"rendered":"Epo Glaze"},"content":{"rendered":"<p><strong>Eigenschaften<\/strong><br \/>\nEpo Glaze ist ein Zweikomponenten-Epoxidprodukt auf Wasserbasis. Es ist als &#8220;Klasse II&#8221; f\u00fcr Feuchtigkeitsbest\u00e4ndigkeit zertifiziert und somit ideal f\u00fcr Anwendungen, die Unterdruck ausgesetzt sind. Das Produkt bietet eine hohe Abriebfestigkeit. Es ist best\u00e4ndig gegen Wasser, S\u00e4uren, Laugen, Erd\u00f6lprodukte usw. Well Glaze kann auf trockenen oder leicht feuchten Oberfl\u00e4chen aufgetragen werden.<br \/>\n<strong>EMPFEHLUNGEN F\u00dcR DEN GEBRAUCH<\/strong><br \/>\nWell Glaze wird sowohl als Primer  als auch zur Oberfl\u00e4chenvorbereitung unter Zusatz von Quarzsand verwendet &#8211; f\u00fcr zementbasierte Oberfl\u00e4chenreparaturen, z. B. Beton oder Isolierschichten, die mit EPOFLOOR FG &#8211; 8700 abgedeckt werden sollen.<\/p>\n<p>###<\/p>\n<p><strong>REINIGUNG <\/strong><br \/>\nArbeitsger\u00e4te werden zuerst mit Papier und dann mit L\u00f6sungsmitteln gereinigt.<\/p>\n<p><strong>LAGERUNG UND HALTBARHEIT<\/strong><br \/>\n36 Monate bei Lagerung in unge\u00f6ffneter Originalverpackung an trockenen Orten und bei Temperaturen zwischen 50 \u00b0 C und 300 \u00b0 C.<\/p>\n<p><strong>Verpackung<\/strong><br \/>\nPlastikeimer 3Kg \/ 6Kg (A + B)<\/p>\n","protected":false},"excerpt":{"rendered":"<p>Zwei-Komponenten-Epoxidbeschichtung auf Wasserbasis.<\/p>\n","protected":false},"featured_media":24398,"template":"","meta":{"om_disable_all_campaigns":false,"_monsterinsights_skip_tracking":false,"_monsterinsights_sitenote_active":false,"_monsterinsights_sitenote_note":"","_monsterinsights_sitenote_category":0},"class_list":["post-23867","product","type-product","status-publish","has-post-thumbnail","hentry","product_cat-decorative-sportive-and-industrial-floors","product_cat-floor-paint-epoxy-based"],"aioseo_notices":[],"_links":{"self":[{"href":"https:\/\/deutschcolor.com\/de\/wp-json\/wp\/v2\/product\/23867","targetHints":{"allow":["GET"]}}],"collection":[{"href":"https:\/\/deutschcolor.com\/de\/wp-json\/wp\/v2\/product"}],"about":[{"href":"https:\/\/deutschcolor.com\/de\/wp-json\/wp\/v2\/types\/product"}],"wp:featuredmedia":[{"embeddable":true,"href":"https:\/\/deutschcolor.com\/de\/wp-json\/wp\/v2\/media\/24398"}],"wp:attachment":[{"href":"https:\/\/deutschcolor.com\/de\/wp-json\/wp\/v2\/media?parent=23867"}],"curies":[{"name":"wp","href":"https:\/\/api.w.org\/{rel}","templated":true}]}}