{"id":23872,"date":"2019-04-22T09:49:58","date_gmt":"2019-04-22T09:49:58","guid":{"rendered":"https:\/\/deutschcolor.com\/de\/?post_type=product&#038;p=23872"},"modified":"2020-01-05T21:51:46","modified_gmt":"2020-01-05T21:51:46","slug":"macht-tiefgrund-wasser","status":"publish","type":"product","link":"https:\/\/deutschcolor.com\/de\/product\/macht-tiefgrund-wasser\/","title":{"rendered":"Macht Tiefgrund Wasser"},"content":{"rendered":"<p><strong>EIGENSCHAFTEN<\/strong><br \/>\n\u2022 Himmelsfarbe<br \/>\n\u2022 Sehr starke Haftung und schnelles Trocknen<br \/>\n\u2022 Einfache Anwendung, hohe Penetration und hohe Ausbringmenge<\/p>\n<p><strong>Anwendungsempfehlungen<\/strong><br \/>\nVerwendung an allen Au\u00dfenw\u00e4nden wie: Fassade mit Grafiken, Fugenm\u00f6rtel, Spachtelmasse, Betonfl\u00e4chen usw. Es wird auch empfohlen, an allen W\u00e4nden und Decken jeglicher Art von Innenraum anzuwenden.<\/p>\n<p>###<\/p>\n<p><strong>Hinweise<\/strong>.<br \/>\nEs wird empfohlen, das Produkt nicht bei Temperaturen unter 5 \u00b0 C anzuwenden.<\/p>\n<p><strong>Verbrauch<\/strong><br \/>\n15-20m2 \/ lt<\/p>\n<p><strong>Verpackung<\/strong><br \/>\nKunststoffdeckel 1lt \/ 5lt \/ 10lt.<\/p>\n","protected":false},"excerpt":{"rendered":"<p>Universelle Acrylgrundierung auf Wasserbasis mit hervorragenden Penetrationseigenschaften f\u00fcr perfekte Haftung und Isolierung<\/p>\n","protected":false},"featured_media":24400,"template":"","meta":{"om_disable_all_campaigns":false,"_monsterinsights_skip_tracking":false,"_monsterinsights_sitenote_active":false,"_monsterinsights_sitenote_note":"","_monsterinsights_sitenote_category":0},"class_list":["post-23872","product","type-product","status-publish","has-post-thumbnail","hentry","product_cat-paints","product_cat-primer-paints"],"aioseo_notices":[],"_links":{"self":[{"href":"https:\/\/deutschcolor.com\/de\/wp-json\/wp\/v2\/product\/23872","targetHints":{"allow":["GET"]}}],"collection":[{"href":"https:\/\/deutschcolor.com\/de\/wp-json\/wp\/v2\/product"}],"about":[{"href":"https:\/\/deutschcolor.com\/de\/wp-json\/wp\/v2\/types\/product"}],"wp:featuredmedia":[{"embeddable":true,"href":"https:\/\/deutschcolor.com\/de\/wp-json\/wp\/v2\/media\/24400"}],"wp:attachment":[{"href":"https:\/\/deutschcolor.com\/de\/wp-json\/wp\/v2\/media?parent=23872"}],"curies":[{"name":"wp","href":"https:\/\/api.w.org\/{rel}","templated":true}]}}