{"id":23884,"date":"2019-04-22T09:55:10","date_gmt":"2019-04-22T09:55:10","guid":{"rendered":"https:\/\/deutschcolor.com\/de\/?post_type=product&#038;p=23884"},"modified":"2020-01-05T20:22:05","modified_gmt":"2020-01-05T20:22:05","slug":"boden-grund-sol","status":"publish","type":"product","link":"https:\/\/deutschcolor.com\/de\/product\/boden-grund-sol\/","title":{"rendered":"Boden Grund Sol"},"content":{"rendered":"<p><strong>EIGENSCHAFTEN<\/strong><br \/>\n\u2022 Hohe Penetration<br \/>\n\u2022 Hervorragendes Kleben<br \/>\n\u2022 Oberfl\u00e4chenverst\u00e4rkung<br \/>\n\u2022 Hohe chemische Best\u00e4ndigkeit<br \/>\n\u2022 Hohe Korrosionsbest\u00e4ndigkeit<br \/>\n<strong>Anwendungsempfehlungen<\/strong><br \/>\nEinsatz auf allen Innen- und Au\u00dfenb\u00f6den, in denen wir Umgebungen mit hoher chemischer und mechanischer Best\u00e4ndigkeit schaffen wollen, nach dem Auftragen der Betonschicht und vor dem Auftragen von Epoxidfarbe sowie zum Streichen und Sch\u00fctzen der Betonoberfl\u00e4chen, in denen wir aktiv sind. hohe mechanische sowie chemische Aggression. Es wird in B\u00fcros, Krankenh\u00e4usern, Industrier\u00e4umen, Kraftstoffpumpen, pharmazeutischen Depots usw. verwendet.<\/p>\n<p>###<\/p>\n<p><strong>Hinweise<\/strong><br \/>\n\u2022 Es wird empfohlen, das Produkt mindestens nach 30-40 Tagen auf frischen Betonoberfl\u00e4chen aufzutragen.<br \/>\n\u2022 Es wird empfohlen, das Produkt nicht bei Temperaturen unter 5 \u00b0 C anzuwenden.<\/p>\n<p><strong>VERBRAUCH<\/strong><br \/>\n1,5 kg \/ m\u00b2 \/ mm Dicke<\/p>\n<p><strong>VERPACKUNG<\/strong><br \/>\nDosen 3 kg (Komp. A) \/ 1 kg (Komp. B)<\/p>\n","protected":false},"excerpt":{"rendered":"<p>Zweikomponenten-Epoxidbeschichtung auf L\u00f6sungsmittelbasis zur Bodenvorbehandlung vor dem Auftragen von Epoxidharz<\/p>\n","protected":false},"featured_media":24403,"template":"","meta":{"om_disable_all_campaigns":false,"_monsterinsights_skip_tracking":false,"_monsterinsights_sitenote_active":false,"_monsterinsights_sitenote_note":"","_monsterinsights_sitenote_category":0},"class_list":["post-23884","product","type-product","status-publish","has-post-thumbnail","hentry","product_cat-decorative-sportive-and-industrial-floors","product_cat-epoxy-base-primers"],"aioseo_notices":[],"_links":{"self":[{"href":"https:\/\/deutschcolor.com\/de\/wp-json\/wp\/v2\/product\/23884","targetHints":{"allow":["GET"]}}],"collection":[{"href":"https:\/\/deutschcolor.com\/de\/wp-json\/wp\/v2\/product"}],"about":[{"href":"https:\/\/deutschcolor.com\/de\/wp-json\/wp\/v2\/types\/product"}],"wp:featuredmedia":[{"embeddable":true,"href":"https:\/\/deutschcolor.com\/de\/wp-json\/wp\/v2\/media\/24403"}],"wp:attachment":[{"href":"https:\/\/deutschcolor.com\/de\/wp-json\/wp\/v2\/media?parent=23884"}],"curies":[{"name":"wp","href":"https:\/\/api.w.org\/{rel}","templated":true}]}}