{"id":23897,"date":"2019-04-22T10:00:15","date_gmt":"2019-04-22T10:00:15","guid":{"rendered":"https:\/\/deutschcolor.com\/de\/?post_type=product&#038;p=23897"},"modified":"2020-01-05T22:00:30","modified_gmt":"2020-01-05T22:00:30","slug":"off-farbe","status":"publish","type":"product","link":"https:\/\/deutschcolor.com\/de\/product\/off-farbe\/","title":{"rendered":"Off Farbe"},"content":{"rendered":"<p><strong>EIGENSCHAFTEN<\/strong><br \/>\n\u2022 Hoher Methylchloridgehalt<br \/>\n\u2022 Macht den Lack weich und l\u00e4sst sich leicht von der Unterlage entfernen<\/p>\n<p><strong>Anwendungsempfehlungen<\/strong><br \/>\nEs wird in allen Umgebungen oder Oberfl\u00e4chen verwendet, in denen wir alten Lack entfernen und neuen Lack auftragen m\u00f6chten. Entlackung auf Acryl-, PVA-VEOVA- und Silikonbasis.<\/p>\n<p>###<\/p>\n<p><strong>Lagerung und Haltbarkeit <\/strong><br \/>\n36 Monate bei trockener Lagerung, fern von W\u00e4rmequellen, bei einer Temperatur zwischen + 5 \u00b0 C und + 30 \u00b0 C. Sch\u00fctzen Sie sie vor Frost.<\/p>\n<p><strong>Verpackung<\/strong><br \/>\nDosen 0,180 kg \/ 0,375 kg \/ 0,750 kg.<\/p>\n","protected":false},"excerpt":{"rendered":"<p>W\u00e4ssrige Methylchloridl\u00f6sung zum Entfernen alter Farbe von W\u00e4nden, Holz und Metallen<\/p>\n","protected":false},"featured_media":24406,"template":"","meta":{"om_disable_all_campaigns":false,"_monsterinsights_skip_tracking":false,"_monsterinsights_sitenote_active":false,"_monsterinsights_sitenote_note":"","_monsterinsights_sitenote_category":0},"class_list":["post-23897","product","type-product","status-publish","has-post-thumbnail","hentry","product_cat-paints","product_cat-associative-products"],"aioseo_notices":[],"_links":{"self":[{"href":"https:\/\/deutschcolor.com\/de\/wp-json\/wp\/v2\/product\/23897","targetHints":{"allow":["GET"]}}],"collection":[{"href":"https:\/\/deutschcolor.com\/de\/wp-json\/wp\/v2\/product"}],"about":[{"href":"https:\/\/deutschcolor.com\/de\/wp-json\/wp\/v2\/types\/product"}],"wp:featuredmedia":[{"embeddable":true,"href":"https:\/\/deutschcolor.com\/de\/wp-json\/wp\/v2\/media\/24406"}],"wp:attachment":[{"href":"https:\/\/deutschcolor.com\/de\/wp-json\/wp\/v2\/media?parent=23897"}],"curies":[{"name":"wp","href":"https:\/\/api.w.org\/{rel}","templated":true}]}}