{"id":23910,"date":"2019-04-22T10:05:19","date_gmt":"2019-04-22T10:05:19","guid":{"rendered":"https:\/\/deutschcolor.com\/de\/?post_type=product&#038;p=23910"},"modified":"2020-01-05T21:56:29","modified_gmt":"2020-01-05T21:56:29","slug":"vintage-art","status":"publish","type":"product","link":"https:\/\/deutschcolor.com\/de\/product\/vintage-art\/","title":{"rendered":"Vintage Art"},"content":{"rendered":"<p><strong>EIGENSCHAFTEN<\/strong><br \/>\n\u2022 Wasserbest\u00e4ndig<br \/>\n\u2022 Mit Glanzeffekt<br \/>\n\u2022 Einfache Anwendung und starke Haftung<br \/>\n\u2022 Beton\u00e4hnliche Oberfl\u00e4che<\/p>\n<p><strong>Anwendungsempfehlungen<\/strong><br \/>\nVintage Art kann drinnen und drau\u00dfen auf zementhaltigen Oberfl\u00e4chen, Zementkalk, Betonoberfl\u00e4chen, Gipsoberfl\u00e4chen und Gipsplatten, alten Farben und Beschichtungen angewendet werden. Es kann auf W\u00e4rmed\u00e4mmungssystemen an Geb\u00e4udefassaden angewendet werden.<\/p>\n<p>###<\/p>\n<p><strong>Hinweise<\/strong><br \/>\n\u2022 Der Verbrauch wird stark von der Saugf\u00e4higkeit und Rauheit der zu lackierenden Oberfl\u00e4che beeinflusst. Abh\u00e4ngig von der Anwendung und der Oberfl\u00e4che variiert die \u00d6ffnungsrate von 1-1,5 kg \/ m2.<\/p>\n<p><strong>Verbrauch<\/strong><br \/>\n0.8-1Kg \/ m2<\/p>\n<p><strong>Verpackung<\/strong><br \/>\nPlastikeimer 1lt \/ 5lt.<\/p>\n","protected":false},"excerpt":{"rendered":"<p>Dekorationsspachtel mit Betoneffekt auf Acryl- und Silikonharzbasis f\u00fcr den Innen- und Au\u00dfenbereich<\/p>\n","protected":false},"featured_media":24409,"template":"","meta":{"om_disable_all_campaigns":false,"_monsterinsights_skip_tracking":false,"_monsterinsights_sitenote_active":false,"_monsterinsights_sitenote_note":"","_monsterinsights_sitenote_category":0},"class_list":["post-23910","product","type-product","status-publish","has-post-thumbnail","hentry","product_cat-paints","product_cat-decorative-paints"],"aioseo_notices":[],"_links":{"self":[{"href":"https:\/\/deutschcolor.com\/de\/wp-json\/wp\/v2\/product\/23910","targetHints":{"allow":["GET"]}}],"collection":[{"href":"https:\/\/deutschcolor.com\/de\/wp-json\/wp\/v2\/product"}],"about":[{"href":"https:\/\/deutschcolor.com\/de\/wp-json\/wp\/v2\/types\/product"}],"wp:featuredmedia":[{"embeddable":true,"href":"https:\/\/deutschcolor.com\/de\/wp-json\/wp\/v2\/media\/24409"}],"wp:attachment":[{"href":"https:\/\/deutschcolor.com\/de\/wp-json\/wp\/v2\/media?parent=23910"}],"curies":[{"name":"wp","href":"https:\/\/api.w.org\/{rel}","templated":true}]}}